{"id":9819,"date":"2023-11-14T17:14:23","date_gmt":"2023-11-14T16:14:23","guid":{"rendered":"https:\/\/shop.tablesoccer.org\/?post_type=product&#038;p=9819"},"modified":"2023-12-15T12:39:26","modified_gmt":"2023-12-15T11:39:26","slug":"roberto-sport-special-revolution","status":"publish","type":"product","link":"https:\/\/shop.tablesoccer.org\/es\/producto\/roberto-sport-special-revolution\/","title":{"rendered":"Roberto Sport Special Revolution"},"content":{"rendered":"<div class=\"wpb-content-wrapper\"><div class=\"vc_row wpb_row vc_row-fluid\"><div class=\"wpb_column vc_column_container vc_col-sm-12\"><div class=\"vc_column-inner\"><div class=\"wpb_wrapper\">\n\t<div class=\"wpb_text_column wpb_content_element\" >\n\t\t<div class=\"wpb_wrapper\">\n\t\t\t<p>Roberto Sport produit des tables de babyfoot, de billard et d&rsquo;autres jeux de bar depuis plus de 50 ans. Une longue exp\u00e9rience dans la fabrication de tables \u00e0 monnayeurs leur a permis de produire une grande vari\u00e9t\u00e9 \u00e0 usage priv\u00e9 et domestique, avec le m\u00eame niveau de fiabilit\u00e9 et de performance que des tables professionnelles.<\/p>\n<p>La mesa Roberto Sport Special Revolution es adecuada para jugar al futbol\u00edn en silla de ruedas.<\/p>\n<p>- Chapas de \u00e1lamo cubiertas de MDF (tablero de fibra de densidad media) para absorber impactos y mejorar la precisi\u00f3n de los tiros.<\/p>\n<p>&#8211; Bords lat\u00e9raux rabaiss\u00e9s pour optimiser la vision de l&rsquo;aire de jeu<\/p>\n<p>- Varillas telesc\u00f3picas (di\u00e1metro de 18 mm) de acero templado de alto contenido en carbono para aumentar la resistencia en un 20%. Acabado en doble cromado para evitar la formaci\u00f3n de \u00f3xido.<\/p>\n<p>&#8211; Surface de jeu en verre d\u00e9poli, l\u00e9g\u00e8rement courb\u00e9e pour que la balle ne s&rsquo;arr\u00eate pas \u00e0 un point non accessible.<\/p>\n<p>&#8211; Pieds sortant vers l&rsquo;ext\u00e9rieur pour faciliter les mouvement du joeur en fauteuil roulant. Ajustables pour s&rsquo;adapter \u00e0 un sol in\u00e9gal.<\/p>\n<p>Salida de la pelota en los lados<\/p>\n<p>&nbsp;<\/p>\n<p>Dimensiones<\/p>\n<p>Superficie de juego: 111 x 70cm<\/p>\n<p>Peso: 72,800 kg<\/p>\n<p>Embalaje: 138 x 80 x 31cm<\/p>\n\n\t\t<\/div>\n\t<\/div>\n<\/div><\/div><\/div><\/div>\n<\/div>","protected":false},"excerpt":{"rendered":"<p>Roberto Sport produit des tables de babyfoot, de billard et d&rsquo;autres jeux de bar depuis plus de 50 ans. Une longue exp\u00e9rience dans la fabrication de tables \u00e0 monnayeurs leur a permis de produire une grande vari\u00e9t\u00e9 \u00e0 usage priv\u00e9 et domestique, avec le m\u00eame niveau de fiabilit\u00e9 et de performance que des tables professionnelles.<\/p>","protected":false},"featured_media":9845,"comment_status":"open","ping_status":"closed","template":"","meta":[],"product_brand":[],"product_cat":[114],"product_tag":[],"class_list":{"0":"post-9819","1":"product","2":"type-product","3":"status-publish","4":"has-post-thumbnail","6":"product_cat-tables","8":"first","9":"instock","10":"taxable","11":"shipping-taxable","12":"product-type-external"},"yoast_head":"<!-- This site is optimized with the Yoast SEO plugin v26.5 - https:\/\/yoast.com\/wordpress\/plugins\/seo\/ -->\n<title>Roberto Sport Special Revolution - ITSF Boutique officielle<\/title>\n<meta name=\"robots\" content=\"index, follow, max-snippet:-1, max-image-preview:large, max-video-preview:-1\" \/>\n<link rel=\"canonical\" href=\"https:\/\/shop.tablesoccer.org\/es\/producto\/roberto-sport-special-revolution\/\" \/>\n<meta property=\"og:locale\" content=\"es_ES\" \/>\n<meta property=\"og:type\" content=\"article\" \/>\n<meta property=\"og:title\" content=\"Roberto Sport Special Revolution - ITSF Boutique officielle\" \/>\n<meta property=\"og:description\" content=\"Roberto Sport produit des tables de babyfoot, de billard et d&#039;autres jeux de bar depuis plus de 50 ans. Une longue exp\u00e9rience dans la fabrication de tables \u00e0 monnayeurs leur a permis de produire une grande vari\u00e9t\u00e9 \u00e0 usage priv\u00e9 et domestique, avec le m\u00eame niveau de fiabilit\u00e9 et de performance que des tables professionnelles.\" \/>\n<meta property=\"og:url\" content=\"https:\/\/shop.tablesoccer.org\/es\/producto\/roberto-sport-special-revolution\/\" \/>\n<meta property=\"og:site_name\" content=\"ITSF Boutique officielle\" \/>\n<meta property=\"article:modified_time\" content=\"2023-12-15T11:39:26+00:00\" \/>\n<meta property=\"og:image\" content=\"https:\/\/shop.tablesoccer.org\/wp-content\/uploads\/2023\/11\/roberto-special_table-logo-store.png\" \/>\n\t<meta property=\"og:image:width\" content=\"535\" \/>\n\t<meta property=\"og:image:height\" content=\"401\" \/>\n\t<meta property=\"og:image:type\" content=\"image\/png\" \/>\n<meta name=\"twitter:card\" content=\"summary_large_image\" \/>\n<meta name=\"twitter:label1\" content=\"Tiempo de lectura\" \/>\n\t<meta name=\"twitter:data1\" content=\"2 minutos\" \/>\n<script type=\"application\/ld+json\" class=\"yoast-schema-graph\">{\"@context\":\"https:\/\/schema.org\",\"@graph\":[{\"@type\":\"WebPage\",\"@id\":\"https:\/\/shop.tablesoccer.org\/produit\/roberto-sport-special-revolution\/\",\"url\":\"https:\/\/shop.tablesoccer.org\/produit\/roberto-sport-special-revolution\/\",\"name\":\"Roberto Sport Special Revolution - ITSF Boutique officielle\",\"isPartOf\":{\"@id\":\"https:\/\/shop.tablesoccer.org\/#website\"},\"primaryImageOfPage\":{\"@id\":\"https:\/\/shop.tablesoccer.org\/produit\/roberto-sport-special-revolution\/#primaryimage\"},\"image\":{\"@id\":\"https:\/\/shop.tablesoccer.org\/produit\/roberto-sport-special-revolution\/#primaryimage\"},\"thumbnailUrl\":\"https:\/\/shop.tablesoccer.org\/wp-content\/uploads\/2023\/11\/roberto-special_table-logo-store.png\",\"datePublished\":\"2023-11-14T16:14:23+00:00\",\"dateModified\":\"2023-12-15T11:39:26+00:00\",\"breadcrumb\":{\"@id\":\"https:\/\/shop.tablesoccer.org\/produit\/roberto-sport-special-revolution\/#breadcrumb\"},\"inLanguage\":\"es\",\"potentialAction\":[{\"@type\":\"ReadAction\",\"target\":[\"https:\/\/shop.tablesoccer.org\/produit\/roberto-sport-special-revolution\/\"]}]},{\"@type\":\"ImageObject\",\"inLanguage\":\"es\",\"@id\":\"https:\/\/shop.tablesoccer.org\/produit\/roberto-sport-special-revolution\/#primaryimage\",\"url\":\"https:\/\/shop.tablesoccer.org\/wp-content\/uploads\/2023\/11\/roberto-special_table-logo-store.png\",\"contentUrl\":\"https:\/\/shop.tablesoccer.org\/wp-content\/uploads\/2023\/11\/roberto-special_table-logo-store.png\",\"width\":535,\"height\":401},{\"@type\":\"BreadcrumbList\",\"@id\":\"https:\/\/shop.tablesoccer.org\/produit\/roberto-sport-special-revolution\/#breadcrumb\",\"itemListElement\":[{\"@type\":\"ListItem\",\"position\":1,\"name\":\"Accueil\",\"item\":\"https:\/\/shop.tablesoccer.org\/\"},{\"@type\":\"ListItem\",\"position\":2,\"name\":\"Boutique\",\"item\":\"https:\/\/shop.tablesoccer.org\/accueil\/boutique\/\"},{\"@type\":\"ListItem\",\"position\":3,\"name\":\"Roberto Sport Special Revolution\"}]},{\"@type\":\"WebSite\",\"@id\":\"https:\/\/shop.tablesoccer.org\/#website\",\"url\":\"https:\/\/shop.tablesoccer.org\/\",\"name\":\"ITSF Boutique officielle\",\"description\":\"\",\"potentialAction\":[{\"@type\":\"SearchAction\",\"target\":{\"@type\":\"EntryPoint\",\"urlTemplate\":\"https:\/\/shop.tablesoccer.org\/?s={search_term_string}\"},\"query-input\":{\"@type\":\"PropertyValueSpecification\",\"valueRequired\":true,\"valueName\":\"search_term_string\"}}],\"inLanguage\":\"es\"}]}<\/script>\n<!-- \/ Yoast SEO plugin. -->","yoast_head_json":{"title":"Roberto Sport Special Revolution - ITSF Boutique officielle","robots":{"index":"index","follow":"follow","max-snippet":"max-snippet:-1","max-image-preview":"max-image-preview:large","max-video-preview":"max-video-preview:-1"},"canonical":"https:\/\/shop.tablesoccer.org\/es\/producto\/roberto-sport-special-revolution\/","og_locale":"es_ES","og_type":"article","og_title":"Roberto Sport Special Revolution - ITSF Boutique officielle","og_description":"Roberto Sport produit des tables de babyfoot, de billard et d'autres jeux de bar depuis plus de 50 ans. Une longue exp\u00e9rience dans la fabrication de tables \u00e0 monnayeurs leur a permis de produire une grande vari\u00e9t\u00e9 \u00e0 usage priv\u00e9 et domestique, avec le m\u00eame niveau de fiabilit\u00e9 et de performance que des tables professionnelles.","og_url":"https:\/\/shop.tablesoccer.org\/es\/producto\/roberto-sport-special-revolution\/","og_site_name":"ITSF Boutique officielle","article_modified_time":"2023-12-15T11:39:26+00:00","og_image":[{"width":535,"height":401,"url":"https:\/\/shop.tablesoccer.org\/wp-content\/uploads\/2023\/11\/roberto-special_table-logo-store.png","type":"image\/png"}],"twitter_card":"summary_large_image","twitter_misc":{"Tiempo de lectura":"2 minutos"},"schema":{"@context":"https:\/\/schema.org","@graph":[{"@type":"WebPage","@id":"https:\/\/shop.tablesoccer.org\/produit\/roberto-sport-special-revolution\/","url":"https:\/\/shop.tablesoccer.org\/produit\/roberto-sport-special-revolution\/","name":"Roberto Sport Special Revolution - ITSF Boutique officielle","isPartOf":{"@id":"https:\/\/shop.tablesoccer.org\/#website"},"primaryImageOfPage":{"@id":"https:\/\/shop.tablesoccer.org\/produit\/roberto-sport-special-revolution\/#primaryimage"},"image":{"@id":"https:\/\/shop.tablesoccer.org\/produit\/roberto-sport-special-revolution\/#primaryimage"},"thumbnailUrl":"https:\/\/shop.tablesoccer.org\/wp-content\/uploads\/2023\/11\/roberto-special_table-logo-store.png","datePublished":"2023-11-14T16:14:23+00:00","dateModified":"2023-12-15T11:39:26+00:00","breadcrumb":{"@id":"https:\/\/shop.tablesoccer.org\/produit\/roberto-sport-special-revolution\/#breadcrumb"},"inLanguage":"es","potentialAction":[{"@type":"ReadAction","target":["https:\/\/shop.tablesoccer.org\/produit\/roberto-sport-special-revolution\/"]}]},{"@type":"ImageObject","inLanguage":"es","@id":"https:\/\/shop.tablesoccer.org\/produit\/roberto-sport-special-revolution\/#primaryimage","url":"https:\/\/shop.tablesoccer.org\/wp-content\/uploads\/2023\/11\/roberto-special_table-logo-store.png","contentUrl":"https:\/\/shop.tablesoccer.org\/wp-content\/uploads\/2023\/11\/roberto-special_table-logo-store.png","width":535,"height":401},{"@type":"BreadcrumbList","@id":"https:\/\/shop.tablesoccer.org\/produit\/roberto-sport-special-revolution\/#breadcrumb","itemListElement":[{"@type":"ListItem","position":1,"name":"Accueil","item":"https:\/\/shop.tablesoccer.org\/"},{"@type":"ListItem","position":2,"name":"Boutique","item":"https:\/\/shop.tablesoccer.org\/accueil\/boutique\/"},{"@type":"ListItem","position":3,"name":"Roberto Sport Special Revolution"}]},{"@type":"WebSite","@id":"https:\/\/shop.tablesoccer.org\/#website","url":"https:\/\/shop.tablesoccer.org\/","name":"ITSF Boutique officielle","description":"","potentialAction":[{"@type":"SearchAction","target":{"@type":"EntryPoint","urlTemplate":"https:\/\/shop.tablesoccer.org\/?s={search_term_string}"},"query-input":{"@type":"PropertyValueSpecification","valueRequired":true,"valueName":"search_term_string"}}],"inLanguage":"es"}]}},"_links":{"self":[{"href":"https:\/\/shop.tablesoccer.org\/es\/wp-json\/wp\/v2\/product\/9819","targetHints":{"allow":["GET"]}}],"collection":[{"href":"https:\/\/shop.tablesoccer.org\/es\/wp-json\/wp\/v2\/product"}],"about":[{"href":"https:\/\/shop.tablesoccer.org\/es\/wp-json\/wp\/v2\/types\/product"}],"replies":[{"embeddable":true,"href":"https:\/\/shop.tablesoccer.org\/es\/wp-json\/wp\/v2\/comments?post=9819"}],"wp:featuredmedia":[{"embeddable":true,"href":"https:\/\/shop.tablesoccer.org\/es\/wp-json\/wp\/v2\/media\/9845"}],"wp:attachment":[{"href":"https:\/\/shop.tablesoccer.org\/es\/wp-json\/wp\/v2\/media?parent=9819"}],"wp:term":[{"taxonomy":"product_brand","embeddable":true,"href":"https:\/\/shop.tablesoccer.org\/es\/wp-json\/wp\/v2\/product_brand?post=9819"},{"taxonomy":"product_cat","embeddable":true,"href":"https:\/\/shop.tablesoccer.org\/es\/wp-json\/wp\/v2\/product_cat?post=9819"},{"taxonomy":"product_tag","embeddable":true,"href":"https:\/\/shop.tablesoccer.org\/es\/wp-json\/wp\/v2\/product_tag?post=9819"}],"curies":[{"name":"wp","href":"https:\/\/api.w.org\/{rel}","templated":true}]}}