{"id":9649,"date":"2023-11-14T16:54:40","date_gmt":"2023-11-14T15:54:40","guid":{"rendered":"https:\/\/shop.tablesoccer.org\/?post_type=product&#038;p=9649"},"modified":"2026-02-18T09:26:51","modified_gmt":"2026-02-18T08:26:51","slug":"lampe-itsf-floodlight-baby-foot-table","status":"publish","type":"product","link":"https:\/\/shop.tablesoccer.org\/es\/producto\/lampe-itsf-floodlight-baby-foot-table\/","title":{"rendered":"L\u00e1mpara de futbol\u00edn ITSF Floodlight"},"content":{"rendered":"<p style=\"font-weight: 400;\"><strong>Descripci\u00f3n:<\/strong><\/p>\n<p style=\"font-weight: 400;\">La l\u00e1mpara ITSF Floodlight es una iluminaci\u00f3n LED oficial dise\u00f1ada para los partidos de futbol\u00edn. Ofrece una luz homog\u00e9nea e intensa en todo el tablero, sin crear sombras molestas ni calentar la superficie de juego. Compatible con todas las mesas, se fija f\u00e1cilmente gracias a sus patas adaptables y sus potentes imanes, y se puede alimentar con red el\u00e9ctrica o bater\u00eda para mayor flexibilidad.<\/p>\n<p>&nbsp;<\/p>\n<p style=\"font-weight: 400;\"><strong>Caracter\u00edsticas:<\/strong><\/p>\n<ul>\n<li>LED de alta intensidad para una iluminaci\u00f3n \u00f3ptima<\/li>\n<li>F\u00e1cil fijaci\u00f3n con patas adaptables e imanes potentes<\/li>\n<li>Alimentaci\u00f3n en red o bater\u00eda<\/li>\n<\/ul>\n<p style=\"font-weight: 400;\">Peso ligero, compatible con todas las mesas de futbol\u00edn<\/p>\n<p>&nbsp;<\/p>\n<p style=\"font-weight: 400;\"><strong>Consejos de mantenimiento<\/strong><\/p>\n<p style=\"font-weight: 400;\">Limpie la l\u00e1mpara con un pa\u00f1o suave y seco para eliminar el polvo o las marcas. Evite los productos abrasivos o disolventes que puedan da\u00f1ar la carcasa o los LED.<\/p>\n<p style=\"font-weight: 400;\">Una soluci\u00f3n pr\u00e1ctica y eficiente para iluminar sus partidas de futbol\u00edn en interiores y en competici\u00f3n, con una iluminaci\u00f3n estable y homog\u00e9nea.<\/p>\n<p style=\"font-weight: 400;\">Encuentra toda nuestra selecci\u00f3n en la categor\u00eda: <a href=\"https:\/\/shop.tablesoccer.org\/es\/categoria-producto\/equipement\/accessoires-table-baby-foot\/\">Accesorios de futbol\u00edn<\/a><\/p>\n<p>Fabricant:\u00a0<a href=\"http:\/\/www.flix.eu\/\" target=\"_blank\" rel=\"noopener\">Flix Germany GmbH<\/a><\/p>","protected":false},"excerpt":{"rendered":"<p>Iluminaci\u00f3n LED oficial ITSF para futbol\u00edn: se fija con pies adaptables e im\u00e1n, compatibles con todas las mesas. Funciona con red o bater\u00eda.<\/p>","protected":false},"featured_media":9681,"comment_status":"open","ping_status":"closed","template":"","meta":[],"product_brand":[],"product_cat":[160,69],"product_tag":[],"class_list":{"0":"post-9649","1":"product","2":"type-product","3":"status-publish","4":"has-post-thumbnail","6":"product_cat-accessoires-table-baby-foot","7":"product_cat-equipement","8":"product_shipping_class-ligths","10":"first","11":"instock","12":"taxable","13":"shipping-taxable","14":"purchasable","15":"product-type-simple"},"yoast_head":"<!-- This site is optimized with the Yoast SEO plugin v26.5 - https:\/\/yoast.com\/wordpress\/plugins\/seo\/ -->\n<title>Lampe baby-foot ITSF Floodlight - ITSF Boutique officielle<\/title>\n<meta name=\"description\" content=\"\u00c9clairage LED officiel ITSF pour baby\u2011foot : se fixe \u00e0 l\u2019aide de pieds adaptables et aimants, compatible avec toutes les tables. Sur secteur ou batterie.\" \/>\n<meta name=\"robots\" content=\"index, follow, max-snippet:-1, max-image-preview:large, max-video-preview:-1\" \/>\n<link rel=\"canonical\" href=\"https:\/\/shop.tablesoccer.org\/es\/producto\/lampe-itsf-floodlight-baby-foot-table\/\" \/>\n<meta property=\"og:locale\" content=\"es_ES\" \/>\n<meta property=\"og:type\" content=\"article\" \/>\n<meta property=\"og:title\" content=\"Lampe baby-foot ITSF Floodlight - ITSF Boutique officielle\" \/>\n<meta property=\"og:description\" content=\"\u00c9clairage LED officiel ITSF pour baby\u2011foot : se fixe \u00e0 l\u2019aide de pieds adaptables et aimants, compatible avec toutes les tables. Sur secteur ou batterie.\" \/>\n<meta property=\"og:url\" content=\"https:\/\/shop.tablesoccer.org\/es\/producto\/lampe-itsf-floodlight-baby-foot-table\/\" \/>\n<meta property=\"og:site_name\" content=\"ITSF Boutique officielle\" \/>\n<meta property=\"article:modified_time\" content=\"2026-02-18T08:26:51+00:00\" \/>\n<meta property=\"og:image\" content=\"https:\/\/shop.tablesoccer.org\/wp-content\/uploads\/2023\/11\/floodlight_with_logo.jpg\" \/>\n\t<meta property=\"og:image:width\" content=\"1600\" \/>\n\t<meta property=\"og:image:height\" content=\"1067\" \/>\n\t<meta property=\"og:image:type\" content=\"image\/jpeg\" \/>\n<meta name=\"twitter:card\" content=\"summary_large_image\" \/>\n<meta name=\"twitter:label1\" content=\"Tiempo de lectura\" \/>\n\t<meta name=\"twitter:data1\" content=\"2 minutos\" \/>\n<script type=\"application\/ld+json\" class=\"yoast-schema-graph\">{\"@context\":\"https:\/\/schema.org\",\"@graph\":[{\"@type\":\"WebPage\",\"@id\":\"https:\/\/shop.tablesoccer.org\/produit\/lampe-itsf-floodlight-baby-foot-table\/\",\"url\":\"https:\/\/shop.tablesoccer.org\/produit\/lampe-itsf-floodlight-baby-foot-table\/\",\"name\":\"Lampe baby-foot ITSF Floodlight - ITSF Boutique officielle\",\"isPartOf\":{\"@id\":\"https:\/\/shop.tablesoccer.org\/#website\"},\"primaryImageOfPage\":{\"@id\":\"https:\/\/shop.tablesoccer.org\/produit\/lampe-itsf-floodlight-baby-foot-table\/#primaryimage\"},\"image\":{\"@id\":\"https:\/\/shop.tablesoccer.org\/produit\/lampe-itsf-floodlight-baby-foot-table\/#primaryimage\"},\"thumbnailUrl\":\"https:\/\/shop.tablesoccer.org\/wp-content\/uploads\/2023\/11\/floodlight_with_logo.jpg\",\"datePublished\":\"2023-11-14T15:54:40+00:00\",\"dateModified\":\"2026-02-18T08:26:51+00:00\",\"description\":\"\u00c9clairage LED officiel ITSF pour baby\u2011foot : se fixe \u00e0 l\u2019aide de pieds adaptables et aimants, compatible avec toutes les tables. Sur secteur ou batterie.\",\"breadcrumb\":{\"@id\":\"https:\/\/shop.tablesoccer.org\/produit\/lampe-itsf-floodlight-baby-foot-table\/#breadcrumb\"},\"inLanguage\":\"es\",\"potentialAction\":[{\"@type\":\"ReadAction\",\"target\":[\"https:\/\/shop.tablesoccer.org\/produit\/lampe-itsf-floodlight-baby-foot-table\/\"]}]},{\"@type\":\"ImageObject\",\"inLanguage\":\"es\",\"@id\":\"https:\/\/shop.tablesoccer.org\/produit\/lampe-itsf-floodlight-baby-foot-table\/#primaryimage\",\"url\":\"https:\/\/shop.tablesoccer.org\/wp-content\/uploads\/2023\/11\/floodlight_with_logo.jpg\",\"contentUrl\":\"https:\/\/shop.tablesoccer.org\/wp-content\/uploads\/2023\/11\/floodlight_with_logo.jpg\",\"width\":1600,\"height\":1067,\"caption\":\"Lampe ITSF Floodlight baby foot\"},{\"@type\":\"BreadcrumbList\",\"@id\":\"https:\/\/shop.tablesoccer.org\/produit\/lampe-itsf-floodlight-baby-foot-table\/#breadcrumb\",\"itemListElement\":[{\"@type\":\"ListItem\",\"position\":1,\"name\":\"Accueil\",\"item\":\"https:\/\/shop.tablesoccer.org\/\"},{\"@type\":\"ListItem\",\"position\":2,\"name\":\"Boutique\",\"item\":\"https:\/\/shop.tablesoccer.org\/accueil\/boutique\/\"},{\"@type\":\"ListItem\",\"position\":3,\"name\":\"Lampe baby-foot ITSF Floodlight\"}]},{\"@type\":\"WebSite\",\"@id\":\"https:\/\/shop.tablesoccer.org\/#website\",\"url\":\"https:\/\/shop.tablesoccer.org\/\",\"name\":\"ITSF Boutique officielle\",\"description\":\"\",\"potentialAction\":[{\"@type\":\"SearchAction\",\"target\":{\"@type\":\"EntryPoint\",\"urlTemplate\":\"https:\/\/shop.tablesoccer.org\/?s={search_term_string}\"},\"query-input\":{\"@type\":\"PropertyValueSpecification\",\"valueRequired\":true,\"valueName\":\"search_term_string\"}}],\"inLanguage\":\"es\"}]}<\/script>\n<!-- \/ Yoast SEO plugin. -->","yoast_head_json":{"title":"Lampe baby-foot ITSF Floodlight - ITSF Boutique officielle","description":"\u00c9clairage LED officiel ITSF pour baby\u2011foot : se fixe \u00e0 l\u2019aide de pieds adaptables et aimants, compatible avec toutes les tables. Sur secteur ou batterie.","robots":{"index":"index","follow":"follow","max-snippet":"max-snippet:-1","max-image-preview":"max-image-preview:large","max-video-preview":"max-video-preview:-1"},"canonical":"https:\/\/shop.tablesoccer.org\/es\/producto\/lampe-itsf-floodlight-baby-foot-table\/","og_locale":"es_ES","og_type":"article","og_title":"Lampe baby-foot ITSF Floodlight - ITSF Boutique officielle","og_description":"\u00c9clairage LED officiel ITSF pour baby\u2011foot : se fixe \u00e0 l\u2019aide de pieds adaptables et aimants, compatible avec toutes les tables. Sur secteur ou batterie.","og_url":"https:\/\/shop.tablesoccer.org\/es\/producto\/lampe-itsf-floodlight-baby-foot-table\/","og_site_name":"ITSF Boutique officielle","article_modified_time":"2026-02-18T08:26:51+00:00","og_image":[{"width":1600,"height":1067,"url":"https:\/\/shop.tablesoccer.org\/wp-content\/uploads\/2023\/11\/floodlight_with_logo.jpg","type":"image\/jpeg"}],"twitter_card":"summary_large_image","twitter_misc":{"Tiempo de lectura":"2 minutos"},"schema":{"@context":"https:\/\/schema.org","@graph":[{"@type":"WebPage","@id":"https:\/\/shop.tablesoccer.org\/produit\/lampe-itsf-floodlight-baby-foot-table\/","url":"https:\/\/shop.tablesoccer.org\/produit\/lampe-itsf-floodlight-baby-foot-table\/","name":"Lampe baby-foot ITSF Floodlight - ITSF Boutique officielle","isPartOf":{"@id":"https:\/\/shop.tablesoccer.org\/#website"},"primaryImageOfPage":{"@id":"https:\/\/shop.tablesoccer.org\/produit\/lampe-itsf-floodlight-baby-foot-table\/#primaryimage"},"image":{"@id":"https:\/\/shop.tablesoccer.org\/produit\/lampe-itsf-floodlight-baby-foot-table\/#primaryimage"},"thumbnailUrl":"https:\/\/shop.tablesoccer.org\/wp-content\/uploads\/2023\/11\/floodlight_with_logo.jpg","datePublished":"2023-11-14T15:54:40+00:00","dateModified":"2026-02-18T08:26:51+00:00","description":"\u00c9clairage LED officiel ITSF pour baby\u2011foot : se fixe \u00e0 l\u2019aide de pieds adaptables et aimants, compatible avec toutes les tables. Sur secteur ou batterie.","breadcrumb":{"@id":"https:\/\/shop.tablesoccer.org\/produit\/lampe-itsf-floodlight-baby-foot-table\/#breadcrumb"},"inLanguage":"es","potentialAction":[{"@type":"ReadAction","target":["https:\/\/shop.tablesoccer.org\/produit\/lampe-itsf-floodlight-baby-foot-table\/"]}]},{"@type":"ImageObject","inLanguage":"es","@id":"https:\/\/shop.tablesoccer.org\/produit\/lampe-itsf-floodlight-baby-foot-table\/#primaryimage","url":"https:\/\/shop.tablesoccer.org\/wp-content\/uploads\/2023\/11\/floodlight_with_logo.jpg","contentUrl":"https:\/\/shop.tablesoccer.org\/wp-content\/uploads\/2023\/11\/floodlight_with_logo.jpg","width":1600,"height":1067,"caption":"Lampe ITSF Floodlight baby foot"},{"@type":"BreadcrumbList","@id":"https:\/\/shop.tablesoccer.org\/produit\/lampe-itsf-floodlight-baby-foot-table\/#breadcrumb","itemListElement":[{"@type":"ListItem","position":1,"name":"Accueil","item":"https:\/\/shop.tablesoccer.org\/"},{"@type":"ListItem","position":2,"name":"Boutique","item":"https:\/\/shop.tablesoccer.org\/accueil\/boutique\/"},{"@type":"ListItem","position":3,"name":"Lampe baby-foot ITSF Floodlight"}]},{"@type":"WebSite","@id":"https:\/\/shop.tablesoccer.org\/#website","url":"https:\/\/shop.tablesoccer.org\/","name":"ITSF Boutique officielle","description":"","potentialAction":[{"@type":"SearchAction","target":{"@type":"EntryPoint","urlTemplate":"https:\/\/shop.tablesoccer.org\/?s={search_term_string}"},"query-input":{"@type":"PropertyValueSpecification","valueRequired":true,"valueName":"search_term_string"}}],"inLanguage":"es"}]}},"_links":{"self":[{"href":"https:\/\/shop.tablesoccer.org\/es\/wp-json\/wp\/v2\/product\/9649","targetHints":{"allow":["GET"]}}],"collection":[{"href":"https:\/\/shop.tablesoccer.org\/es\/wp-json\/wp\/v2\/product"}],"about":[{"href":"https:\/\/shop.tablesoccer.org\/es\/wp-json\/wp\/v2\/types\/product"}],"replies":[{"embeddable":true,"href":"https:\/\/shop.tablesoccer.org\/es\/wp-json\/wp\/v2\/comments?post=9649"}],"wp:featuredmedia":[{"embeddable":true,"href":"https:\/\/shop.tablesoccer.org\/es\/wp-json\/wp\/v2\/media\/9681"}],"wp:attachment":[{"href":"https:\/\/shop.tablesoccer.org\/es\/wp-json\/wp\/v2\/media?parent=9649"}],"wp:term":[{"taxonomy":"product_brand","embeddable":true,"href":"https:\/\/shop.tablesoccer.org\/es\/wp-json\/wp\/v2\/product_brand?post=9649"},{"taxonomy":"product_cat","embeddable":true,"href":"https:\/\/shop.tablesoccer.org\/es\/wp-json\/wp\/v2\/product_cat?post=9649"},{"taxonomy":"product_tag","embeddable":true,"href":"https:\/\/shop.tablesoccer.org\/es\/wp-json\/wp\/v2\/product_tag?post=9649"}],"curies":[{"name":"wp","href":"https:\/\/api.w.org\/{rel}","templated":true}]}}