{"id":9554,"date":"2023-11-14T16:36:21","date_gmt":"2023-11-14T15:36:21","guid":{"rendered":"https:\/\/shop.tablesoccer.org\/?post_type=product&#038;p=9554"},"modified":"2026-04-03T13:53:51","modified_gmt":"2026-04-03T11:53:51","slug":"doigtier-baby-foot-latex","status":"publish","type":"product","link":"https:\/\/shop.tablesoccer.org\/es\/producto\/doigtier-baby-foot-latex\/","title":{"rendered":"Dedales para futbol\u00edn"},"content":{"rendered":"<p style=\"font-weight: 400;\"><strong>Descripci\u00f3n: <\/strong><\/p>\n<p style=\"font-weight: 400;\">El dedo de l\u00e1tex es un accesorio sencillo pero eficaz para el futbol\u00edn. Se desarrolla alrededor de la empu\u00f1adura del jugador para limitar los deslizamientos y mejorar el agarre. Ideal para partidas r\u00e1pidas o competitivas, aporta una mejor sensaci\u00f3n de control a cada golpe.<\/p>\n<p>&nbsp;<\/p>\n<p style=\"font-weight: 400;\"><strong>Caracter\u00edsticas:<\/strong><\/p>\n<p style=\"font-weight: 400;\">- Material: l\u00e1tex<\/p>\n<p style=\"font-weight: 400;\">- Colores disponibles: Negro, Rojo, Transparente<\/p>\n<p style=\"font-weight: 400;\">- Peso: 6 g<\/p>\n<p style=\"font-weight: 400;\">Se vende por unidad, para instalarse en la manija.<\/p>\n<p>&nbsp;<\/p>\n<p style=\"font-weight: 400;\"><strong>Consejos de mantenimiento<\/strong><\/p>\n<p style=\"font-weight: 400;\">Aseg\u00farese de que el mango est\u00e9 limpio y seco antes de la instalaci\u00f3n para asegurar un buen agarre. En caso de suciedad, limpie el dedo con un pa\u00f1o suave y evite los productos agresivos que puedan alterar el l\u00e1tex. Remplaza el elemento si el l\u00e1tex se vuelve resbaladizo o agrietado para garantizar un agarre \u00f3ptimo.<\/p>\n<p style=\"font-weight: 400;\">Un accesorio discreto pero \u00fatil para mejorar tu agarre en cada parte, el dedo de l\u00e1tex te permite limitar tus deslizamientos y optimizar tu control sobre la empu\u00f1adura.<\/p>\n<p style=\"font-weight: 400;\">Encuentra toda nuestra selecci\u00f3n en la categor\u00eda: <a href=\"https:\/\/shop.tablesoccer.org\/es\/categoria-producto\/equipement\/finger-grips-baby-foot\/\">Finger grips &amp; blocs grips.<\/a><\/p>","protected":false},"excerpt":{"rendered":"<p style=\"font-weight: 400;\">El dedo de l\u00e1tex mejora el agarre en el mango del futbol\u00edn, limita los deslizamientos y ofrece un mejor control en cada golpe. Vendido por unidad.<\/p>\n<p style=\"font-weight: 400;\">","protected":false},"featured_media":9609,"comment_status":"open","ping_status":"closed","template":"","meta":[],"product_brand":[],"product_cat":[69,121],"product_tag":[],"class_list":{"0":"post-9554","1":"product","2":"type-product","3":"status-publish","4":"has-post-thumbnail","6":"product_cat-equipement","7":"product_cat-grips-et-blocs-grips-baby-foot","9":"first","10":"instock","11":"taxable","12":"shipping-taxable","13":"purchasable","14":"product-type-variable"},"yoast_head":"<!-- This site is optimized with the Yoast SEO plugin v26.5 - https:\/\/yoast.com\/wordpress\/plugins\/seo\/ -->\n<title>Doigtier baby-foot en latex - ITSF Boutique officielle<\/title>\n<meta name=\"description\" content=\"Doigtier en latex : s\u2019installe sur la poign\u00e9e de votre baby-foot et permet une meilleure accroche. Commandez-le sur l\u2019ITSF Store !\" \/>\n<meta name=\"robots\" content=\"index, follow, max-snippet:-1, max-image-preview:large, max-video-preview:-1\" \/>\n<link rel=\"canonical\" href=\"https:\/\/shop.tablesoccer.org\/es\/producto\/doigtier-baby-foot-latex\/\" \/>\n<meta property=\"og:locale\" content=\"es_ES\" \/>\n<meta property=\"og:type\" content=\"article\" \/>\n<meta property=\"og:title\" content=\"Doigtier baby-foot en latex - ITSF Boutique officielle\" \/>\n<meta property=\"og:description\" content=\"Doigtier en latex : s\u2019installe sur la poign\u00e9e de votre baby-foot et permet une meilleure accroche. Commandez-le sur l\u2019ITSF Store !\" \/>\n<meta property=\"og:url\" content=\"https:\/\/shop.tablesoccer.org\/es\/producto\/doigtier-baby-foot-latex\/\" \/>\n<meta property=\"og:site_name\" content=\"ITSF Boutique officielle\" \/>\n<meta property=\"article:modified_time\" content=\"2026-04-03T11:53:51+00:00\" \/>\n<meta property=\"og:image\" content=\"https:\/\/shop.tablesoccer.org\/wp-content\/uploads\/2023\/11\/doigtiers_noir_rouge_transparent.jpg\" \/>\n\t<meta property=\"og:image:width\" content=\"1600\" \/>\n\t<meta property=\"og:image:height\" content=\"1864\" \/>\n\t<meta property=\"og:image:type\" content=\"image\/jpeg\" \/>\n<meta name=\"twitter:card\" content=\"summary_large_image\" \/>\n<meta name=\"twitter:label1\" content=\"Tiempo de lectura\" \/>\n\t<meta name=\"twitter:data1\" content=\"2 minutos\" \/>\n<script type=\"application\/ld+json\" class=\"yoast-schema-graph\">{\"@context\":\"https:\/\/schema.org\",\"@graph\":[{\"@type\":\"WebPage\",\"@id\":\"https:\/\/shop.tablesoccer.org\/produit\/doigtier-baby-foot-latex\/\",\"url\":\"https:\/\/shop.tablesoccer.org\/produit\/doigtier-baby-foot-latex\/\",\"name\":\"Doigtier baby-foot en latex - ITSF Boutique officielle\",\"isPartOf\":{\"@id\":\"https:\/\/shop.tablesoccer.org\/#website\"},\"primaryImageOfPage\":{\"@id\":\"https:\/\/shop.tablesoccer.org\/produit\/doigtier-baby-foot-latex\/#primaryimage\"},\"image\":{\"@id\":\"https:\/\/shop.tablesoccer.org\/produit\/doigtier-baby-foot-latex\/#primaryimage\"},\"thumbnailUrl\":\"https:\/\/shop.tablesoccer.org\/wp-content\/uploads\/2023\/11\/doigtiers_noir_rouge_transparent.jpg\",\"datePublished\":\"2023-11-14T15:36:21+00:00\",\"dateModified\":\"2026-04-03T11:53:51+00:00\",\"description\":\"Doigtier en latex : s\u2019installe sur la poign\u00e9e de votre baby-foot et permet une meilleure accroche. Commandez-le sur l\u2019ITSF Store !\",\"breadcrumb\":{\"@id\":\"https:\/\/shop.tablesoccer.org\/produit\/doigtier-baby-foot-latex\/#breadcrumb\"},\"inLanguage\":\"es\",\"potentialAction\":[{\"@type\":\"ReadAction\",\"target\":[\"https:\/\/shop.tablesoccer.org\/produit\/doigtier-baby-foot-latex\/\"]}]},{\"@type\":\"ImageObject\",\"inLanguage\":\"es\",\"@id\":\"https:\/\/shop.tablesoccer.org\/produit\/doigtier-baby-foot-latex\/#primaryimage\",\"url\":\"https:\/\/shop.tablesoccer.org\/wp-content\/uploads\/2023\/11\/doigtiers_noir_rouge_transparent.jpg\",\"contentUrl\":\"https:\/\/shop.tablesoccer.org\/wp-content\/uploads\/2023\/11\/doigtiers_noir_rouge_transparent.jpg\",\"width\":1600,\"height\":1864,\"caption\":\"Doigtier en latex ITSF baby-foot\"},{\"@type\":\"BreadcrumbList\",\"@id\":\"https:\/\/shop.tablesoccer.org\/produit\/doigtier-baby-foot-latex\/#breadcrumb\",\"itemListElement\":[{\"@type\":\"ListItem\",\"position\":1,\"name\":\"Accueil\",\"item\":\"https:\/\/shop.tablesoccer.org\/\"},{\"@type\":\"ListItem\",\"position\":2,\"name\":\"Boutique\",\"item\":\"https:\/\/shop.tablesoccer.org\/accueil\/boutique\/\"},{\"@type\":\"ListItem\",\"position\":3,\"name\":\"Doigtier baby-foot en latex\"}]},{\"@type\":\"WebSite\",\"@id\":\"https:\/\/shop.tablesoccer.org\/#website\",\"url\":\"https:\/\/shop.tablesoccer.org\/\",\"name\":\"ITSF Boutique officielle\",\"description\":\"\",\"potentialAction\":[{\"@type\":\"SearchAction\",\"target\":{\"@type\":\"EntryPoint\",\"urlTemplate\":\"https:\/\/shop.tablesoccer.org\/?s={search_term_string}\"},\"query-input\":{\"@type\":\"PropertyValueSpecification\",\"valueRequired\":true,\"valueName\":\"search_term_string\"}}],\"inLanguage\":\"es\"}]}<\/script>\n<!-- \/ Yoast SEO plugin. -->","yoast_head_json":{"title":"Doigtier baby-foot en latex - ITSF Boutique officielle","description":"Doigtier en latex : s\u2019installe sur la poign\u00e9e de votre baby-foot et permet une meilleure accroche. Commandez-le sur l\u2019ITSF Store !","robots":{"index":"index","follow":"follow","max-snippet":"max-snippet:-1","max-image-preview":"max-image-preview:large","max-video-preview":"max-video-preview:-1"},"canonical":"https:\/\/shop.tablesoccer.org\/es\/producto\/doigtier-baby-foot-latex\/","og_locale":"es_ES","og_type":"article","og_title":"Doigtier baby-foot en latex - ITSF Boutique officielle","og_description":"Doigtier en latex : s\u2019installe sur la poign\u00e9e de votre baby-foot et permet une meilleure accroche. Commandez-le sur l\u2019ITSF Store !","og_url":"https:\/\/shop.tablesoccer.org\/es\/producto\/doigtier-baby-foot-latex\/","og_site_name":"ITSF Boutique officielle","article_modified_time":"2026-04-03T11:53:51+00:00","og_image":[{"width":1600,"height":1864,"url":"https:\/\/shop.tablesoccer.org\/wp-content\/uploads\/2023\/11\/doigtiers_noir_rouge_transparent.jpg","type":"image\/jpeg"}],"twitter_card":"summary_large_image","twitter_misc":{"Tiempo de lectura":"2 minutos"},"schema":{"@context":"https:\/\/schema.org","@graph":[{"@type":"WebPage","@id":"https:\/\/shop.tablesoccer.org\/produit\/doigtier-baby-foot-latex\/","url":"https:\/\/shop.tablesoccer.org\/produit\/doigtier-baby-foot-latex\/","name":"Doigtier baby-foot en latex - ITSF Boutique officielle","isPartOf":{"@id":"https:\/\/shop.tablesoccer.org\/#website"},"primaryImageOfPage":{"@id":"https:\/\/shop.tablesoccer.org\/produit\/doigtier-baby-foot-latex\/#primaryimage"},"image":{"@id":"https:\/\/shop.tablesoccer.org\/produit\/doigtier-baby-foot-latex\/#primaryimage"},"thumbnailUrl":"https:\/\/shop.tablesoccer.org\/wp-content\/uploads\/2023\/11\/doigtiers_noir_rouge_transparent.jpg","datePublished":"2023-11-14T15:36:21+00:00","dateModified":"2026-04-03T11:53:51+00:00","description":"Doigtier en latex : s\u2019installe sur la poign\u00e9e de votre baby-foot et permet une meilleure accroche. Commandez-le sur l\u2019ITSF Store !","breadcrumb":{"@id":"https:\/\/shop.tablesoccer.org\/produit\/doigtier-baby-foot-latex\/#breadcrumb"},"inLanguage":"es","potentialAction":[{"@type":"ReadAction","target":["https:\/\/shop.tablesoccer.org\/produit\/doigtier-baby-foot-latex\/"]}]},{"@type":"ImageObject","inLanguage":"es","@id":"https:\/\/shop.tablesoccer.org\/produit\/doigtier-baby-foot-latex\/#primaryimage","url":"https:\/\/shop.tablesoccer.org\/wp-content\/uploads\/2023\/11\/doigtiers_noir_rouge_transparent.jpg","contentUrl":"https:\/\/shop.tablesoccer.org\/wp-content\/uploads\/2023\/11\/doigtiers_noir_rouge_transparent.jpg","width":1600,"height":1864,"caption":"Doigtier en latex ITSF baby-foot"},{"@type":"BreadcrumbList","@id":"https:\/\/shop.tablesoccer.org\/produit\/doigtier-baby-foot-latex\/#breadcrumb","itemListElement":[{"@type":"ListItem","position":1,"name":"Accueil","item":"https:\/\/shop.tablesoccer.org\/"},{"@type":"ListItem","position":2,"name":"Boutique","item":"https:\/\/shop.tablesoccer.org\/accueil\/boutique\/"},{"@type":"ListItem","position":3,"name":"Doigtier baby-foot en latex"}]},{"@type":"WebSite","@id":"https:\/\/shop.tablesoccer.org\/#website","url":"https:\/\/shop.tablesoccer.org\/","name":"ITSF Boutique officielle","description":"","potentialAction":[{"@type":"SearchAction","target":{"@type":"EntryPoint","urlTemplate":"https:\/\/shop.tablesoccer.org\/?s={search_term_string}"},"query-input":{"@type":"PropertyValueSpecification","valueRequired":true,"valueName":"search_term_string"}}],"inLanguage":"es"}]}},"_links":{"self":[{"href":"https:\/\/shop.tablesoccer.org\/es\/wp-json\/wp\/v2\/product\/9554","targetHints":{"allow":["GET"]}}],"collection":[{"href":"https:\/\/shop.tablesoccer.org\/es\/wp-json\/wp\/v2\/product"}],"about":[{"href":"https:\/\/shop.tablesoccer.org\/es\/wp-json\/wp\/v2\/types\/product"}],"replies":[{"embeddable":true,"href":"https:\/\/shop.tablesoccer.org\/es\/wp-json\/wp\/v2\/comments?post=9554"}],"wp:featuredmedia":[{"embeddable":true,"href":"https:\/\/shop.tablesoccer.org\/es\/wp-json\/wp\/v2\/media\/9609"}],"wp:attachment":[{"href":"https:\/\/shop.tablesoccer.org\/es\/wp-json\/wp\/v2\/media?parent=9554"}],"wp:term":[{"taxonomy":"product_brand","embeddable":true,"href":"https:\/\/shop.tablesoccer.org\/es\/wp-json\/wp\/v2\/product_brand?post=9554"},{"taxonomy":"product_cat","embeddable":true,"href":"https:\/\/shop.tablesoccer.org\/es\/wp-json\/wp\/v2\/product_cat?post=9554"},{"taxonomy":"product_tag","embeddable":true,"href":"https:\/\/shop.tablesoccer.org\/es\/wp-json\/wp\/v2\/product_tag?post=9554"}],"curies":[{"name":"wp","href":"https:\/\/api.w.org\/{rel}","templated":true}]}}