{"id":9541,"date":"2023-11-14T16:34:40","date_gmt":"2023-11-14T15:34:40","guid":{"rendered":"https:\/\/shop.tablesoccer.org\/?post_type=product&#038;p=9541"},"modified":"2026-04-09T04:39:39","modified_gmt":"2026-04-09T02:39:39","slug":"anneau-bloque-grip-baby-foot-itsf","status":"publish","type":"product","link":"https:\/\/shop.tablesoccer.org\/es\/producto\/anneau-bloque-grip-baby-foot-itsf\/","title":{"rendered":"Anillo bloque-grip para futbol\u00edn ITSF"},"content":{"rendered":"<p style=\"font-weight: 400;\"><strong>Descripci\u00f3n: <\/strong><\/p>\n<p style=\"font-weight: 400;\">El anillo bloque-grip se desliza f\u00e1cilmente sobre tus barras despu\u00e9s de haber instalado tu grip. Evita que el grip se mueva o resbale durante las partidas r\u00e1pidas, ofreciendo as\u00ed un agarre constante y c\u00f3modo para cada gesto.<\/p>\n<p>&nbsp;<\/p>\n<p style=\"font-weight: 400;\"><strong>Caracter\u00edsticas:<\/strong><\/p>\n<p style=\"font-weight: 400;\">- Material: pl\u00e1stico resistente<\/p>\n<p style=\"font-weight: 400;\">- Di\u00e1metro: adecuado para los mangos est\u00e1ndar de futbol\u00edn<\/p>\n<p style=\"font-weight: 400;\">Colores disponibles: azul, verde, rojo y negro<\/p>\n<p style=\"font-weight: 400;\">vende individualmente.<\/p>\n<p>&nbsp;<\/p>\n<p style=\"font-weight: 400;\"><strong>Consejos de mantenimiento<\/strong><\/p>\n<p style=\"font-weight: 400;\">Limpie simplemente con un pa\u00f1o suave y seco. Evite productos abrasivos que puedan da\u00f1ar el pl\u00e1stico. Compruebe peri\u00f3dicamente el anillo para asegurarse de que permanece en su lugar.<\/p>\n<p style=\"font-weight: 400;\">El anillo de bloqueo ITSF asegura una fijaci\u00f3n fiable de su <a href=\"https:\/\/shop.tablesoccer.org\/es\/producto\/grips-baby-foot-itsf\/\">grip<\/a>, pour des parties de baby-foot fluides et professionnelles.<\/p>\n<p style=\"font-weight: 400;\">Encuentra toda nuestra selecci\u00f3n en la categor\u00eda:<a href=\"https:\/\/shop.tablesoccer.org\/es\/producto\/anneau-bloque-grip-itsf\/\"> Finger grips &amp; blocs grips.<\/a><\/p>","protected":false},"excerpt":{"rendered":"<p>El anillo de bloqueo ITSF est\u00e1 dise\u00f1ado para mantener sus grips firmemente en su lugar en los mangos del futbol\u00edn. Asegura una sujeci\u00f3n estable y fiable, lo que garantiza un control \u00f3ptimo y unas condiciones de juego agradables, ya sea para juegos recreativos o de competici\u00f3n.<\/p>","protected":false},"featured_media":12733,"comment_status":"open","ping_status":"closed","template":"","meta":[],"product_brand":[],"product_cat":[69,121],"product_tag":[],"class_list":{"0":"post-9541","1":"product","2":"type-product","3":"status-publish","4":"has-post-thumbnail","6":"product_cat-equipement","7":"product_cat-grips-et-blocs-grips-baby-foot","9":"first","10":"instock","11":"taxable","12":"shipping-taxable","13":"purchasable","14":"product-type-variable"},"yoast_head":"<!-- This site is optimized with the Yoast SEO plugin v26.5 - https:\/\/yoast.com\/wordpress\/plugins\/seo\/ -->\n<title>Anneau bloque-grip baby-foot ITSF - ITSF Boutique officielle<\/title>\n<meta name=\"description\" content=\"Anneau bloque-grip ITSF : con\u00e7us pour le baby-foot, ces anneaux bloque-grip ITSF bloquent le grip \u00e0 la poign\u00e9e. Commandez-les sur l\u2019ITSF Store !\" \/>\n<meta name=\"robots\" content=\"index, follow, max-snippet:-1, max-image-preview:large, max-video-preview:-1\" \/>\n<link rel=\"canonical\" href=\"https:\/\/shop.tablesoccer.org\/es\/producto\/anneau-bloque-grip-baby-foot-itsf\/\" \/>\n<meta property=\"og:locale\" content=\"es_ES\" \/>\n<meta property=\"og:type\" content=\"article\" \/>\n<meta property=\"og:title\" content=\"Anneau bloque-grip baby-foot ITSF - ITSF Boutique officielle\" \/>\n<meta property=\"og:description\" content=\"Anneau bloque-grip ITSF : con\u00e7us pour le baby-foot, ces anneaux bloque-grip ITSF bloquent le grip \u00e0 la poign\u00e9e. Commandez-les sur l\u2019ITSF Store !\" \/>\n<meta property=\"og:url\" content=\"https:\/\/shop.tablesoccer.org\/es\/producto\/anneau-bloque-grip-baby-foot-itsf\/\" \/>\n<meta property=\"og:site_name\" content=\"ITSF Boutique officielle\" \/>\n<meta property=\"article:modified_time\" content=\"2026-04-09T02:39:39+00:00\" \/>\n<meta property=\"og:image\" content=\"https:\/\/shop.tablesoccer.org\/wp-content\/uploads\/2023\/11\/anneau2.png\" \/>\n\t<meta property=\"og:image:width\" content=\"1024\" \/>\n\t<meta property=\"og:image:height\" content=\"819\" \/>\n\t<meta property=\"og:image:type\" content=\"image\/png\" \/>\n<meta name=\"twitter:card\" content=\"summary_large_image\" \/>\n<meta name=\"twitter:label1\" content=\"Tiempo de lectura\" \/>\n\t<meta name=\"twitter:data1\" content=\"1 minuto\" \/>\n<script type=\"application\/ld+json\" class=\"yoast-schema-graph\">{\"@context\":\"https:\/\/schema.org\",\"@graph\":[{\"@type\":\"WebPage\",\"@id\":\"https:\/\/shop.tablesoccer.org\/produit\/anneau-bloque-grip-baby-foot-itsf\/\",\"url\":\"https:\/\/shop.tablesoccer.org\/produit\/anneau-bloque-grip-baby-foot-itsf\/\",\"name\":\"Anneau bloque-grip baby-foot ITSF - ITSF Boutique officielle\",\"isPartOf\":{\"@id\":\"https:\/\/shop.tablesoccer.org\/#website\"},\"primaryImageOfPage\":{\"@id\":\"https:\/\/shop.tablesoccer.org\/produit\/anneau-bloque-grip-baby-foot-itsf\/#primaryimage\"},\"image\":{\"@id\":\"https:\/\/shop.tablesoccer.org\/produit\/anneau-bloque-grip-baby-foot-itsf\/#primaryimage\"},\"thumbnailUrl\":\"https:\/\/shop.tablesoccer.org\/wp-content\/uploads\/2023\/11\/anneau2.png\",\"datePublished\":\"2023-11-14T15:34:40+00:00\",\"dateModified\":\"2026-04-09T02:39:39+00:00\",\"description\":\"Anneau bloque-grip ITSF : con\u00e7us pour le baby-foot, ces anneaux bloque-grip ITSF bloquent le grip \u00e0 la poign\u00e9e. Commandez-les sur l\u2019ITSF Store !\",\"breadcrumb\":{\"@id\":\"https:\/\/shop.tablesoccer.org\/produit\/anneau-bloque-grip-baby-foot-itsf\/#breadcrumb\"},\"inLanguage\":\"es\",\"potentialAction\":[{\"@type\":\"ReadAction\",\"target\":[\"https:\/\/shop.tablesoccer.org\/produit\/anneau-bloque-grip-baby-foot-itsf\/\"]}]},{\"@type\":\"ImageObject\",\"inLanguage\":\"es\",\"@id\":\"https:\/\/shop.tablesoccer.org\/produit\/anneau-bloque-grip-baby-foot-itsf\/#primaryimage\",\"url\":\"https:\/\/shop.tablesoccer.org\/wp-content\/uploads\/2023\/11\/anneau2.png\",\"contentUrl\":\"https:\/\/shop.tablesoccer.org\/wp-content\/uploads\/2023\/11\/anneau2.png\",\"width\":10544,\"height\":8434},{\"@type\":\"BreadcrumbList\",\"@id\":\"https:\/\/shop.tablesoccer.org\/produit\/anneau-bloque-grip-baby-foot-itsf\/#breadcrumb\",\"itemListElement\":[{\"@type\":\"ListItem\",\"position\":1,\"name\":\"Accueil\",\"item\":\"https:\/\/shop.tablesoccer.org\/\"},{\"@type\":\"ListItem\",\"position\":2,\"name\":\"Boutique\",\"item\":\"https:\/\/shop.tablesoccer.org\/accueil\/boutique\/\"},{\"@type\":\"ListItem\",\"position\":3,\"name\":\"Anneau bloque-grip baby-foot ITSF\"}]},{\"@type\":\"WebSite\",\"@id\":\"https:\/\/shop.tablesoccer.org\/#website\",\"url\":\"https:\/\/shop.tablesoccer.org\/\",\"name\":\"ITSF Boutique officielle\",\"description\":\"\",\"potentialAction\":[{\"@type\":\"SearchAction\",\"target\":{\"@type\":\"EntryPoint\",\"urlTemplate\":\"https:\/\/shop.tablesoccer.org\/?s={search_term_string}\"},\"query-input\":{\"@type\":\"PropertyValueSpecification\",\"valueRequired\":true,\"valueName\":\"search_term_string\"}}],\"inLanguage\":\"es\"}]}<\/script>\n<!-- \/ Yoast SEO plugin. -->","yoast_head_json":{"title":"Anneau bloque-grip baby-foot ITSF - ITSF Boutique officielle","description":"Anneau bloque-grip ITSF : con\u00e7us pour le baby-foot, ces anneaux bloque-grip ITSF bloquent le grip \u00e0 la poign\u00e9e. Commandez-les sur l\u2019ITSF Store !","robots":{"index":"index","follow":"follow","max-snippet":"max-snippet:-1","max-image-preview":"max-image-preview:large","max-video-preview":"max-video-preview:-1"},"canonical":"https:\/\/shop.tablesoccer.org\/es\/producto\/anneau-bloque-grip-baby-foot-itsf\/","og_locale":"es_ES","og_type":"article","og_title":"Anneau bloque-grip baby-foot ITSF - ITSF Boutique officielle","og_description":"Anneau bloque-grip ITSF : con\u00e7us pour le baby-foot, ces anneaux bloque-grip ITSF bloquent le grip \u00e0 la poign\u00e9e. Commandez-les sur l\u2019ITSF Store !","og_url":"https:\/\/shop.tablesoccer.org\/es\/producto\/anneau-bloque-grip-baby-foot-itsf\/","og_site_name":"ITSF Boutique officielle","article_modified_time":"2026-04-09T02:39:39+00:00","og_image":[{"url":"https:\/\/shop.tablesoccer.org\/wp-content\/uploads\/2023\/11\/anneau2.png","width":1024,"height":819,"type":"image\/png"}],"twitter_card":"summary_large_image","twitter_misc":{"Tiempo de lectura":"1 minuto"},"schema":{"@context":"https:\/\/schema.org","@graph":[{"@type":"WebPage","@id":"https:\/\/shop.tablesoccer.org\/produit\/anneau-bloque-grip-baby-foot-itsf\/","url":"https:\/\/shop.tablesoccer.org\/produit\/anneau-bloque-grip-baby-foot-itsf\/","name":"Anneau bloque-grip baby-foot ITSF - ITSF Boutique officielle","isPartOf":{"@id":"https:\/\/shop.tablesoccer.org\/#website"},"primaryImageOfPage":{"@id":"https:\/\/shop.tablesoccer.org\/produit\/anneau-bloque-grip-baby-foot-itsf\/#primaryimage"},"image":{"@id":"https:\/\/shop.tablesoccer.org\/produit\/anneau-bloque-grip-baby-foot-itsf\/#primaryimage"},"thumbnailUrl":"https:\/\/shop.tablesoccer.org\/wp-content\/uploads\/2023\/11\/anneau2.png","datePublished":"2023-11-14T15:34:40+00:00","dateModified":"2026-04-09T02:39:39+00:00","description":"Anneau bloque-grip ITSF : con\u00e7us pour le baby-foot, ces anneaux bloque-grip ITSF bloquent le grip \u00e0 la poign\u00e9e. Commandez-les sur l\u2019ITSF Store !","breadcrumb":{"@id":"https:\/\/shop.tablesoccer.org\/produit\/anneau-bloque-grip-baby-foot-itsf\/#breadcrumb"},"inLanguage":"es","potentialAction":[{"@type":"ReadAction","target":["https:\/\/shop.tablesoccer.org\/produit\/anneau-bloque-grip-baby-foot-itsf\/"]}]},{"@type":"ImageObject","inLanguage":"es","@id":"https:\/\/shop.tablesoccer.org\/produit\/anneau-bloque-grip-baby-foot-itsf\/#primaryimage","url":"https:\/\/shop.tablesoccer.org\/wp-content\/uploads\/2023\/11\/anneau2.png","contentUrl":"https:\/\/shop.tablesoccer.org\/wp-content\/uploads\/2023\/11\/anneau2.png","width":10544,"height":8434},{"@type":"BreadcrumbList","@id":"https:\/\/shop.tablesoccer.org\/produit\/anneau-bloque-grip-baby-foot-itsf\/#breadcrumb","itemListElement":[{"@type":"ListItem","position":1,"name":"Accueil","item":"https:\/\/shop.tablesoccer.org\/"},{"@type":"ListItem","position":2,"name":"Boutique","item":"https:\/\/shop.tablesoccer.org\/accueil\/boutique\/"},{"@type":"ListItem","position":3,"name":"Anneau bloque-grip baby-foot ITSF"}]},{"@type":"WebSite","@id":"https:\/\/shop.tablesoccer.org\/#website","url":"https:\/\/shop.tablesoccer.org\/","name":"ITSF Boutique officielle","description":"","potentialAction":[{"@type":"SearchAction","target":{"@type":"EntryPoint","urlTemplate":"https:\/\/shop.tablesoccer.org\/?s={search_term_string}"},"query-input":{"@type":"PropertyValueSpecification","valueRequired":true,"valueName":"search_term_string"}}],"inLanguage":"es"}]}},"_links":{"self":[{"href":"https:\/\/shop.tablesoccer.org\/es\/wp-json\/wp\/v2\/product\/9541","targetHints":{"allow":["GET"]}}],"collection":[{"href":"https:\/\/shop.tablesoccer.org\/es\/wp-json\/wp\/v2\/product"}],"about":[{"href":"https:\/\/shop.tablesoccer.org\/es\/wp-json\/wp\/v2\/types\/product"}],"replies":[{"embeddable":true,"href":"https:\/\/shop.tablesoccer.org\/es\/wp-json\/wp\/v2\/comments?post=9541"}],"wp:featuredmedia":[{"embeddable":true,"href":"https:\/\/shop.tablesoccer.org\/es\/wp-json\/wp\/v2\/media\/12733"}],"wp:attachment":[{"href":"https:\/\/shop.tablesoccer.org\/es\/wp-json\/wp\/v2\/media?parent=9541"}],"wp:term":[{"taxonomy":"product_brand","embeddable":true,"href":"https:\/\/shop.tablesoccer.org\/es\/wp-json\/wp\/v2\/product_brand?post=9541"},{"taxonomy":"product_cat","embeddable":true,"href":"https:\/\/shop.tablesoccer.org\/es\/wp-json\/wp\/v2\/product_cat?post=9541"},{"taxonomy":"product_tag","embeddable":true,"href":"https:\/\/shop.tablesoccer.org\/es\/wp-json\/wp\/v2\/product_tag?post=9541"}],"curies":[{"name":"wp","href":"https:\/\/api.w.org\/{rel}","templated":true}]}}