{"id":9529,"date":"2023-11-14T16:33:20","date_gmt":"2023-11-14T15:33:20","guid":{"rendered":"https:\/\/shop.tablesoccer.org\/?post_type=product&#038;p=9529"},"modified":"2026-02-20T10:38:00","modified_gmt":"2026-02-20T09:38:00","slug":"badge-arbitre-officiel-baby-foot-itsf","status":"publish","type":"product","link":"https:\/\/shop.tablesoccer.org\/es\/producto\/badge-arbitre-officiel-baby-foot-itsf\/","title":{"rendered":"Insignia oficial de \u00e1rbitro de futbol\u00edn"},"content":{"rendered":"<p style=\"font-weight: 400;\"><strong>Descripci\u00f3n: <\/strong><\/p>\n<p style=\"font-weight: 400;\">Esta insignia est\u00e1 especialmente dise\u00f1ada para los \u00e1rbitros de futbol\u00edn. Se fija simplemente a trav\u00e9s de velcro en su camiseta o chaqueta de \u00e1rbitro, para mostrar claramente su papel y su nivel (asistente, regional, nacional, internacional).<\/p>\n<p>&nbsp;<\/p>\n<p style=\"font-weight: 400;\"><strong>Caracter\u00edsticas:<\/strong><\/p>\n<p style=\"font-weight: 400;\">\u2013 Format: round patch, fixed with velcro.<\/p>\n<p style=\"font-weight: 400;\">- Selecci\u00f3n de niveles: regional, auxiliar, nacional e internacional.<\/p>\n<p style=\"font-weight: 400;\">Fabricante : ITSF<\/p>\n<p style=\"font-weight: 400;\">- Peso: 0,07 kg.<\/p>\n<p style=\"font-weight: 400;\">Producto oficial de identificaci\u00f3n para \u00e1rbitros.<\/p>\n<p>&nbsp;<\/p>\n<p style=\"font-weight: 400;\"><strong>Consejos de mantenimiento<\/strong><\/p>\n<p style=\"font-weight: 400;\">Coloque la insignia en una superficie limpia y seca para asegurar un buen agarre. Qu\u00edtatelo antes de lavarlo para prolongar su vida \u00fatil. Evite sujetarlo sobre tejidos muy desgastados o deshilachados para que el velcro quede bien en su lugar.<\/p>\n<p style=\"font-weight: 400;\">Pr\u00e1ctico y oficial, esta insignia le permite arbitrar sus partidos de futbol\u00edn con claridad y profesionalidad.<\/p>\n<p style=\"font-weight: 400;\">Encuentra toda nuestra selecci\u00f3n en la categor\u00eda: <a href=\"https:\/\/shop.tablesoccer.org\/es\/categoria-producto\/equipement\/equipements-arbitres-baby-foot\/\">Equipamiento para \u00e1rbitros de futbol\u00edn<\/a><\/p>","protected":false},"excerpt":{"rendered":"<p>Insignia oficial que indica el nivel del \u00e1rbitro. Parche redondo, fijado con velcro. 4 insignias diferentes: \u2013 regional \u2013 asistente \u2013 nacional \u2013 internacional<\/p>","protected":false},"featured_media":9526,"comment_status":"open","ping_status":"closed","template":"","meta":[],"product_brand":[],"product_cat":[69,124],"product_tag":[],"class_list":{"0":"post-9529","1":"product","2":"type-product","3":"status-publish","4":"has-post-thumbnail","6":"product_cat-equipement","7":"product_cat-equipements-arbitres-baby-foot","9":"first","10":"instock","11":"taxable","12":"shipping-taxable","13":"purchasable","14":"product-type-variable"},"yoast_head":"<!-- This site is optimized with the Yoast SEO plugin v26.5 - https:\/\/yoast.com\/wordpress\/plugins\/seo\/ -->\n<title>Badge arbitre officiel baby-foot - ITSF Boutique officielle<\/title>\n<meta name=\"description\" content=\"Badge officiel indiquant le niveau de l&#039;arbitre. Patch rond, fix\u00e9 avec du Velcro. 4 badges diff\u00e9rents: - r\u00e9gional - assistant - national - international.\" \/>\n<meta name=\"robots\" content=\"index, follow, max-snippet:-1, max-image-preview:large, max-video-preview:-1\" \/>\n<link rel=\"canonical\" href=\"https:\/\/shop.tablesoccer.org\/es\/producto\/badge-arbitre-officiel-baby-foot-itsf\/\" \/>\n<meta property=\"og:locale\" content=\"es_ES\" \/>\n<meta property=\"og:type\" content=\"article\" \/>\n<meta property=\"og:title\" content=\"Badge arbitre officiel baby-foot - ITSF Boutique officielle\" \/>\n<meta property=\"og:description\" content=\"Badge officiel indiquant le niveau de l&#039;arbitre. Patch rond, fix\u00e9 avec du Velcro. 4 badges diff\u00e9rents: - r\u00e9gional - assistant - national - international.\" \/>\n<meta property=\"og:url\" content=\"https:\/\/shop.tablesoccer.org\/es\/producto\/badge-arbitre-officiel-baby-foot-itsf\/\" \/>\n<meta property=\"og:site_name\" content=\"ITSF Boutique officielle\" \/>\n<meta property=\"article:modified_time\" content=\"2026-02-20T09:38:00+00:00\" \/>\n<meta property=\"og:image\" content=\"https:\/\/shop.tablesoccer.org\/wp-content\/uploads\/2023\/11\/regional-referee-official-tablesoccer_2.jpg\" \/>\n\t<meta property=\"og:image:width\" content=\"1600\" \/>\n\t<meta property=\"og:image:height\" content=\"1600\" \/>\n\t<meta property=\"og:image:type\" content=\"image\/jpeg\" \/>\n<meta name=\"twitter:card\" content=\"summary_large_image\" \/>\n<meta name=\"twitter:label1\" content=\"Tiempo de lectura\" \/>\n\t<meta name=\"twitter:data1\" content=\"1 minuto\" \/>\n<script type=\"application\/ld+json\" class=\"yoast-schema-graph\">{\"@context\":\"https:\/\/schema.org\",\"@graph\":[{\"@type\":\"WebPage\",\"@id\":\"https:\/\/shop.tablesoccer.org\/produit\/badge-arbitre-officiel-baby-foot-itsf\/\",\"url\":\"https:\/\/shop.tablesoccer.org\/produit\/badge-arbitre-officiel-baby-foot-itsf\/\",\"name\":\"Badge arbitre officiel baby-foot - ITSF Boutique officielle\",\"isPartOf\":{\"@id\":\"https:\/\/shop.tablesoccer.org\/#website\"},\"primaryImageOfPage\":{\"@id\":\"https:\/\/shop.tablesoccer.org\/produit\/badge-arbitre-officiel-baby-foot-itsf\/#primaryimage\"},\"image\":{\"@id\":\"https:\/\/shop.tablesoccer.org\/produit\/badge-arbitre-officiel-baby-foot-itsf\/#primaryimage\"},\"thumbnailUrl\":\"https:\/\/shop.tablesoccer.org\/wp-content\/uploads\/2023\/11\/regional-referee-official-tablesoccer_2.jpg\",\"datePublished\":\"2023-11-14T15:33:20+00:00\",\"dateModified\":\"2026-02-20T09:38:00+00:00\",\"description\":\"Badge officiel indiquant le niveau de l'arbitre. Patch rond, fix\u00e9 avec du Velcro. 4 badges diff\u00e9rents: - r\u00e9gional - assistant - national - international.\",\"breadcrumb\":{\"@id\":\"https:\/\/shop.tablesoccer.org\/produit\/badge-arbitre-officiel-baby-foot-itsf\/#breadcrumb\"},\"inLanguage\":\"es\",\"potentialAction\":[{\"@type\":\"ReadAction\",\"target\":[\"https:\/\/shop.tablesoccer.org\/produit\/badge-arbitre-officiel-baby-foot-itsf\/\"]}]},{\"@type\":\"ImageObject\",\"inLanguage\":\"es\",\"@id\":\"https:\/\/shop.tablesoccer.org\/produit\/badge-arbitre-officiel-baby-foot-itsf\/#primaryimage\",\"url\":\"https:\/\/shop.tablesoccer.org\/wp-content\/uploads\/2023\/11\/regional-referee-official-tablesoccer_2.jpg\",\"contentUrl\":\"https:\/\/shop.tablesoccer.org\/wp-content\/uploads\/2023\/11\/regional-referee-official-tablesoccer_2.jpg\",\"width\":1600,\"height\":1600},{\"@type\":\"BreadcrumbList\",\"@id\":\"https:\/\/shop.tablesoccer.org\/produit\/badge-arbitre-officiel-baby-foot-itsf\/#breadcrumb\",\"itemListElement\":[{\"@type\":\"ListItem\",\"position\":1,\"name\":\"Accueil\",\"item\":\"https:\/\/shop.tablesoccer.org\/\"},{\"@type\":\"ListItem\",\"position\":2,\"name\":\"Boutique\",\"item\":\"https:\/\/shop.tablesoccer.org\/accueil\/boutique\/\"},{\"@type\":\"ListItem\",\"position\":3,\"name\":\"Badge arbitre officiel baby-foot\"}]},{\"@type\":\"WebSite\",\"@id\":\"https:\/\/shop.tablesoccer.org\/#website\",\"url\":\"https:\/\/shop.tablesoccer.org\/\",\"name\":\"ITSF Boutique officielle\",\"description\":\"\",\"potentialAction\":[{\"@type\":\"SearchAction\",\"target\":{\"@type\":\"EntryPoint\",\"urlTemplate\":\"https:\/\/shop.tablesoccer.org\/?s={search_term_string}\"},\"query-input\":{\"@type\":\"PropertyValueSpecification\",\"valueRequired\":true,\"valueName\":\"search_term_string\"}}],\"inLanguage\":\"es\"}]}<\/script>\n<!-- \/ Yoast SEO plugin. -->","yoast_head_json":{"title":"Badge arbitre officiel baby-foot - ITSF Boutique officielle","description":"Badge officiel indiquant le niveau de l'arbitre. Patch rond, fix\u00e9 avec du Velcro. 4 badges diff\u00e9rents: - r\u00e9gional - assistant - national - international.","robots":{"index":"index","follow":"follow","max-snippet":"max-snippet:-1","max-image-preview":"max-image-preview:large","max-video-preview":"max-video-preview:-1"},"canonical":"https:\/\/shop.tablesoccer.org\/es\/producto\/badge-arbitre-officiel-baby-foot-itsf\/","og_locale":"es_ES","og_type":"article","og_title":"Badge arbitre officiel baby-foot - ITSF Boutique officielle","og_description":"Badge officiel indiquant le niveau de l'arbitre. Patch rond, fix\u00e9 avec du Velcro. 4 badges diff\u00e9rents: - r\u00e9gional - assistant - national - international.","og_url":"https:\/\/shop.tablesoccer.org\/es\/producto\/badge-arbitre-officiel-baby-foot-itsf\/","og_site_name":"ITSF Boutique officielle","article_modified_time":"2026-02-20T09:38:00+00:00","og_image":[{"width":1600,"height":1600,"url":"https:\/\/shop.tablesoccer.org\/wp-content\/uploads\/2023\/11\/regional-referee-official-tablesoccer_2.jpg","type":"image\/jpeg"}],"twitter_card":"summary_large_image","twitter_misc":{"Tiempo de lectura":"1 minuto"},"schema":{"@context":"https:\/\/schema.org","@graph":[{"@type":"WebPage","@id":"https:\/\/shop.tablesoccer.org\/produit\/badge-arbitre-officiel-baby-foot-itsf\/","url":"https:\/\/shop.tablesoccer.org\/produit\/badge-arbitre-officiel-baby-foot-itsf\/","name":"Badge arbitre officiel baby-foot - ITSF Boutique officielle","isPartOf":{"@id":"https:\/\/shop.tablesoccer.org\/#website"},"primaryImageOfPage":{"@id":"https:\/\/shop.tablesoccer.org\/produit\/badge-arbitre-officiel-baby-foot-itsf\/#primaryimage"},"image":{"@id":"https:\/\/shop.tablesoccer.org\/produit\/badge-arbitre-officiel-baby-foot-itsf\/#primaryimage"},"thumbnailUrl":"https:\/\/shop.tablesoccer.org\/wp-content\/uploads\/2023\/11\/regional-referee-official-tablesoccer_2.jpg","datePublished":"2023-11-14T15:33:20+00:00","dateModified":"2026-02-20T09:38:00+00:00","description":"Badge officiel indiquant le niveau de l'arbitre. Patch rond, fix\u00e9 avec du Velcro. 4 badges diff\u00e9rents: - r\u00e9gional - assistant - national - international.","breadcrumb":{"@id":"https:\/\/shop.tablesoccer.org\/produit\/badge-arbitre-officiel-baby-foot-itsf\/#breadcrumb"},"inLanguage":"es","potentialAction":[{"@type":"ReadAction","target":["https:\/\/shop.tablesoccer.org\/produit\/badge-arbitre-officiel-baby-foot-itsf\/"]}]},{"@type":"ImageObject","inLanguage":"es","@id":"https:\/\/shop.tablesoccer.org\/produit\/badge-arbitre-officiel-baby-foot-itsf\/#primaryimage","url":"https:\/\/shop.tablesoccer.org\/wp-content\/uploads\/2023\/11\/regional-referee-official-tablesoccer_2.jpg","contentUrl":"https:\/\/shop.tablesoccer.org\/wp-content\/uploads\/2023\/11\/regional-referee-official-tablesoccer_2.jpg","width":1600,"height":1600},{"@type":"BreadcrumbList","@id":"https:\/\/shop.tablesoccer.org\/produit\/badge-arbitre-officiel-baby-foot-itsf\/#breadcrumb","itemListElement":[{"@type":"ListItem","position":1,"name":"Accueil","item":"https:\/\/shop.tablesoccer.org\/"},{"@type":"ListItem","position":2,"name":"Boutique","item":"https:\/\/shop.tablesoccer.org\/accueil\/boutique\/"},{"@type":"ListItem","position":3,"name":"Badge arbitre officiel baby-foot"}]},{"@type":"WebSite","@id":"https:\/\/shop.tablesoccer.org\/#website","url":"https:\/\/shop.tablesoccer.org\/","name":"ITSF Boutique officielle","description":"","potentialAction":[{"@type":"SearchAction","target":{"@type":"EntryPoint","urlTemplate":"https:\/\/shop.tablesoccer.org\/?s={search_term_string}"},"query-input":{"@type":"PropertyValueSpecification","valueRequired":true,"valueName":"search_term_string"}}],"inLanguage":"es"}]}},"_links":{"self":[{"href":"https:\/\/shop.tablesoccer.org\/es\/wp-json\/wp\/v2\/product\/9529","targetHints":{"allow":["GET"]}}],"collection":[{"href":"https:\/\/shop.tablesoccer.org\/es\/wp-json\/wp\/v2\/product"}],"about":[{"href":"https:\/\/shop.tablesoccer.org\/es\/wp-json\/wp\/v2\/types\/product"}],"replies":[{"embeddable":true,"href":"https:\/\/shop.tablesoccer.org\/es\/wp-json\/wp\/v2\/comments?post=9529"}],"wp:featuredmedia":[{"embeddable":true,"href":"https:\/\/shop.tablesoccer.org\/es\/wp-json\/wp\/v2\/media\/9526"}],"wp:attachment":[{"href":"https:\/\/shop.tablesoccer.org\/es\/wp-json\/wp\/v2\/media?parent=9529"}],"wp:term":[{"taxonomy":"product_brand","embeddable":true,"href":"https:\/\/shop.tablesoccer.org\/es\/wp-json\/wp\/v2\/product_brand?post=9529"},{"taxonomy":"product_cat","embeddable":true,"href":"https:\/\/shop.tablesoccer.org\/es\/wp-json\/wp\/v2\/product_cat?post=9529"},{"taxonomy":"product_tag","embeddable":true,"href":"https:\/\/shop.tablesoccer.org\/es\/wp-json\/wp\/v2\/product_tag?post=9529"}],"curies":[{"name":"wp","href":"https:\/\/api.w.org\/{rel}","templated":true}]}}