{"id":9528,"date":"2023-11-14T16:33:17","date_gmt":"2023-11-14T15:33:17","guid":{"rendered":"https:\/\/shop.tablesoccer.org\/?post_type=product&#038;p=9528"},"modified":"2026-04-03T13:53:45","modified_gmt":"2026-04-03T11:53:45","slug":"balle-baby-foot-bonzini-itsf-b","status":"publish","type":"product","link":"https:\/\/shop.tablesoccer.org\/es\/producto\/balle-baby-foot-bonzini-itsf-b\/","title":{"rendered":"Bal\u00f3n futbol\u00edn bonzini ITSF-B"},"content":{"rendered":"<p style=\"font-weight: 400;\"><strong>Descripci\u00f3n:<\/strong><\/p>\n<p style=\"font-weight: 400;\">La pelota de futbol\u00edn Bonzini ITSF-B est\u00e1 especialmente desarrollada para ofrecer sensaciones de juego precisas y constantes en las mesas Bonzini. Utilizada en los torneos oficiales, seduce por su regularidad, su control excepcional y su excelente agarre. Perfecta para los jugadores que buscan rendimiento y fiabilidad, garantiza un juego fluido y controlado.<\/p>\n<p style=\"font-weight: 400;\"><strong>Caracter\u00edsticas:<\/strong><\/p>\n<p style=\"font-weight: 400;\">- Material: Compuesto de pl\u00e1stico espec\u00edfico que ofrece un agarre equilibrado<\/p>\n<p style=\"font-weight: 400;\">\u2013 Color : amarillo<\/p>\n<p style=\"font-weight: 400;\">\u2013 Peso: 18 g<\/p>\n<p style=\"font-weight: 400;\">\u2013 Di\u00e1metro: 34,5 mm<\/p>\n<p style=\"font-weight: 400;\">Producto certificado ITSF<\/p>\n<p style=\"font-weight: 400;\"><strong>consejos de mantenimiento<\/strong><\/p>\n<p style=\"font-weight: 400;\">Para preservar la calidad y el rendimiento de su bola, l\u00edmpiela regularmente con un pa\u00f1o suave y seco. Evite el uso de productos abrasivos o disolventes que puedan alterar su superficie. Gu\u00e1rdela en un lugar seco, lejos de la humedad y del calor.<\/p>\n<p style=\"font-weight: 400;\">Indispensable tanto para las competiciones oficiales como para los entrenamientos intensivos, la pelota Bonzini ITSF-B te permitir\u00e1 disfrutar de sensaciones de juego id\u00e9nticas a las de los torneos profesionales.<\/p>\n<p style=\"font-weight: 400;\">Encuentra toda nuestra selecci\u00f3n en la categor\u00eda: <a href=\"https:\/\/shop.tablesoccer.org\/es\/categoria-producto\/equipement\/balles-baby-foot\/\">Pelotas de futbol\u00edn<\/a><\/p>","protected":false},"excerpt":{"rendered":"<p>Dise\u00f1ada para la competici\u00f3n, la pelota de futbol\u00edn Bonzini ITSF-B est\u00e1 homologada por la Federaci\u00f3n Internacional (ITSF). Famosa por su precisi\u00f3n y su tacto \u00fanico, es la referencia oficial en los baby-foots Bonzini.<\/p>\n<p><strong data-start=\"57\" data-end=\"158\">OFERTA POR GRAN CANTIDAD:<\/strong><\/p>\n<p>-A partir de<strong data-start=\"57\" data-end=\"158\"> 10 balones <\/strong>el precio unitario baja a <strong>3,25 \u20ac.\u00a0<\/strong><\/p>\n<p>-A partir de<strong data-start=\"57\" data-end=\"158\"> 50 balones <\/strong>el precio unitario baja a <strong>3,00 \u20ac.\u00a0<\/strong><\/p>","protected":false},"featured_media":9525,"comment_status":"open","ping_status":"closed","template":"","meta":[],"product_brand":[],"product_cat":[119,69],"product_tag":[],"class_list":{"0":"post-9528","1":"product","2":"type-product","3":"status-publish","4":"has-post-thumbnail","6":"product_cat-balles-baby-foot","7":"product_cat-equipement","9":"first","10":"instock","11":"taxable","12":"shipping-taxable","13":"purchasable","14":"product-type-simple"},"yoast_head":"<!-- This site is optimized with the Yoast SEO plugin v26.5 - https:\/\/yoast.com\/wordpress\/plugins\/seo\/ -->\n<title>Balle baby-foot bonzini ITSF-B - ITSF Boutique officielle<\/title>\n<meta name=\"description\" content=\"Balle Bonzini ITSF-B : la balle homologu\u00e9 ITSF pour le jeu comp\u00e9titif sur les tables de baby-foot Bonzini. Retrouvez-la sur l\u2019ITSF Store !\" \/>\n<meta name=\"robots\" content=\"index, follow, max-snippet:-1, max-image-preview:large, max-video-preview:-1\" \/>\n<link rel=\"canonical\" href=\"https:\/\/shop.tablesoccer.org\/es\/producto\/balle-baby-foot-bonzini-itsf-b\/\" \/>\n<meta property=\"og:locale\" content=\"es_ES\" \/>\n<meta property=\"og:type\" content=\"article\" \/>\n<meta property=\"og:title\" content=\"Balle baby-foot bonzini ITSF-B - ITSF Boutique officielle\" \/>\n<meta property=\"og:description\" content=\"Balle Bonzini ITSF-B : la balle homologu\u00e9 ITSF pour le jeu comp\u00e9titif sur les tables de baby-foot Bonzini. Retrouvez-la sur l\u2019ITSF Store !\" \/>\n<meta property=\"og:url\" content=\"https:\/\/shop.tablesoccer.org\/es\/producto\/balle-baby-foot-bonzini-itsf-b\/\" \/>\n<meta property=\"og:site_name\" content=\"ITSF Boutique officielle\" \/>\n<meta property=\"article:modified_time\" content=\"2026-04-03T11:53:45+00:00\" \/>\n<meta property=\"og:image\" content=\"https:\/\/shop.tablesoccer.org\/wp-content\/uploads\/2023\/11\/boule_bonzini.jpg\" \/>\n\t<meta property=\"og:image:width\" content=\"1600\" \/>\n\t<meta property=\"og:image:height\" content=\"1448\" \/>\n\t<meta property=\"og:image:type\" content=\"image\/jpeg\" \/>\n<meta name=\"twitter:card\" content=\"summary_large_image\" \/>\n<meta name=\"twitter:label1\" content=\"Tiempo de lectura\" \/>\n\t<meta name=\"twitter:data1\" content=\"2 minutos\" \/>\n<script type=\"application\/ld+json\" class=\"yoast-schema-graph\">{\"@context\":\"https:\/\/schema.org\",\"@graph\":[{\"@type\":\"WebPage\",\"@id\":\"https:\/\/shop.tablesoccer.org\/produit\/balle-baby-foot-bonzini-itsf-b\/\",\"url\":\"https:\/\/shop.tablesoccer.org\/produit\/balle-baby-foot-bonzini-itsf-b\/\",\"name\":\"Balle baby-foot bonzini ITSF-B - ITSF Boutique officielle\",\"isPartOf\":{\"@id\":\"https:\/\/shop.tablesoccer.org\/#website\"},\"primaryImageOfPage\":{\"@id\":\"https:\/\/shop.tablesoccer.org\/produit\/balle-baby-foot-bonzini-itsf-b\/#primaryimage\"},\"image\":{\"@id\":\"https:\/\/shop.tablesoccer.org\/produit\/balle-baby-foot-bonzini-itsf-b\/#primaryimage\"},\"thumbnailUrl\":\"https:\/\/shop.tablesoccer.org\/wp-content\/uploads\/2023\/11\/boule_bonzini.jpg\",\"datePublished\":\"2023-11-14T15:33:17+00:00\",\"dateModified\":\"2026-04-03T11:53:45+00:00\",\"description\":\"Balle Bonzini ITSF-B : la balle homologu\u00e9 ITSF pour le jeu comp\u00e9titif sur les tables de baby-foot Bonzini. Retrouvez-la sur l\u2019ITSF Store !\",\"breadcrumb\":{\"@id\":\"https:\/\/shop.tablesoccer.org\/produit\/balle-baby-foot-bonzini-itsf-b\/#breadcrumb\"},\"inLanguage\":\"es\",\"potentialAction\":[{\"@type\":\"ReadAction\",\"target\":[\"https:\/\/shop.tablesoccer.org\/produit\/balle-baby-foot-bonzini-itsf-b\/\"]}]},{\"@type\":\"ImageObject\",\"inLanguage\":\"es\",\"@id\":\"https:\/\/shop.tablesoccer.org\/produit\/balle-baby-foot-bonzini-itsf-b\/#primaryimage\",\"url\":\"https:\/\/shop.tablesoccer.org\/wp-content\/uploads\/2023\/11\/boule_bonzini.jpg\",\"contentUrl\":\"https:\/\/shop.tablesoccer.org\/wp-content\/uploads\/2023\/11\/boule_bonzini.jpg\",\"width\":1600,\"height\":1448,\"caption\":\"Balle baby-foot Bonzini ITSF\"},{\"@type\":\"BreadcrumbList\",\"@id\":\"https:\/\/shop.tablesoccer.org\/produit\/balle-baby-foot-bonzini-itsf-b\/#breadcrumb\",\"itemListElement\":[{\"@type\":\"ListItem\",\"position\":1,\"name\":\"Accueil\",\"item\":\"https:\/\/shop.tablesoccer.org\/\"},{\"@type\":\"ListItem\",\"position\":2,\"name\":\"Boutique\",\"item\":\"https:\/\/shop.tablesoccer.org\/accueil\/boutique\/\"},{\"@type\":\"ListItem\",\"position\":3,\"name\":\"Balle baby-foot bonzini ITSF-B\"}]},{\"@type\":\"WebSite\",\"@id\":\"https:\/\/shop.tablesoccer.org\/#website\",\"url\":\"https:\/\/shop.tablesoccer.org\/\",\"name\":\"ITSF Boutique officielle\",\"description\":\"\",\"potentialAction\":[{\"@type\":\"SearchAction\",\"target\":{\"@type\":\"EntryPoint\",\"urlTemplate\":\"https:\/\/shop.tablesoccer.org\/?s={search_term_string}\"},\"query-input\":{\"@type\":\"PropertyValueSpecification\",\"valueRequired\":true,\"valueName\":\"search_term_string\"}}],\"inLanguage\":\"es\"}]}<\/script>\n<!-- \/ Yoast SEO plugin. -->","yoast_head_json":{"title":"Balle baby-foot bonzini ITSF-B - ITSF Boutique officielle","description":"Balle Bonzini ITSF-B : la balle homologu\u00e9 ITSF pour le jeu comp\u00e9titif sur les tables de baby-foot Bonzini. Retrouvez-la sur l\u2019ITSF Store !","robots":{"index":"index","follow":"follow","max-snippet":"max-snippet:-1","max-image-preview":"max-image-preview:large","max-video-preview":"max-video-preview:-1"},"canonical":"https:\/\/shop.tablesoccer.org\/es\/producto\/balle-baby-foot-bonzini-itsf-b\/","og_locale":"es_ES","og_type":"article","og_title":"Balle baby-foot bonzini ITSF-B - ITSF Boutique officielle","og_description":"Balle Bonzini ITSF-B : la balle homologu\u00e9 ITSF pour le jeu comp\u00e9titif sur les tables de baby-foot Bonzini. Retrouvez-la sur l\u2019ITSF Store !","og_url":"https:\/\/shop.tablesoccer.org\/es\/producto\/balle-baby-foot-bonzini-itsf-b\/","og_site_name":"ITSF Boutique officielle","article_modified_time":"2026-04-03T11:53:45+00:00","og_image":[{"width":1600,"height":1448,"url":"https:\/\/shop.tablesoccer.org\/wp-content\/uploads\/2023\/11\/boule_bonzini.jpg","type":"image\/jpeg"}],"twitter_card":"summary_large_image","twitter_misc":{"Tiempo de lectura":"2 minutos"},"schema":{"@context":"https:\/\/schema.org","@graph":[{"@type":"WebPage","@id":"https:\/\/shop.tablesoccer.org\/produit\/balle-baby-foot-bonzini-itsf-b\/","url":"https:\/\/shop.tablesoccer.org\/produit\/balle-baby-foot-bonzini-itsf-b\/","name":"Balle baby-foot bonzini ITSF-B - ITSF Boutique officielle","isPartOf":{"@id":"https:\/\/shop.tablesoccer.org\/#website"},"primaryImageOfPage":{"@id":"https:\/\/shop.tablesoccer.org\/produit\/balle-baby-foot-bonzini-itsf-b\/#primaryimage"},"image":{"@id":"https:\/\/shop.tablesoccer.org\/produit\/balle-baby-foot-bonzini-itsf-b\/#primaryimage"},"thumbnailUrl":"https:\/\/shop.tablesoccer.org\/wp-content\/uploads\/2023\/11\/boule_bonzini.jpg","datePublished":"2023-11-14T15:33:17+00:00","dateModified":"2026-04-03T11:53:45+00:00","description":"Balle Bonzini ITSF-B : la balle homologu\u00e9 ITSF pour le jeu comp\u00e9titif sur les tables de baby-foot Bonzini. Retrouvez-la sur l\u2019ITSF Store !","breadcrumb":{"@id":"https:\/\/shop.tablesoccer.org\/produit\/balle-baby-foot-bonzini-itsf-b\/#breadcrumb"},"inLanguage":"es","potentialAction":[{"@type":"ReadAction","target":["https:\/\/shop.tablesoccer.org\/produit\/balle-baby-foot-bonzini-itsf-b\/"]}]},{"@type":"ImageObject","inLanguage":"es","@id":"https:\/\/shop.tablesoccer.org\/produit\/balle-baby-foot-bonzini-itsf-b\/#primaryimage","url":"https:\/\/shop.tablesoccer.org\/wp-content\/uploads\/2023\/11\/boule_bonzini.jpg","contentUrl":"https:\/\/shop.tablesoccer.org\/wp-content\/uploads\/2023\/11\/boule_bonzini.jpg","width":1600,"height":1448,"caption":"Balle baby-foot Bonzini ITSF"},{"@type":"BreadcrumbList","@id":"https:\/\/shop.tablesoccer.org\/produit\/balle-baby-foot-bonzini-itsf-b\/#breadcrumb","itemListElement":[{"@type":"ListItem","position":1,"name":"Accueil","item":"https:\/\/shop.tablesoccer.org\/"},{"@type":"ListItem","position":2,"name":"Boutique","item":"https:\/\/shop.tablesoccer.org\/accueil\/boutique\/"},{"@type":"ListItem","position":3,"name":"Balle baby-foot bonzini ITSF-B"}]},{"@type":"WebSite","@id":"https:\/\/shop.tablesoccer.org\/#website","url":"https:\/\/shop.tablesoccer.org\/","name":"ITSF Boutique officielle","description":"","potentialAction":[{"@type":"SearchAction","target":{"@type":"EntryPoint","urlTemplate":"https:\/\/shop.tablesoccer.org\/?s={search_term_string}"},"query-input":{"@type":"PropertyValueSpecification","valueRequired":true,"valueName":"search_term_string"}}],"inLanguage":"es"}]}},"_links":{"self":[{"href":"https:\/\/shop.tablesoccer.org\/es\/wp-json\/wp\/v2\/product\/9528","targetHints":{"allow":["GET"]}}],"collection":[{"href":"https:\/\/shop.tablesoccer.org\/es\/wp-json\/wp\/v2\/product"}],"about":[{"href":"https:\/\/shop.tablesoccer.org\/es\/wp-json\/wp\/v2\/types\/product"}],"replies":[{"embeddable":true,"href":"https:\/\/shop.tablesoccer.org\/es\/wp-json\/wp\/v2\/comments?post=9528"}],"wp:featuredmedia":[{"embeddable":true,"href":"https:\/\/shop.tablesoccer.org\/es\/wp-json\/wp\/v2\/media\/9525"}],"wp:attachment":[{"href":"https:\/\/shop.tablesoccer.org\/es\/wp-json\/wp\/v2\/media?parent=9528"}],"wp:term":[{"taxonomy":"product_brand","embeddable":true,"href":"https:\/\/shop.tablesoccer.org\/es\/wp-json\/wp\/v2\/product_brand?post=9528"},{"taxonomy":"product_cat","embeddable":true,"href":"https:\/\/shop.tablesoccer.org\/es\/wp-json\/wp\/v2\/product_cat?post=9528"},{"taxonomy":"product_tag","embeddable":true,"href":"https:\/\/shop.tablesoccer.org\/es\/wp-json\/wp\/v2\/product_tag?post=9528"}],"curies":[{"name":"wp","href":"https:\/\/api.w.org\/{rel}","templated":true}]}}