{"id":9513,"date":"2023-11-14T16:26:55","date_gmt":"2023-11-14T15:26:55","guid":{"rendered":"https:\/\/shop.tablesoccer.org\/?post_type=product&#038;p=9513"},"modified":"2026-04-09T04:39:26","modified_gmt":"2026-04-09T02:39:26","slug":"balle-garlando-speed-control-itsf","status":"publish","type":"product","link":"https:\/\/shop.tablesoccer.org\/es\/producto\/balle-garlando-speed-control-itsf\/","title":{"rendered":"Pelota Garlando \u201cQuantum\u201d ITSF"},"content":{"rendered":"<p>La pelota Garlando \u201cQuantum\u201d se utiliza en todas las competiciones de la ITSF. Fue desarrollada para ofrecer un rendimiento de alto nivel, cumpliendo con los est\u00e1ndares m\u00e1s exigentes para el juego profesional.<\/p>\n<p>\u2013 Material: Pl\u00e1stico compuesto especial<br \/>\n\u2013 Color: Amarillo<br \/>\n&#8211; Poids : 27 g<br \/>\n\u2013 Di\u00e1metro: 34,6 mm \u2013 34,8 mm<\/p>","protected":false},"excerpt":{"rendered":"<p>La pelota Garlando \u201cQuantum\u201d ITSF se utiliza en todas las competiciones de la Federaci\u00f3n Internacional de Futbol\u00edn (ITSF).\nComo pelota oficial de referencia para las mesas Garlando, ofrece un excelente agarre gracias a su superficie rugosa, as\u00ed como un equilibrio \u00f3ptimo entre control, velocidad y durabilidad, cumpliendo con los est\u00e1ndares m\u00e1s exigentes de la competici\u00f3n oficial.<\/p>\n<p>&nbsp;<\/p>\n<div class=\"woocommerce-product-details__short-description\"><\/div>","protected":false},"featured_media":0,"comment_status":"open","ping_status":"closed","template":"","meta":[],"product_brand":[],"product_cat":[119,69],"product_tag":[],"class_list":{"0":"post-9513","1":"product","2":"type-product","3":"status-publish","5":"product_cat-balles-baby-foot","6":"product_cat-equipement","8":"first","9":"instock","10":"taxable","11":"shipping-taxable","12":"purchasable","13":"product-type-simple"},"yoast_head":"<!-- This site is optimized with the Yoast SEO plugin v26.5 - https:\/\/yoast.com\/wordpress\/plugins\/seo\/ -->\n<title>Balle Garlando \u201cQuantum\u201d ITSF - ITSF Boutique officielle<\/title>\n<meta name=\"description\" content=\"Balle Garlando Speed Control ITSF : la balle homologu\u00e9 ITSF pour le jeu comp\u00e9titif sur les tables de baby-foot Garlando. Retrouvez-la sur l\u2019ITSF Store !\" \/>\n<meta name=\"robots\" content=\"index, follow, max-snippet:-1, max-image-preview:large, max-video-preview:-1\" \/>\n<link rel=\"canonical\" href=\"https:\/\/shop.tablesoccer.org\/es\/producto\/balle-garlando-speed-control-itsf\/\" \/>\n<meta property=\"og:locale\" content=\"es_ES\" \/>\n<meta property=\"og:type\" content=\"article\" \/>\n<meta property=\"og:title\" content=\"Balle Garlando \u201cQuantum\u201d ITSF - ITSF Boutique officielle\" \/>\n<meta property=\"og:description\" content=\"Balle Garlando Speed Control ITSF : la balle homologu\u00e9 ITSF pour le jeu comp\u00e9titif sur les tables de baby-foot Garlando. Retrouvez-la sur l\u2019ITSF Store !\" \/>\n<meta property=\"og:url\" content=\"https:\/\/shop.tablesoccer.org\/es\/producto\/balle-garlando-speed-control-itsf\/\" \/>\n<meta property=\"og:site_name\" content=\"ITSF Boutique officielle\" \/>\n<meta property=\"article:modified_time\" content=\"2026-04-09T02:39:26+00:00\" \/>\n<meta property=\"og:image\" content=\"https:\/\/shop.tablesoccer.org\/wp-content\/uploads\/2023\/11\/balle-garlando-1.png\" \/>\n\t<meta property=\"og:image:width\" content=\"1434\" \/>\n\t<meta property=\"og:image:height\" content=\"1403\" \/>\n\t<meta property=\"og:image:type\" content=\"image\/png\" \/>\n<meta name=\"twitter:card\" content=\"summary_large_image\" \/>\n<meta name=\"twitter:label1\" content=\"Tiempo de lectura\" \/>\n\t<meta name=\"twitter:data1\" content=\"1 minuto\" \/>\n<script type=\"application\/ld+json\" class=\"yoast-schema-graph\">{\"@context\":\"https:\/\/schema.org\",\"@graph\":[{\"@type\":\"WebPage\",\"@id\":\"https:\/\/shop.tablesoccer.org\/produit\/balle-garlando-speed-control-itsf\/\",\"url\":\"https:\/\/shop.tablesoccer.org\/produit\/balle-garlando-speed-control-itsf\/\",\"name\":\"Balle Garlando \u201cQuantum\u201d ITSF - ITSF Boutique officielle\",\"isPartOf\":{\"@id\":\"https:\/\/shop.tablesoccer.org\/#website\"},\"datePublished\":\"2023-11-14T15:26:55+00:00\",\"dateModified\":\"2026-04-09T02:39:26+00:00\",\"description\":\"Balle Garlando Speed Control ITSF : la balle homologu\u00e9 ITSF pour le jeu comp\u00e9titif sur les tables de baby-foot Garlando. Retrouvez-la sur l\u2019ITSF Store !\",\"breadcrumb\":{\"@id\":\"https:\/\/shop.tablesoccer.org\/produit\/balle-garlando-speed-control-itsf\/#breadcrumb\"},\"inLanguage\":\"es\",\"potentialAction\":[{\"@type\":\"ReadAction\",\"target\":[\"https:\/\/shop.tablesoccer.org\/produit\/balle-garlando-speed-control-itsf\/\"]}]},{\"@type\":\"BreadcrumbList\",\"@id\":\"https:\/\/shop.tablesoccer.org\/produit\/balle-garlando-speed-control-itsf\/#breadcrumb\",\"itemListElement\":[{\"@type\":\"ListItem\",\"position\":1,\"name\":\"Accueil\",\"item\":\"https:\/\/shop.tablesoccer.org\/\"},{\"@type\":\"ListItem\",\"position\":2,\"name\":\"Boutique\",\"item\":\"https:\/\/shop.tablesoccer.org\/accueil\/boutique\/\"},{\"@type\":\"ListItem\",\"position\":3,\"name\":\"Balle Garlando \u201cQuantum\u201d ITSF\"}]},{\"@type\":\"WebSite\",\"@id\":\"https:\/\/shop.tablesoccer.org\/#website\",\"url\":\"https:\/\/shop.tablesoccer.org\/\",\"name\":\"ITSF Boutique officielle\",\"description\":\"\",\"potentialAction\":[{\"@type\":\"SearchAction\",\"target\":{\"@type\":\"EntryPoint\",\"urlTemplate\":\"https:\/\/shop.tablesoccer.org\/?s={search_term_string}\"},\"query-input\":{\"@type\":\"PropertyValueSpecification\",\"valueRequired\":true,\"valueName\":\"search_term_string\"}}],\"inLanguage\":\"es\"}]}<\/script>\n<!-- \/ Yoast SEO plugin. -->","yoast_head_json":{"title":"Balle Garlando \u201cQuantum\u201d ITSF - ITSF Boutique officielle","description":"Balle Garlando Speed Control ITSF : la balle homologu\u00e9 ITSF pour le jeu comp\u00e9titif sur les tables de baby-foot Garlando. Retrouvez-la sur l\u2019ITSF Store !","robots":{"index":"index","follow":"follow","max-snippet":"max-snippet:-1","max-image-preview":"max-image-preview:large","max-video-preview":"max-video-preview:-1"},"canonical":"https:\/\/shop.tablesoccer.org\/es\/producto\/balle-garlando-speed-control-itsf\/","og_locale":"es_ES","og_type":"article","og_title":"Balle Garlando \u201cQuantum\u201d ITSF - ITSF Boutique officielle","og_description":"Balle Garlando Speed Control ITSF : la balle homologu\u00e9 ITSF pour le jeu comp\u00e9titif sur les tables de baby-foot Garlando. Retrouvez-la sur l\u2019ITSF Store !","og_url":"https:\/\/shop.tablesoccer.org\/es\/producto\/balle-garlando-speed-control-itsf\/","og_site_name":"ITSF Boutique officielle","article_modified_time":"2026-04-09T02:39:26+00:00","og_image":[{"width":1434,"height":1403,"url":"https:\/\/shop.tablesoccer.org\/wp-content\/uploads\/2023\/11\/balle-garlando-1.png","type":"image\/png"}],"twitter_card":"summary_large_image","twitter_misc":{"Tiempo de lectura":"1 minuto"},"schema":{"@context":"https:\/\/schema.org","@graph":[{"@type":"WebPage","@id":"https:\/\/shop.tablesoccer.org\/produit\/balle-garlando-speed-control-itsf\/","url":"https:\/\/shop.tablesoccer.org\/produit\/balle-garlando-speed-control-itsf\/","name":"Balle Garlando \u201cQuantum\u201d ITSF - ITSF Boutique officielle","isPartOf":{"@id":"https:\/\/shop.tablesoccer.org\/#website"},"datePublished":"2023-11-14T15:26:55+00:00","dateModified":"2026-04-09T02:39:26+00:00","description":"Balle Garlando Speed Control ITSF : la balle homologu\u00e9 ITSF pour le jeu comp\u00e9titif sur les tables de baby-foot Garlando. Retrouvez-la sur l\u2019ITSF Store !","breadcrumb":{"@id":"https:\/\/shop.tablesoccer.org\/produit\/balle-garlando-speed-control-itsf\/#breadcrumb"},"inLanguage":"es","potentialAction":[{"@type":"ReadAction","target":["https:\/\/shop.tablesoccer.org\/produit\/balle-garlando-speed-control-itsf\/"]}]},{"@type":"BreadcrumbList","@id":"https:\/\/shop.tablesoccer.org\/produit\/balle-garlando-speed-control-itsf\/#breadcrumb","itemListElement":[{"@type":"ListItem","position":1,"name":"Accueil","item":"https:\/\/shop.tablesoccer.org\/"},{"@type":"ListItem","position":2,"name":"Boutique","item":"https:\/\/shop.tablesoccer.org\/accueil\/boutique\/"},{"@type":"ListItem","position":3,"name":"Balle Garlando \u201cQuantum\u201d ITSF"}]},{"@type":"WebSite","@id":"https:\/\/shop.tablesoccer.org\/#website","url":"https:\/\/shop.tablesoccer.org\/","name":"ITSF Boutique officielle","description":"","potentialAction":[{"@type":"SearchAction","target":{"@type":"EntryPoint","urlTemplate":"https:\/\/shop.tablesoccer.org\/?s={search_term_string}"},"query-input":{"@type":"PropertyValueSpecification","valueRequired":true,"valueName":"search_term_string"}}],"inLanguage":"es"}]}},"_links":{"self":[{"href":"https:\/\/shop.tablesoccer.org\/es\/wp-json\/wp\/v2\/product\/9513","targetHints":{"allow":["GET"]}}],"collection":[{"href":"https:\/\/shop.tablesoccer.org\/es\/wp-json\/wp\/v2\/product"}],"about":[{"href":"https:\/\/shop.tablesoccer.org\/es\/wp-json\/wp\/v2\/types\/product"}],"replies":[{"embeddable":true,"href":"https:\/\/shop.tablesoccer.org\/es\/wp-json\/wp\/v2\/comments?post=9513"}],"wp:attachment":[{"href":"https:\/\/shop.tablesoccer.org\/es\/wp-json\/wp\/v2\/media?parent=9513"}],"wp:term":[{"taxonomy":"product_brand","embeddable":true,"href":"https:\/\/shop.tablesoccer.org\/es\/wp-json\/wp\/v2\/product_brand?post=9513"},{"taxonomy":"product_cat","embeddable":true,"href":"https:\/\/shop.tablesoccer.org\/es\/wp-json\/wp\/v2\/product_cat?post=9513"},{"taxonomy":"product_tag","embeddable":true,"href":"https:\/\/shop.tablesoccer.org\/es\/wp-json\/wp\/v2\/product_tag?post=9513"}],"curies":[{"name":"wp","href":"https:\/\/api.w.org\/{rel}","templated":true}]}}