{"id":9512,"date":"2023-11-14T16:26:53","date_gmt":"2023-11-14T15:26:53","guid":{"rendered":"https:\/\/shop.tablesoccer.org\/?post_type=product&#038;p=9512"},"modified":"2026-04-03T11:04:43","modified_gmt":"2026-04-03T09:04:43","slug":"balle-baby-foot-tornado-itsf","status":"publish","type":"product","link":"https:\/\/shop.tablesoccer.org\/es\/producto\/balle-baby-foot-tornado-itsf\/","title":{"rendered":"Balle baby-foot Tornado ITSF training"},"content":{"rendered":"<p><strong>Descripci\u00f3n:\u00a0<\/strong><\/p>\n<p>La pelota de futbol\u00edn Tornado ITSF est\u00e1 especialmente dise\u00f1ada para jugar en futbolines Tornado. Reconocida por su precisi\u00f3n y su excelente adherencia, ofrece un control perfecto y una regularidad de juego ideal para los jugadores que buscan rendimiento<\/p>\n<p>&nbsp;<\/p>\n<p><strong>Caracter\u00edsticas:<\/strong><\/p>\n<p>- Material: Compuesto de uretano, asegurando un agarre \u00f3ptimo<br \/>\n- Color: Rojo<br \/>\n\u2013 Peso: 27 g<br \/>\n\u2013 Di\u00e1metro: 35 mm<br \/>\nProducto certificado ITSF<\/p>\n<p>&nbsp;<\/p>\n<p><strong>Consejos de mantenimiento<\/strong><\/p>\n<p>Limpie la pelota con un pa\u00f1o suave y seco para preservar su textura y rendimiento. Evite productos abrasivos o disolventes que puedan da\u00f1ar la superficie. Mantenga la bala lejos de la humedad y del calor excesivo para prolongar su vida \u00fatil.<\/p>\n<p>Id\u00e9ale pour les joueurs passionn\u00e9s, cette balle est parfaite pour retrouver les sensations du jeu en tournoi sur un baby-foot Tornado.<\/p>\n<p>Encuentra toda nuestra selecci\u00f3n en la categor\u00eda:\u00a0<a href=\"https:\/\/shop.tablesoccer.org\/es\/categoria-producto\/equipement\/balles-baby-foot\/\">Balones de futbol\u00edn<\/a><\/p>","protected":false},"excerpt":{"rendered":"<p>La pelota de futbol\u00edn Tornado ITSF, certificada por la ITSF, ofrece un excelente control y una adherencia ideal en los futbolines Tornado.<\/p>","protected":false},"featured_media":9559,"comment_status":"open","ping_status":"closed","template":"","meta":[],"product_brand":[],"product_cat":[119,69],"product_tag":[],"class_list":{"0":"post-9512","1":"product","2":"type-product","3":"status-publish","4":"has-post-thumbnail","6":"product_cat-balles-baby-foot","7":"product_cat-equipement","9":"first","10":"instock","11":"taxable","12":"shipping-taxable","13":"purchasable","14":"product-type-simple"},"yoast_head":"<!-- This site is optimized with the Yoast SEO plugin v26.5 - https:\/\/yoast.com\/wordpress\/plugins\/seo\/ -->\n<title>Balle baby-foot Tornado ITSF training - ITSF Boutique officielle<\/title>\n<meta name=\"description\" content=\"La balle de baby-foot Tornado ITSF est con\u00e7ue pour la comp\u00e9tition. Certifi\u00e9e par l\u2019ITSF, elle offre une adh\u00e9rence id\u00e9ale sur les baby-foots Tornado.\" \/>\n<meta name=\"robots\" content=\"index, follow, max-snippet:-1, max-image-preview:large, max-video-preview:-1\" \/>\n<link rel=\"canonical\" href=\"https:\/\/shop.tablesoccer.org\/es\/producto\/balle-baby-foot-tornado-itsf\/\" \/>\n<meta property=\"og:locale\" content=\"es_ES\" \/>\n<meta property=\"og:type\" content=\"article\" \/>\n<meta property=\"og:title\" content=\"Balle baby-foot Tornado ITSF training - ITSF Boutique officielle\" \/>\n<meta property=\"og:description\" content=\"La balle de baby-foot Tornado ITSF est con\u00e7ue pour la comp\u00e9tition. Certifi\u00e9e par l\u2019ITSF, elle offre une adh\u00e9rence id\u00e9ale sur les baby-foots Tornado.\" \/>\n<meta property=\"og:url\" content=\"https:\/\/shop.tablesoccer.org\/es\/producto\/balle-baby-foot-tornado-itsf\/\" \/>\n<meta property=\"og:site_name\" content=\"ITSF Boutique officielle\" \/>\n<meta property=\"article:modified_time\" content=\"2026-04-03T09:04:43+00:00\" \/>\n<meta property=\"og:image\" content=\"https:\/\/shop.tablesoccer.org\/wp-content\/uploads\/2023\/11\/tornado.jpg\" \/>\n\t<meta property=\"og:image:width\" content=\"1600\" \/>\n\t<meta property=\"og:image:height\" content=\"1600\" \/>\n\t<meta property=\"og:image:type\" content=\"image\/jpeg\" \/>\n<meta name=\"twitter:card\" content=\"summary_large_image\" \/>\n<meta name=\"twitter:label1\" content=\"Tiempo de lectura\" \/>\n\t<meta name=\"twitter:data1\" content=\"1 minuto\" \/>\n<script type=\"application\/ld+json\" class=\"yoast-schema-graph\">{\"@context\":\"https:\/\/schema.org\",\"@graph\":[{\"@type\":\"WebPage\",\"@id\":\"https:\/\/shop.tablesoccer.org\/produit\/balle-baby-foot-tornado-itsf\/\",\"url\":\"https:\/\/shop.tablesoccer.org\/produit\/balle-baby-foot-tornado-itsf\/\",\"name\":\"Balle baby-foot Tornado ITSF training - ITSF Boutique officielle\",\"isPartOf\":{\"@id\":\"https:\/\/shop.tablesoccer.org\/#website\"},\"primaryImageOfPage\":{\"@id\":\"https:\/\/shop.tablesoccer.org\/produit\/balle-baby-foot-tornado-itsf\/#primaryimage\"},\"image\":{\"@id\":\"https:\/\/shop.tablesoccer.org\/produit\/balle-baby-foot-tornado-itsf\/#primaryimage\"},\"thumbnailUrl\":\"https:\/\/shop.tablesoccer.org\/wp-content\/uploads\/2023\/11\/tornado.jpg\",\"datePublished\":\"2023-11-14T15:26:53+00:00\",\"dateModified\":\"2026-04-03T09:04:43+00:00\",\"description\":\"La balle de baby-foot Tornado ITSF est con\u00e7ue pour la comp\u00e9tition. Certifi\u00e9e par l\u2019ITSF, elle offre une adh\u00e9rence id\u00e9ale sur les baby-foots Tornado.\",\"breadcrumb\":{\"@id\":\"https:\/\/shop.tablesoccer.org\/produit\/balle-baby-foot-tornado-itsf\/#breadcrumb\"},\"inLanguage\":\"es\",\"potentialAction\":[{\"@type\":\"ReadAction\",\"target\":[\"https:\/\/shop.tablesoccer.org\/produit\/balle-baby-foot-tornado-itsf\/\"]}]},{\"@type\":\"ImageObject\",\"inLanguage\":\"es\",\"@id\":\"https:\/\/shop.tablesoccer.org\/produit\/balle-baby-foot-tornado-itsf\/#primaryimage\",\"url\":\"https:\/\/shop.tablesoccer.org\/wp-content\/uploads\/2023\/11\/tornado.jpg\",\"contentUrl\":\"https:\/\/shop.tablesoccer.org\/wp-content\/uploads\/2023\/11\/tornado.jpg\",\"width\":1600,\"height\":1600,\"caption\":\"Balle baby-foot Tornado ITSF\"},{\"@type\":\"BreadcrumbList\",\"@id\":\"https:\/\/shop.tablesoccer.org\/produit\/balle-baby-foot-tornado-itsf\/#breadcrumb\",\"itemListElement\":[{\"@type\":\"ListItem\",\"position\":1,\"name\":\"Accueil\",\"item\":\"https:\/\/shop.tablesoccer.org\/\"},{\"@type\":\"ListItem\",\"position\":2,\"name\":\"Boutique\",\"item\":\"https:\/\/shop.tablesoccer.org\/accueil\/boutique\/\"},{\"@type\":\"ListItem\",\"position\":3,\"name\":\"Balle baby-foot Tornado ITSF training\"}]},{\"@type\":\"WebSite\",\"@id\":\"https:\/\/shop.tablesoccer.org\/#website\",\"url\":\"https:\/\/shop.tablesoccer.org\/\",\"name\":\"ITSF Boutique officielle\",\"description\":\"\",\"potentialAction\":[{\"@type\":\"SearchAction\",\"target\":{\"@type\":\"EntryPoint\",\"urlTemplate\":\"https:\/\/shop.tablesoccer.org\/?s={search_term_string}\"},\"query-input\":{\"@type\":\"PropertyValueSpecification\",\"valueRequired\":true,\"valueName\":\"search_term_string\"}}],\"inLanguage\":\"es\"}]}<\/script>\n<!-- \/ Yoast SEO plugin. -->","yoast_head_json":{"title":"Balle baby-foot Tornado ITSF training - ITSF Boutique officielle","description":"La balle de baby-foot Tornado ITSF est con\u00e7ue pour la comp\u00e9tition. Certifi\u00e9e par l\u2019ITSF, elle offre une adh\u00e9rence id\u00e9ale sur les baby-foots Tornado.","robots":{"index":"index","follow":"follow","max-snippet":"max-snippet:-1","max-image-preview":"max-image-preview:large","max-video-preview":"max-video-preview:-1"},"canonical":"https:\/\/shop.tablesoccer.org\/es\/producto\/balle-baby-foot-tornado-itsf\/","og_locale":"es_ES","og_type":"article","og_title":"Balle baby-foot Tornado ITSF training - ITSF Boutique officielle","og_description":"La balle de baby-foot Tornado ITSF est con\u00e7ue pour la comp\u00e9tition. Certifi\u00e9e par l\u2019ITSF, elle offre une adh\u00e9rence id\u00e9ale sur les baby-foots Tornado.","og_url":"https:\/\/shop.tablesoccer.org\/es\/producto\/balle-baby-foot-tornado-itsf\/","og_site_name":"ITSF Boutique officielle","article_modified_time":"2026-04-03T09:04:43+00:00","og_image":[{"width":1600,"height":1600,"url":"https:\/\/shop.tablesoccer.org\/wp-content\/uploads\/2023\/11\/tornado.jpg","type":"image\/jpeg"}],"twitter_card":"summary_large_image","twitter_misc":{"Tiempo de lectura":"1 minuto"},"schema":{"@context":"https:\/\/schema.org","@graph":[{"@type":"WebPage","@id":"https:\/\/shop.tablesoccer.org\/produit\/balle-baby-foot-tornado-itsf\/","url":"https:\/\/shop.tablesoccer.org\/produit\/balle-baby-foot-tornado-itsf\/","name":"Balle baby-foot Tornado ITSF training - ITSF Boutique officielle","isPartOf":{"@id":"https:\/\/shop.tablesoccer.org\/#website"},"primaryImageOfPage":{"@id":"https:\/\/shop.tablesoccer.org\/produit\/balle-baby-foot-tornado-itsf\/#primaryimage"},"image":{"@id":"https:\/\/shop.tablesoccer.org\/produit\/balle-baby-foot-tornado-itsf\/#primaryimage"},"thumbnailUrl":"https:\/\/shop.tablesoccer.org\/wp-content\/uploads\/2023\/11\/tornado.jpg","datePublished":"2023-11-14T15:26:53+00:00","dateModified":"2026-04-03T09:04:43+00:00","description":"La balle de baby-foot Tornado ITSF est con\u00e7ue pour la comp\u00e9tition. Certifi\u00e9e par l\u2019ITSF, elle offre une adh\u00e9rence id\u00e9ale sur les baby-foots Tornado.","breadcrumb":{"@id":"https:\/\/shop.tablesoccer.org\/produit\/balle-baby-foot-tornado-itsf\/#breadcrumb"},"inLanguage":"es","potentialAction":[{"@type":"ReadAction","target":["https:\/\/shop.tablesoccer.org\/produit\/balle-baby-foot-tornado-itsf\/"]}]},{"@type":"ImageObject","inLanguage":"es","@id":"https:\/\/shop.tablesoccer.org\/produit\/balle-baby-foot-tornado-itsf\/#primaryimage","url":"https:\/\/shop.tablesoccer.org\/wp-content\/uploads\/2023\/11\/tornado.jpg","contentUrl":"https:\/\/shop.tablesoccer.org\/wp-content\/uploads\/2023\/11\/tornado.jpg","width":1600,"height":1600,"caption":"Balle baby-foot Tornado ITSF"},{"@type":"BreadcrumbList","@id":"https:\/\/shop.tablesoccer.org\/produit\/balle-baby-foot-tornado-itsf\/#breadcrumb","itemListElement":[{"@type":"ListItem","position":1,"name":"Accueil","item":"https:\/\/shop.tablesoccer.org\/"},{"@type":"ListItem","position":2,"name":"Boutique","item":"https:\/\/shop.tablesoccer.org\/accueil\/boutique\/"},{"@type":"ListItem","position":3,"name":"Balle baby-foot Tornado ITSF training"}]},{"@type":"WebSite","@id":"https:\/\/shop.tablesoccer.org\/#website","url":"https:\/\/shop.tablesoccer.org\/","name":"ITSF Boutique officielle","description":"","potentialAction":[{"@type":"SearchAction","target":{"@type":"EntryPoint","urlTemplate":"https:\/\/shop.tablesoccer.org\/?s={search_term_string}"},"query-input":{"@type":"PropertyValueSpecification","valueRequired":true,"valueName":"search_term_string"}}],"inLanguage":"es"}]}},"_links":{"self":[{"href":"https:\/\/shop.tablesoccer.org\/es\/wp-json\/wp\/v2\/product\/9512","targetHints":{"allow":["GET"]}}],"collection":[{"href":"https:\/\/shop.tablesoccer.org\/es\/wp-json\/wp\/v2\/product"}],"about":[{"href":"https:\/\/shop.tablesoccer.org\/es\/wp-json\/wp\/v2\/types\/product"}],"replies":[{"embeddable":true,"href":"https:\/\/shop.tablesoccer.org\/es\/wp-json\/wp\/v2\/comments?post=9512"}],"wp:featuredmedia":[{"embeddable":true,"href":"https:\/\/shop.tablesoccer.org\/es\/wp-json\/wp\/v2\/media\/9559"}],"wp:attachment":[{"href":"https:\/\/shop.tablesoccer.org\/es\/wp-json\/wp\/v2\/media?parent=9512"}],"wp:term":[{"taxonomy":"product_brand","embeddable":true,"href":"https:\/\/shop.tablesoccer.org\/es\/wp-json\/wp\/v2\/product_brand?post=9512"},{"taxonomy":"product_cat","embeddable":true,"href":"https:\/\/shop.tablesoccer.org\/es\/wp-json\/wp\/v2\/product_cat?post=9512"},{"taxonomy":"product_tag","embeddable":true,"href":"https:\/\/shop.tablesoccer.org\/es\/wp-json\/wp\/v2\/product_tag?post=9512"}],"curies":[{"name":"wp","href":"https:\/\/api.w.org\/{rel}","templated":true}]}}