{"id":9511,"date":"2023-11-14T16:26:50","date_gmt":"2023-11-14T15:26:50","guid":{"rendered":"https:\/\/shop.tablesoccer.org\/?post_type=product&#038;p=9511"},"modified":"2026-04-02T20:55:41","modified_gmt":"2026-04-02T18:55:41","slug":"balle-baby-foot-leonhart-itsf","status":"publish","type":"product","link":"https:\/\/shop.tablesoccer.org\/es\/producto\/balle-baby-foot-leonhart-itsf\/","title":{"rendered":"Bal\u00f3n futbol\u00edn leonhart ITSF"},"content":{"rendered":"<p style=\"font-weight: 400;\"><strong>Descripci\u00f3n:<\/strong><\/p>\n<p style=\"font-weight: 400;\">La pelota de futbol\u00edn Leonhart ITSF es la nueva generaci\u00f3n de bolas certificadas para competici\u00f3n. Desarrollada para los baby-foots Leonhart, se distingue por su precisi\u00f3n, resistencia y comodidad de juego. Su tacto suave y su comportamiento silencioso permiten un control perfecto de la pelota, haciendo que los intercambios sean m\u00e1s fluidos y las t\u00e9cnicas m\u00e1s precisas.<\/p>\n<p style=\"font-weight: 400;\">Utilizada en los torneos oficiales DTFB e ITSF, esta pelota se ha convertido en un est\u00e1ndar imprescindible para jugadores profesionales y aficionados.<\/p>\n<p>&nbsp;<\/p>\n<p style=\"font-weight: 400;\"><strong>Caracter\u00edsticas:<\/strong><\/p>\n<p style=\"font-weight: 400;\">- Color: Blanco<\/p>\n<p style=\"font-weight: 400;\">\u2028\u2013 Peso: 27 g<\/p>\n<p style=\"font-weight: 400;\">\u2028\u2013 Di\u00e1metro: 34,6 mm<\/p>\n<p style=\"font-weight: 400;\">Producto certificado ITSF<\/p>\n<p>&nbsp;<\/p>\n<p style=\"font-weight: 400;\"><strong>consejos de mantenimiento<\/strong><\/p>\n<p style=\"font-weight: 400;\">Para conservar todas sus cualidades de juego, limpie la pelota con un pa\u00f1o suave y seco despu\u00e9s de cada uso. Evite los productos abrasivos o disolventes que puedan alterar su superficie. Almac\u00e9nelo lejos de la humedad y las temperaturas extremas.<\/p>\n<p style=\"font-weight: 400;\">Silenciosa, precisa y duradera, la pelota Leonhart ITSF es ideal para recuperar las sensaciones aut\u00e9nticas del juego de competici\u00f3n en el futbol\u00edn Leonhart.<\/p>\n<p style=\"font-weight: 400;\">Encuentra toda nuestra selecci\u00f3n en la categor\u00eda: <a href=\"https:\/\/shop.tablesoccer.org\/es\/categoria-producto\/equipement\/balles-baby-foot\/\">Pelotas de futbol\u00edn<\/a><\/p>","protected":false},"excerpt":{"rendered":"<p>La pelota de futbol\u00edn Leonhart ITSF est\u00e1 dise\u00f1ada para competici\u00f3n y certificada por la Federaci\u00f3n Internacional (ITSF). Referencia oficial de los baby-foots Leonhart, ofrece un control excepcional y sensaciones de juego inigualables.<\/p>\n<div class=\"woocommerce-product-details__short-description\">\n<p><strong data-start=\"57\" data-end=\"158\">OFERTA POR GRAN CANTIDAD:<\/strong><\/p>\n<p>-A partir de<strong data-start=\"57\" data-end=\"158\"> 10 balones <\/strong>el precio unitario baja a <strong>3,25 \u20ac.\u00a0<\/strong><\/p>\n<p>-A partir de<strong data-start=\"57\" data-end=\"158\"> 50 balones <\/strong>el precio unitario baja a <strong>3,00 \u20ac.\u00a0<\/strong><\/p>\n<\/div>","protected":false},"featured_media":9558,"comment_status":"open","ping_status":"closed","template":"","meta":[],"product_brand":[],"product_cat":[119,69],"product_tag":[],"class_list":{"0":"post-9511","1":"product","2":"type-product","3":"status-publish","4":"has-post-thumbnail","6":"product_cat-balles-baby-foot","7":"product_cat-equipement","9":"first","10":"instock","11":"taxable","12":"shipping-taxable","13":"purchasable","14":"product-type-simple"},"yoast_head":"<!-- This site is optimized with the Yoast SEO plugin v26.5 - https:\/\/yoast.com\/wordpress\/plugins\/seo\/ -->\n<title>Balle baby-foot leonhart ITSF - ITSF Boutique officielle<\/title>\n<meta name=\"description\" content=\"Balle Leonhart ITSF : la balle homologu\u00e9 ITSF pour le jeu comp\u00e9titif sur les tables de baby-foot Leonhart. Retrouvez-la sur l\u2019ITSF Store !\" \/>\n<meta name=\"robots\" content=\"index, follow, max-snippet:-1, max-image-preview:large, max-video-preview:-1\" \/>\n<link rel=\"canonical\" href=\"https:\/\/shop.tablesoccer.org\/es\/producto\/balle-baby-foot-leonhart-itsf\/\" \/>\n<meta property=\"og:locale\" content=\"es_ES\" \/>\n<meta property=\"og:type\" content=\"article\" \/>\n<meta property=\"og:title\" content=\"Balle baby-foot leonhart ITSF - ITSF Boutique officielle\" \/>\n<meta property=\"og:description\" content=\"Balle Leonhart ITSF : la balle homologu\u00e9 ITSF pour le jeu comp\u00e9titif sur les tables de baby-foot Leonhart. Retrouvez-la sur l\u2019ITSF Store !\" \/>\n<meta property=\"og:url\" content=\"https:\/\/shop.tablesoccer.org\/es\/producto\/balle-baby-foot-leonhart-itsf\/\" \/>\n<meta property=\"og:site_name\" content=\"ITSF Boutique officielle\" \/>\n<meta property=\"article:modified_time\" content=\"2026-04-02T18:55:41+00:00\" \/>\n<meta property=\"og:image\" content=\"https:\/\/shop.tablesoccer.org\/wp-content\/uploads\/2023\/11\/ball2018-logoleonhart_2.jpg\" \/>\n\t<meta property=\"og:image:width\" content=\"1600\" \/>\n\t<meta property=\"og:image:height\" content=\"1656\" \/>\n\t<meta property=\"og:image:type\" content=\"image\/jpeg\" \/>\n<meta name=\"twitter:card\" content=\"summary_large_image\" \/>\n<meta name=\"twitter:label1\" content=\"Tiempo de lectura\" \/>\n\t<meta name=\"twitter:data1\" content=\"2 minutos\" \/>\n<script type=\"application\/ld+json\" class=\"yoast-schema-graph\">{\"@context\":\"https:\/\/schema.org\",\"@graph\":[{\"@type\":\"WebPage\",\"@id\":\"https:\/\/shop.tablesoccer.org\/produit\/balle-baby-foot-leonhart-itsf\/\",\"url\":\"https:\/\/shop.tablesoccer.org\/produit\/balle-baby-foot-leonhart-itsf\/\",\"name\":\"Balle baby-foot leonhart ITSF - ITSF Boutique officielle\",\"isPartOf\":{\"@id\":\"https:\/\/shop.tablesoccer.org\/#website\"},\"primaryImageOfPage\":{\"@id\":\"https:\/\/shop.tablesoccer.org\/produit\/balle-baby-foot-leonhart-itsf\/#primaryimage\"},\"image\":{\"@id\":\"https:\/\/shop.tablesoccer.org\/produit\/balle-baby-foot-leonhart-itsf\/#primaryimage\"},\"thumbnailUrl\":\"https:\/\/shop.tablesoccer.org\/wp-content\/uploads\/2023\/11\/ball2018-logoleonhart_2.jpg\",\"datePublished\":\"2023-11-14T15:26:50+00:00\",\"dateModified\":\"2026-04-02T18:55:41+00:00\",\"description\":\"Balle Leonhart ITSF : la balle homologu\u00e9 ITSF pour le jeu comp\u00e9titif sur les tables de baby-foot Leonhart. Retrouvez-la sur l\u2019ITSF Store !\",\"breadcrumb\":{\"@id\":\"https:\/\/shop.tablesoccer.org\/produit\/balle-baby-foot-leonhart-itsf\/#breadcrumb\"},\"inLanguage\":\"es\",\"potentialAction\":[{\"@type\":\"ReadAction\",\"target\":[\"https:\/\/shop.tablesoccer.org\/produit\/balle-baby-foot-leonhart-itsf\/\"]}]},{\"@type\":\"ImageObject\",\"inLanguage\":\"es\",\"@id\":\"https:\/\/shop.tablesoccer.org\/produit\/balle-baby-foot-leonhart-itsf\/#primaryimage\",\"url\":\"https:\/\/shop.tablesoccer.org\/wp-content\/uploads\/2023\/11\/ball2018-logoleonhart_2.jpg\",\"contentUrl\":\"https:\/\/shop.tablesoccer.org\/wp-content\/uploads\/2023\/11\/ball2018-logoleonhart_2.jpg\",\"width\":1600,\"height\":1656},{\"@type\":\"BreadcrumbList\",\"@id\":\"https:\/\/shop.tablesoccer.org\/produit\/balle-baby-foot-leonhart-itsf\/#breadcrumb\",\"itemListElement\":[{\"@type\":\"ListItem\",\"position\":1,\"name\":\"Accueil\",\"item\":\"https:\/\/shop.tablesoccer.org\/\"},{\"@type\":\"ListItem\",\"position\":2,\"name\":\"Boutique\",\"item\":\"https:\/\/shop.tablesoccer.org\/accueil\/boutique\/\"},{\"@type\":\"ListItem\",\"position\":3,\"name\":\"Balle baby-foot leonhart ITSF\"}]},{\"@type\":\"WebSite\",\"@id\":\"https:\/\/shop.tablesoccer.org\/#website\",\"url\":\"https:\/\/shop.tablesoccer.org\/\",\"name\":\"ITSF Boutique officielle\",\"description\":\"\",\"potentialAction\":[{\"@type\":\"SearchAction\",\"target\":{\"@type\":\"EntryPoint\",\"urlTemplate\":\"https:\/\/shop.tablesoccer.org\/?s={search_term_string}\"},\"query-input\":{\"@type\":\"PropertyValueSpecification\",\"valueRequired\":true,\"valueName\":\"search_term_string\"}}],\"inLanguage\":\"es\"}]}<\/script>\n<!-- \/ Yoast SEO plugin. -->","yoast_head_json":{"title":"Balle baby-foot leonhart ITSF - ITSF Boutique officielle","description":"Balle Leonhart ITSF : la balle homologu\u00e9 ITSF pour le jeu comp\u00e9titif sur les tables de baby-foot Leonhart. Retrouvez-la sur l\u2019ITSF Store !","robots":{"index":"index","follow":"follow","max-snippet":"max-snippet:-1","max-image-preview":"max-image-preview:large","max-video-preview":"max-video-preview:-1"},"canonical":"https:\/\/shop.tablesoccer.org\/es\/producto\/balle-baby-foot-leonhart-itsf\/","og_locale":"es_ES","og_type":"article","og_title":"Balle baby-foot leonhart ITSF - ITSF Boutique officielle","og_description":"Balle Leonhart ITSF : la balle homologu\u00e9 ITSF pour le jeu comp\u00e9titif sur les tables de baby-foot Leonhart. Retrouvez-la sur l\u2019ITSF Store !","og_url":"https:\/\/shop.tablesoccer.org\/es\/producto\/balle-baby-foot-leonhart-itsf\/","og_site_name":"ITSF Boutique officielle","article_modified_time":"2026-04-02T18:55:41+00:00","og_image":[{"width":1600,"height":1656,"url":"https:\/\/shop.tablesoccer.org\/wp-content\/uploads\/2023\/11\/ball2018-logoleonhart_2.jpg","type":"image\/jpeg"}],"twitter_card":"summary_large_image","twitter_misc":{"Tiempo de lectura":"2 minutos"},"schema":{"@context":"https:\/\/schema.org","@graph":[{"@type":"WebPage","@id":"https:\/\/shop.tablesoccer.org\/produit\/balle-baby-foot-leonhart-itsf\/","url":"https:\/\/shop.tablesoccer.org\/produit\/balle-baby-foot-leonhart-itsf\/","name":"Balle baby-foot leonhart ITSF - ITSF Boutique officielle","isPartOf":{"@id":"https:\/\/shop.tablesoccer.org\/#website"},"primaryImageOfPage":{"@id":"https:\/\/shop.tablesoccer.org\/produit\/balle-baby-foot-leonhart-itsf\/#primaryimage"},"image":{"@id":"https:\/\/shop.tablesoccer.org\/produit\/balle-baby-foot-leonhart-itsf\/#primaryimage"},"thumbnailUrl":"https:\/\/shop.tablesoccer.org\/wp-content\/uploads\/2023\/11\/ball2018-logoleonhart_2.jpg","datePublished":"2023-11-14T15:26:50+00:00","dateModified":"2026-04-02T18:55:41+00:00","description":"Balle Leonhart ITSF : la balle homologu\u00e9 ITSF pour le jeu comp\u00e9titif sur les tables de baby-foot Leonhart. Retrouvez-la sur l\u2019ITSF Store !","breadcrumb":{"@id":"https:\/\/shop.tablesoccer.org\/produit\/balle-baby-foot-leonhart-itsf\/#breadcrumb"},"inLanguage":"es","potentialAction":[{"@type":"ReadAction","target":["https:\/\/shop.tablesoccer.org\/produit\/balle-baby-foot-leonhart-itsf\/"]}]},{"@type":"ImageObject","inLanguage":"es","@id":"https:\/\/shop.tablesoccer.org\/produit\/balle-baby-foot-leonhart-itsf\/#primaryimage","url":"https:\/\/shop.tablesoccer.org\/wp-content\/uploads\/2023\/11\/ball2018-logoleonhart_2.jpg","contentUrl":"https:\/\/shop.tablesoccer.org\/wp-content\/uploads\/2023\/11\/ball2018-logoleonhart_2.jpg","width":1600,"height":1656},{"@type":"BreadcrumbList","@id":"https:\/\/shop.tablesoccer.org\/produit\/balle-baby-foot-leonhart-itsf\/#breadcrumb","itemListElement":[{"@type":"ListItem","position":1,"name":"Accueil","item":"https:\/\/shop.tablesoccer.org\/"},{"@type":"ListItem","position":2,"name":"Boutique","item":"https:\/\/shop.tablesoccer.org\/accueil\/boutique\/"},{"@type":"ListItem","position":3,"name":"Balle baby-foot leonhart ITSF"}]},{"@type":"WebSite","@id":"https:\/\/shop.tablesoccer.org\/#website","url":"https:\/\/shop.tablesoccer.org\/","name":"ITSF Boutique officielle","description":"","potentialAction":[{"@type":"SearchAction","target":{"@type":"EntryPoint","urlTemplate":"https:\/\/shop.tablesoccer.org\/?s={search_term_string}"},"query-input":{"@type":"PropertyValueSpecification","valueRequired":true,"valueName":"search_term_string"}}],"inLanguage":"es"}]}},"_links":{"self":[{"href":"https:\/\/shop.tablesoccer.org\/es\/wp-json\/wp\/v2\/product\/9511","targetHints":{"allow":["GET"]}}],"collection":[{"href":"https:\/\/shop.tablesoccer.org\/es\/wp-json\/wp\/v2\/product"}],"about":[{"href":"https:\/\/shop.tablesoccer.org\/es\/wp-json\/wp\/v2\/types\/product"}],"replies":[{"embeddable":true,"href":"https:\/\/shop.tablesoccer.org\/es\/wp-json\/wp\/v2\/comments?post=9511"}],"wp:featuredmedia":[{"embeddable":true,"href":"https:\/\/shop.tablesoccer.org\/es\/wp-json\/wp\/v2\/media\/9558"}],"wp:attachment":[{"href":"https:\/\/shop.tablesoccer.org\/es\/wp-json\/wp\/v2\/media?parent=9511"}],"wp:term":[{"taxonomy":"product_brand","embeddable":true,"href":"https:\/\/shop.tablesoccer.org\/es\/wp-json\/wp\/v2\/product_brand?post=9511"},{"taxonomy":"product_cat","embeddable":true,"href":"https:\/\/shop.tablesoccer.org\/es\/wp-json\/wp\/v2\/product_cat?post=9511"},{"taxonomy":"product_tag","embeddable":true,"href":"https:\/\/shop.tablesoccer.org\/es\/wp-json\/wp\/v2\/product_tag?post=9511"}],"curies":[{"name":"wp","href":"https:\/\/api.w.org\/{rel}","templated":true}]}}