{"id":12919,"date":"2026-01-20T14:58:34","date_gmt":"2026-01-20T13:58:34","guid":{"rendered":"https:\/\/shop.tablesoccer.org\/?post_type=product&#038;p=12919"},"modified":"2026-04-17T10:55:23","modified_gmt":"2026-04-17T08:55:23","slug":"gant-baby-foot-en-cuir-itsf-noir-blanc-homme-main-droite","status":"publish","type":"product","link":"https:\/\/shop.tablesoccer.org\/es\/producto\/gant-baby-foot-en-cuir-itsf-noir-blanc-homme-main-droite\/","title":{"rendered":"Guate de cuero para futbol\u00edn ITSF - derecho, hombre"},"content":{"rendered":"<p><strong>Descripci\u00f3n:<\/strong><\/p>\n<p>Este guante oficial de cuero ITSF est\u00e1 dise\u00f1ado para jugadores y jugadoras de futbol\u00edn que buscan un agarre \u00f3ptimo. Combina flexibilidad y resistencia, con un dise\u00f1o sobrio que se adapta a todos los estilos de juego.<\/p>\n<p>&nbsp;<\/p>\n<p><strong>Caracter\u00edsticas:<\/strong><\/p>\n<ul>\n<li>Fabricado en aut\u00e9ntica piel cabretta blanca &amp; lycra negra (Entre los dedos tela negra).<\/li>\n<li>Colores: blanco y negro.<\/li>\n<li>G\u00e9nero: hombre<\/li>\n<li>Mano : derecha<\/li>\n<li>Tallas disponibles: S, M, L, XL, XXL<\/li>\n<\/ul>\n<p>&nbsp;<\/p>\n<p><strong>consejos de mantenimiento<\/strong><\/p>\n<p>Limpie este guante de cuero a mano con un pa\u00f1o suave ligeramente h\u00famedo. Deje que se seque naturalmente al aire libre, evite las fuentes de calor directo para preservar la calidad del cuero.<\/p>\n<p>Encuentra toda nuestra selecci\u00f3n en la categor\u00eda: <a href=\"https:\/\/shop.tablesoccer.org\/es\/categoria-producto\/equipement\/equipements-joueurs-baby-foot\/\">equipos jugadores de futbol\u00edn<\/a><\/p>","protected":false},"excerpt":{"rendered":"<p>Guante ITSF de cuero negro y blanco para hombre, mano derecha, que ofrece agarre, comodidad y durabilidad durante los partidos.<\/p>","protected":false},"featured_media":13384,"comment_status":"open","ping_status":"closed","template":"","meta":[],"product_brand":[],"product_cat":[171,121],"product_tag":[],"class_list":{"0":"post-12919","1":"product","2":"type-product","3":"status-publish","4":"has-post-thumbnail","6":"product_cat-equipements-joueurs-baby-foot","7":"product_cat-grips-et-blocs-grips-baby-foot","9":"first","10":"instock","11":"taxable","12":"shipping-taxable","13":"purchasable","14":"product-type-variable"},"yoast_head":"<!-- This site is optimized with the Yoast SEO plugin v26.5 - https:\/\/yoast.com\/wordpress\/plugins\/seo\/ -->\n<title>Gant droit baby-foot en cuir ITSF Homme - ITSF Boutique officielle<\/title>\n<meta name=\"description\" content=\"Gant ITSF en cuir noir et blanc pour homme, main droite, offrant grip, confort et durabilit\u00e9 lors de vos matchs. Commandez sur ITSF store !\" \/>\n<meta name=\"robots\" content=\"index, follow, max-snippet:-1, max-image-preview:large, max-video-preview:-1\" \/>\n<link rel=\"canonical\" href=\"https:\/\/shop.tablesoccer.org\/es\/producto\/gant-baby-foot-en-cuir-itsf-noir-blanc-homme-main-droite\/\" \/>\n<meta property=\"og:locale\" content=\"es_ES\" \/>\n<meta property=\"og:type\" content=\"article\" \/>\n<meta property=\"og:title\" content=\"Gant droit baby-foot en cuir ITSF Homme - ITSF Boutique officielle\" \/>\n<meta property=\"og:description\" content=\"Gant ITSF en cuir noir et blanc pour homme, main droite, offrant grip, confort et durabilit\u00e9 lors de vos matchs. Commandez sur ITSF store !\" \/>\n<meta property=\"og:url\" content=\"https:\/\/shop.tablesoccer.org\/es\/producto\/gant-baby-foot-en-cuir-itsf-noir-blanc-homme-main-droite\/\" \/>\n<meta property=\"og:site_name\" content=\"ITSF Boutique officielle\" \/>\n<meta property=\"article:modified_time\" content=\"2026-04-17T08:55:23+00:00\" \/>\n<meta property=\"og:image\" content=\"https:\/\/shop.tablesoccer.org\/wp-content\/uploads\/2026\/01\/Gant-droit-1-1080-x-1080-px.png\" \/>\n\t<meta property=\"og:image:width\" content=\"1080\" \/>\n\t<meta property=\"og:image:height\" content=\"1080\" \/>\n\t<meta property=\"og:image:type\" content=\"image\/png\" \/>\n<meta name=\"twitter:card\" content=\"summary_large_image\" \/>\n<meta name=\"twitter:label1\" content=\"Tiempo de lectura\" \/>\n\t<meta name=\"twitter:data1\" content=\"1 minuto\" \/>\n<script type=\"application\/ld+json\" class=\"yoast-schema-graph\">{\"@context\":\"https:\/\/schema.org\",\"@graph\":[{\"@type\":\"WebPage\",\"@id\":\"https:\/\/shop.tablesoccer.org\/produit\/gant-baby-foot-en-cuir-itsf-noir-blanc-homme-main-droite\/\",\"url\":\"https:\/\/shop.tablesoccer.org\/produit\/gant-baby-foot-en-cuir-itsf-noir-blanc-homme-main-droite\/\",\"name\":\"Gant droit baby-foot en cuir ITSF Homme - ITSF Boutique officielle\",\"isPartOf\":{\"@id\":\"https:\/\/shop.tablesoccer.org\/#website\"},\"primaryImageOfPage\":{\"@id\":\"https:\/\/shop.tablesoccer.org\/produit\/gant-baby-foot-en-cuir-itsf-noir-blanc-homme-main-droite\/#primaryimage\"},\"image\":{\"@id\":\"https:\/\/shop.tablesoccer.org\/produit\/gant-baby-foot-en-cuir-itsf-noir-blanc-homme-main-droite\/#primaryimage\"},\"thumbnailUrl\":\"https:\/\/shop.tablesoccer.org\/wp-content\/uploads\/2026\/01\/Gant-droit-1-1080-x-1080-px.png\",\"datePublished\":\"2026-01-20T13:58:34+00:00\",\"dateModified\":\"2026-04-17T08:55:23+00:00\",\"description\":\"Gant ITSF en cuir noir et blanc pour homme, main droite, offrant grip, confort et durabilit\u00e9 lors de vos matchs. Commandez sur ITSF store !\",\"breadcrumb\":{\"@id\":\"https:\/\/shop.tablesoccer.org\/produit\/gant-baby-foot-en-cuir-itsf-noir-blanc-homme-main-droite\/#breadcrumb\"},\"inLanguage\":\"es\",\"potentialAction\":[{\"@type\":\"ReadAction\",\"target\":[\"https:\/\/shop.tablesoccer.org\/produit\/gant-baby-foot-en-cuir-itsf-noir-blanc-homme-main-droite\/\"]}]},{\"@type\":\"ImageObject\",\"inLanguage\":\"es\",\"@id\":\"https:\/\/shop.tablesoccer.org\/produit\/gant-baby-foot-en-cuir-itsf-noir-blanc-homme-main-droite\/#primaryimage\",\"url\":\"https:\/\/shop.tablesoccer.org\/wp-content\/uploads\/2026\/01\/Gant-droit-1-1080-x-1080-px.png\",\"contentUrl\":\"https:\/\/shop.tablesoccer.org\/wp-content\/uploads\/2026\/01\/Gant-droit-1-1080-x-1080-px.png\",\"width\":1080,\"height\":1080},{\"@type\":\"BreadcrumbList\",\"@id\":\"https:\/\/shop.tablesoccer.org\/produit\/gant-baby-foot-en-cuir-itsf-noir-blanc-homme-main-droite\/#breadcrumb\",\"itemListElement\":[{\"@type\":\"ListItem\",\"position\":1,\"name\":\"Accueil\",\"item\":\"https:\/\/shop.tablesoccer.org\/\"},{\"@type\":\"ListItem\",\"position\":2,\"name\":\"Boutique\",\"item\":\"https:\/\/shop.tablesoccer.org\/accueil\/boutique\/\"},{\"@type\":\"ListItem\",\"position\":3,\"name\":\"Gant droit baby-foot en cuir ITSF Homme\"}]},{\"@type\":\"WebSite\",\"@id\":\"https:\/\/shop.tablesoccer.org\/#website\",\"url\":\"https:\/\/shop.tablesoccer.org\/\",\"name\":\"ITSF Boutique officielle\",\"description\":\"\",\"potentialAction\":[{\"@type\":\"SearchAction\",\"target\":{\"@type\":\"EntryPoint\",\"urlTemplate\":\"https:\/\/shop.tablesoccer.org\/?s={search_term_string}\"},\"query-input\":{\"@type\":\"PropertyValueSpecification\",\"valueRequired\":true,\"valueName\":\"search_term_string\"}}],\"inLanguage\":\"es\"}]}<\/script>\n<!-- \/ Yoast SEO plugin. -->","yoast_head_json":{"title":"Gant droit baby-foot en cuir ITSF Homme - ITSF Boutique officielle","description":"Gant ITSF en cuir noir et blanc pour homme, main droite, offrant grip, confort et durabilit\u00e9 lors de vos matchs. Commandez sur ITSF store !","robots":{"index":"index","follow":"follow","max-snippet":"max-snippet:-1","max-image-preview":"max-image-preview:large","max-video-preview":"max-video-preview:-1"},"canonical":"https:\/\/shop.tablesoccer.org\/es\/producto\/gant-baby-foot-en-cuir-itsf-noir-blanc-homme-main-droite\/","og_locale":"es_ES","og_type":"article","og_title":"Gant droit baby-foot en cuir ITSF Homme - ITSF Boutique officielle","og_description":"Gant ITSF en cuir noir et blanc pour homme, main droite, offrant grip, confort et durabilit\u00e9 lors de vos matchs. Commandez sur ITSF store !","og_url":"https:\/\/shop.tablesoccer.org\/es\/producto\/gant-baby-foot-en-cuir-itsf-noir-blanc-homme-main-droite\/","og_site_name":"ITSF Boutique officielle","article_modified_time":"2026-04-17T08:55:23+00:00","og_image":[{"width":1080,"height":1080,"url":"https:\/\/shop.tablesoccer.org\/wp-content\/uploads\/2026\/01\/Gant-droit-1-1080-x-1080-px.png","type":"image\/png"}],"twitter_card":"summary_large_image","twitter_misc":{"Tiempo de lectura":"1 minuto"},"schema":{"@context":"https:\/\/schema.org","@graph":[{"@type":"WebPage","@id":"https:\/\/shop.tablesoccer.org\/produit\/gant-baby-foot-en-cuir-itsf-noir-blanc-homme-main-droite\/","url":"https:\/\/shop.tablesoccer.org\/produit\/gant-baby-foot-en-cuir-itsf-noir-blanc-homme-main-droite\/","name":"Gant droit baby-foot en cuir ITSF Homme - ITSF Boutique officielle","isPartOf":{"@id":"https:\/\/shop.tablesoccer.org\/#website"},"primaryImageOfPage":{"@id":"https:\/\/shop.tablesoccer.org\/produit\/gant-baby-foot-en-cuir-itsf-noir-blanc-homme-main-droite\/#primaryimage"},"image":{"@id":"https:\/\/shop.tablesoccer.org\/produit\/gant-baby-foot-en-cuir-itsf-noir-blanc-homme-main-droite\/#primaryimage"},"thumbnailUrl":"https:\/\/shop.tablesoccer.org\/wp-content\/uploads\/2026\/01\/Gant-droit-1-1080-x-1080-px.png","datePublished":"2026-01-20T13:58:34+00:00","dateModified":"2026-04-17T08:55:23+00:00","description":"Gant ITSF en cuir noir et blanc pour homme, main droite, offrant grip, confort et durabilit\u00e9 lors de vos matchs. Commandez sur ITSF store !","breadcrumb":{"@id":"https:\/\/shop.tablesoccer.org\/produit\/gant-baby-foot-en-cuir-itsf-noir-blanc-homme-main-droite\/#breadcrumb"},"inLanguage":"es","potentialAction":[{"@type":"ReadAction","target":["https:\/\/shop.tablesoccer.org\/produit\/gant-baby-foot-en-cuir-itsf-noir-blanc-homme-main-droite\/"]}]},{"@type":"ImageObject","inLanguage":"es","@id":"https:\/\/shop.tablesoccer.org\/produit\/gant-baby-foot-en-cuir-itsf-noir-blanc-homme-main-droite\/#primaryimage","url":"https:\/\/shop.tablesoccer.org\/wp-content\/uploads\/2026\/01\/Gant-droit-1-1080-x-1080-px.png","contentUrl":"https:\/\/shop.tablesoccer.org\/wp-content\/uploads\/2026\/01\/Gant-droit-1-1080-x-1080-px.png","width":1080,"height":1080},{"@type":"BreadcrumbList","@id":"https:\/\/shop.tablesoccer.org\/produit\/gant-baby-foot-en-cuir-itsf-noir-blanc-homme-main-droite\/#breadcrumb","itemListElement":[{"@type":"ListItem","position":1,"name":"Accueil","item":"https:\/\/shop.tablesoccer.org\/"},{"@type":"ListItem","position":2,"name":"Boutique","item":"https:\/\/shop.tablesoccer.org\/accueil\/boutique\/"},{"@type":"ListItem","position":3,"name":"Gant droit baby-foot en cuir ITSF Homme"}]},{"@type":"WebSite","@id":"https:\/\/shop.tablesoccer.org\/#website","url":"https:\/\/shop.tablesoccer.org\/","name":"ITSF Boutique officielle","description":"","potentialAction":[{"@type":"SearchAction","target":{"@type":"EntryPoint","urlTemplate":"https:\/\/shop.tablesoccer.org\/?s={search_term_string}"},"query-input":{"@type":"PropertyValueSpecification","valueRequired":true,"valueName":"search_term_string"}}],"inLanguage":"es"}]}},"_links":{"self":[{"href":"https:\/\/shop.tablesoccer.org\/es\/wp-json\/wp\/v2\/product\/12919","targetHints":{"allow":["GET"]}}],"collection":[{"href":"https:\/\/shop.tablesoccer.org\/es\/wp-json\/wp\/v2\/product"}],"about":[{"href":"https:\/\/shop.tablesoccer.org\/es\/wp-json\/wp\/v2\/types\/product"}],"replies":[{"embeddable":true,"href":"https:\/\/shop.tablesoccer.org\/es\/wp-json\/wp\/v2\/comments?post=12919"}],"wp:featuredmedia":[{"embeddable":true,"href":"https:\/\/shop.tablesoccer.org\/es\/wp-json\/wp\/v2\/media\/13384"}],"wp:attachment":[{"href":"https:\/\/shop.tablesoccer.org\/es\/wp-json\/wp\/v2\/media?parent=12919"}],"wp:term":[{"taxonomy":"product_brand","embeddable":true,"href":"https:\/\/shop.tablesoccer.org\/es\/wp-json\/wp\/v2\/product_brand?post=12919"},{"taxonomy":"product_cat","embeddable":true,"href":"https:\/\/shop.tablesoccer.org\/es\/wp-json\/wp\/v2\/product_cat?post=12919"},{"taxonomy":"product_tag","embeddable":true,"href":"https:\/\/shop.tablesoccer.org\/es\/wp-json\/wp\/v2\/product_tag?post=12919"}],"curies":[{"name":"wp","href":"https:\/\/api.w.org\/{rel}","templated":true}]}}