{"id":12245,"date":"2025-10-07T10:10:41","date_gmt":"2025-10-07T08:10:41","guid":{"rendered":"https:\/\/shop.tablesoccer.org\/?post_type=product&#038;p=12245"},"modified":"2026-02-17T11:40:55","modified_gmt":"2026-02-17T10:40:55","slug":"t-shirt-baby-foot-coupe-du-monde-2025","status":"publish","type":"product","link":"https:\/\/shop.tablesoccer.org\/es\/producto\/t-shirt-baby-foot-coupe-du-monde-2025\/","title":{"rendered":"camiseta de la Copa del Mundo de Futbol\u00edn 2022"},"content":{"rendered":"<p><strong>Descripci\u00f3n:<\/strong><\/p>\n<p>La camiseta oficial de la Copa del Mundo de Futbol\u00edn ITSF 2025 celebra una de las mayores citas internacionales de futbol\u00edn, organizada en 2025 en Zaragoza.<br \/>\nC\u00f3moda, elegante y simb\u00f3lica, esta camiseta luce con orgullo el logo oficial de la Copa del Mundo, acompa\u00f1ado por los logotipos de los socios ITSF, Philoro, Infinity, Dynatech, Arag\u00f3n Turismo y Zaragoza.<\/p>\n<p><strong>Caracter\u00edsticas:<\/strong><\/p>\n<p>- Material: 100% Milk Fiber Fabric<br \/>\n- Corte: Unisex<\/p>\n<p>Tallo peque\u00f1o, prever 1 a 2 tallas por encima de su tama\u00f1o habitual<br \/>\nEjemplo: hago XS, tomo S o incluso M<\/p>\n<p>- Logotipos oficiales de la Copa del Mundo 2025 y patrocinadores ITSF<\/p>\n<p>&nbsp;<\/p>\n<p><strong>Consejos de mantenimiento<\/strong><\/p>\n<p>Lavar a 30 \u00b0C al rev\u00e9s con colores similares. Evite secar y planchar directamente sobre las impresiones para preservar la calidad del tejido y los logotipos.<\/p>\n<p>Ideal para jugadores, aficionados y coleccionistas, es un s\u00edmbolo de la copa del mundo ITSF 2025.<\/p>\n<p>Encuentra tambi\u00e9n los otros productos oficiales en la categor\u00eda: <a href=\"https:\/\/shop.tablesoccer.org\/es\/categoria-producto\/accessoires-goodies\/t-shirts-baby-foot\/\"><u>Futbolin t-shirt<\/u><\/a><\/p>","protected":false},"excerpt":{"rendered":"<p>La camiseta oficial de la Copa del Mundo de Futbol\u00edn ITSF 2025 ha sido dise\u00f1ada para el evento de Zaragoza. Fabricado en Milk Fiber Fabric, luce los logotipos oficiales de la competici\u00f3n y sus patrocinadores.<\/p>","protected":false},"featured_media":12246,"comment_status":"open","ping_status":"closed","template":"","meta":[],"product_brand":[],"product_cat":[98,171,162],"product_tag":[],"class_list":{"0":"post-12245","1":"product","2":"type-product","3":"status-publish","4":"has-post-thumbnail","6":"product_cat-accessoires-goodies","7":"product_cat-equipements-joueurs-baby-foot","8":"product_cat-t-shirts-baby-foot","10":"first","11":"instock","12":"taxable","13":"shipping-taxable","14":"purchasable","15":"product-type-variable"},"yoast_head":"<!-- This site is optimized with the Yoast SEO plugin v26.5 - https:\/\/yoast.com\/wordpress\/plugins\/seo\/ -->\n<title>T-shirt coupe du monde de baby-foot 2025 - ITSF Boutique officielle<\/title>\n<meta name=\"description\" content=\"Le T-Shirt officiel de la Coupe du Monde de baby-foot ITSF 2025 fabriqu\u00e9 en Milk Fiber Fabric, arbore les logos officiels de ses sponsors.\" \/>\n<meta name=\"robots\" content=\"index, follow, max-snippet:-1, max-image-preview:large, max-video-preview:-1\" \/>\n<link rel=\"canonical\" href=\"https:\/\/shop.tablesoccer.org\/es\/producto\/t-shirt-baby-foot-coupe-du-monde-2025\/\" \/>\n<meta property=\"og:locale\" content=\"es_ES\" \/>\n<meta property=\"og:type\" content=\"article\" \/>\n<meta property=\"og:title\" content=\"T-shirt coupe du monde de baby-foot 2025 - ITSF Boutique officielle\" \/>\n<meta property=\"og:description\" content=\"Le T-Shirt officiel de la Coupe du Monde de baby-foot ITSF 2025 fabriqu\u00e9 en Milk Fiber Fabric, arbore les logos officiels de ses sponsors.\" \/>\n<meta property=\"og:url\" content=\"https:\/\/shop.tablesoccer.org\/es\/producto\/t-shirt-baby-foot-coupe-du-monde-2025\/\" \/>\n<meta property=\"og:site_name\" content=\"ITSF Boutique officielle\" \/>\n<meta property=\"article:modified_time\" content=\"2026-02-17T10:40:55+00:00\" \/>\n<meta property=\"og:image\" content=\"https:\/\/shop.tablesoccer.org\/wp-content\/uploads\/2025\/10\/IMG_3264-scaled.png\" \/>\n\t<meta property=\"og:image:width\" content=\"2560\" \/>\n\t<meta property=\"og:image:height\" content=\"2560\" \/>\n\t<meta property=\"og:image:type\" content=\"image\/png\" \/>\n<meta name=\"twitter:card\" content=\"summary_large_image\" \/>\n<meta name=\"twitter:label1\" content=\"Tiempo de lectura\" \/>\n\t<meta name=\"twitter:data1\" content=\"2 minutos\" \/>\n<script type=\"application\/ld+json\" class=\"yoast-schema-graph\">{\"@context\":\"https:\/\/schema.org\",\"@graph\":[{\"@type\":\"WebPage\",\"@id\":\"https:\/\/shop.tablesoccer.org\/produit\/t-shirt-baby-foot-coupe-du-monde-2025\/\",\"url\":\"https:\/\/shop.tablesoccer.org\/produit\/t-shirt-baby-foot-coupe-du-monde-2025\/\",\"name\":\"T-shirt coupe du monde de baby-foot 2025 - ITSF Boutique officielle\",\"isPartOf\":{\"@id\":\"https:\/\/shop.tablesoccer.org\/#website\"},\"primaryImageOfPage\":{\"@id\":\"https:\/\/shop.tablesoccer.org\/produit\/t-shirt-baby-foot-coupe-du-monde-2025\/#primaryimage\"},\"image\":{\"@id\":\"https:\/\/shop.tablesoccer.org\/produit\/t-shirt-baby-foot-coupe-du-monde-2025\/#primaryimage\"},\"thumbnailUrl\":\"https:\/\/shop.tablesoccer.org\/wp-content\/uploads\/2025\/10\/IMG_3264-scaled.png\",\"datePublished\":\"2025-10-07T08:10:41+00:00\",\"dateModified\":\"2026-02-17T10:40:55+00:00\",\"description\":\"Le T-Shirt officiel de la Coupe du Monde de baby-foot ITSF 2025 fabriqu\u00e9 en Milk Fiber Fabric, arbore les logos officiels de ses sponsors.\",\"breadcrumb\":{\"@id\":\"https:\/\/shop.tablesoccer.org\/produit\/t-shirt-baby-foot-coupe-du-monde-2025\/#breadcrumb\"},\"inLanguage\":\"es\",\"potentialAction\":[{\"@type\":\"ReadAction\",\"target\":[\"https:\/\/shop.tablesoccer.org\/produit\/t-shirt-baby-foot-coupe-du-monde-2025\/\"]}]},{\"@type\":\"ImageObject\",\"inLanguage\":\"es\",\"@id\":\"https:\/\/shop.tablesoccer.org\/produit\/t-shirt-baby-foot-coupe-du-monde-2025\/#primaryimage\",\"url\":\"https:\/\/shop.tablesoccer.org\/wp-content\/uploads\/2025\/10\/IMG_3264-scaled.png\",\"contentUrl\":\"https:\/\/shop.tablesoccer.org\/wp-content\/uploads\/2025\/10\/IMG_3264-scaled.png\",\"width\":2560,\"height\":2560,\"caption\":\"t-shirt wolrd cup 2025 front\"},{\"@type\":\"BreadcrumbList\",\"@id\":\"https:\/\/shop.tablesoccer.org\/produit\/t-shirt-baby-foot-coupe-du-monde-2025\/#breadcrumb\",\"itemListElement\":[{\"@type\":\"ListItem\",\"position\":1,\"name\":\"Accueil\",\"item\":\"https:\/\/shop.tablesoccer.org\/\"},{\"@type\":\"ListItem\",\"position\":2,\"name\":\"Boutique\",\"item\":\"https:\/\/shop.tablesoccer.org\/accueil\/boutique\/\"},{\"@type\":\"ListItem\",\"position\":3,\"name\":\"T-shirt coupe du monde de baby-foot 2025\"}]},{\"@type\":\"WebSite\",\"@id\":\"https:\/\/shop.tablesoccer.org\/#website\",\"url\":\"https:\/\/shop.tablesoccer.org\/\",\"name\":\"ITSF Boutique officielle\",\"description\":\"\",\"potentialAction\":[{\"@type\":\"SearchAction\",\"target\":{\"@type\":\"EntryPoint\",\"urlTemplate\":\"https:\/\/shop.tablesoccer.org\/?s={search_term_string}\"},\"query-input\":{\"@type\":\"PropertyValueSpecification\",\"valueRequired\":true,\"valueName\":\"search_term_string\"}}],\"inLanguage\":\"es\"}]}<\/script>\n<!-- \/ Yoast SEO plugin. -->","yoast_head_json":{"title":"T-shirt coupe du monde de baby-foot 2025 - ITSF Boutique officielle","description":"Le T-Shirt officiel de la Coupe du Monde de baby-foot ITSF 2025 fabriqu\u00e9 en Milk Fiber Fabric, arbore les logos officiels de ses sponsors.","robots":{"index":"index","follow":"follow","max-snippet":"max-snippet:-1","max-image-preview":"max-image-preview:large","max-video-preview":"max-video-preview:-1"},"canonical":"https:\/\/shop.tablesoccer.org\/es\/producto\/t-shirt-baby-foot-coupe-du-monde-2025\/","og_locale":"es_ES","og_type":"article","og_title":"T-shirt coupe du monde de baby-foot 2025 - ITSF Boutique officielle","og_description":"Le T-Shirt officiel de la Coupe du Monde de baby-foot ITSF 2025 fabriqu\u00e9 en Milk Fiber Fabric, arbore les logos officiels de ses sponsors.","og_url":"https:\/\/shop.tablesoccer.org\/es\/producto\/t-shirt-baby-foot-coupe-du-monde-2025\/","og_site_name":"ITSF Boutique officielle","article_modified_time":"2026-02-17T10:40:55+00:00","og_image":[{"width":2560,"height":2560,"url":"https:\/\/shop.tablesoccer.org\/wp-content\/uploads\/2025\/10\/IMG_3264-scaled.png","type":"image\/png"}],"twitter_card":"summary_large_image","twitter_misc":{"Tiempo de lectura":"2 minutos"},"schema":{"@context":"https:\/\/schema.org","@graph":[{"@type":"WebPage","@id":"https:\/\/shop.tablesoccer.org\/produit\/t-shirt-baby-foot-coupe-du-monde-2025\/","url":"https:\/\/shop.tablesoccer.org\/produit\/t-shirt-baby-foot-coupe-du-monde-2025\/","name":"T-shirt coupe du monde de baby-foot 2025 - ITSF Boutique officielle","isPartOf":{"@id":"https:\/\/shop.tablesoccer.org\/#website"},"primaryImageOfPage":{"@id":"https:\/\/shop.tablesoccer.org\/produit\/t-shirt-baby-foot-coupe-du-monde-2025\/#primaryimage"},"image":{"@id":"https:\/\/shop.tablesoccer.org\/produit\/t-shirt-baby-foot-coupe-du-monde-2025\/#primaryimage"},"thumbnailUrl":"https:\/\/shop.tablesoccer.org\/wp-content\/uploads\/2025\/10\/IMG_3264-scaled.png","datePublished":"2025-10-07T08:10:41+00:00","dateModified":"2026-02-17T10:40:55+00:00","description":"Le T-Shirt officiel de la Coupe du Monde de baby-foot ITSF 2025 fabriqu\u00e9 en Milk Fiber Fabric, arbore les logos officiels de ses sponsors.","breadcrumb":{"@id":"https:\/\/shop.tablesoccer.org\/produit\/t-shirt-baby-foot-coupe-du-monde-2025\/#breadcrumb"},"inLanguage":"es","potentialAction":[{"@type":"ReadAction","target":["https:\/\/shop.tablesoccer.org\/produit\/t-shirt-baby-foot-coupe-du-monde-2025\/"]}]},{"@type":"ImageObject","inLanguage":"es","@id":"https:\/\/shop.tablesoccer.org\/produit\/t-shirt-baby-foot-coupe-du-monde-2025\/#primaryimage","url":"https:\/\/shop.tablesoccer.org\/wp-content\/uploads\/2025\/10\/IMG_3264-scaled.png","contentUrl":"https:\/\/shop.tablesoccer.org\/wp-content\/uploads\/2025\/10\/IMG_3264-scaled.png","width":2560,"height":2560,"caption":"t-shirt wolrd cup 2025 front"},{"@type":"BreadcrumbList","@id":"https:\/\/shop.tablesoccer.org\/produit\/t-shirt-baby-foot-coupe-du-monde-2025\/#breadcrumb","itemListElement":[{"@type":"ListItem","position":1,"name":"Accueil","item":"https:\/\/shop.tablesoccer.org\/"},{"@type":"ListItem","position":2,"name":"Boutique","item":"https:\/\/shop.tablesoccer.org\/accueil\/boutique\/"},{"@type":"ListItem","position":3,"name":"T-shirt coupe du monde de baby-foot 2025"}]},{"@type":"WebSite","@id":"https:\/\/shop.tablesoccer.org\/#website","url":"https:\/\/shop.tablesoccer.org\/","name":"ITSF Boutique officielle","description":"","potentialAction":[{"@type":"SearchAction","target":{"@type":"EntryPoint","urlTemplate":"https:\/\/shop.tablesoccer.org\/?s={search_term_string}"},"query-input":{"@type":"PropertyValueSpecification","valueRequired":true,"valueName":"search_term_string"}}],"inLanguage":"es"}]}},"_links":{"self":[{"href":"https:\/\/shop.tablesoccer.org\/es\/wp-json\/wp\/v2\/product\/12245","targetHints":{"allow":["GET"]}}],"collection":[{"href":"https:\/\/shop.tablesoccer.org\/es\/wp-json\/wp\/v2\/product"}],"about":[{"href":"https:\/\/shop.tablesoccer.org\/es\/wp-json\/wp\/v2\/types\/product"}],"replies":[{"embeddable":true,"href":"https:\/\/shop.tablesoccer.org\/es\/wp-json\/wp\/v2\/comments?post=12245"}],"wp:featuredmedia":[{"embeddable":true,"href":"https:\/\/shop.tablesoccer.org\/es\/wp-json\/wp\/v2\/media\/12246"}],"wp:attachment":[{"href":"https:\/\/shop.tablesoccer.org\/es\/wp-json\/wp\/v2\/media?parent=12245"}],"wp:term":[{"taxonomy":"product_brand","embeddable":true,"href":"https:\/\/shop.tablesoccer.org\/es\/wp-json\/wp\/v2\/product_brand?post=12245"},{"taxonomy":"product_cat","embeddable":true,"href":"https:\/\/shop.tablesoccer.org\/es\/wp-json\/wp\/v2\/product_cat?post=12245"},{"taxonomy":"product_tag","embeddable":true,"href":"https:\/\/shop.tablesoccer.org\/es\/wp-json\/wp\/v2\/product_tag?post=12245"}],"curies":[{"name":"wp","href":"https:\/\/api.w.org\/{rel}","templated":true}]}}