{"id":11848,"date":"2025-05-07T11:02:06","date_gmt":"2025-05-07T09:02:06","guid":{"rendered":"https:\/\/shop.tablesoccer.org\/?post_type=product&#038;p=11848"},"modified":"2026-03-17T18:03:35","modified_gmt":"2026-03-17T17:03:35","slug":"sac-banane-itsf-baby-foot","status":"publish","type":"product","link":"https:\/\/shop.tablesoccer.org\/es\/producto\/sac-banane-itsf-baby-foot\/","title":{"rendered":"Ri\u00f1onera ITSF de futbol\u00edn"},"content":{"rendered":"<p><strong>Descripci\u00f3n:<\/strong><\/p>\n<p>La ri\u00f1onera de futbol\u00edn ITSF es un accesorio pr\u00e1ctico y compacto ideal para los jugadores de futbol\u00edn. Con sus tres bolsillos con cremallera, permite guardar f\u00e1cilmente tus bolas, grips, asas u otros peque\u00f1os accesorios.<br \/>\nSu cintur\u00f3n ajustable ofrece un ajuste perfecto para cada morfolog\u00eda, muestra el logo ITSF bordado en blanco en la parte delantera.<br \/>\nResistente y compacto, este pl\u00e1tano es ideal para acompa\u00f1ar a los jugadores tanto en la vida diaria como en competici\u00f3n.<\/p>\n<p>&nbsp;<\/p>\n<p><strong>Caracter\u00edsticas:<\/strong><\/p>\n<p>- Material: 100% poli\u00e9ster, resistente y ligero<br \/>\n- Colores: azul marino y oro<br \/>\n- Peso: 116 g<br \/>\n- Tama\u00f1o: \u00danico, con cintur\u00f3n ajustable<br \/>\n- Dimensiones: L 33,5 cm H 14 cm l 10 cm<br \/>\nCapacidad : 2 L<\/p>\n<p>&nbsp;<\/p>\n<p><strong>Consejos de mantenimiento<\/strong><\/p>\n<p>Limpie la bolsa a mano con agua tibia y jab\u00f3n suave, luego d\u00e9jela secar al aire libre. Evite la lavadora, la secadora y los productos agresivos para preservar el material y el bordado.<\/p>\n<p>Resistente y compacto, este pl\u00e1tano es ideal para acompa\u00f1ar a los jugadores tanto en la vida diaria como en competici\u00f3n.<\/p>\n<p>Encuentra toda nuestra selecci\u00f3n en la categor\u00eda: <a href=\"https:\/\/shop.tablesoccer.org\/es\/categoria-producto\/accessoires-goodies\/gobelet-gourde-tour-de-cou-sac-banane-baby-foot\/\"><u>Accesorios ITSF <\/u><\/a><\/p>\n<p>&nbsp;<\/p>","protected":false},"excerpt":{"rendered":"<p>La ri\u00f1onera ITSF de 3 compartimentos permite guardar f\u00e1cilmente sus pelotas, asas y accesorios gracias a sus bolsillos con cremallera y su cintur\u00f3n ajustable.<\/p>\n<p>Ligero y resistente, en poli\u00e9ster azul marino y dorado, combina practicidad y estilo deportivo.<\/p>","protected":false},"featured_media":12240,"comment_status":"open","ping_status":"closed","template":"","meta":[],"product_brand":[],"product_cat":[98,171,162],"product_tag":[],"class_list":{"0":"post-11848","1":"product","2":"type-product","3":"status-publish","4":"has-post-thumbnail","6":"product_cat-accessoires-goodies","7":"product_cat-equipements-joueurs-baby-foot","8":"product_cat-t-shirts-baby-foot","10":"first","11":"instock","12":"taxable","13":"shipping-taxable","14":"purchasable","15":"product-type-simple"},"yoast_head":"<!-- This site is optimized with the Yoast SEO plugin v26.5 - https:\/\/yoast.com\/wordpress\/plugins\/seo\/ -->\n<title>Sac banane ITSF baby-foot - ITSF Boutique officielle<\/title>\n<meta name=\"description\" content=\"Sac banane ITSF baby-foot en 3 compartiments \u00e0 fermeture \u00e9clair. Id\u00e9al pour ranger vos balles, grips et poign\u00e9es. Logo brod\u00e9 en blanc sur le devant.\" \/>\n<meta name=\"robots\" content=\"index, follow, max-snippet:-1, max-image-preview:large, max-video-preview:-1\" \/>\n<link rel=\"canonical\" href=\"https:\/\/shop.tablesoccer.org\/es\/producto\/sac-banane-itsf-baby-foot\/\" \/>\n<meta property=\"og:locale\" content=\"es_ES\" \/>\n<meta property=\"og:type\" content=\"article\" \/>\n<meta property=\"og:title\" content=\"Sac banane ITSF baby-foot - ITSF Boutique officielle\" \/>\n<meta property=\"og:description\" content=\"Sac banane ITSF baby-foot en 3 compartiments \u00e0 fermeture \u00e9clair. Id\u00e9al pour ranger vos balles, grips et poign\u00e9es. Logo brod\u00e9 en blanc sur le devant.\" \/>\n<meta property=\"og:url\" content=\"https:\/\/shop.tablesoccer.org\/es\/producto\/sac-banane-itsf-baby-foot\/\" \/>\n<meta property=\"og:site_name\" content=\"ITSF Boutique officielle\" \/>\n<meta property=\"article:modified_time\" content=\"2026-03-17T17:03:35+00:00\" \/>\n<meta property=\"og:image\" content=\"https:\/\/shop.tablesoccer.org\/wp-content\/uploads\/2025\/05\/IMG_3255-scaled.jpg\" \/>\n\t<meta property=\"og:image:width\" content=\"2560\" \/>\n\t<meta property=\"og:image:height\" content=\"2560\" \/>\n\t<meta property=\"og:image:type\" content=\"image\/jpeg\" \/>\n<meta name=\"twitter:card\" content=\"summary_large_image\" \/>\n<meta name=\"twitter:label1\" content=\"Tiempo de lectura\" \/>\n\t<meta name=\"twitter:data1\" content=\"2 minutos\" \/>\n<script type=\"application\/ld+json\" class=\"yoast-schema-graph\">{\"@context\":\"https:\/\/schema.org\",\"@graph\":[{\"@type\":\"WebPage\",\"@id\":\"https:\/\/shop.tablesoccer.org\/produit\/sac-banane-itsf-baby-foot\/\",\"url\":\"https:\/\/shop.tablesoccer.org\/produit\/sac-banane-itsf-baby-foot\/\",\"name\":\"Sac banane ITSF baby-foot - ITSF Boutique officielle\",\"isPartOf\":{\"@id\":\"https:\/\/shop.tablesoccer.org\/#website\"},\"primaryImageOfPage\":{\"@id\":\"https:\/\/shop.tablesoccer.org\/produit\/sac-banane-itsf-baby-foot\/#primaryimage\"},\"image\":{\"@id\":\"https:\/\/shop.tablesoccer.org\/produit\/sac-banane-itsf-baby-foot\/#primaryimage\"},\"thumbnailUrl\":\"https:\/\/shop.tablesoccer.org\/wp-content\/uploads\/2025\/05\/IMG_3255-scaled.jpg\",\"datePublished\":\"2025-05-07T09:02:06+00:00\",\"dateModified\":\"2026-03-17T17:03:35+00:00\",\"description\":\"Sac banane ITSF baby-foot en 3 compartiments \u00e0 fermeture \u00e9clair. Id\u00e9al pour ranger vos balles, grips et poign\u00e9es. Logo brod\u00e9 en blanc sur le devant.\",\"breadcrumb\":{\"@id\":\"https:\/\/shop.tablesoccer.org\/produit\/sac-banane-itsf-baby-foot\/#breadcrumb\"},\"inLanguage\":\"es\",\"potentialAction\":[{\"@type\":\"ReadAction\",\"target\":[\"https:\/\/shop.tablesoccer.org\/produit\/sac-banane-itsf-baby-foot\/\"]}]},{\"@type\":\"ImageObject\",\"inLanguage\":\"es\",\"@id\":\"https:\/\/shop.tablesoccer.org\/produit\/sac-banane-itsf-baby-foot\/#primaryimage\",\"url\":\"https:\/\/shop.tablesoccer.org\/wp-content\/uploads\/2025\/05\/IMG_3255-scaled.jpg\",\"contentUrl\":\"https:\/\/shop.tablesoccer.org\/wp-content\/uploads\/2025\/05\/IMG_3255-scaled.jpg\",\"width\":2560,\"height\":2560,\"caption\":\"Banane - Waistbag ITSF\"},{\"@type\":\"BreadcrumbList\",\"@id\":\"https:\/\/shop.tablesoccer.org\/produit\/sac-banane-itsf-baby-foot\/#breadcrumb\",\"itemListElement\":[{\"@type\":\"ListItem\",\"position\":1,\"name\":\"Accueil\",\"item\":\"https:\/\/shop.tablesoccer.org\/\"},{\"@type\":\"ListItem\",\"position\":2,\"name\":\"Boutique\",\"item\":\"https:\/\/shop.tablesoccer.org\/accueil\/boutique\/\"},{\"@type\":\"ListItem\",\"position\":3,\"name\":\"Sac banane ITSF baby-foot\"}]},{\"@type\":\"WebSite\",\"@id\":\"https:\/\/shop.tablesoccer.org\/#website\",\"url\":\"https:\/\/shop.tablesoccer.org\/\",\"name\":\"ITSF Boutique officielle\",\"description\":\"\",\"potentialAction\":[{\"@type\":\"SearchAction\",\"target\":{\"@type\":\"EntryPoint\",\"urlTemplate\":\"https:\/\/shop.tablesoccer.org\/?s={search_term_string}\"},\"query-input\":{\"@type\":\"PropertyValueSpecification\",\"valueRequired\":true,\"valueName\":\"search_term_string\"}}],\"inLanguage\":\"es\"}]}<\/script>\n<!-- \/ Yoast SEO plugin. -->","yoast_head_json":{"title":"Sac banane ITSF baby-foot - ITSF Boutique officielle","description":"Sac banane ITSF baby-foot en 3 compartiments \u00e0 fermeture \u00e9clair. Id\u00e9al pour ranger vos balles, grips et poign\u00e9es. Logo brod\u00e9 en blanc sur le devant.","robots":{"index":"index","follow":"follow","max-snippet":"max-snippet:-1","max-image-preview":"max-image-preview:large","max-video-preview":"max-video-preview:-1"},"canonical":"https:\/\/shop.tablesoccer.org\/es\/producto\/sac-banane-itsf-baby-foot\/","og_locale":"es_ES","og_type":"article","og_title":"Sac banane ITSF baby-foot - ITSF Boutique officielle","og_description":"Sac banane ITSF baby-foot en 3 compartiments \u00e0 fermeture \u00e9clair. Id\u00e9al pour ranger vos balles, grips et poign\u00e9es. Logo brod\u00e9 en blanc sur le devant.","og_url":"https:\/\/shop.tablesoccer.org\/es\/producto\/sac-banane-itsf-baby-foot\/","og_site_name":"ITSF Boutique officielle","article_modified_time":"2026-03-17T17:03:35+00:00","og_image":[{"width":2560,"height":2560,"url":"https:\/\/shop.tablesoccer.org\/wp-content\/uploads\/2025\/05\/IMG_3255-scaled.jpg","type":"image\/jpeg"}],"twitter_card":"summary_large_image","twitter_misc":{"Tiempo de lectura":"2 minutos"},"schema":{"@context":"https:\/\/schema.org","@graph":[{"@type":"WebPage","@id":"https:\/\/shop.tablesoccer.org\/produit\/sac-banane-itsf-baby-foot\/","url":"https:\/\/shop.tablesoccer.org\/produit\/sac-banane-itsf-baby-foot\/","name":"Sac banane ITSF baby-foot - ITSF Boutique officielle","isPartOf":{"@id":"https:\/\/shop.tablesoccer.org\/#website"},"primaryImageOfPage":{"@id":"https:\/\/shop.tablesoccer.org\/produit\/sac-banane-itsf-baby-foot\/#primaryimage"},"image":{"@id":"https:\/\/shop.tablesoccer.org\/produit\/sac-banane-itsf-baby-foot\/#primaryimage"},"thumbnailUrl":"https:\/\/shop.tablesoccer.org\/wp-content\/uploads\/2025\/05\/IMG_3255-scaled.jpg","datePublished":"2025-05-07T09:02:06+00:00","dateModified":"2026-03-17T17:03:35+00:00","description":"Sac banane ITSF baby-foot en 3 compartiments \u00e0 fermeture \u00e9clair. Id\u00e9al pour ranger vos balles, grips et poign\u00e9es. Logo brod\u00e9 en blanc sur le devant.","breadcrumb":{"@id":"https:\/\/shop.tablesoccer.org\/produit\/sac-banane-itsf-baby-foot\/#breadcrumb"},"inLanguage":"es","potentialAction":[{"@type":"ReadAction","target":["https:\/\/shop.tablesoccer.org\/produit\/sac-banane-itsf-baby-foot\/"]}]},{"@type":"ImageObject","inLanguage":"es","@id":"https:\/\/shop.tablesoccer.org\/produit\/sac-banane-itsf-baby-foot\/#primaryimage","url":"https:\/\/shop.tablesoccer.org\/wp-content\/uploads\/2025\/05\/IMG_3255-scaled.jpg","contentUrl":"https:\/\/shop.tablesoccer.org\/wp-content\/uploads\/2025\/05\/IMG_3255-scaled.jpg","width":2560,"height":2560,"caption":"Banane - Waistbag ITSF"},{"@type":"BreadcrumbList","@id":"https:\/\/shop.tablesoccer.org\/produit\/sac-banane-itsf-baby-foot\/#breadcrumb","itemListElement":[{"@type":"ListItem","position":1,"name":"Accueil","item":"https:\/\/shop.tablesoccer.org\/"},{"@type":"ListItem","position":2,"name":"Boutique","item":"https:\/\/shop.tablesoccer.org\/accueil\/boutique\/"},{"@type":"ListItem","position":3,"name":"Sac banane ITSF baby-foot"}]},{"@type":"WebSite","@id":"https:\/\/shop.tablesoccer.org\/#website","url":"https:\/\/shop.tablesoccer.org\/","name":"ITSF Boutique officielle","description":"","potentialAction":[{"@type":"SearchAction","target":{"@type":"EntryPoint","urlTemplate":"https:\/\/shop.tablesoccer.org\/?s={search_term_string}"},"query-input":{"@type":"PropertyValueSpecification","valueRequired":true,"valueName":"search_term_string"}}],"inLanguage":"es"}]}},"_links":{"self":[{"href":"https:\/\/shop.tablesoccer.org\/es\/wp-json\/wp\/v2\/product\/11848","targetHints":{"allow":["GET"]}}],"collection":[{"href":"https:\/\/shop.tablesoccer.org\/es\/wp-json\/wp\/v2\/product"}],"about":[{"href":"https:\/\/shop.tablesoccer.org\/es\/wp-json\/wp\/v2\/types\/product"}],"replies":[{"embeddable":true,"href":"https:\/\/shop.tablesoccer.org\/es\/wp-json\/wp\/v2\/comments?post=11848"}],"wp:featuredmedia":[{"embeddable":true,"href":"https:\/\/shop.tablesoccer.org\/es\/wp-json\/wp\/v2\/media\/12240"}],"wp:attachment":[{"href":"https:\/\/shop.tablesoccer.org\/es\/wp-json\/wp\/v2\/media?parent=11848"}],"wp:term":[{"taxonomy":"product_brand","embeddable":true,"href":"https:\/\/shop.tablesoccer.org\/es\/wp-json\/wp\/v2\/product_brand?post=11848"},{"taxonomy":"product_cat","embeddable":true,"href":"https:\/\/shop.tablesoccer.org\/es\/wp-json\/wp\/v2\/product_cat?post=11848"},{"taxonomy":"product_tag","embeddable":true,"href":"https:\/\/shop.tablesoccer.org\/es\/wp-json\/wp\/v2\/product_tag?post=11848"}],"curies":[{"name":"wp","href":"https:\/\/api.w.org\/{rel}","templated":true}]}}