{"id":11247,"date":"2025-10-07T10:09:38","date_gmt":"2025-10-07T08:09:38","guid":{"rendered":"https:\/\/shop.tablesoccer.org\/?post_type=product&#038;p=11247"},"modified":"2026-02-17T11:43:05","modified_gmt":"2026-02-17T10:43:05","slug":"t-shirt-coupe-du-monde-babyfoot-2022-noir-blanc-bordeaux","status":"publish","type":"product","link":"https:\/\/shop.tablesoccer.org\/es\/producto\/t-shirt-coupe-du-monde-babyfoot-2022-noir-blanc-bordeaux\/","title":{"rendered":"Camiseta Copa del Mundo de futbol\u00edn 2022"},"content":{"rendered":"<p style=\"font-weight: 400;\"><strong>Descripci\u00f3n:\u00a0<\/strong><\/p>\n<p style=\"font-weight: 400;\">Demuestra tu compromiso con la Copa Mundial ITSF 2022 con esta camiseta oficial de la Copa del Mundo 2022. Confeccionado en 100% algod\u00f3n suave y transpirable, garantiza comodidad y durabilidad, tanto si eres jugador como supporter. Su cuello en U aporta un toque casual y moderno. Disponible en negro, blanco y burdeos, esta camiseta luce con orgullo el logo oficial de la competici\u00f3n, para representar el evento con estilo.<\/p>\n<p>&nbsp;<\/p>\n<p style=\"font-weight: 400;\"><strong>Caracter\u00edsticas:<\/strong><\/p>\n<p style=\"font-weight: 400;\">- Material: 100% algod\u00f3n<\/p>\n<p style=\"font-weight: 400;\">- Corte: cuello en U, unisex<\/p>\n<p style=\"font-weight: 400;\">- Tallas: de XS a 4XL<\/p>\n<p style=\"font-weight: 400;\">- Colores: negro, blanco, burdeos<\/p>\n<p>&nbsp;<\/p>\n<p style=\"font-weight: 400;\"><strong>Consejos de mantenimiento<\/strong><\/p>\n<p style=\"font-weight: 400;\">Lavar al rev\u00e9s, a temperatura moderada y dejar secar al aire libre para preservar el color y la textura del algod\u00f3n.<\/p>\n<p style=\"font-weight: 400;\">Una camiseta oficial, estilosa y c\u00f3moda, perfecta para conmemorar la Copa del Mundo ITSF 2022 o para enriquecer tu colecci\u00f3n de futbol\u00edn.<\/p>\n<p style=\"font-weight: 400;\">Encuentra toda nuestra selecci\u00f3n en la categor\u00eda: <a href=\"https:\/\/shop.tablesoccer.org\/es\/categoria-producto\/accessoires-goodies\/t-shirts-baby-foot\/\">Camisetas de futbol\u00edn<\/a><\/p>\n<p style=\"font-weight: 400;\">","protected":false},"excerpt":{"rendered":"<p>La camiseta oficial de la Copa del Mundo de Futbol\u00edn 2022 celebra el evento con estilo. C\u00f3modo y resistente, es perfecto para jugar, soportar o coleccionar. Disponible en negro, blanco y burdeos.<\/p>","protected":false},"featured_media":11476,"comment_status":"open","ping_status":"closed","template":"","meta":[],"product_brand":[],"product_cat":[98,171,147,162],"product_tag":[],"class_list":{"0":"post-11247","1":"product","2":"type-product","3":"status-publish","4":"has-post-thumbnail","6":"product_cat-accessoires-goodies","7":"product_cat-equipements-joueurs-baby-foot","8":"product_cat-promotions","9":"product_cat-t-shirts-baby-foot","11":"first","12":"instock","13":"sale","14":"taxable","15":"shipping-taxable","16":"purchasable","17":"product-type-variable"},"yoast_head":"<!-- This site is optimized with the Yoast SEO plugin v26.5 - https:\/\/yoast.com\/wordpress\/plugins\/seo\/ -->\n<title>T-Shirt Coupe du monde baby-foot 2022 - ITSF Boutique officielle<\/title>\n<meta name=\"description\" content=\"T-Shirt de la Coupe du Monde de babyfoot 2022 de couleur noir, blanc et bordeaux en coton. Commandez-les sur l&#039;ITSF Store !\" \/>\n<meta name=\"robots\" content=\"index, follow, max-snippet:-1, max-image-preview:large, max-video-preview:-1\" \/>\n<link rel=\"canonical\" href=\"https:\/\/shop.tablesoccer.org\/es\/producto\/t-shirt-coupe-du-monde-babyfoot-2022-noir-blanc-bordeaux\/\" \/>\n<meta property=\"og:locale\" content=\"es_ES\" \/>\n<meta property=\"og:type\" content=\"article\" \/>\n<meta property=\"og:title\" content=\"T-Shirt Coupe du monde baby-foot 2022 - ITSF Boutique officielle\" \/>\n<meta property=\"og:description\" content=\"T-Shirt de la Coupe du Monde de babyfoot 2022 de couleur noir, blanc et bordeaux en coton. Commandez-les sur l&#039;ITSF Store !\" \/>\n<meta property=\"og:url\" content=\"https:\/\/shop.tablesoccer.org\/es\/producto\/t-shirt-coupe-du-monde-babyfoot-2022-noir-blanc-bordeaux\/\" \/>\n<meta property=\"og:site_name\" content=\"ITSF Boutique officielle\" \/>\n<meta property=\"article:modified_time\" content=\"2026-02-17T10:43:05+00:00\" \/>\n<meta property=\"og:image\" content=\"https:\/\/shop.tablesoccer.org\/wp-content\/uploads\/2024\/12\/IMG_6710.png\" \/>\n\t<meta property=\"og:image:width\" content=\"400\" \/>\n\t<meta property=\"og:image:height\" content=\"400\" \/>\n\t<meta property=\"og:image:type\" content=\"image\/png\" \/>\n<meta name=\"twitter:card\" content=\"summary_large_image\" \/>\n<meta name=\"twitter:label1\" content=\"Tiempo de lectura\" \/>\n\t<meta name=\"twitter:data1\" content=\"1 minuto\" \/>\n<script type=\"application\/ld+json\" class=\"yoast-schema-graph\">{\"@context\":\"https:\/\/schema.org\",\"@graph\":[{\"@type\":\"WebPage\",\"@id\":\"https:\/\/shop.tablesoccer.org\/produit\/t-shirt-coupe-du-monde-babyfoot-2022-noir-blanc-bordeaux\/\",\"url\":\"https:\/\/shop.tablesoccer.org\/produit\/t-shirt-coupe-du-monde-babyfoot-2022-noir-blanc-bordeaux\/\",\"name\":\"T-Shirt Coupe du monde baby-foot 2022 - ITSF Boutique officielle\",\"isPartOf\":{\"@id\":\"https:\/\/shop.tablesoccer.org\/#website\"},\"primaryImageOfPage\":{\"@id\":\"https:\/\/shop.tablesoccer.org\/produit\/t-shirt-coupe-du-monde-babyfoot-2022-noir-blanc-bordeaux\/#primaryimage\"},\"image\":{\"@id\":\"https:\/\/shop.tablesoccer.org\/produit\/t-shirt-coupe-du-monde-babyfoot-2022-noir-blanc-bordeaux\/#primaryimage\"},\"thumbnailUrl\":\"https:\/\/shop.tablesoccer.org\/wp-content\/uploads\/2024\/12\/IMG_6710.png\",\"datePublished\":\"2025-10-07T08:09:38+00:00\",\"dateModified\":\"2026-02-17T10:43:05+00:00\",\"description\":\"T-Shirt de la Coupe du Monde de babyfoot 2022 de couleur noir, blanc et bordeaux en coton. Commandez-les sur l'ITSF Store !\",\"breadcrumb\":{\"@id\":\"https:\/\/shop.tablesoccer.org\/produit\/t-shirt-coupe-du-monde-babyfoot-2022-noir-blanc-bordeaux\/#breadcrumb\"},\"inLanguage\":\"es\",\"potentialAction\":[{\"@type\":\"ReadAction\",\"target\":[\"https:\/\/shop.tablesoccer.org\/produit\/t-shirt-coupe-du-monde-babyfoot-2022-noir-blanc-bordeaux\/\"]}]},{\"@type\":\"ImageObject\",\"inLanguage\":\"es\",\"@id\":\"https:\/\/shop.tablesoccer.org\/produit\/t-shirt-coupe-du-monde-babyfoot-2022-noir-blanc-bordeaux\/#primaryimage\",\"url\":\"https:\/\/shop.tablesoccer.org\/wp-content\/uploads\/2024\/12\/IMG_6710.png\",\"contentUrl\":\"https:\/\/shop.tablesoccer.org\/wp-content\/uploads\/2024\/12\/IMG_6710.png\",\"width\":400,\"height\":400},{\"@type\":\"BreadcrumbList\",\"@id\":\"https:\/\/shop.tablesoccer.org\/produit\/t-shirt-coupe-du-monde-babyfoot-2022-noir-blanc-bordeaux\/#breadcrumb\",\"itemListElement\":[{\"@type\":\"ListItem\",\"position\":1,\"name\":\"Accueil\",\"item\":\"https:\/\/shop.tablesoccer.org\/\"},{\"@type\":\"ListItem\",\"position\":2,\"name\":\"Boutique\",\"item\":\"https:\/\/shop.tablesoccer.org\/accueil\/boutique\/\"},{\"@type\":\"ListItem\",\"position\":3,\"name\":\"T-Shirt Coupe du monde baby-foot 2022\"}]},{\"@type\":\"WebSite\",\"@id\":\"https:\/\/shop.tablesoccer.org\/#website\",\"url\":\"https:\/\/shop.tablesoccer.org\/\",\"name\":\"ITSF Boutique officielle\",\"description\":\"\",\"potentialAction\":[{\"@type\":\"SearchAction\",\"target\":{\"@type\":\"EntryPoint\",\"urlTemplate\":\"https:\/\/shop.tablesoccer.org\/?s={search_term_string}\"},\"query-input\":{\"@type\":\"PropertyValueSpecification\",\"valueRequired\":true,\"valueName\":\"search_term_string\"}}],\"inLanguage\":\"es\"}]}<\/script>\n<!-- \/ Yoast SEO plugin. -->","yoast_head_json":{"title":"T-Shirt Coupe du monde baby-foot 2022 - ITSF Boutique officielle","description":"T-Shirt de la Coupe du Monde de babyfoot 2022 de couleur noir, blanc et bordeaux en coton. Commandez-les sur l'ITSF Store !","robots":{"index":"index","follow":"follow","max-snippet":"max-snippet:-1","max-image-preview":"max-image-preview:large","max-video-preview":"max-video-preview:-1"},"canonical":"https:\/\/shop.tablesoccer.org\/es\/producto\/t-shirt-coupe-du-monde-babyfoot-2022-noir-blanc-bordeaux\/","og_locale":"es_ES","og_type":"article","og_title":"T-Shirt Coupe du monde baby-foot 2022 - ITSF Boutique officielle","og_description":"T-Shirt de la Coupe du Monde de babyfoot 2022 de couleur noir, blanc et bordeaux en coton. Commandez-les sur l'ITSF Store !","og_url":"https:\/\/shop.tablesoccer.org\/es\/producto\/t-shirt-coupe-du-monde-babyfoot-2022-noir-blanc-bordeaux\/","og_site_name":"ITSF Boutique officielle","article_modified_time":"2026-02-17T10:43:05+00:00","og_image":[{"width":400,"height":400,"url":"https:\/\/shop.tablesoccer.org\/wp-content\/uploads\/2024\/12\/IMG_6710.png","type":"image\/png"}],"twitter_card":"summary_large_image","twitter_misc":{"Tiempo de lectura":"1 minuto"},"schema":{"@context":"https:\/\/schema.org","@graph":[{"@type":"WebPage","@id":"https:\/\/shop.tablesoccer.org\/produit\/t-shirt-coupe-du-monde-babyfoot-2022-noir-blanc-bordeaux\/","url":"https:\/\/shop.tablesoccer.org\/produit\/t-shirt-coupe-du-monde-babyfoot-2022-noir-blanc-bordeaux\/","name":"T-Shirt Coupe du monde baby-foot 2022 - ITSF Boutique officielle","isPartOf":{"@id":"https:\/\/shop.tablesoccer.org\/#website"},"primaryImageOfPage":{"@id":"https:\/\/shop.tablesoccer.org\/produit\/t-shirt-coupe-du-monde-babyfoot-2022-noir-blanc-bordeaux\/#primaryimage"},"image":{"@id":"https:\/\/shop.tablesoccer.org\/produit\/t-shirt-coupe-du-monde-babyfoot-2022-noir-blanc-bordeaux\/#primaryimage"},"thumbnailUrl":"https:\/\/shop.tablesoccer.org\/wp-content\/uploads\/2024\/12\/IMG_6710.png","datePublished":"2025-10-07T08:09:38+00:00","dateModified":"2026-02-17T10:43:05+00:00","description":"T-Shirt de la Coupe du Monde de babyfoot 2022 de couleur noir, blanc et bordeaux en coton. Commandez-les sur l'ITSF Store !","breadcrumb":{"@id":"https:\/\/shop.tablesoccer.org\/produit\/t-shirt-coupe-du-monde-babyfoot-2022-noir-blanc-bordeaux\/#breadcrumb"},"inLanguage":"es","potentialAction":[{"@type":"ReadAction","target":["https:\/\/shop.tablesoccer.org\/produit\/t-shirt-coupe-du-monde-babyfoot-2022-noir-blanc-bordeaux\/"]}]},{"@type":"ImageObject","inLanguage":"es","@id":"https:\/\/shop.tablesoccer.org\/produit\/t-shirt-coupe-du-monde-babyfoot-2022-noir-blanc-bordeaux\/#primaryimage","url":"https:\/\/shop.tablesoccer.org\/wp-content\/uploads\/2024\/12\/IMG_6710.png","contentUrl":"https:\/\/shop.tablesoccer.org\/wp-content\/uploads\/2024\/12\/IMG_6710.png","width":400,"height":400},{"@type":"BreadcrumbList","@id":"https:\/\/shop.tablesoccer.org\/produit\/t-shirt-coupe-du-monde-babyfoot-2022-noir-blanc-bordeaux\/#breadcrumb","itemListElement":[{"@type":"ListItem","position":1,"name":"Accueil","item":"https:\/\/shop.tablesoccer.org\/"},{"@type":"ListItem","position":2,"name":"Boutique","item":"https:\/\/shop.tablesoccer.org\/accueil\/boutique\/"},{"@type":"ListItem","position":3,"name":"T-Shirt Coupe du monde baby-foot 2022"}]},{"@type":"WebSite","@id":"https:\/\/shop.tablesoccer.org\/#website","url":"https:\/\/shop.tablesoccer.org\/","name":"ITSF Boutique officielle","description":"","potentialAction":[{"@type":"SearchAction","target":{"@type":"EntryPoint","urlTemplate":"https:\/\/shop.tablesoccer.org\/?s={search_term_string}"},"query-input":{"@type":"PropertyValueSpecification","valueRequired":true,"valueName":"search_term_string"}}],"inLanguage":"es"}]}},"_links":{"self":[{"href":"https:\/\/shop.tablesoccer.org\/es\/wp-json\/wp\/v2\/product\/11247","targetHints":{"allow":["GET"]}}],"collection":[{"href":"https:\/\/shop.tablesoccer.org\/es\/wp-json\/wp\/v2\/product"}],"about":[{"href":"https:\/\/shop.tablesoccer.org\/es\/wp-json\/wp\/v2\/types\/product"}],"replies":[{"embeddable":true,"href":"https:\/\/shop.tablesoccer.org\/es\/wp-json\/wp\/v2\/comments?post=11247"}],"wp:featuredmedia":[{"embeddable":true,"href":"https:\/\/shop.tablesoccer.org\/es\/wp-json\/wp\/v2\/media\/11476"}],"wp:attachment":[{"href":"https:\/\/shop.tablesoccer.org\/es\/wp-json\/wp\/v2\/media?parent=11247"}],"wp:term":[{"taxonomy":"product_brand","embeddable":true,"href":"https:\/\/shop.tablesoccer.org\/es\/wp-json\/wp\/v2\/product_brand?post=11247"},{"taxonomy":"product_cat","embeddable":true,"href":"https:\/\/shop.tablesoccer.org\/es\/wp-json\/wp\/v2\/product_cat?post=11247"},{"taxonomy":"product_tag","embeddable":true,"href":"https:\/\/shop.tablesoccer.org\/es\/wp-json\/wp\/v2\/product_tag?post=11247"}],"curies":[{"name":"wp","href":"https:\/\/api.w.org\/{rel}","templated":true}]}}