{"id":11234,"date":"2024-11-13T15:30:38","date_gmt":"2024-11-13T14:30:38","guid":{"rendered":"https:\/\/shop.tablesoccer.org\/?post_type=product&#038;p=11234"},"modified":"2026-03-29T15:45:15","modified_gmt":"2026-03-29T13:45:15","slug":"gourde-itsf-bleu-sport-baby-foot","status":"publish","type":"product","link":"https:\/\/shop.tablesoccer.org\/es\/producto\/gourde-itsf-bleu-sport-baby-foot\/","title":{"rendered":"Canasta de futbol\u00edn ITSF"},"content":{"rendered":"<p style=\"font-weight: 400;\"><strong>Descripci\u00f3n:<\/strong><\/p>\n<p style=\"font-weight: 400;\">La Cantimplora ITSF Azul Sport es una botella oficial, transparente y elegante, dise\u00f1ada para jugadores y aficionados al futbol\u00edn. Est\u00e1 equipado con un tap\u00f3n \"deporte\" con paja integrada, lo que permite beber f\u00e1cilmente sin derramar.<\/p>\n<p>&nbsp;<\/p>\n<p style=\"font-weight: 400;\"><strong>Caracter\u00edsticas:<\/strong><\/p>\n<ul>\n<li>Capacidad: 1 litro<\/li>\n<li>Material: pl\u00e1stico ( sin BPA)<\/li>\n<li>Dimensiones: 25 7,5 7 cm<\/li>\n<li>- Peso: aproximadamente 0,2 kg.<\/li>\n<li>Color: azul transparente<\/li>\n<\/ul>\n<p style=\"font-weight: 400;\"><strong>Consejos de mantenimiento<\/strong> :<\/p>\n<p style=\"font-weight: 400;\">Enjuague despu\u00e9s de cada uso para evitar sabores persistentes. Limpie a mano o con un cepillo suave adecuado para las botellas.<\/p>\n<p style=\"font-weight: 400;\">Secar bien el tap\u00f3n y la paja para evitar la humedad estancada.<\/p>\n<p style=\"font-weight: 400;\">Encuentra toda nuestra selecci\u00f3n en la categor\u00eda: <a href=\"https:\/\/shop.tablesoccer.org\/es\/categoria-producto\/accessoires-goodies\/gobelet-gourde-tour-de-cou-sac-banane-baby-foot\/\">Accesorios ITSF<\/a><\/p>","protected":false},"excerpt":{"rendered":"<p style=\"font-weight: 400;\">Cantimplora ITSF azul transparente de 1 l, con tap\u00f3n deportivo y paja integrada; pr\u00e1ctica, ligera y sin BPA.<\/p>","protected":false},"featured_media":11236,"comment_status":"open","ping_status":"closed","template":"","meta":[],"product_brand":[],"product_cat":[161,98,147],"product_tag":[],"class_list":{"0":"post-11234","1":"product","2":"type-product","3":"status-publish","4":"has-post-thumbnail","6":"product_cat-gobelet-gourde-tour-de-cou-sac-banane-baby-foot","7":"product_cat-accessoires-goodies","8":"product_cat-promotions","10":"first","11":"instock","12":"sale","13":"taxable","14":"shipping-taxable","15":"purchasable","16":"product-type-simple"},"yoast_head":"<!-- This site is optimized with the Yoast SEO plugin v26.5 - https:\/\/yoast.com\/wordpress\/plugins\/seo\/ -->\n<title>Gourde baby-foot ITSF - ITSF Boutique officielle<\/title>\n<meta name=\"description\" content=\"Gourde ITSF bleue transparente de 1\u202fL, avec bouchon sport et paille int\u00e9gr\u00e9e; pratique, l\u00e9g\u00e8re et sans BPA. Commandez sur ITSF !\" \/>\n<meta name=\"robots\" content=\"index, follow, max-snippet:-1, max-image-preview:large, max-video-preview:-1\" \/>\n<link rel=\"canonical\" href=\"https:\/\/shop.tablesoccer.org\/es\/producto\/gourde-itsf-bleu-sport-baby-foot\/\" \/>\n<meta property=\"og:locale\" content=\"es_ES\" \/>\n<meta property=\"og:type\" content=\"article\" \/>\n<meta property=\"og:title\" content=\"Gourde baby-foot ITSF - ITSF Boutique officielle\" \/>\n<meta property=\"og:description\" content=\"Gourde ITSF bleue transparente de 1\u202fL, avec bouchon sport et paille int\u00e9gr\u00e9e; pratique, l\u00e9g\u00e8re et sans BPA. Commandez sur ITSF !\" \/>\n<meta property=\"og:url\" content=\"https:\/\/shop.tablesoccer.org\/es\/producto\/gourde-itsf-bleu-sport-baby-foot\/\" \/>\n<meta property=\"og:site_name\" content=\"ITSF Boutique officielle\" \/>\n<meta property=\"article:modified_time\" content=\"2026-03-29T13:45:15+00:00\" \/>\n<meta property=\"og:image\" content=\"https:\/\/shop.tablesoccer.org\/wp-content\/uploads\/2024\/11\/gourde.png\" \/>\n\t<meta property=\"og:image:width\" content=\"1719\" \/>\n\t<meta property=\"og:image:height\" content=\"1454\" \/>\n\t<meta property=\"og:image:type\" content=\"image\/png\" \/>\n<meta name=\"twitter:card\" content=\"summary_large_image\" \/>\n<meta name=\"twitter:label1\" content=\"Tiempo de lectura\" \/>\n\t<meta name=\"twitter:data1\" content=\"1 minuto\" \/>\n<script type=\"application\/ld+json\" class=\"yoast-schema-graph\">{\"@context\":\"https:\/\/schema.org\",\"@graph\":[{\"@type\":\"WebPage\",\"@id\":\"https:\/\/shop.tablesoccer.org\/produit\/gourde-itsf-bleu-sport-baby-foot\/\",\"url\":\"https:\/\/shop.tablesoccer.org\/produit\/gourde-itsf-bleu-sport-baby-foot\/\",\"name\":\"Gourde baby-foot ITSF - ITSF Boutique officielle\",\"isPartOf\":{\"@id\":\"https:\/\/shop.tablesoccer.org\/#website\"},\"primaryImageOfPage\":{\"@id\":\"https:\/\/shop.tablesoccer.org\/produit\/gourde-itsf-bleu-sport-baby-foot\/#primaryimage\"},\"image\":{\"@id\":\"https:\/\/shop.tablesoccer.org\/produit\/gourde-itsf-bleu-sport-baby-foot\/#primaryimage\"},\"thumbnailUrl\":\"https:\/\/shop.tablesoccer.org\/wp-content\/uploads\/2024\/11\/gourde.png\",\"datePublished\":\"2024-11-13T14:30:38+00:00\",\"dateModified\":\"2026-03-29T13:45:15+00:00\",\"description\":\"Gourde ITSF bleue transparente de 1\u202fL, avec bouchon sport et paille int\u00e9gr\u00e9e; pratique, l\u00e9g\u00e8re et sans BPA. Commandez sur ITSF !\",\"breadcrumb\":{\"@id\":\"https:\/\/shop.tablesoccer.org\/produit\/gourde-itsf-bleu-sport-baby-foot\/#breadcrumb\"},\"inLanguage\":\"es\",\"potentialAction\":[{\"@type\":\"ReadAction\",\"target\":[\"https:\/\/shop.tablesoccer.org\/produit\/gourde-itsf-bleu-sport-baby-foot\/\"]}]},{\"@type\":\"ImageObject\",\"inLanguage\":\"es\",\"@id\":\"https:\/\/shop.tablesoccer.org\/produit\/gourde-itsf-bleu-sport-baby-foot\/#primaryimage\",\"url\":\"https:\/\/shop.tablesoccer.org\/wp-content\/uploads\/2024\/11\/gourde.png\",\"contentUrl\":\"https:\/\/shop.tablesoccer.org\/wp-content\/uploads\/2024\/11\/gourde.png\",\"width\":1719,\"height\":1454,\"caption\":\"Gourde Bleu ITSF\"},{\"@type\":\"BreadcrumbList\",\"@id\":\"https:\/\/shop.tablesoccer.org\/produit\/gourde-itsf-bleu-sport-baby-foot\/#breadcrumb\",\"itemListElement\":[{\"@type\":\"ListItem\",\"position\":1,\"name\":\"Accueil\",\"item\":\"https:\/\/shop.tablesoccer.org\/\"},{\"@type\":\"ListItem\",\"position\":2,\"name\":\"Boutique\",\"item\":\"https:\/\/shop.tablesoccer.org\/accueil\/boutique\/\"},{\"@type\":\"ListItem\",\"position\":3,\"name\":\"Gourde baby-foot ITSF\"}]},{\"@type\":\"WebSite\",\"@id\":\"https:\/\/shop.tablesoccer.org\/#website\",\"url\":\"https:\/\/shop.tablesoccer.org\/\",\"name\":\"ITSF Boutique officielle\",\"description\":\"\",\"potentialAction\":[{\"@type\":\"SearchAction\",\"target\":{\"@type\":\"EntryPoint\",\"urlTemplate\":\"https:\/\/shop.tablesoccer.org\/?s={search_term_string}\"},\"query-input\":{\"@type\":\"PropertyValueSpecification\",\"valueRequired\":true,\"valueName\":\"search_term_string\"}}],\"inLanguage\":\"es\"}]}<\/script>\n<!-- \/ Yoast SEO plugin. -->","yoast_head_json":{"title":"Gourde baby-foot ITSF - ITSF Boutique officielle","description":"Gourde ITSF bleue transparente de 1\u202fL, avec bouchon sport et paille int\u00e9gr\u00e9e; pratique, l\u00e9g\u00e8re et sans BPA. Commandez sur ITSF !","robots":{"index":"index","follow":"follow","max-snippet":"max-snippet:-1","max-image-preview":"max-image-preview:large","max-video-preview":"max-video-preview:-1"},"canonical":"https:\/\/shop.tablesoccer.org\/es\/producto\/gourde-itsf-bleu-sport-baby-foot\/","og_locale":"es_ES","og_type":"article","og_title":"Gourde baby-foot ITSF - ITSF Boutique officielle","og_description":"Gourde ITSF bleue transparente de 1\u202fL, avec bouchon sport et paille int\u00e9gr\u00e9e; pratique, l\u00e9g\u00e8re et sans BPA. Commandez sur ITSF !","og_url":"https:\/\/shop.tablesoccer.org\/es\/producto\/gourde-itsf-bleu-sport-baby-foot\/","og_site_name":"ITSF Boutique officielle","article_modified_time":"2026-03-29T13:45:15+00:00","og_image":[{"width":1719,"height":1454,"url":"https:\/\/shop.tablesoccer.org\/wp-content\/uploads\/2024\/11\/gourde.png","type":"image\/png"}],"twitter_card":"summary_large_image","twitter_misc":{"Tiempo de lectura":"1 minuto"},"schema":{"@context":"https:\/\/schema.org","@graph":[{"@type":"WebPage","@id":"https:\/\/shop.tablesoccer.org\/produit\/gourde-itsf-bleu-sport-baby-foot\/","url":"https:\/\/shop.tablesoccer.org\/produit\/gourde-itsf-bleu-sport-baby-foot\/","name":"Gourde baby-foot ITSF - ITSF Boutique officielle","isPartOf":{"@id":"https:\/\/shop.tablesoccer.org\/#website"},"primaryImageOfPage":{"@id":"https:\/\/shop.tablesoccer.org\/produit\/gourde-itsf-bleu-sport-baby-foot\/#primaryimage"},"image":{"@id":"https:\/\/shop.tablesoccer.org\/produit\/gourde-itsf-bleu-sport-baby-foot\/#primaryimage"},"thumbnailUrl":"https:\/\/shop.tablesoccer.org\/wp-content\/uploads\/2024\/11\/gourde.png","datePublished":"2024-11-13T14:30:38+00:00","dateModified":"2026-03-29T13:45:15+00:00","description":"Gourde ITSF bleue transparente de 1\u202fL, avec bouchon sport et paille int\u00e9gr\u00e9e; pratique, l\u00e9g\u00e8re et sans BPA. Commandez sur ITSF !","breadcrumb":{"@id":"https:\/\/shop.tablesoccer.org\/produit\/gourde-itsf-bleu-sport-baby-foot\/#breadcrumb"},"inLanguage":"es","potentialAction":[{"@type":"ReadAction","target":["https:\/\/shop.tablesoccer.org\/produit\/gourde-itsf-bleu-sport-baby-foot\/"]}]},{"@type":"ImageObject","inLanguage":"es","@id":"https:\/\/shop.tablesoccer.org\/produit\/gourde-itsf-bleu-sport-baby-foot\/#primaryimage","url":"https:\/\/shop.tablesoccer.org\/wp-content\/uploads\/2024\/11\/gourde.png","contentUrl":"https:\/\/shop.tablesoccer.org\/wp-content\/uploads\/2024\/11\/gourde.png","width":1719,"height":1454,"caption":"Gourde Bleu ITSF"},{"@type":"BreadcrumbList","@id":"https:\/\/shop.tablesoccer.org\/produit\/gourde-itsf-bleu-sport-baby-foot\/#breadcrumb","itemListElement":[{"@type":"ListItem","position":1,"name":"Accueil","item":"https:\/\/shop.tablesoccer.org\/"},{"@type":"ListItem","position":2,"name":"Boutique","item":"https:\/\/shop.tablesoccer.org\/accueil\/boutique\/"},{"@type":"ListItem","position":3,"name":"Gourde baby-foot ITSF"}]},{"@type":"WebSite","@id":"https:\/\/shop.tablesoccer.org\/#website","url":"https:\/\/shop.tablesoccer.org\/","name":"ITSF Boutique officielle","description":"","potentialAction":[{"@type":"SearchAction","target":{"@type":"EntryPoint","urlTemplate":"https:\/\/shop.tablesoccer.org\/?s={search_term_string}"},"query-input":{"@type":"PropertyValueSpecification","valueRequired":true,"valueName":"search_term_string"}}],"inLanguage":"es"}]}},"_links":{"self":[{"href":"https:\/\/shop.tablesoccer.org\/es\/wp-json\/wp\/v2\/product\/11234","targetHints":{"allow":["GET"]}}],"collection":[{"href":"https:\/\/shop.tablesoccer.org\/es\/wp-json\/wp\/v2\/product"}],"about":[{"href":"https:\/\/shop.tablesoccer.org\/es\/wp-json\/wp\/v2\/types\/product"}],"replies":[{"embeddable":true,"href":"https:\/\/shop.tablesoccer.org\/es\/wp-json\/wp\/v2\/comments?post=11234"}],"wp:featuredmedia":[{"embeddable":true,"href":"https:\/\/shop.tablesoccer.org\/es\/wp-json\/wp\/v2\/media\/11236"}],"wp:attachment":[{"href":"https:\/\/shop.tablesoccer.org\/es\/wp-json\/wp\/v2\/media?parent=11234"}],"wp:term":[{"taxonomy":"product_brand","embeddable":true,"href":"https:\/\/shop.tablesoccer.org\/es\/wp-json\/wp\/v2\/product_brand?post=11234"},{"taxonomy":"product_cat","embeddable":true,"href":"https:\/\/shop.tablesoccer.org\/es\/wp-json\/wp\/v2\/product_cat?post=11234"},{"taxonomy":"product_tag","embeddable":true,"href":"https:\/\/shop.tablesoccer.org\/es\/wp-json\/wp\/v2\/product_tag?post=11234"}],"curies":[{"name":"wp","href":"https:\/\/api.w.org\/{rel}","templated":true}]}}