{"id":10875,"date":"2024-10-25T10:32:48","date_gmt":"2024-10-25T08:32:48","guid":{"rendered":"https:\/\/shop.tablesoccer.org\/?post_type=product&#038;p=10875"},"modified":"2026-03-11T14:13:59","modified_gmt":"2026-03-11T13:13:59","slug":"boite-de-rangement-3-balles-de-babyfoot","status":"publish","type":"product","link":"https:\/\/shop.tablesoccer.org\/es\/producto\/boite-de-rangement-3-balles-de-babyfoot\/","title":{"rendered":"Caja de almacenamiento para 3 bolas de futbol\u00edn"},"content":{"rendered":"<p style=\"font-weight: 400;\"><strong>Descripci\u00f3n:<\/strong><\/p>\n<p style=\"font-weight: 400;\">Esta caja de almacenamiento est\u00e1 especialmente dise\u00f1ada para albergar tres bolas de futbol\u00edn. Compacto y pr\u00e1ctico, cabe f\u00e1cilmente en una bolsa de transporte o un malet\u00edn de \u00e1rbitro, y te permite mantener tus bolas secas, protegidas de golpes y a mano para tus sesiones de juego o competiciones.<\/p>\n<p>&nbsp;<\/p>\n<p style=\"font-weight: 400;\"><strong>Caracter\u00edsticas:<\/strong><\/p>\n<p style=\"font-weight: 400;\">- Peso: 45,40 g.<\/p>\n<p style=\"font-weight: 400;\">- Materiales: exterior en poli\u00e9ster laminado EVA (tejido \"nido de abeja\"); interior en tejido multispandex.<\/p>\n<p style=\"font-weight: 400;\">- Dimensiones: 10 x 10 x 4 cm.<\/p>\n<p style=\"font-weight: 400;\">- Colores: azul, negro, rojo, verde.<\/p>\n<p style=\"font-weight: 400;\">Dise\u00f1ada para almacenar hasta tres balas (no incluidas).<\/p>\n<p>&nbsp;<\/p>\n<p style=\"font-weight: 400;\"><strong>Consejos de mantenimiento<\/strong><\/p>\n<p style=\"font-weight: 400;\">Limpie la caja con un pa\u00f1o suave y seco para eliminar el polvo o las manchas. Evite productos abrasivos o disolventes que puedan alterar el material EVA o la tela interior.<\/p>\n<p style=\"font-weight: 400;\">Pr\u00e1ctica y elegante, esta caja de almacenamiento te permite transportar y proteger tus bolas de futbol\u00edn con estilo, y estar siempre preparado para tu partido.<\/p>\n<p style=\"font-weight: 400;\">Encuentra toda nuestra selecci\u00f3n en la categor\u00eda: <a href=\"https:\/\/shop.tablesoccer.org\/es\/categoria-producto\/equipement\/boites-rangement-balles-baby-foot\/\">Cajas de almacenamiento para bolas de futbol\u00edn<\/a><\/p>","protected":false},"excerpt":{"rendered":"<p style=\"font-weight: 400;\">La caja de almacenamiento para 3 pelotas de futbol\u00edn protege y transporta tus pelotas f\u00e1cilmente. Compacta y r\u00edgida, las mantiene a salvo de los golpes. Disponible en varios colores para adaptarse a su equipo. Bolas vendidas por separado.<\/p>","protected":false},"featured_media":11047,"comment_status":"open","ping_status":"closed","template":"","meta":[],"product_brand":[],"product_cat":[119,69],"product_tag":[],"class_list":{"0":"post-10875","1":"product","2":"type-product","3":"status-publish","4":"has-post-thumbnail","6":"product_cat-balles-baby-foot","7":"product_cat-equipement","9":"first","10":"instock","11":"featured","12":"taxable","13":"shipping-taxable","14":"purchasable","15":"product-type-variable"},"yoast_head":"<!-- This site is optimized with the Yoast SEO plugin v26.5 - https:\/\/yoast.com\/wordpress\/plugins\/seo\/ -->\n<title>Bo\u00eete de rangement 3 Balles de Babyfoot - ITSF Boutique officielle<\/title>\n<meta name=\"description\" content=\"Description : Boite pour ranger 3 balles de baby-foot. Balles vendues s\u00e9par\u00e9ment. Id\u00e9ale pour ranger les balles dans son sac.\" \/>\n<meta name=\"robots\" content=\"index, follow, max-snippet:-1, max-image-preview:large, max-video-preview:-1\" \/>\n<link rel=\"canonical\" href=\"https:\/\/shop.tablesoccer.org\/es\/producto\/boite-de-rangement-3-balles-de-babyfoot\/\" \/>\n<meta property=\"og:locale\" content=\"es_ES\" \/>\n<meta property=\"og:type\" content=\"article\" \/>\n<meta property=\"og:title\" content=\"Bo\u00eete de rangement 3 Balles de Babyfoot - ITSF Boutique officielle\" \/>\n<meta property=\"og:description\" content=\"Description : Boite pour ranger 3 balles de baby-foot. Balles vendues s\u00e9par\u00e9ment. Id\u00e9ale pour ranger les balles dans son sac.\" \/>\n<meta property=\"og:url\" content=\"https:\/\/shop.tablesoccer.org\/es\/producto\/boite-de-rangement-3-balles-de-babyfoot\/\" \/>\n<meta property=\"og:site_name\" content=\"ITSF Boutique officielle\" \/>\n<meta property=\"article:modified_time\" content=\"2026-03-11T13:13:59+00:00\" \/>\n<meta property=\"og:image\" content=\"https:\/\/shop.tablesoccer.org\/wp-content\/uploads\/2024\/10\/boites-de-3-bleu-1-removebg-preview.png\" \/>\n\t<meta property=\"og:image:width\" content=\"395\" \/>\n\t<meta property=\"og:image:height\" content=\"396\" \/>\n\t<meta property=\"og:image:type\" content=\"image\/png\" \/>\n<meta name=\"twitter:card\" content=\"summary_large_image\" \/>\n<meta name=\"twitter:label1\" content=\"Tiempo de lectura\" \/>\n\t<meta name=\"twitter:data1\" content=\"2 minutos\" \/>\n<script type=\"application\/ld+json\" class=\"yoast-schema-graph\">{\"@context\":\"https:\/\/schema.org\",\"@graph\":[{\"@type\":\"WebPage\",\"@id\":\"https:\/\/shop.tablesoccer.org\/produit\/boite-de-rangement-3-balles-de-babyfoot\/\",\"url\":\"https:\/\/shop.tablesoccer.org\/produit\/boite-de-rangement-3-balles-de-babyfoot\/\",\"name\":\"Bo\u00eete de rangement 3 Balles de Babyfoot - ITSF Boutique officielle\",\"isPartOf\":{\"@id\":\"https:\/\/shop.tablesoccer.org\/#website\"},\"primaryImageOfPage\":{\"@id\":\"https:\/\/shop.tablesoccer.org\/produit\/boite-de-rangement-3-balles-de-babyfoot\/#primaryimage\"},\"image\":{\"@id\":\"https:\/\/shop.tablesoccer.org\/produit\/boite-de-rangement-3-balles-de-babyfoot\/#primaryimage\"},\"thumbnailUrl\":\"https:\/\/shop.tablesoccer.org\/wp-content\/uploads\/2024\/10\/boites-de-3-bleu-1-removebg-preview.png\",\"datePublished\":\"2024-10-25T08:32:48+00:00\",\"dateModified\":\"2026-03-11T13:13:59+00:00\",\"description\":\"Description : Boite pour ranger 3 balles de baby-foot. Balles vendues s\u00e9par\u00e9ment. Id\u00e9ale pour ranger les balles dans son sac.\",\"breadcrumb\":{\"@id\":\"https:\/\/shop.tablesoccer.org\/produit\/boite-de-rangement-3-balles-de-babyfoot\/#breadcrumb\"},\"inLanguage\":\"es\",\"potentialAction\":[{\"@type\":\"ReadAction\",\"target\":[\"https:\/\/shop.tablesoccer.org\/produit\/boite-de-rangement-3-balles-de-babyfoot\/\"]}]},{\"@type\":\"ImageObject\",\"inLanguage\":\"es\",\"@id\":\"https:\/\/shop.tablesoccer.org\/produit\/boite-de-rangement-3-balles-de-babyfoot\/#primaryimage\",\"url\":\"https:\/\/shop.tablesoccer.org\/wp-content\/uploads\/2024\/10\/boites-de-3-bleu-1-removebg-preview.png\",\"contentUrl\":\"https:\/\/shop.tablesoccer.org\/wp-content\/uploads\/2024\/10\/boites-de-3-bleu-1-removebg-preview.png\",\"width\":395,\"height\":396,\"caption\":\"Boite de 3 balles bleue 3 balls box blue\"},{\"@type\":\"BreadcrumbList\",\"@id\":\"https:\/\/shop.tablesoccer.org\/produit\/boite-de-rangement-3-balles-de-babyfoot\/#breadcrumb\",\"itemListElement\":[{\"@type\":\"ListItem\",\"position\":1,\"name\":\"Accueil\",\"item\":\"https:\/\/shop.tablesoccer.org\/\"},{\"@type\":\"ListItem\",\"position\":2,\"name\":\"Boutique\",\"item\":\"https:\/\/shop.tablesoccer.org\/accueil\/boutique\/\"},{\"@type\":\"ListItem\",\"position\":3,\"name\":\"Bo\u00eete de rangement 3 Balles de Babyfoot\"}]},{\"@type\":\"WebSite\",\"@id\":\"https:\/\/shop.tablesoccer.org\/#website\",\"url\":\"https:\/\/shop.tablesoccer.org\/\",\"name\":\"ITSF Boutique officielle\",\"description\":\"\",\"potentialAction\":[{\"@type\":\"SearchAction\",\"target\":{\"@type\":\"EntryPoint\",\"urlTemplate\":\"https:\/\/shop.tablesoccer.org\/?s={search_term_string}\"},\"query-input\":{\"@type\":\"PropertyValueSpecification\",\"valueRequired\":true,\"valueName\":\"search_term_string\"}}],\"inLanguage\":\"es\"}]}<\/script>\n<!-- \/ Yoast SEO plugin. -->","yoast_head_json":{"title":"Bo\u00eete de rangement 3 Balles de Babyfoot - ITSF Boutique officielle","description":"Description : Boite pour ranger 3 balles de baby-foot. Balles vendues s\u00e9par\u00e9ment. Id\u00e9ale pour ranger les balles dans son sac.","robots":{"index":"index","follow":"follow","max-snippet":"max-snippet:-1","max-image-preview":"max-image-preview:large","max-video-preview":"max-video-preview:-1"},"canonical":"https:\/\/shop.tablesoccer.org\/es\/producto\/boite-de-rangement-3-balles-de-babyfoot\/","og_locale":"es_ES","og_type":"article","og_title":"Bo\u00eete de rangement 3 Balles de Babyfoot - ITSF Boutique officielle","og_description":"Description : Boite pour ranger 3 balles de baby-foot. Balles vendues s\u00e9par\u00e9ment. Id\u00e9ale pour ranger les balles dans son sac.","og_url":"https:\/\/shop.tablesoccer.org\/es\/producto\/boite-de-rangement-3-balles-de-babyfoot\/","og_site_name":"ITSF Boutique officielle","article_modified_time":"2026-03-11T13:13:59+00:00","og_image":[{"width":395,"height":396,"url":"https:\/\/shop.tablesoccer.org\/wp-content\/uploads\/2024\/10\/boites-de-3-bleu-1-removebg-preview.png","type":"image\/png"}],"twitter_card":"summary_large_image","twitter_misc":{"Tiempo de lectura":"2 minutos"},"schema":{"@context":"https:\/\/schema.org","@graph":[{"@type":"WebPage","@id":"https:\/\/shop.tablesoccer.org\/produit\/boite-de-rangement-3-balles-de-babyfoot\/","url":"https:\/\/shop.tablesoccer.org\/produit\/boite-de-rangement-3-balles-de-babyfoot\/","name":"Bo\u00eete de rangement 3 Balles de Babyfoot - ITSF Boutique officielle","isPartOf":{"@id":"https:\/\/shop.tablesoccer.org\/#website"},"primaryImageOfPage":{"@id":"https:\/\/shop.tablesoccer.org\/produit\/boite-de-rangement-3-balles-de-babyfoot\/#primaryimage"},"image":{"@id":"https:\/\/shop.tablesoccer.org\/produit\/boite-de-rangement-3-balles-de-babyfoot\/#primaryimage"},"thumbnailUrl":"https:\/\/shop.tablesoccer.org\/wp-content\/uploads\/2024\/10\/boites-de-3-bleu-1-removebg-preview.png","datePublished":"2024-10-25T08:32:48+00:00","dateModified":"2026-03-11T13:13:59+00:00","description":"Description : Boite pour ranger 3 balles de baby-foot. Balles vendues s\u00e9par\u00e9ment. Id\u00e9ale pour ranger les balles dans son sac.","breadcrumb":{"@id":"https:\/\/shop.tablesoccer.org\/produit\/boite-de-rangement-3-balles-de-babyfoot\/#breadcrumb"},"inLanguage":"es","potentialAction":[{"@type":"ReadAction","target":["https:\/\/shop.tablesoccer.org\/produit\/boite-de-rangement-3-balles-de-babyfoot\/"]}]},{"@type":"ImageObject","inLanguage":"es","@id":"https:\/\/shop.tablesoccer.org\/produit\/boite-de-rangement-3-balles-de-babyfoot\/#primaryimage","url":"https:\/\/shop.tablesoccer.org\/wp-content\/uploads\/2024\/10\/boites-de-3-bleu-1-removebg-preview.png","contentUrl":"https:\/\/shop.tablesoccer.org\/wp-content\/uploads\/2024\/10\/boites-de-3-bleu-1-removebg-preview.png","width":395,"height":396,"caption":"Boite de 3 balles bleue 3 balls box blue"},{"@type":"BreadcrumbList","@id":"https:\/\/shop.tablesoccer.org\/produit\/boite-de-rangement-3-balles-de-babyfoot\/#breadcrumb","itemListElement":[{"@type":"ListItem","position":1,"name":"Accueil","item":"https:\/\/shop.tablesoccer.org\/"},{"@type":"ListItem","position":2,"name":"Boutique","item":"https:\/\/shop.tablesoccer.org\/accueil\/boutique\/"},{"@type":"ListItem","position":3,"name":"Bo\u00eete de rangement 3 Balles de Babyfoot"}]},{"@type":"WebSite","@id":"https:\/\/shop.tablesoccer.org\/#website","url":"https:\/\/shop.tablesoccer.org\/","name":"ITSF Boutique officielle","description":"","potentialAction":[{"@type":"SearchAction","target":{"@type":"EntryPoint","urlTemplate":"https:\/\/shop.tablesoccer.org\/?s={search_term_string}"},"query-input":{"@type":"PropertyValueSpecification","valueRequired":true,"valueName":"search_term_string"}}],"inLanguage":"es"}]}},"_links":{"self":[{"href":"https:\/\/shop.tablesoccer.org\/es\/wp-json\/wp\/v2\/product\/10875","targetHints":{"allow":["GET"]}}],"collection":[{"href":"https:\/\/shop.tablesoccer.org\/es\/wp-json\/wp\/v2\/product"}],"about":[{"href":"https:\/\/shop.tablesoccer.org\/es\/wp-json\/wp\/v2\/types\/product"}],"replies":[{"embeddable":true,"href":"https:\/\/shop.tablesoccer.org\/es\/wp-json\/wp\/v2\/comments?post=10875"}],"wp:featuredmedia":[{"embeddable":true,"href":"https:\/\/shop.tablesoccer.org\/es\/wp-json\/wp\/v2\/media\/11047"}],"wp:attachment":[{"href":"https:\/\/shop.tablesoccer.org\/es\/wp-json\/wp\/v2\/media?parent=10875"}],"wp:term":[{"taxonomy":"product_brand","embeddable":true,"href":"https:\/\/shop.tablesoccer.org\/es\/wp-json\/wp\/v2\/product_brand?post=10875"},{"taxonomy":"product_cat","embeddable":true,"href":"https:\/\/shop.tablesoccer.org\/es\/wp-json\/wp\/v2\/product_cat?post=10875"},{"taxonomy":"product_tag","embeddable":true,"href":"https:\/\/shop.tablesoccer.org\/es\/wp-json\/wp\/v2\/product_tag?post=10875"}],"curies":[{"name":"wp","href":"https:\/\/api.w.org\/{rel}","templated":true}]}}