{"id":10283,"date":"2024-01-19T16:08:21","date_gmt":"2024-01-19T15:08:21","guid":{"rendered":"https:\/\/shop.tablesoccer.org\/?post_type=product&#038;p=10283"},"modified":"2026-03-30T10:29:33","modified_gmt":"2026-03-30T08:29:33","slug":"pack-5-balles-baby-foot-roberto-sport-itsf","status":"publish","type":"product","link":"https:\/\/shop.tablesoccer.org\/es\/producto\/pack-5-balles-baby-foot-roberto-sport-itsf\/","title":{"rendered":"Lote 5 bolas de futbol\u00edn Roberto Sport ITSF"},"content":{"rendered":"<p style=\"font-weight: 400;\"><strong>Descripci\u00f3n:<\/strong><\/p>\n<p style=\"font-weight: 400;\">Este pack re\u00fane cinco pelotas Roberto Sport ITSF, las mismas que se utilizan en los torneos oficiales. Certificadas por la ITSF, ofrecen un juego preciso, un buen agarre y una perfecta constancia en las mesas Roberto Sport. Perfecto para jugadores regulares o clubes.<\/p>\n<p>&nbsp;<\/p>\n<p style=\"font-weight: 400;\"><strong>Caracter\u00edsticas:<\/strong><\/p>\n<p style=\"font-weight: 400;\">- Cantidad: 5 bolas<\/p>\n<p style=\"font-weight: 400;\">\u2013 Color : amarillo<\/p>\n<p style=\"font-weight: 400;\">\u2013 Peso: 35 g<\/p>\n<p style=\"font-weight: 400;\">\u2028\u2013 Di\u00e1metro: 34,6 mm<\/p>\n<p style=\"font-weight: 400;\">Certificados ITSF<\/p>\n<p>&nbsp;<\/p>\n<p style=\"font-weight: 400;\"><strong>consejos de mantenimiento<\/strong><\/p>\n<p style=\"font-weight: 400;\">Para conservar todas sus cualidades de juego, limpie la pelota con un pa\u00f1o suave y seco despu\u00e9s de cada uso. Evite los productos abrasivos o disolventes que puedan alterar su superficie. Almac\u00e9nelo lejos de la humedad y las temperaturas extremas.<\/p>\n<p style=\"font-weight: 400;\">Para protegerlos y mantenerlos organizados, puede almacenarlos en <a href=\"https:\/\/shop.tablesoccer.org\/es\/producto\/boite-de-5-balles-de-babyfoot\/\">la caja de almacenamiento ITSF<\/a> prevista a tal efecto<\/p>\n<div><\/div>\n<p style=\"font-weight: 400;\">Un pack completo para disfrutar de lo mejor del juego Roberto Sport, con pelotas listas para la competici\u00f3n.<\/p>\n<p style=\"font-weight: 400;\">Encuentra toda nuestra selecci\u00f3n en la categor\u00eda: <a href=\"https:\/\/shop.tablesoccer.org\/es\/categoria-producto\/equipement\/balles-baby-foot\/\">Pelotas de futbol\u00edn<\/a><\/p>","protected":false},"excerpt":{"rendered":"<p style=\"font-weight: 400;\">El pack de 5 bolas Roberto Sport ITSF re\u00fane las pelotas oficiales certificadas para la competici\u00f3n. Ideal para equipar o renovar sus pelotas con la reconocida calidad Roberto Sport.<\/p>\n<p style=\"font-weight: 400;\">","protected":false},"featured_media":10282,"comment_status":"open","ping_status":"closed","template":"","meta":[],"product_brand":[],"product_cat":[119,69],"product_tag":[],"class_list":{"0":"post-10283","1":"product","2":"type-product","3":"status-publish","4":"has-post-thumbnail","6":"product_cat-balles-baby-foot","7":"product_cat-equipement","9":"first","10":"outofstock","11":"taxable","12":"shipping-taxable","13":"purchasable","14":"product-type-simple"},"yoast_head":"<!-- This site is optimized with the Yoast SEO plugin v26.5 - https:\/\/yoast.com\/wordpress\/plugins\/seo\/ -->\n<title>Lot 5 Balles baby-foot Roberto Sport ITSF - ITSF Boutique officielle<\/title>\n<meta name=\"description\" content=\"Pack 5 balles Roberto Sport ITSF : cinq balles de baby-foot ITSF Roberto Sport, adapt\u00e9es pour le jeu comp\u00e9titif. Commandez-les sur l\u2019ITSF Store !\" \/>\n<meta name=\"robots\" content=\"index, follow, max-snippet:-1, max-image-preview:large, max-video-preview:-1\" \/>\n<link rel=\"canonical\" href=\"https:\/\/shop.tablesoccer.org\/es\/producto\/pack-5-balles-baby-foot-roberto-sport-itsf\/\" \/>\n<meta property=\"og:locale\" content=\"es_ES\" \/>\n<meta property=\"og:type\" content=\"article\" \/>\n<meta property=\"og:title\" content=\"Lot 5 Balles baby-foot Roberto Sport ITSF - ITSF Boutique officielle\" \/>\n<meta property=\"og:description\" content=\"Pack 5 balles Roberto Sport ITSF : cinq balles de baby-foot ITSF Roberto Sport, adapt\u00e9es pour le jeu comp\u00e9titif. Commandez-les sur l\u2019ITSF Store !\" \/>\n<meta property=\"og:url\" content=\"https:\/\/shop.tablesoccer.org\/es\/producto\/pack-5-balles-baby-foot-roberto-sport-itsf\/\" \/>\n<meta property=\"og:site_name\" content=\"ITSF Boutique officielle\" \/>\n<meta property=\"article:modified_time\" content=\"2026-03-30T08:29:33+00:00\" \/>\n<meta property=\"og:image\" content=\"https:\/\/shop.tablesoccer.org\/wp-content\/uploads\/2024\/01\/Capture-decran-2024-01-19-145759.png\" \/>\n\t<meta property=\"og:image:width\" content=\"605\" \/>\n\t<meta property=\"og:image:height\" content=\"678\" \/>\n\t<meta property=\"og:image:type\" content=\"image\/png\" \/>\n<meta name=\"twitter:card\" content=\"summary_large_image\" \/>\n<meta name=\"twitter:label1\" content=\"Tiempo de lectura\" \/>\n\t<meta name=\"twitter:data1\" content=\"1 minuto\" \/>\n<script type=\"application\/ld+json\" class=\"yoast-schema-graph\">{\"@context\":\"https:\/\/schema.org\",\"@graph\":[{\"@type\":\"WebPage\",\"@id\":\"https:\/\/shop.tablesoccer.org\/produit\/pack-5-balles-baby-foot-roberto-sport-itsf\/\",\"url\":\"https:\/\/shop.tablesoccer.org\/produit\/pack-5-balles-baby-foot-roberto-sport-itsf\/\",\"name\":\"Lot 5 Balles baby-foot Roberto Sport ITSF - ITSF Boutique officielle\",\"isPartOf\":{\"@id\":\"https:\/\/shop.tablesoccer.org\/#website\"},\"primaryImageOfPage\":{\"@id\":\"https:\/\/shop.tablesoccer.org\/produit\/pack-5-balles-baby-foot-roberto-sport-itsf\/#primaryimage\"},\"image\":{\"@id\":\"https:\/\/shop.tablesoccer.org\/produit\/pack-5-balles-baby-foot-roberto-sport-itsf\/#primaryimage\"},\"thumbnailUrl\":\"https:\/\/shop.tablesoccer.org\/wp-content\/uploads\/2024\/01\/Capture-decran-2024-01-19-145759.png\",\"datePublished\":\"2024-01-19T15:08:21+00:00\",\"dateModified\":\"2026-03-30T08:29:33+00:00\",\"description\":\"Pack 5 balles Roberto Sport ITSF : cinq balles de baby-foot ITSF Roberto Sport, adapt\u00e9es pour le jeu comp\u00e9titif. Commandez-les sur l\u2019ITSF Store !\",\"breadcrumb\":{\"@id\":\"https:\/\/shop.tablesoccer.org\/produit\/pack-5-balles-baby-foot-roberto-sport-itsf\/#breadcrumb\"},\"inLanguage\":\"es\",\"potentialAction\":[{\"@type\":\"ReadAction\",\"target\":[\"https:\/\/shop.tablesoccer.org\/produit\/pack-5-balles-baby-foot-roberto-sport-itsf\/\"]}]},{\"@type\":\"ImageObject\",\"inLanguage\":\"es\",\"@id\":\"https:\/\/shop.tablesoccer.org\/produit\/pack-5-balles-baby-foot-roberto-sport-itsf\/#primaryimage\",\"url\":\"https:\/\/shop.tablesoccer.org\/wp-content\/uploads\/2024\/01\/Capture-decran-2024-01-19-145759.png\",\"contentUrl\":\"https:\/\/shop.tablesoccer.org\/wp-content\/uploads\/2024\/01\/Capture-decran-2024-01-19-145759.png\",\"width\":605,\"height\":678},{\"@type\":\"BreadcrumbList\",\"@id\":\"https:\/\/shop.tablesoccer.org\/produit\/pack-5-balles-baby-foot-roberto-sport-itsf\/#breadcrumb\",\"itemListElement\":[{\"@type\":\"ListItem\",\"position\":1,\"name\":\"Accueil\",\"item\":\"https:\/\/shop.tablesoccer.org\/\"},{\"@type\":\"ListItem\",\"position\":2,\"name\":\"Boutique\",\"item\":\"https:\/\/shop.tablesoccer.org\/accueil\/boutique\/\"},{\"@type\":\"ListItem\",\"position\":3,\"name\":\"Lot 5 Balles baby-foot Roberto Sport ITSF\"}]},{\"@type\":\"WebSite\",\"@id\":\"https:\/\/shop.tablesoccer.org\/#website\",\"url\":\"https:\/\/shop.tablesoccer.org\/\",\"name\":\"ITSF Boutique officielle\",\"description\":\"\",\"potentialAction\":[{\"@type\":\"SearchAction\",\"target\":{\"@type\":\"EntryPoint\",\"urlTemplate\":\"https:\/\/shop.tablesoccer.org\/?s={search_term_string}\"},\"query-input\":{\"@type\":\"PropertyValueSpecification\",\"valueRequired\":true,\"valueName\":\"search_term_string\"}}],\"inLanguage\":\"es\"}]}<\/script>\n<!-- \/ Yoast SEO plugin. -->","yoast_head_json":{"title":"Lot 5 Balles baby-foot Roberto Sport ITSF - ITSF Boutique officielle","description":"Pack 5 balles Roberto Sport ITSF : cinq balles de baby-foot ITSF Roberto Sport, adapt\u00e9es pour le jeu comp\u00e9titif. Commandez-les sur l\u2019ITSF Store !","robots":{"index":"index","follow":"follow","max-snippet":"max-snippet:-1","max-image-preview":"max-image-preview:large","max-video-preview":"max-video-preview:-1"},"canonical":"https:\/\/shop.tablesoccer.org\/es\/producto\/pack-5-balles-baby-foot-roberto-sport-itsf\/","og_locale":"es_ES","og_type":"article","og_title":"Lot 5 Balles baby-foot Roberto Sport ITSF - ITSF Boutique officielle","og_description":"Pack 5 balles Roberto Sport ITSF : cinq balles de baby-foot ITSF Roberto Sport, adapt\u00e9es pour le jeu comp\u00e9titif. Commandez-les sur l\u2019ITSF Store !","og_url":"https:\/\/shop.tablesoccer.org\/es\/producto\/pack-5-balles-baby-foot-roberto-sport-itsf\/","og_site_name":"ITSF Boutique officielle","article_modified_time":"2026-03-30T08:29:33+00:00","og_image":[{"width":605,"height":678,"url":"https:\/\/shop.tablesoccer.org\/wp-content\/uploads\/2024\/01\/Capture-decran-2024-01-19-145759.png","type":"image\/png"}],"twitter_card":"summary_large_image","twitter_misc":{"Tiempo de lectura":"1 minuto"},"schema":{"@context":"https:\/\/schema.org","@graph":[{"@type":"WebPage","@id":"https:\/\/shop.tablesoccer.org\/produit\/pack-5-balles-baby-foot-roberto-sport-itsf\/","url":"https:\/\/shop.tablesoccer.org\/produit\/pack-5-balles-baby-foot-roberto-sport-itsf\/","name":"Lot 5 Balles baby-foot Roberto Sport ITSF - ITSF Boutique officielle","isPartOf":{"@id":"https:\/\/shop.tablesoccer.org\/#website"},"primaryImageOfPage":{"@id":"https:\/\/shop.tablesoccer.org\/produit\/pack-5-balles-baby-foot-roberto-sport-itsf\/#primaryimage"},"image":{"@id":"https:\/\/shop.tablesoccer.org\/produit\/pack-5-balles-baby-foot-roberto-sport-itsf\/#primaryimage"},"thumbnailUrl":"https:\/\/shop.tablesoccer.org\/wp-content\/uploads\/2024\/01\/Capture-decran-2024-01-19-145759.png","datePublished":"2024-01-19T15:08:21+00:00","dateModified":"2026-03-30T08:29:33+00:00","description":"Pack 5 balles Roberto Sport ITSF : cinq balles de baby-foot ITSF Roberto Sport, adapt\u00e9es pour le jeu comp\u00e9titif. Commandez-les sur l\u2019ITSF Store !","breadcrumb":{"@id":"https:\/\/shop.tablesoccer.org\/produit\/pack-5-balles-baby-foot-roberto-sport-itsf\/#breadcrumb"},"inLanguage":"es","potentialAction":[{"@type":"ReadAction","target":["https:\/\/shop.tablesoccer.org\/produit\/pack-5-balles-baby-foot-roberto-sport-itsf\/"]}]},{"@type":"ImageObject","inLanguage":"es","@id":"https:\/\/shop.tablesoccer.org\/produit\/pack-5-balles-baby-foot-roberto-sport-itsf\/#primaryimage","url":"https:\/\/shop.tablesoccer.org\/wp-content\/uploads\/2024\/01\/Capture-decran-2024-01-19-145759.png","contentUrl":"https:\/\/shop.tablesoccer.org\/wp-content\/uploads\/2024\/01\/Capture-decran-2024-01-19-145759.png","width":605,"height":678},{"@type":"BreadcrumbList","@id":"https:\/\/shop.tablesoccer.org\/produit\/pack-5-balles-baby-foot-roberto-sport-itsf\/#breadcrumb","itemListElement":[{"@type":"ListItem","position":1,"name":"Accueil","item":"https:\/\/shop.tablesoccer.org\/"},{"@type":"ListItem","position":2,"name":"Boutique","item":"https:\/\/shop.tablesoccer.org\/accueil\/boutique\/"},{"@type":"ListItem","position":3,"name":"Lot 5 Balles baby-foot Roberto Sport ITSF"}]},{"@type":"WebSite","@id":"https:\/\/shop.tablesoccer.org\/#website","url":"https:\/\/shop.tablesoccer.org\/","name":"ITSF Boutique officielle","description":"","potentialAction":[{"@type":"SearchAction","target":{"@type":"EntryPoint","urlTemplate":"https:\/\/shop.tablesoccer.org\/?s={search_term_string}"},"query-input":{"@type":"PropertyValueSpecification","valueRequired":true,"valueName":"search_term_string"}}],"inLanguage":"es"}]}},"_links":{"self":[{"href":"https:\/\/shop.tablesoccer.org\/es\/wp-json\/wp\/v2\/product\/10283","targetHints":{"allow":["GET"]}}],"collection":[{"href":"https:\/\/shop.tablesoccer.org\/es\/wp-json\/wp\/v2\/product"}],"about":[{"href":"https:\/\/shop.tablesoccer.org\/es\/wp-json\/wp\/v2\/types\/product"}],"replies":[{"embeddable":true,"href":"https:\/\/shop.tablesoccer.org\/es\/wp-json\/wp\/v2\/comments?post=10283"}],"wp:featuredmedia":[{"embeddable":true,"href":"https:\/\/shop.tablesoccer.org\/es\/wp-json\/wp\/v2\/media\/10282"}],"wp:attachment":[{"href":"https:\/\/shop.tablesoccer.org\/es\/wp-json\/wp\/v2\/media?parent=10283"}],"wp:term":[{"taxonomy":"product_brand","embeddable":true,"href":"https:\/\/shop.tablesoccer.org\/es\/wp-json\/wp\/v2\/product_brand?post=10283"},{"taxonomy":"product_cat","embeddable":true,"href":"https:\/\/shop.tablesoccer.org\/es\/wp-json\/wp\/v2\/product_cat?post=10283"},{"taxonomy":"product_tag","embeddable":true,"href":"https:\/\/shop.tablesoccer.org\/es\/wp-json\/wp\/v2\/product_tag?post=10283"}],"curies":[{"name":"wp","href":"https:\/\/api.w.org\/{rel}","templated":true}]}}