{"id":10280,"date":"2024-01-19T16:05:15","date_gmt":"2024-01-19T15:05:15","guid":{"rendered":"https:\/\/shop.tablesoccer.org\/?post_type=product&#038;p=10280"},"modified":"2026-03-08T17:24:52","modified_gmt":"2026-03-08T16:24:52","slug":"lot-5-balles-baby-foot-roberto-sport-rollerball","status":"publish","type":"product","link":"https:\/\/shop.tablesoccer.org\/es\/producto\/lot-5-balles-baby-foot-roberto-sport-rollerball\/","title":{"rendered":"Lote 5 bolas de futbol\u00edn Roberto Sport \"Rollerball\""},"content":{"rendered":"<p style=\"font-weight: 400;\"><strong>Descripci\u00f3n:<\/strong><\/p>\n<p style=\"font-weight: 400;\">Este pack incluye cinco pelotas de futbol\u00edn Roberto Sport \"Rollerball\", certificadas por la ITSF para la pr\u00e1ctica del rollerball. Su ligereza y su superficie lisa permiten un juego m\u00e1s r\u00e1pido y din\u00e1mico, ideal para variar las sensaciones de juego.<\/p>\n<p>&nbsp;<\/p>\n<p style=\"font-weight: 400;\"><strong>Caracter\u00edsticas:<\/strong><\/p>\n<p style=\"font-weight: 400;\">- Cantidad: 5 bolas<\/p>\n<p style=\"font-weight: 400;\">\u2013 Color : amarillo<\/p>\n<p style=\"font-weight: 400;\">- Peso: 20 g<\/p>\n<p style=\"font-weight: 400;\">\u2013 Di\u00e1metro: 34 mm<\/p>\n<p style=\"font-weight: 400;\">Certificados ITSF<\/p>\n<p>&nbsp;<\/p>\n<p style=\"font-weight: 400;\"><strong>consejos de mantenimiento<\/strong><\/p>\n<p style=\"font-weight: 400;\">Limpie las balas con un pa\u00f1o suave y seco. Gu\u00e1rdelas lejos de la humedad y del calor. Para protegerlos y mantenerlos organizados, puede almacenarlos en <a href=\"https:\/\/shop.tablesoccer.org\/es\/producto\/boite-de-5-balles-de-babyfoot\/\">la caja de almacenamiento ITSF<\/a> prevista a tal efecto<\/p>\n<p style=\"font-weight: 400;\">Un pack perfecto para descubrir el rollerball y disfrutar de un estilo de juego m\u00e1s libre y r\u00e1pido en un futbol\u00edn Roberto Sport.<\/p>\n<p>Encuentra toda nuestra selecci\u00f3n en la categor\u00eda: <a href=\"https:\/\/shop.tablesoccer.org\/es\/categoria-producto\/equipement\/balles-baby-foot\/\">Pelotas de futbol\u00edn<\/a><\/p>","protected":false},"excerpt":{"rendered":"<div class=\"woocommerce-product-details__short-description\">\n<p>Lote de 5 bolas de futbol\u00edn \"Rollerball\" Roberto Sport certificadas ITSF, dise\u00f1adas para un juego fluido, r\u00e1pido y m\u00e1s libre en las mesas Roberto Sport.<\/p>\n<\/div>","protected":false},"featured_media":10281,"comment_status":"open","ping_status":"closed","template":"","meta":[],"product_brand":[],"product_cat":[119,69],"product_tag":[],"class_list":{"0":"post-10280","1":"product","2":"type-product","3":"status-publish","4":"has-post-thumbnail","6":"product_cat-balles-baby-foot","7":"product_cat-equipement","9":"first","10":"instock","11":"taxable","12":"shipping-taxable","13":"purchasable","14":"product-type-simple"},"yoast_head":"<!-- This site is optimized with the Yoast SEO plugin v26.5 - https:\/\/yoast.com\/wordpress\/plugins\/seo\/ -->\n<title>Lot 5 Balles baby-foot Roberto Sport \u201cRollerball\u201d - ITSF Boutique officielle<\/title>\n<meta name=\"description\" content=\"Pack 5 balles Roberto Sport Rollerball : Con\u00e7ues pour le rollerball, une autre fa\u00e7on de jouer au baby-foot. Commandez-les sur l\u2019ITSF Store !\" \/>\n<meta name=\"robots\" content=\"index, follow, max-snippet:-1, max-image-preview:large, max-video-preview:-1\" \/>\n<link rel=\"canonical\" href=\"https:\/\/shop.tablesoccer.org\/es\/producto\/lot-5-balles-baby-foot-roberto-sport-rollerball\/\" \/>\n<meta property=\"og:locale\" content=\"es_ES\" \/>\n<meta property=\"og:type\" content=\"article\" \/>\n<meta property=\"og:title\" content=\"Lot 5 Balles baby-foot Roberto Sport \u201cRollerball\u201d - ITSF Boutique officielle\" \/>\n<meta property=\"og:description\" content=\"Pack 5 balles Roberto Sport Rollerball : Con\u00e7ues pour le rollerball, une autre fa\u00e7on de jouer au baby-foot. Commandez-les sur l\u2019ITSF Store !\" \/>\n<meta property=\"og:url\" content=\"https:\/\/shop.tablesoccer.org\/es\/producto\/lot-5-balles-baby-foot-roberto-sport-rollerball\/\" \/>\n<meta property=\"og:site_name\" content=\"ITSF Boutique officielle\" \/>\n<meta property=\"article:modified_time\" content=\"2026-03-08T16:24:52+00:00\" \/>\n<meta property=\"og:image\" content=\"https:\/\/shop.tablesoccer.org\/wp-content\/uploads\/2024\/01\/Capture-decran-2024-01-19-145741.png\" \/>\n\t<meta property=\"og:image:width\" content=\"489\" \/>\n\t<meta property=\"og:image:height\" content=\"639\" \/>\n\t<meta property=\"og:image:type\" content=\"image\/png\" \/>\n<meta name=\"twitter:card\" content=\"summary_large_image\" \/>\n<meta name=\"twitter:label1\" content=\"Tiempo de lectura\" \/>\n\t<meta name=\"twitter:data1\" content=\"1 minuto\" \/>\n<script type=\"application\/ld+json\" class=\"yoast-schema-graph\">{\"@context\":\"https:\/\/schema.org\",\"@graph\":[{\"@type\":\"WebPage\",\"@id\":\"https:\/\/shop.tablesoccer.org\/produit\/lot-5-balles-baby-foot-roberto-sport-rollerball\/\",\"url\":\"https:\/\/shop.tablesoccer.org\/produit\/lot-5-balles-baby-foot-roberto-sport-rollerball\/\",\"name\":\"Lot 5 Balles baby-foot Roberto Sport \u201cRollerball\u201d - ITSF Boutique officielle\",\"isPartOf\":{\"@id\":\"https:\/\/shop.tablesoccer.org\/#website\"},\"primaryImageOfPage\":{\"@id\":\"https:\/\/shop.tablesoccer.org\/produit\/lot-5-balles-baby-foot-roberto-sport-rollerball\/#primaryimage\"},\"image\":{\"@id\":\"https:\/\/shop.tablesoccer.org\/produit\/lot-5-balles-baby-foot-roberto-sport-rollerball\/#primaryimage\"},\"thumbnailUrl\":\"https:\/\/shop.tablesoccer.org\/wp-content\/uploads\/2024\/01\/Capture-decran-2024-01-19-145741.png\",\"datePublished\":\"2024-01-19T15:05:15+00:00\",\"dateModified\":\"2026-03-08T16:24:52+00:00\",\"description\":\"Pack 5 balles Roberto Sport Rollerball : Con\u00e7ues pour le rollerball, une autre fa\u00e7on de jouer au baby-foot. Commandez-les sur l\u2019ITSF Store !\",\"breadcrumb\":{\"@id\":\"https:\/\/shop.tablesoccer.org\/produit\/lot-5-balles-baby-foot-roberto-sport-rollerball\/#breadcrumb\"},\"inLanguage\":\"es\",\"potentialAction\":[{\"@type\":\"ReadAction\",\"target\":[\"https:\/\/shop.tablesoccer.org\/produit\/lot-5-balles-baby-foot-roberto-sport-rollerball\/\"]}]},{\"@type\":\"ImageObject\",\"inLanguage\":\"es\",\"@id\":\"https:\/\/shop.tablesoccer.org\/produit\/lot-5-balles-baby-foot-roberto-sport-rollerball\/#primaryimage\",\"url\":\"https:\/\/shop.tablesoccer.org\/wp-content\/uploads\/2024\/01\/Capture-decran-2024-01-19-145741.png\",\"contentUrl\":\"https:\/\/shop.tablesoccer.org\/wp-content\/uploads\/2024\/01\/Capture-decran-2024-01-19-145741.png\",\"width\":489,\"height\":639},{\"@type\":\"BreadcrumbList\",\"@id\":\"https:\/\/shop.tablesoccer.org\/produit\/lot-5-balles-baby-foot-roberto-sport-rollerball\/#breadcrumb\",\"itemListElement\":[{\"@type\":\"ListItem\",\"position\":1,\"name\":\"Accueil\",\"item\":\"https:\/\/shop.tablesoccer.org\/\"},{\"@type\":\"ListItem\",\"position\":2,\"name\":\"Boutique\",\"item\":\"https:\/\/shop.tablesoccer.org\/accueil\/boutique\/\"},{\"@type\":\"ListItem\",\"position\":3,\"name\":\"Lot 5 Balles baby-foot Roberto Sport \u201cRollerball\u201d\"}]},{\"@type\":\"WebSite\",\"@id\":\"https:\/\/shop.tablesoccer.org\/#website\",\"url\":\"https:\/\/shop.tablesoccer.org\/\",\"name\":\"ITSF Boutique officielle\",\"description\":\"\",\"potentialAction\":[{\"@type\":\"SearchAction\",\"target\":{\"@type\":\"EntryPoint\",\"urlTemplate\":\"https:\/\/shop.tablesoccer.org\/?s={search_term_string}\"},\"query-input\":{\"@type\":\"PropertyValueSpecification\",\"valueRequired\":true,\"valueName\":\"search_term_string\"}}],\"inLanguage\":\"es\"}]}<\/script>\n<!-- \/ Yoast SEO plugin. -->","yoast_head_json":{"title":"Lot 5 Balles baby-foot Roberto Sport \u201cRollerball\u201d - ITSF Boutique officielle","description":"Pack 5 balles Roberto Sport Rollerball : Con\u00e7ues pour le rollerball, une autre fa\u00e7on de jouer au baby-foot. Commandez-les sur l\u2019ITSF Store !","robots":{"index":"index","follow":"follow","max-snippet":"max-snippet:-1","max-image-preview":"max-image-preview:large","max-video-preview":"max-video-preview:-1"},"canonical":"https:\/\/shop.tablesoccer.org\/es\/producto\/lot-5-balles-baby-foot-roberto-sport-rollerball\/","og_locale":"es_ES","og_type":"article","og_title":"Lot 5 Balles baby-foot Roberto Sport \u201cRollerball\u201d - ITSF Boutique officielle","og_description":"Pack 5 balles Roberto Sport Rollerball : Con\u00e7ues pour le rollerball, une autre fa\u00e7on de jouer au baby-foot. Commandez-les sur l\u2019ITSF Store !","og_url":"https:\/\/shop.tablesoccer.org\/es\/producto\/lot-5-balles-baby-foot-roberto-sport-rollerball\/","og_site_name":"ITSF Boutique officielle","article_modified_time":"2026-03-08T16:24:52+00:00","og_image":[{"width":489,"height":639,"url":"https:\/\/shop.tablesoccer.org\/wp-content\/uploads\/2024\/01\/Capture-decran-2024-01-19-145741.png","type":"image\/png"}],"twitter_card":"summary_large_image","twitter_misc":{"Tiempo de lectura":"1 minuto"},"schema":{"@context":"https:\/\/schema.org","@graph":[{"@type":"WebPage","@id":"https:\/\/shop.tablesoccer.org\/produit\/lot-5-balles-baby-foot-roberto-sport-rollerball\/","url":"https:\/\/shop.tablesoccer.org\/produit\/lot-5-balles-baby-foot-roberto-sport-rollerball\/","name":"Lot 5 Balles baby-foot Roberto Sport \u201cRollerball\u201d - ITSF Boutique officielle","isPartOf":{"@id":"https:\/\/shop.tablesoccer.org\/#website"},"primaryImageOfPage":{"@id":"https:\/\/shop.tablesoccer.org\/produit\/lot-5-balles-baby-foot-roberto-sport-rollerball\/#primaryimage"},"image":{"@id":"https:\/\/shop.tablesoccer.org\/produit\/lot-5-balles-baby-foot-roberto-sport-rollerball\/#primaryimage"},"thumbnailUrl":"https:\/\/shop.tablesoccer.org\/wp-content\/uploads\/2024\/01\/Capture-decran-2024-01-19-145741.png","datePublished":"2024-01-19T15:05:15+00:00","dateModified":"2026-03-08T16:24:52+00:00","description":"Pack 5 balles Roberto Sport Rollerball : Con\u00e7ues pour le rollerball, une autre fa\u00e7on de jouer au baby-foot. Commandez-les sur l\u2019ITSF Store !","breadcrumb":{"@id":"https:\/\/shop.tablesoccer.org\/produit\/lot-5-balles-baby-foot-roberto-sport-rollerball\/#breadcrumb"},"inLanguage":"es","potentialAction":[{"@type":"ReadAction","target":["https:\/\/shop.tablesoccer.org\/produit\/lot-5-balles-baby-foot-roberto-sport-rollerball\/"]}]},{"@type":"ImageObject","inLanguage":"es","@id":"https:\/\/shop.tablesoccer.org\/produit\/lot-5-balles-baby-foot-roberto-sport-rollerball\/#primaryimage","url":"https:\/\/shop.tablesoccer.org\/wp-content\/uploads\/2024\/01\/Capture-decran-2024-01-19-145741.png","contentUrl":"https:\/\/shop.tablesoccer.org\/wp-content\/uploads\/2024\/01\/Capture-decran-2024-01-19-145741.png","width":489,"height":639},{"@type":"BreadcrumbList","@id":"https:\/\/shop.tablesoccer.org\/produit\/lot-5-balles-baby-foot-roberto-sport-rollerball\/#breadcrumb","itemListElement":[{"@type":"ListItem","position":1,"name":"Accueil","item":"https:\/\/shop.tablesoccer.org\/"},{"@type":"ListItem","position":2,"name":"Boutique","item":"https:\/\/shop.tablesoccer.org\/accueil\/boutique\/"},{"@type":"ListItem","position":3,"name":"Lot 5 Balles baby-foot Roberto Sport \u201cRollerball\u201d"}]},{"@type":"WebSite","@id":"https:\/\/shop.tablesoccer.org\/#website","url":"https:\/\/shop.tablesoccer.org\/","name":"ITSF Boutique officielle","description":"","potentialAction":[{"@type":"SearchAction","target":{"@type":"EntryPoint","urlTemplate":"https:\/\/shop.tablesoccer.org\/?s={search_term_string}"},"query-input":{"@type":"PropertyValueSpecification","valueRequired":true,"valueName":"search_term_string"}}],"inLanguage":"es"}]}},"_links":{"self":[{"href":"https:\/\/shop.tablesoccer.org\/es\/wp-json\/wp\/v2\/product\/10280","targetHints":{"allow":["GET"]}}],"collection":[{"href":"https:\/\/shop.tablesoccer.org\/es\/wp-json\/wp\/v2\/product"}],"about":[{"href":"https:\/\/shop.tablesoccer.org\/es\/wp-json\/wp\/v2\/types\/product"}],"replies":[{"embeddable":true,"href":"https:\/\/shop.tablesoccer.org\/es\/wp-json\/wp\/v2\/comments?post=10280"}],"wp:featuredmedia":[{"embeddable":true,"href":"https:\/\/shop.tablesoccer.org\/es\/wp-json\/wp\/v2\/media\/10281"}],"wp:attachment":[{"href":"https:\/\/shop.tablesoccer.org\/es\/wp-json\/wp\/v2\/media?parent=10280"}],"wp:term":[{"taxonomy":"product_brand","embeddable":true,"href":"https:\/\/shop.tablesoccer.org\/es\/wp-json\/wp\/v2\/product_brand?post=10280"},{"taxonomy":"product_cat","embeddable":true,"href":"https:\/\/shop.tablesoccer.org\/es\/wp-json\/wp\/v2\/product_cat?post=10280"},{"taxonomy":"product_tag","embeddable":true,"href":"https:\/\/shop.tablesoccer.org\/es\/wp-json\/wp\/v2\/product_tag?post=10280"}],"curies":[{"name":"wp","href":"https:\/\/api.w.org\/{rel}","templated":true}]}}