{"id":10158,"date":"2023-12-21T16:48:40","date_gmt":"2023-12-21T15:48:40","guid":{"rendered":"https:\/\/shop.tablesoccer.org\/?post_type=product&#038;p=10158"},"modified":"2026-03-20T15:28:17","modified_gmt":"2026-03-20T14:28:17","slug":"casquette-bleue-itsf-foosball","status":"publish","type":"product","link":"https:\/\/shop.tablesoccer.org\/es\/producto\/casquette-bleue-itsf-foosball\/","title":{"rendered":"Gorra azul ITSF de FOOSBALL"},"content":{"rendered":"<p style=\"font-weight: 400;\"><strong>Descripci\u00f3n:<\/strong><\/p>\n<p style=\"font-weight: 400;\">La gorra ITSF Foosball es un accesorio oficial de algod\u00f3n, sobrio y elegante, perfecto para mostrar tu pasi\u00f3n por el futbol\u00edn. \" FOOSBALL\" est\u00e1 bordado en la parte delantera, mientras que el logo ITSF aparece en la leng\u00fceta trasera ajustable.<\/p>\n<p>&nbsp;<\/p>\n<p style=\"font-weight: 400;\"><strong>Caracter\u00edsticas:<\/strong><\/p>\n<ul>\n<li>Material: Algod\u00f3n<\/li>\n<li>Color: azul<\/li>\n<li>Tama\u00f1o: \u00fanico, ajustable gracias a la leng\u00fceta trasera<\/li>\n<\/ul>\n<p style=\"font-weight: 400;\"><strong>Consejos de mantenimiento<\/strong> :<\/p>\n<p style=\"font-weight: 400;\">Para limpiar la gorra, utilice un pa\u00f1o suave o un cepillo suave, evitando los detergentes agresivos para preservar el bordado y d\u00e9jelo secar al aire libre, lejos de cualquier fuente de calor directo.<\/p>\n<p style=\"font-weight: 400;\">Encuentra toda nuestra selecci\u00f3n en la categor\u00eda: <a href=\"https:\/\/shop.tablesoccer.org\/es\/categoria-producto\/accessoires-goodies\/casquettes-baby-foot-itsf\/\">Gorras de futbol\u00edn ITSF<\/a><\/p>\n<p style=\"font-weight: 400;\">","protected":false},"excerpt":{"rendered":"<p style=\"font-weight: 400;\">Gorra 100% algod\u00f3n azul, \"FOOSBALL\" bordado en la parte delantera y logo ITSF en la parte trasera, talla \u00fanica ajustable.<\/p>\n<p style=\"font-weight: 400;\">","protected":false},"featured_media":9835,"comment_status":"open","ping_status":"closed","template":"","meta":[],"product_brand":[],"product_cat":[98,162],"product_tag":[],"class_list":{"0":"post-10158","1":"product","2":"type-product","3":"status-publish","4":"has-post-thumbnail","6":"product_cat-accessoires-goodies","7":"product_cat-t-shirts-baby-foot","9":"first","10":"instock","11":"sale","12":"taxable","13":"shipping-taxable","14":"purchasable","15":"product-type-simple"},"yoast_head":"<!-- This site is optimized with the Yoast SEO plugin v26.5 - https:\/\/yoast.com\/wordpress\/plugins\/seo\/ -->\n<title>Casquette bleue ITSF FOOSBALL - ITSF Boutique officielle<\/title>\n<meta name=\"description\" content=\"Casquette bleue ITSF FOOSBALL : Casquette officielle ITSF bleue avec &quot;FOOSBALL&quot; brod\u00e9 \u00e0 l&#039;avant. Commandez-l\u00e0 sur l&#039;ITSF Store !\" \/>\n<meta name=\"robots\" content=\"index, follow, max-snippet:-1, max-image-preview:large, max-video-preview:-1\" \/>\n<link rel=\"canonical\" href=\"https:\/\/shop.tablesoccer.org\/es\/producto\/casquette-bleue-itsf-foosball\/\" \/>\n<meta property=\"og:locale\" content=\"es_ES\" \/>\n<meta property=\"og:type\" content=\"article\" \/>\n<meta property=\"og:title\" content=\"Casquette bleue ITSF FOOSBALL - ITSF Boutique officielle\" \/>\n<meta property=\"og:description\" content=\"Casquette bleue ITSF FOOSBALL : Casquette officielle ITSF bleue avec &quot;FOOSBALL&quot; brod\u00e9 \u00e0 l&#039;avant. Commandez-l\u00e0 sur l&#039;ITSF Store !\" \/>\n<meta property=\"og:url\" content=\"https:\/\/shop.tablesoccer.org\/es\/producto\/casquette-bleue-itsf-foosball\/\" \/>\n<meta property=\"og:site_name\" content=\"ITSF Boutique officielle\" \/>\n<meta property=\"article:modified_time\" content=\"2026-03-20T14:28:17+00:00\" \/>\n<meta property=\"og:image\" content=\"https:\/\/shop.tablesoccer.org\/wp-content\/uploads\/2023\/11\/casquete.jpg\" \/>\n\t<meta property=\"og:image:width\" content=\"1600\" \/>\n\t<meta property=\"og:image:height\" content=\"1348\" \/>\n\t<meta property=\"og:image:type\" content=\"image\/jpeg\" \/>\n<meta name=\"twitter:card\" content=\"summary_large_image\" \/>\n<meta name=\"twitter:label1\" content=\"Tiempo de lectura\" \/>\n\t<meta name=\"twitter:data1\" content=\"1 minuto\" \/>\n<script type=\"application\/ld+json\" class=\"yoast-schema-graph\">{\"@context\":\"https:\/\/schema.org\",\"@graph\":[{\"@type\":\"WebPage\",\"@id\":\"https:\/\/shop.tablesoccer.org\/produit\/casquette-bleue-itsf-foosball\/\",\"url\":\"https:\/\/shop.tablesoccer.org\/produit\/casquette-bleue-itsf-foosball\/\",\"name\":\"Casquette bleue ITSF FOOSBALL - ITSF Boutique officielle\",\"isPartOf\":{\"@id\":\"https:\/\/shop.tablesoccer.org\/#website\"},\"primaryImageOfPage\":{\"@id\":\"https:\/\/shop.tablesoccer.org\/produit\/casquette-bleue-itsf-foosball\/#primaryimage\"},\"image\":{\"@id\":\"https:\/\/shop.tablesoccer.org\/produit\/casquette-bleue-itsf-foosball\/#primaryimage\"},\"thumbnailUrl\":\"https:\/\/shop.tablesoccer.org\/wp-content\/uploads\/2023\/11\/casquete.jpg\",\"datePublished\":\"2023-12-21T15:48:40+00:00\",\"dateModified\":\"2026-03-20T14:28:17+00:00\",\"description\":\"Casquette bleue ITSF FOOSBALL : Casquette officielle ITSF bleue avec \\\"FOOSBALL\\\" brod\u00e9 \u00e0 l'avant. Commandez-l\u00e0 sur l'ITSF Store !\",\"breadcrumb\":{\"@id\":\"https:\/\/shop.tablesoccer.org\/produit\/casquette-bleue-itsf-foosball\/#breadcrumb\"},\"inLanguage\":\"es\",\"potentialAction\":[{\"@type\":\"ReadAction\",\"target\":[\"https:\/\/shop.tablesoccer.org\/produit\/casquette-bleue-itsf-foosball\/\"]}]},{\"@type\":\"ImageObject\",\"inLanguage\":\"es\",\"@id\":\"https:\/\/shop.tablesoccer.org\/produit\/casquette-bleue-itsf-foosball\/#primaryimage\",\"url\":\"https:\/\/shop.tablesoccer.org\/wp-content\/uploads\/2023\/11\/casquete.jpg\",\"contentUrl\":\"https:\/\/shop.tablesoccer.org\/wp-content\/uploads\/2023\/11\/casquete.jpg\",\"width\":1600,\"height\":1348},{\"@type\":\"BreadcrumbList\",\"@id\":\"https:\/\/shop.tablesoccer.org\/produit\/casquette-bleue-itsf-foosball\/#breadcrumb\",\"itemListElement\":[{\"@type\":\"ListItem\",\"position\":1,\"name\":\"Accueil\",\"item\":\"https:\/\/shop.tablesoccer.org\/\"},{\"@type\":\"ListItem\",\"position\":2,\"name\":\"Boutique\",\"item\":\"https:\/\/shop.tablesoccer.org\/accueil\/boutique\/\"},{\"@type\":\"ListItem\",\"position\":3,\"name\":\"Casquette bleue ITSF FOOSBALL\"}]},{\"@type\":\"WebSite\",\"@id\":\"https:\/\/shop.tablesoccer.org\/#website\",\"url\":\"https:\/\/shop.tablesoccer.org\/\",\"name\":\"ITSF Boutique officielle\",\"description\":\"\",\"potentialAction\":[{\"@type\":\"SearchAction\",\"target\":{\"@type\":\"EntryPoint\",\"urlTemplate\":\"https:\/\/shop.tablesoccer.org\/?s={search_term_string}\"},\"query-input\":{\"@type\":\"PropertyValueSpecification\",\"valueRequired\":true,\"valueName\":\"search_term_string\"}}],\"inLanguage\":\"es\"}]}<\/script>\n<!-- \/ Yoast SEO plugin. -->","yoast_head_json":{"title":"Casquette bleue ITSF FOOSBALL - ITSF Boutique officielle","description":"Casquette bleue ITSF FOOSBALL : Casquette officielle ITSF bleue avec \"FOOSBALL\" brod\u00e9 \u00e0 l'avant. Commandez-l\u00e0 sur l'ITSF Store !","robots":{"index":"index","follow":"follow","max-snippet":"max-snippet:-1","max-image-preview":"max-image-preview:large","max-video-preview":"max-video-preview:-1"},"canonical":"https:\/\/shop.tablesoccer.org\/es\/producto\/casquette-bleue-itsf-foosball\/","og_locale":"es_ES","og_type":"article","og_title":"Casquette bleue ITSF FOOSBALL - ITSF Boutique officielle","og_description":"Casquette bleue ITSF FOOSBALL : Casquette officielle ITSF bleue avec \"FOOSBALL\" brod\u00e9 \u00e0 l'avant. Commandez-l\u00e0 sur l'ITSF Store !","og_url":"https:\/\/shop.tablesoccer.org\/es\/producto\/casquette-bleue-itsf-foosball\/","og_site_name":"ITSF Boutique officielle","article_modified_time":"2026-03-20T14:28:17+00:00","og_image":[{"width":1600,"height":1348,"url":"https:\/\/shop.tablesoccer.org\/wp-content\/uploads\/2023\/11\/casquete.jpg","type":"image\/jpeg"}],"twitter_card":"summary_large_image","twitter_misc":{"Tiempo de lectura":"1 minuto"},"schema":{"@context":"https:\/\/schema.org","@graph":[{"@type":"WebPage","@id":"https:\/\/shop.tablesoccer.org\/produit\/casquette-bleue-itsf-foosball\/","url":"https:\/\/shop.tablesoccer.org\/produit\/casquette-bleue-itsf-foosball\/","name":"Casquette bleue ITSF FOOSBALL - ITSF Boutique officielle","isPartOf":{"@id":"https:\/\/shop.tablesoccer.org\/#website"},"primaryImageOfPage":{"@id":"https:\/\/shop.tablesoccer.org\/produit\/casquette-bleue-itsf-foosball\/#primaryimage"},"image":{"@id":"https:\/\/shop.tablesoccer.org\/produit\/casquette-bleue-itsf-foosball\/#primaryimage"},"thumbnailUrl":"https:\/\/shop.tablesoccer.org\/wp-content\/uploads\/2023\/11\/casquete.jpg","datePublished":"2023-12-21T15:48:40+00:00","dateModified":"2026-03-20T14:28:17+00:00","description":"Casquette bleue ITSF FOOSBALL : Casquette officielle ITSF bleue avec \"FOOSBALL\" brod\u00e9 \u00e0 l'avant. Commandez-l\u00e0 sur l'ITSF Store !","breadcrumb":{"@id":"https:\/\/shop.tablesoccer.org\/produit\/casquette-bleue-itsf-foosball\/#breadcrumb"},"inLanguage":"es","potentialAction":[{"@type":"ReadAction","target":["https:\/\/shop.tablesoccer.org\/produit\/casquette-bleue-itsf-foosball\/"]}]},{"@type":"ImageObject","inLanguage":"es","@id":"https:\/\/shop.tablesoccer.org\/produit\/casquette-bleue-itsf-foosball\/#primaryimage","url":"https:\/\/shop.tablesoccer.org\/wp-content\/uploads\/2023\/11\/casquete.jpg","contentUrl":"https:\/\/shop.tablesoccer.org\/wp-content\/uploads\/2023\/11\/casquete.jpg","width":1600,"height":1348},{"@type":"BreadcrumbList","@id":"https:\/\/shop.tablesoccer.org\/produit\/casquette-bleue-itsf-foosball\/#breadcrumb","itemListElement":[{"@type":"ListItem","position":1,"name":"Accueil","item":"https:\/\/shop.tablesoccer.org\/"},{"@type":"ListItem","position":2,"name":"Boutique","item":"https:\/\/shop.tablesoccer.org\/accueil\/boutique\/"},{"@type":"ListItem","position":3,"name":"Casquette bleue ITSF FOOSBALL"}]},{"@type":"WebSite","@id":"https:\/\/shop.tablesoccer.org\/#website","url":"https:\/\/shop.tablesoccer.org\/","name":"ITSF Boutique officielle","description":"","potentialAction":[{"@type":"SearchAction","target":{"@type":"EntryPoint","urlTemplate":"https:\/\/shop.tablesoccer.org\/?s={search_term_string}"},"query-input":{"@type":"PropertyValueSpecification","valueRequired":true,"valueName":"search_term_string"}}],"inLanguage":"es"}]}},"_links":{"self":[{"href":"https:\/\/shop.tablesoccer.org\/es\/wp-json\/wp\/v2\/product\/10158","targetHints":{"allow":["GET"]}}],"collection":[{"href":"https:\/\/shop.tablesoccer.org\/es\/wp-json\/wp\/v2\/product"}],"about":[{"href":"https:\/\/shop.tablesoccer.org\/es\/wp-json\/wp\/v2\/types\/product"}],"replies":[{"embeddable":true,"href":"https:\/\/shop.tablesoccer.org\/es\/wp-json\/wp\/v2\/comments?post=10158"}],"wp:featuredmedia":[{"embeddable":true,"href":"https:\/\/shop.tablesoccer.org\/es\/wp-json\/wp\/v2\/media\/9835"}],"wp:attachment":[{"href":"https:\/\/shop.tablesoccer.org\/es\/wp-json\/wp\/v2\/media?parent=10158"}],"wp:term":[{"taxonomy":"product_brand","embeddable":true,"href":"https:\/\/shop.tablesoccer.org\/es\/wp-json\/wp\/v2\/product_brand?post=10158"},{"taxonomy":"product_cat","embeddable":true,"href":"https:\/\/shop.tablesoccer.org\/es\/wp-json\/wp\/v2\/product_cat?post=10158"},{"taxonomy":"product_tag","embeddable":true,"href":"https:\/\/shop.tablesoccer.org\/es\/wp-json\/wp\/v2\/product_tag?post=10158"}],"curies":[{"name":"wp","href":"https:\/\/api.w.org\/{rel}","templated":true}]}}