{"id":10150,"date":"2023-12-21T16:20:55","date_gmt":"2023-12-21T15:20:55","guid":{"rendered":"https:\/\/shop.tablesoccer.org\/?post_type=product&#038;p=10150"},"modified":"2026-03-20T15:28:28","modified_gmt":"2026-03-20T14:28:28","slug":"t-shirt-love-foosball-itsf-baby-foot","status":"publish","type":"product","link":"https:\/\/shop.tablesoccer.org\/es\/producto\/t-shirt-love-foosball-itsf-baby-foot\/","title":{"rendered":"Camiseta \"Love Foosball\" ITSF"},"content":{"rendered":"<p style=\"font-weight: 400;\">Descripci\u00f3n:<\/p>\n<p style=\"font-weight: 400;\">La camiseta Love Foosball ITSF es un modelo oficial de la federaci\u00f3n ITSF, dise\u00f1ado para los amantes del futbol\u00edn que quieren mostrar su pasi\u00f3n con estilo. Hecho de 100% algod\u00f3n semipeinado Ringspun (jersey 190 g), es suave, transpirable y duradero. El cuello en U est\u00e1 reforzado con elastano, lo que garantiza una buena sujeci\u00f3n y una comodidad \u00f3ptima. Disponible en verde y en varias tallas (S, M, L, XL, XXL), ofrece un corte moderno y relajado, ideal para jugar, animar o relajarse entre dos partidos.<\/p>\n<p>&nbsp;<\/p>\n<p style=\"font-weight: 400;\">Caracter\u00edsticas:<\/p>\n<p style=\"font-weight: 400;\">- Material: algod\u00f3n semi-peinado Ringspun + elastano en el cuello<\/p>\n<p style=\"font-weight: 400;\">- Peso: 190 g<\/p>\n<p style=\"font-weight: 400;\">- Color: verde<\/p>\n<p style=\"font-weight: 400;\">Tallas disponibles: S, M, L, XL, XXL<\/p>\n<p style=\"font-weight: 400;\"><strong>Consejos de mantenimiento<\/strong><\/p>\n<p style=\"font-weight: 400;\">L\u00e1velo al rev\u00e9s con colores similares a una temperatura moderada para preservar el color y la calidad del tejido. Evite secarlo demasiado fuerte para conservar su forma y suavidad.<\/p>\n<p style=\"font-weight: 400;\">Una camiseta sencilla, c\u00f3moda y aut\u00e9ntica, perfecta para expresar tu amor por el futbol\u00edn a diario.<\/p>\n<p style=\"font-weight: 400;\">Encuentra toda nuestra selecci\u00f3n en la categor\u00eda:<a href=\"https:\/\/shop.tablesoccer.org\/es\/categoria-producto\/accessoires-goodies\/t-shirts-baby-foot\/\"> Camisetas de futbol\u00edn<\/a><\/p>","protected":false},"excerpt":{"rendered":"<p style=\"font-weight: 400;\">La camiseta Love Foosball ITSF est\u00e1 hecha de 100% algod\u00f3n Ringspun (190 g), suave y duradero, con cuello de elastano. Dise\u00f1ado para los fans de futbol\u00edn que quieren llevar su pasi\u00f3n.<\/p>\n<p style=\"font-weight: 400;\">","protected":false},"featured_media":9820,"comment_status":"open","ping_status":"closed","template":"","meta":[],"product_brand":[],"product_cat":[98,171,162],"product_tag":[],"class_list":{"0":"post-10150","1":"product","2":"type-product","3":"status-publish","4":"has-post-thumbnail","6":"product_cat-accessoires-goodies","7":"product_cat-equipements-joueurs-baby-foot","8":"product_cat-t-shirts-baby-foot","10":"first","11":"instock","12":"sale","13":"taxable","14":"shipping-taxable","15":"purchasable","16":"product-type-variable"},"yoast_head":"<!-- This site is optimized with the Yoast SEO plugin v26.5 - https:\/\/yoast.com\/wordpress\/plugins\/seo\/ -->\n<title>T-Shirt baby-foot Love Foosball ITSF - ITSF Boutique officielle<\/title>\n<meta name=\"description\" content=\"T-Shirt Love Foosball : T-shirt officiel de l&#039;ITSF de couleur verte, en coton et en \u00e9lasthanne. Commandez-le sur l&#039;ITSF Store !\" \/>\n<meta name=\"robots\" content=\"index, follow, max-snippet:-1, max-image-preview:large, max-video-preview:-1\" \/>\n<link rel=\"canonical\" href=\"https:\/\/shop.tablesoccer.org\/es\/producto\/t-shirt-love-foosball-itsf-baby-foot\/\" \/>\n<meta property=\"og:locale\" content=\"es_ES\" \/>\n<meta property=\"og:type\" content=\"article\" \/>\n<meta property=\"og:title\" content=\"T-Shirt baby-foot Love Foosball ITSF - ITSF Boutique officielle\" \/>\n<meta property=\"og:description\" content=\"T-Shirt Love Foosball : T-shirt officiel de l&#039;ITSF de couleur verte, en coton et en \u00e9lasthanne. Commandez-le sur l&#039;ITSF Store !\" \/>\n<meta property=\"og:url\" content=\"https:\/\/shop.tablesoccer.org\/es\/producto\/t-shirt-love-foosball-itsf-baby-foot\/\" \/>\n<meta property=\"og:site_name\" content=\"ITSF Boutique officielle\" \/>\n<meta property=\"article:modified_time\" content=\"2026-03-20T14:28:28+00:00\" \/>\n<meta property=\"og:image\" content=\"https:\/\/shop.tablesoccer.org\/wp-content\/uploads\/2023\/11\/tshirt_1253_1_.jpg\" \/>\n\t<meta property=\"og:image:width\" content=\"1600\" \/>\n\t<meta property=\"og:image:height\" content=\"1697\" \/>\n\t<meta property=\"og:image:type\" content=\"image\/jpeg\" \/>\n<meta name=\"twitter:card\" content=\"summary_large_image\" \/>\n<meta name=\"twitter:label1\" content=\"Tiempo de lectura\" \/>\n\t<meta name=\"twitter:data1\" content=\"2 minutos\" \/>\n<script type=\"application\/ld+json\" class=\"yoast-schema-graph\">{\"@context\":\"https:\/\/schema.org\",\"@graph\":[{\"@type\":\"WebPage\",\"@id\":\"https:\/\/shop.tablesoccer.org\/produit\/t-shirt-love-foosball-itsf-baby-foot\/\",\"url\":\"https:\/\/shop.tablesoccer.org\/produit\/t-shirt-love-foosball-itsf-baby-foot\/\",\"name\":\"T-Shirt baby-foot Love Foosball ITSF - ITSF Boutique officielle\",\"isPartOf\":{\"@id\":\"https:\/\/shop.tablesoccer.org\/#website\"},\"primaryImageOfPage\":{\"@id\":\"https:\/\/shop.tablesoccer.org\/produit\/t-shirt-love-foosball-itsf-baby-foot\/#primaryimage\"},\"image\":{\"@id\":\"https:\/\/shop.tablesoccer.org\/produit\/t-shirt-love-foosball-itsf-baby-foot\/#primaryimage\"},\"thumbnailUrl\":\"https:\/\/shop.tablesoccer.org\/wp-content\/uploads\/2023\/11\/tshirt_1253_1_.jpg\",\"datePublished\":\"2023-12-21T15:20:55+00:00\",\"dateModified\":\"2026-03-20T14:28:28+00:00\",\"description\":\"T-Shirt Love Foosball : T-shirt officiel de l'ITSF de couleur verte, en coton et en \u00e9lasthanne. Commandez-le sur l'ITSF Store !\",\"breadcrumb\":{\"@id\":\"https:\/\/shop.tablesoccer.org\/produit\/t-shirt-love-foosball-itsf-baby-foot\/#breadcrumb\"},\"inLanguage\":\"es\",\"potentialAction\":[{\"@type\":\"ReadAction\",\"target\":[\"https:\/\/shop.tablesoccer.org\/produit\/t-shirt-love-foosball-itsf-baby-foot\/\"]}]},{\"@type\":\"ImageObject\",\"inLanguage\":\"es\",\"@id\":\"https:\/\/shop.tablesoccer.org\/produit\/t-shirt-love-foosball-itsf-baby-foot\/#primaryimage\",\"url\":\"https:\/\/shop.tablesoccer.org\/wp-content\/uploads\/2023\/11\/tshirt_1253_1_.jpg\",\"contentUrl\":\"https:\/\/shop.tablesoccer.org\/wp-content\/uploads\/2023\/11\/tshirt_1253_1_.jpg\",\"width\":1600,\"height\":1697},{\"@type\":\"BreadcrumbList\",\"@id\":\"https:\/\/shop.tablesoccer.org\/produit\/t-shirt-love-foosball-itsf-baby-foot\/#breadcrumb\",\"itemListElement\":[{\"@type\":\"ListItem\",\"position\":1,\"name\":\"Accueil\",\"item\":\"https:\/\/shop.tablesoccer.org\/\"},{\"@type\":\"ListItem\",\"position\":2,\"name\":\"Boutique\",\"item\":\"https:\/\/shop.tablesoccer.org\/accueil\/boutique\/\"},{\"@type\":\"ListItem\",\"position\":3,\"name\":\"T-Shirt baby-foot Love Foosball ITSF\"}]},{\"@type\":\"WebSite\",\"@id\":\"https:\/\/shop.tablesoccer.org\/#website\",\"url\":\"https:\/\/shop.tablesoccer.org\/\",\"name\":\"ITSF Boutique officielle\",\"description\":\"\",\"potentialAction\":[{\"@type\":\"SearchAction\",\"target\":{\"@type\":\"EntryPoint\",\"urlTemplate\":\"https:\/\/shop.tablesoccer.org\/?s={search_term_string}\"},\"query-input\":{\"@type\":\"PropertyValueSpecification\",\"valueRequired\":true,\"valueName\":\"search_term_string\"}}],\"inLanguage\":\"es\"}]}<\/script>\n<!-- \/ Yoast SEO plugin. -->","yoast_head_json":{"title":"T-Shirt baby-foot Love Foosball ITSF - ITSF Boutique officielle","description":"T-Shirt Love Foosball : T-shirt officiel de l'ITSF de couleur verte, en coton et en \u00e9lasthanne. Commandez-le sur l'ITSF Store !","robots":{"index":"index","follow":"follow","max-snippet":"max-snippet:-1","max-image-preview":"max-image-preview:large","max-video-preview":"max-video-preview:-1"},"canonical":"https:\/\/shop.tablesoccer.org\/es\/producto\/t-shirt-love-foosball-itsf-baby-foot\/","og_locale":"es_ES","og_type":"article","og_title":"T-Shirt baby-foot Love Foosball ITSF - ITSF Boutique officielle","og_description":"T-Shirt Love Foosball : T-shirt officiel de l'ITSF de couleur verte, en coton et en \u00e9lasthanne. Commandez-le sur l'ITSF Store !","og_url":"https:\/\/shop.tablesoccer.org\/es\/producto\/t-shirt-love-foosball-itsf-baby-foot\/","og_site_name":"ITSF Boutique officielle","article_modified_time":"2026-03-20T14:28:28+00:00","og_image":[{"width":1600,"height":1697,"url":"https:\/\/shop.tablesoccer.org\/wp-content\/uploads\/2023\/11\/tshirt_1253_1_.jpg","type":"image\/jpeg"}],"twitter_card":"summary_large_image","twitter_misc":{"Tiempo de lectura":"2 minutos"},"schema":{"@context":"https:\/\/schema.org","@graph":[{"@type":"WebPage","@id":"https:\/\/shop.tablesoccer.org\/produit\/t-shirt-love-foosball-itsf-baby-foot\/","url":"https:\/\/shop.tablesoccer.org\/produit\/t-shirt-love-foosball-itsf-baby-foot\/","name":"T-Shirt baby-foot Love Foosball ITSF - ITSF Boutique officielle","isPartOf":{"@id":"https:\/\/shop.tablesoccer.org\/#website"},"primaryImageOfPage":{"@id":"https:\/\/shop.tablesoccer.org\/produit\/t-shirt-love-foosball-itsf-baby-foot\/#primaryimage"},"image":{"@id":"https:\/\/shop.tablesoccer.org\/produit\/t-shirt-love-foosball-itsf-baby-foot\/#primaryimage"},"thumbnailUrl":"https:\/\/shop.tablesoccer.org\/wp-content\/uploads\/2023\/11\/tshirt_1253_1_.jpg","datePublished":"2023-12-21T15:20:55+00:00","dateModified":"2026-03-20T14:28:28+00:00","description":"T-Shirt Love Foosball : T-shirt officiel de l'ITSF de couleur verte, en coton et en \u00e9lasthanne. Commandez-le sur l'ITSF Store !","breadcrumb":{"@id":"https:\/\/shop.tablesoccer.org\/produit\/t-shirt-love-foosball-itsf-baby-foot\/#breadcrumb"},"inLanguage":"es","potentialAction":[{"@type":"ReadAction","target":["https:\/\/shop.tablesoccer.org\/produit\/t-shirt-love-foosball-itsf-baby-foot\/"]}]},{"@type":"ImageObject","inLanguage":"es","@id":"https:\/\/shop.tablesoccer.org\/produit\/t-shirt-love-foosball-itsf-baby-foot\/#primaryimage","url":"https:\/\/shop.tablesoccer.org\/wp-content\/uploads\/2023\/11\/tshirt_1253_1_.jpg","contentUrl":"https:\/\/shop.tablesoccer.org\/wp-content\/uploads\/2023\/11\/tshirt_1253_1_.jpg","width":1600,"height":1697},{"@type":"BreadcrumbList","@id":"https:\/\/shop.tablesoccer.org\/produit\/t-shirt-love-foosball-itsf-baby-foot\/#breadcrumb","itemListElement":[{"@type":"ListItem","position":1,"name":"Accueil","item":"https:\/\/shop.tablesoccer.org\/"},{"@type":"ListItem","position":2,"name":"Boutique","item":"https:\/\/shop.tablesoccer.org\/accueil\/boutique\/"},{"@type":"ListItem","position":3,"name":"T-Shirt baby-foot Love Foosball ITSF"}]},{"@type":"WebSite","@id":"https:\/\/shop.tablesoccer.org\/#website","url":"https:\/\/shop.tablesoccer.org\/","name":"ITSF Boutique officielle","description":"","potentialAction":[{"@type":"SearchAction","target":{"@type":"EntryPoint","urlTemplate":"https:\/\/shop.tablesoccer.org\/?s={search_term_string}"},"query-input":{"@type":"PropertyValueSpecification","valueRequired":true,"valueName":"search_term_string"}}],"inLanguage":"es"}]}},"_links":{"self":[{"href":"https:\/\/shop.tablesoccer.org\/es\/wp-json\/wp\/v2\/product\/10150","targetHints":{"allow":["GET"]}}],"collection":[{"href":"https:\/\/shop.tablesoccer.org\/es\/wp-json\/wp\/v2\/product"}],"about":[{"href":"https:\/\/shop.tablesoccer.org\/es\/wp-json\/wp\/v2\/types\/product"}],"replies":[{"embeddable":true,"href":"https:\/\/shop.tablesoccer.org\/es\/wp-json\/wp\/v2\/comments?post=10150"}],"wp:featuredmedia":[{"embeddable":true,"href":"https:\/\/shop.tablesoccer.org\/es\/wp-json\/wp\/v2\/media\/9820"}],"wp:attachment":[{"href":"https:\/\/shop.tablesoccer.org\/es\/wp-json\/wp\/v2\/media?parent=10150"}],"wp:term":[{"taxonomy":"product_brand","embeddable":true,"href":"https:\/\/shop.tablesoccer.org\/es\/wp-json\/wp\/v2\/product_brand?post=10150"},{"taxonomy":"product_cat","embeddable":true,"href":"https:\/\/shop.tablesoccer.org\/es\/wp-json\/wp\/v2\/product_cat?post=10150"},{"taxonomy":"product_tag","embeddable":true,"href":"https:\/\/shop.tablesoccer.org\/es\/wp-json\/wp\/v2\/product_tag?post=10150"}],"curies":[{"name":"wp","href":"https:\/\/api.w.org\/{rel}","templated":true}]}}