{"id":9904,"date":"2023-11-27T11:11:01","date_gmt":"2023-11-27T10:11:01","guid":{"rendered":"https:\/\/shop.tablesoccer.org\/?page_id=9904"},"modified":"2023-11-27T16:12:59","modified_gmt":"2023-11-27T15:12:59","slug":"qui-sommes-nous","status":"publish","type":"page","link":"https:\/\/shop.tablesoccer.org\/es\/qui-sommes-nous\/","title":{"rendered":"\u00bfQui\u00e9nes somos?"},"content":{"rendered":"<div class=\"wpb-content-wrapper\"><div class=\"vc_row wpb_row vc_row-fluid\"><div class=\"wpb_column vc_column_container vc_col-sm-12\"><div class=\"vc_column-inner\"><div class=\"wpb_wrapper\"><div class=\"vc_row wpb_row vc_inner vc_row-fluid vc_row-o-content-middle vc_row-flex wd-rs-6564b034b4dac\"><div class=\"wpb_column vc_column_container vc_col-sm-6\"><div class=\"vc_column-inner\"><div class=\"wpb_wrapper\">\n\t<div  class=\"wpb_single_image wpb_content_element vc_align_left\">\n\t\t\n\t\t<figure class=\"wpb_wrapper vc_figure\">\n\t\t\t<div class=\"vc_single_image-wrapper   vc_box_border_grey\"><img loading=\"lazy\" decoding=\"async\" width=\"1300\" height=\"867\" src=\"https:\/\/shop.tablesoccer.org\/wp-content\/uploads\/revslider\/slider-1\/5.jpg\" class=\"vc_single_image-img attachment-full\" alt=\"\" title=\"5.jpg\" srcset=\"https:\/\/shop.tablesoccer.org\/wp-content\/uploads\/revslider\/slider-1\/5.jpg 1300w, https:\/\/shop.tablesoccer.org\/wp-content\/uploads\/revslider\/slider-1\/5-150x100.jpg 150w, https:\/\/shop.tablesoccer.org\/wp-content\/uploads\/revslider\/slider-1\/5-1080x720.jpg 1080w, https:\/\/shop.tablesoccer.org\/wp-content\/uploads\/revslider\/slider-1\/5-300x200.jpg 300w, https:\/\/shop.tablesoccer.org\/wp-content\/uploads\/revslider\/slider-1\/5-1024x683.jpg 1024w, https:\/\/shop.tablesoccer.org\/wp-content\/uploads\/revslider\/slider-1\/5-768x512.jpg 768w, https:\/\/shop.tablesoccer.org\/wp-content\/uploads\/revslider\/slider-1\/5-600x400.jpg 600w\" sizes=\"auto, (max-width: 1300px) 100vw, 1300px\" \/><\/div>\n\t\t<\/figure>\n\t<\/div>\n<\/div><\/div><\/div><div class=\"wpb_column vc_column_container vc_col-sm-6\"><div class=\"vc_column-inner\"><div class=\"wpb_wrapper\"><h2 style=\"text-align: left\" class=\"vc_custom_heading vc_do_custom_heading\" >La nueva forma de jugar.<\/h2>\n\t<div class=\"wpb_text_column wpb_content_element\" >\n\t\t<div class=\"wpb_wrapper\">\n\t\t\t<p>En la d\u00e9cada de 1950, las primeras competiciones de futbol\u00edn convirtieron r\u00e1pidamente a este deporte en uno de los m\u00e1s populares del mundo. La actividad se desarroll\u00f3 en muchos pa\u00edses gracias al trabajo de las federaciones nacionales. Solo faltaba una organizaci\u00f3n internacional para coordinar todos esos esfuerzos. Finalmente, en 2002, se cre\u00f3 en Francia la Federaci\u00f3n Internacional de Futbol\u00edn (ITSF), una asociaci\u00f3n sin fines de lucro seg\u00fan la legislaci\u00f3n francesa.<\/p>\n\n\t\t<\/div>\n\t<\/div>\n<\/div><\/div><\/div><\/div><div class=\"vc_row wpb_row vc_inner vc_row-fluid vc_row-o-content-middle vc_row-flex wd-rs-6564b034b4dac\"><div class=\"wpb_column vc_column_container vc_col-sm-6\"><div class=\"vc_column-inner\"><div class=\"wpb_wrapper\"><h2 style=\"text-align: left\" class=\"vc_custom_heading vc_do_custom_heading\" >Nos objectifs<\/h2>\n\t<div class=\"wpb_text_column wpb_content_element\" >\n\t\t<div class=\"wpb_wrapper\">\n\t\t\t<p>La mission de l&rsquo;ITSF est de d\u00e9velopper et de promouvoir les diff\u00e9rents aspects du football de table, sans discrimination d&rsquo;aucune sorte, en \u00e9troite collaboration avec ses f\u00e9d\u00e9rations membres et partenaires. Nous entendons dans les aspects du football de table :<\/p>\n<ul>\n<li>Des valeurs universelles de concurrence, d\u2019effort, de formation du caract\u00e8re, de bien-\u00eatre et de fair-play.<\/li>\n<li>Une forme saine de r\u00e9cr\u00e9ation et de loisir.<\/li>\n<\/ul>\n\n\t\t<\/div>\n\t<\/div>\n<\/div><\/div><\/div><div class=\"wpb_column vc_column_container vc_col-sm-6\"><div class=\"vc_column-inner\"><div class=\"wpb_wrapper\">\n\t<div  class=\"wpb_single_image wpb_content_element vc_align_left\">\n\t\t\n\t\t<figure class=\"wpb_wrapper vc_figure\">\n\t\t\t<div class=\"vc_single_image-wrapper   vc_box_border_grey\"><img loading=\"lazy\" decoding=\"async\" width=\"1600\" height=\"999\" src=\"https:\/\/shop.tablesoccer.org\/wp-content\/uploads\/2023\/11\/v1_bonzini.jpg\" class=\"vc_single_image-img attachment-full\" alt=\"Lampe ITSF Floodlight baby foot\" title=\"v1_bonzini.jpg\" srcset=\"https:\/\/shop.tablesoccer.org\/wp-content\/uploads\/2023\/11\/v1_bonzini.jpg 1600w, https:\/\/shop.tablesoccer.org\/wp-content\/uploads\/2023\/11\/v1_bonzini-150x94.jpg 150w, https:\/\/shop.tablesoccer.org\/wp-content\/uploads\/2023\/11\/v1_bonzini-1080x674.jpg 1080w, https:\/\/shop.tablesoccer.org\/wp-content\/uploads\/2023\/11\/v1_bonzini-300x187.jpg 300w, https:\/\/shop.tablesoccer.org\/wp-content\/uploads\/2023\/11\/v1_bonzini-1024x639.jpg 1024w, https:\/\/shop.tablesoccer.org\/wp-content\/uploads\/2023\/11\/v1_bonzini-768x480.jpg 768w, https:\/\/shop.tablesoccer.org\/wp-content\/uploads\/2023\/11\/v1_bonzini-1536x959.jpg 1536w\" sizes=\"auto, (max-width: 1600px) 100vw, 1600px\" \/><\/div>\n\t\t<\/figure>\n\t<\/div>\n<\/div><\/div><\/div><\/div><div class=\"vc_row wpb_row vc_inner vc_row-fluid\"><div class=\"wpb_column vc_column_container vc_col-sm-12\"><div class=\"vc_column-inner\"><div class=\"wpb_wrapper\">\n\t<div class=\"wpb_text_column wpb_content_element\" >\n\t\t<div class=\"wpb_wrapper\">\n\t\t\t<p>Extrait des statuts de l\u2019ITSF (art. 1.1) :<\/p>\n<ul>\n<li>Promouvoir le d\u00e9veloppement du football de table dans le monde entier, resserrer les liens d&rsquo;amiti\u00e9 qui unissent les joueurs de tous les pays, en \u00e9tablissant des relations durables entre les groupes repr\u00e9sentatifs; favoriser l&rsquo;am\u00e9lioration de la pratique de notre sport dans tous les domaines.<\/li>\n<li>Promouvoir et d\u00e9velopper la lutte contre le dopage.<\/li>\n<li>Etudier et l\u00e9gif\u00e9rer toutes les questions relatives au baby-foot dans les relations internationales.<\/li>\n<\/ul>\n<p><strong>Pour toutes ces raisons, il a sembl\u00e9 \u00e9vident de cr\u00e9er une boutique regroupant tous les \u00e9quipements n\u00e9cessaires \u00e0 la pratique du football de table : accessoires, \u00e9l\u00e9ments n\u00e9cessaires \u00e0 l\u2019organisation d\u2019\u00e9v\u00e8nements (comp\u00e9titions), goodies, etc.<\/strong><\/p>\n\n\t\t<\/div>\n\t<\/div>\n<\/div><\/div><\/div><\/div><\/div><\/div><\/div><\/div>\n<\/div>","protected":false},"excerpt":{"rendered":"La nouvelle fa\u00e7on jouer. Dans les ann\u00e9es 1950, les premi\u00e8res comp\u00e9titions de football de table ont rapidement fait de ce","protected":false},"author":1,"featured_media":0,"parent":0,"menu_order":0,"comment_status":"closed","ping_status":"closed","template":"","meta":{"footnotes":""},"class_list":["post-9904","page","type-page","status-publish","hentry"],"yoast_head":"<!-- This site is optimized with the Yoast SEO plugin v26.5 - https:\/\/yoast.com\/wordpress\/plugins\/seo\/ -->\n<title>Qui sommes nous ? - ITSF Boutique officielle<\/title>\n<meta name=\"robots\" content=\"index, follow, max-snippet:-1, max-image-preview:large, max-video-preview:-1\" \/>\n<link rel=\"canonical\" href=\"https:\/\/shop.tablesoccer.org\/es\/qui-sommes-nous\/\" \/>\n<meta property=\"og:locale\" content=\"es_ES\" \/>\n<meta property=\"og:type\" content=\"article\" \/>\n<meta property=\"og:title\" content=\"Qui sommes nous ? - ITSF Boutique officielle\" \/>\n<meta property=\"og:url\" content=\"https:\/\/shop.tablesoccer.org\/es\/qui-sommes-nous\/\" \/>\n<meta property=\"og:site_name\" content=\"ITSF Boutique officielle\" \/>\n<meta property=\"article:modified_time\" content=\"2023-11-27T15:12:59+00:00\" \/>\n<meta name=\"twitter:card\" content=\"summary_large_image\" \/>\n<meta name=\"twitter:label1\" content=\"Tiempo de lectura\" \/>\n\t<meta name=\"twitter:data1\" content=\"2 minutos\" \/>\n<script type=\"application\/ld+json\" class=\"yoast-schema-graph\">{\"@context\":\"https:\/\/schema.org\",\"@graph\":[{\"@type\":\"WebPage\",\"@id\":\"https:\/\/shop.tablesoccer.org\/qui-sommes-nous\/\",\"url\":\"https:\/\/shop.tablesoccer.org\/qui-sommes-nous\/\",\"name\":\"Qui sommes nous ? - ITSF Boutique officielle\",\"isPartOf\":{\"@id\":\"https:\/\/shop.tablesoccer.org\/#website\"},\"datePublished\":\"2023-11-27T10:11:01+00:00\",\"dateModified\":\"2023-11-27T15:12:59+00:00\",\"breadcrumb\":{\"@id\":\"https:\/\/shop.tablesoccer.org\/qui-sommes-nous\/#breadcrumb\"},\"inLanguage\":\"es\",\"potentialAction\":[{\"@type\":\"ReadAction\",\"target\":[\"https:\/\/shop.tablesoccer.org\/qui-sommes-nous\/\"]}]},{\"@type\":\"BreadcrumbList\",\"@id\":\"https:\/\/shop.tablesoccer.org\/qui-sommes-nous\/#breadcrumb\",\"itemListElement\":[{\"@type\":\"ListItem\",\"position\":1,\"name\":\"Accueil\",\"item\":\"https:\/\/shop.tablesoccer.org\/\"},{\"@type\":\"ListItem\",\"position\":2,\"name\":\"Qui sommes nous ?\"}]},{\"@type\":\"WebSite\",\"@id\":\"https:\/\/shop.tablesoccer.org\/#website\",\"url\":\"https:\/\/shop.tablesoccer.org\/\",\"name\":\"ITSF Boutique officielle\",\"description\":\"\",\"potentialAction\":[{\"@type\":\"SearchAction\",\"target\":{\"@type\":\"EntryPoint\",\"urlTemplate\":\"https:\/\/shop.tablesoccer.org\/?s={search_term_string}\"},\"query-input\":{\"@type\":\"PropertyValueSpecification\",\"valueRequired\":true,\"valueName\":\"search_term_string\"}}],\"inLanguage\":\"es\"}]}<\/script>\n<!-- \/ Yoast SEO plugin. -->","yoast_head_json":{"title":"Qui sommes nous ? - ITSF Boutique officielle","robots":{"index":"index","follow":"follow","max-snippet":"max-snippet:-1","max-image-preview":"max-image-preview:large","max-video-preview":"max-video-preview:-1"},"canonical":"https:\/\/shop.tablesoccer.org\/es\/qui-sommes-nous\/","og_locale":"es_ES","og_type":"article","og_title":"Qui sommes nous ? - ITSF Boutique officielle","og_url":"https:\/\/shop.tablesoccer.org\/es\/qui-sommes-nous\/","og_site_name":"ITSF Boutique officielle","article_modified_time":"2023-11-27T15:12:59+00:00","twitter_card":"summary_large_image","twitter_misc":{"Tiempo de lectura":"2 minutos"},"schema":{"@context":"https:\/\/schema.org","@graph":[{"@type":"WebPage","@id":"https:\/\/shop.tablesoccer.org\/qui-sommes-nous\/","url":"https:\/\/shop.tablesoccer.org\/qui-sommes-nous\/","name":"Qui sommes nous ? - ITSF Boutique officielle","isPartOf":{"@id":"https:\/\/shop.tablesoccer.org\/#website"},"datePublished":"2023-11-27T10:11:01+00:00","dateModified":"2023-11-27T15:12:59+00:00","breadcrumb":{"@id":"https:\/\/shop.tablesoccer.org\/qui-sommes-nous\/#breadcrumb"},"inLanguage":"es","potentialAction":[{"@type":"ReadAction","target":["https:\/\/shop.tablesoccer.org\/qui-sommes-nous\/"]}]},{"@type":"BreadcrumbList","@id":"https:\/\/shop.tablesoccer.org\/qui-sommes-nous\/#breadcrumb","itemListElement":[{"@type":"ListItem","position":1,"name":"Accueil","item":"https:\/\/shop.tablesoccer.org\/"},{"@type":"ListItem","position":2,"name":"Qui sommes nous ?"}]},{"@type":"WebSite","@id":"https:\/\/shop.tablesoccer.org\/#website","url":"https:\/\/shop.tablesoccer.org\/","name":"ITSF Boutique officielle","description":"","potentialAction":[{"@type":"SearchAction","target":{"@type":"EntryPoint","urlTemplate":"https:\/\/shop.tablesoccer.org\/?s={search_term_string}"},"query-input":{"@type":"PropertyValueSpecification","valueRequired":true,"valueName":"search_term_string"}}],"inLanguage":"es"}]}},"_links":{"self":[{"href":"https:\/\/shop.tablesoccer.org\/es\/wp-json\/wp\/v2\/pages\/9904","targetHints":{"allow":["GET"]}}],"collection":[{"href":"https:\/\/shop.tablesoccer.org\/es\/wp-json\/wp\/v2\/pages"}],"about":[{"href":"https:\/\/shop.tablesoccer.org\/es\/wp-json\/wp\/v2\/types\/page"}],"author":[{"embeddable":true,"href":"https:\/\/shop.tablesoccer.org\/es\/wp-json\/wp\/v2\/users\/1"}],"replies":[{"embeddable":true,"href":"https:\/\/shop.tablesoccer.org\/es\/wp-json\/wp\/v2\/comments?post=9904"}],"version-history":[{"count":4,"href":"https:\/\/shop.tablesoccer.org\/es\/wp-json\/wp\/v2\/pages\/9904\/revisions"}],"predecessor-version":[{"id":10028,"href":"https:\/\/shop.tablesoccer.org\/es\/wp-json\/wp\/v2\/pages\/9904\/revisions\/10028"}],"wp:attachment":[{"href":"https:\/\/shop.tablesoccer.org\/es\/wp-json\/wp\/v2\/media?parent=9904"}],"curies":[{"name":"wp","href":"https:\/\/api.w.org\/{rel}","templated":true}]}}