{"id":9902,"date":"2023-11-27T11:08:56","date_gmt":"2023-11-27T10:08:56","guid":{"rendered":"https:\/\/shop.tablesoccer.org\/?page_id=9902"},"modified":"2023-12-19T17:10:04","modified_gmt":"2023-12-19T16:10:04","slug":"mentions-legales","status":"publish","type":"page","link":"https:\/\/shop.tablesoccer.org\/es\/mentions-legales\/","title":{"rendered":"Avisos legales"},"content":{"rendered":"<div class=\"wpb-content-wrapper\"><div class=\"vc_row wpb_row vc_row-fluid\"><div class=\"wpb_column bloc-link vc_column_container vc_col-sm-12\"><div class=\"vc_column-inner\"><div class=\"wpb_wrapper\"><div class=\"vc_empty_space\"   style=\"height: 55px\"><span class=\"vc_empty_space_inner\"><\/span><\/div><div class=\"vc_row wpb_row vc_inner vc_row-fluid\"><div class=\"wpb_column vc_column_container vc_col-sm-5\"><div class=\"vc_column-inner\"><div class=\"wpb_wrapper\"><h3 style=\"text-align: left\" class=\"vc_custom_heading vc_do_custom_heading\" >International Table Soccer Federation<\/h3>\n\t<div class=\"wpb_text_column wpb_content_element\" >\n\t\t<div class=\"wpb_wrapper\">\n\t\t\t<p><strong>Association d\u00e9clar\u00e9e<\/strong><br \/>\n3 rue de Clermont,<br \/>\n44000 Nantes<br \/>\nT\u00e9l. : +33 (0)2 40 47 90 84<br \/>\nE-mail :\u00a0info@tablesoccer.org<br \/>\nSite Internet :\u00a0shop.tablesoccer.org<br \/>\nSIRET : 47836927500035<\/p>\n\n\t\t<\/div>\n\t<\/div>\n<h3 style=\"text-align: left\" class=\"vc_custom_heading vc_do_custom_heading\" >Directeur de publication :<\/h3>\n\t<div class=\"wpb_text_column wpb_content_element\" >\n\t\t<div class=\"wpb_wrapper\">\n\t\t\t<p>Farid LOUNAS<\/p>\n\n\t\t<\/div>\n\t<\/div>\n<\/div><\/div><\/div><div class=\"wpb_column vc_column_container vc_col-sm-6\"><div class=\"vc_column-inner\"><div class=\"wpb_wrapper\"><h3 style=\"text-align: left\" class=\"vc_custom_heading vc_do_custom_heading\" >Alojamiento<\/h3>\n\t<div class=\"wpb_text_column wpb_content_element\" >\n\t\t<div class=\"wpb_wrapper\">\n\t\t\t<p>Hetzner Online GmbH<br \/>\nIndustriestr. 25<br \/>\n91710 Gunzenhausen | Germany<br \/>\nTel.: +49 9831 505-0<br \/>\nFax: +49 9831 505-3<br \/>\ninfo@hetzner.com | www.hetzner.co<\/p>\n\n\t\t<\/div>\n\t<\/div>\n<h3 style=\"text-align: left\" class=\"vc_custom_heading vc_do_custom_heading\" >Dise\u00f1o del sitio web:<\/h3>\n\t<div class=\"wpb_text_column wpb_content_element\" >\n\t\t<div class=\"wpb_wrapper\">\n\t\t\t<p>Slagon\u00ae<br \/>\n9 rue des colonnes<br \/>\n75002 Paris, FRANCE<br \/>\nT\u00e9l. : (+33) 09 77 19 71 33<br \/>\nE-mail :\u00a0contact@slagon.fr<br \/>\nSite Internet :\u00a0www.slagon.fr<\/p>\n\n\t\t<\/div>\n\t<\/div>\n<\/div><\/div><\/div><\/div><div class=\"vc_row wpb_row vc_inner vc_row-fluid\"><div class=\"wpb_column vc_column_container vc_col-sm-12\"><div class=\"vc_column-inner\"><div class=\"wpb_wrapper\">\n\t<div class=\"wpb_text_column wpb_content_element\" >\n\t\t<div class=\"wpb_wrapper\">\n\t\t\t<p>2. Condiciones generales de uso del sitio web y los servicios ofrecidos<\/p>\n<p>Este sitio est\u00e1 normalmente accesible en todo momento para los usuarios. Sin embargo, se puede decidir una interrupci\u00f3n por mantenimiento t\u00e9cnico por parte de ITSF Store, que se esforzar\u00e1 por comunicar previamente a los usuarios las fechas y horarios de la intervenci\u00f3n.<\/p>\n<p>El sitio web shop.tablesoccer.org es actualizado regularmente por ITSF Store. De la misma manera, los avisos legales pueden ser modificados en cualquier momento: sin embargo, se aplican al usuario, quien est\u00e1 invitado a consultarlos con la mayor frecuencia posible para tomar conocimiento de ellos.<\/p>\n<p>3. Descripci\u00f3n de los servicios proporcionados<\/p>\n<p>El sitio web shop.tablesoccer.org tiene como objetivo proporcionar informaci\u00f3n sobre todas las actividades de la empresa.<\/p>\n<p>ITSF Store se esfuerza por proporcionar en el sitio web shop.tablesoccer.org la informaci\u00f3n lo m\u00e1s precisa posible. Sin embargo, no puede ser responsable de omisiones, inexactitudes y deficiencias en la actualizaci\u00f3n, ya sean de su propia responsabilidad o debido a terceros proveedores que suministran esta informaci\u00f3n.<\/p>\n<p>Toda la informaci\u00f3n proporcionada en el sitio web shop.tablesoccer.org es solo con fines informativos y est\u00e1 sujeta a cambios. Adem\u00e1s, la informaci\u00f3n en el sitio web shop.tablesoccer.org no es exhaustiva. Se proporciona sujeta a cambios que puedan haberse realizado desde su publicaci\u00f3n.<\/p>\n<p>4. Limitaciones contractuales sobre datos t\u00e9cnicos.<\/p>\n<p>El sitio utiliza la tecnolog\u00eda JavaScript.<\/p>\n<p>El sitio web no se har\u00e1 responsable de los da\u00f1os materiales relacionados con el uso del sitio. Adem\u00e1s, el usuario del sitio se compromete a acceder al mismo utilizando hardware reciente, libre de virus y con un navegador de \u00faltima generaci\u00f3n actualizado.<\/p>\n<p>5. Propiedad intelectual y falsificaciones.<\/p>\n<p>ITSF Store es propietario de los derechos de propiedad intelectual o posee derechos de uso sobre todos los elementos accesibles en el sitio, incluyendo textos, im\u00e1genes, gr\u00e1ficos, logotipos, iconos, sonidos y software.<\/p>\n<p>Queda prohibida la reproducci\u00f3n, representaci\u00f3n, modificaci\u00f3n, publicaci\u00f3n, adaptaci\u00f3n de todo o parte de los elementos del sitio, independientemente del medio o proceso utilizado, sin la autorizaci\u00f3n previa por escrito de ITSF Store.<\/p>\n<p>Cualquier explotaci\u00f3n no autorizada del sitio o de alguno de los elementos que contiene se considerar\u00e1 como constitutiva de una infracci\u00f3n y se perseguir\u00e1 de acuerdo con las disposiciones de los art\u00edculos L.335-2 y siguientes del C\u00f3digo de Propiedad Intelectual.<\/p>\n<p>6. Limitaciones de responsabilidad.<\/p>\n<p>ITSF Store no ser\u00e1 responsable de los da\u00f1os directos o indirectos causados al hardware del usuario al acceder al sitio shop.tablesoccer.org, ya sea por el uso de un hardware que no cumpla con las especificaciones indicadas en el punto 4, o por la aparici\u00f3n de un error o incompatibilidad.<\/p>\n<p>ITSF Store tampoco ser\u00e1 responsable de los da\u00f1os indirectos (tales como, por ejemplo, la p\u00e9rdida de mercado o la p\u00e9rdida de una oportunidad) resultantes del uso del sitio shop.tablesoccer.org.<\/p>\n<p>Existen espacios interactivos (como la posibilidad de hacer preguntas en el espacio de contacto) a disposici\u00f3n de los usuarios. ITSF Store se reserva el derecho de eliminar, sin previo aviso, cualquier contenido publicado en este espacio que viole la legislaci\u00f3n aplicable en Francia, en particular las disposiciones relacionadas con la protecci\u00f3n de datos. En caso necesario, ITSF Store se reserva tambi\u00e9n la posibilidad de hacer valer la responsabilidad civil y\/o penal del usuario, especialmente en el caso de mensajes racistas, ofensivos, difamatorios o pornogr\u00e1ficos, independientemente del medio utilizado (texto, fotograf\u00eda...).<\/p>\n<p>7. Gesti\u00f3n de datos personales.<\/p>\n<p>En France, les donn\u00e9es personnelles sont notamment prot\u00e9g\u00e9es par la loi n\u00b0 78-87 du 6 janvier 1978, la loi n\u00b0 2004-801 du 6 ao\u00fbt 2004, l&rsquo;article\u00a0L.226-13\u00a0du Code p\u00e9nal et la Directive Europ\u00e9enne du 24 octobre 1995.<\/p>\n<p>A l&rsquo;occasion de l&rsquo;utilisation du site\u00a0shop.tablesoccer.org, peuvent \u00eatres recueillies : l&rsquo;URL des liens par l&rsquo;interm\u00e9diaire desquels l&rsquo;utilisateur a acc\u00e9d\u00e9 au site\u00a0shop.tablesoccer.org, le fournisseur d&rsquo;acc\u00e8s de l&rsquo;utilisateur, l&rsquo;adresse de protocole Internet (IP) de l&rsquo;utilisateur.<\/p>\n<p>En tout \u00e9tat de cause ITSF Store ne collecte des informations personnelles relatives \u00e0 l&rsquo;utilisateur que pour le besoin de certains services propos\u00e9s par le site\u00a0shop.tablesoccer.org. L&rsquo;utilisateur fournit ces informations en toute connaissance de cause, notamment lorsqu&rsquo;il proc\u00e8de par lui-m\u00eame \u00e0 leur saisie. Il est alors pr\u00e9cis\u00e9 \u00e0 l&rsquo;utilisateur du site\u00a0shop.tablesoccer.org\u00a0l\u2019obligation ou non de fournir ces informations.<\/p>\n<p>De acuerdo con lo establecido en los art\u00edculos 38 y siguientes de la Ley N\u00b0 78-17 del 6 de enero de 1978 relativa a la inform\u00e1tica, los archivos y las libertades, todo usuario tiene derecho de acceso, rectificaci\u00f3n y oposici\u00f3n a los datos personales que le conciernen, haciendo una solicitud escrita y firmada, acompa\u00f1ada de una copia del documento de identidad con la firma del titular del documento, especificando la direcci\u00f3n a la cual debe enviarse la respuesta.<\/p>\n<p>Aucune information personnelle de l&rsquo;utilisateur du site\u00a0shop.tablesoccer.org\u00a0n&rsquo;est publi\u00e9e \u00e0 l&rsquo;insu de l&rsquo;utilisateur, \u00e9chang\u00e9e, transf\u00e9r\u00e9e, c\u00e9d\u00e9e ou vendue sur un support quelconque \u00e0 des tiers. Seule l&rsquo;hypoth\u00e8se du rachat de ITSF Store et de ses droits permettrait la transmission des dites informations \u00e0 l&rsquo;\u00e9ventuel acqu\u00e9reur qui serait \u00e0 son tour tenu de la m\u00eame obligation de conservation et de modification des donn\u00e9es vis \u00e0 vis de l&rsquo;utilisateur du site\u00a0shop.tablesoccer.org.<\/p>\n<p>Le site n&rsquo;est pas d\u00e9clar\u00e9 \u00e0 la CNIL car il ne recueille pas d&rsquo;informations personnelles.<\/p>\n<p>Las bases de datos est\u00e1n protegidas por las disposiciones de la ley del 1 de julio de 1998 que transpone la Directiva 96\/9 del 11 de marzo de 1996 relativa a la protecci\u00f3n jur\u00eddica de las bases de datos.<\/p>\n<p>8. Enlaces de hipertexto y cookies.<\/p>\n<p>El sitio shop.tablesoccer.org contiene varios enlaces de hipertexto a otros sitios, establecidos con la autorizaci\u00f3n de ITSF Store. Sin embargo, ITSF Store no tiene la posibilidad de verificar el contenido de los sitios visitados de esta manera y, por lo tanto, no asumir\u00e1 ninguna responsabilidad al respecto.<\/p>\n<p>La navegaci\u00f3n en el sitio shop.tablesoccer.org puede provocar la instalaci\u00f3n de cookie(s) en el ordenador del usuario. Una cookie es un archivo de peque\u00f1o tama\u00f1o que no permite la identificaci\u00f3n del usuario, pero que registra informaci\u00f3n sobre la navegaci\u00f3n de un ordenador en un sitio. Los datos obtenidos de esta manera tienen como objetivo facilitar la navegaci\u00f3n posterior en el sitio y tambi\u00e9n tienen como finalidad permitir diversas medidas de tr\u00e1fico en el sitio.<\/p>\n<p>La negativa a instalar una cookie puede ocasionar la imposibilidad de acceder a ciertos servicios. Sin embargo, el usuario puede configurar su navegador de internet para rechazar la instalaci\u00f3n de cookies.<\/p>\n<p>9. Ley aplicable y jurisdicci\u00f3n.<\/p>\n<p>Cualquier disputa relacionada con el uso del sitio shop.tablesoccer.org est\u00e1 sujeta a la ley francesa. Se otorga jurisdicci\u00f3n exclusiva a los tribunales competentes de Par\u00eds.<\/p>\n<p>10. Principales leyes pertinentes.<\/p>\n<p>Loi n\u00b0 78-17 du 6 janvier 1978, notamment modifi\u00e9e par la loi n\u00b0 2004-801 du 6 ao\u00fbt 2004 relative \u00e0 l&rsquo;informatique, aux fichiers et aux libert\u00e9s.<\/p>\n<p>Loi n\u00b0 2004-575 du 21 juin 2004 pour la confiance dans l&rsquo;\u00e9conomie num\u00e9rique.<\/p>\n<p>11. Glosario.<\/p>\n<p>Usuario: Internauta que se conecta y utiliza el sitio mencionado.<\/p>\n<p>Informations personnelles : \u00ab les informations qui permettent, sous quelque forme que ce soit, directement ou non, l&rsquo;identification des personnes physiques auxquelles elles s&rsquo;appliquent \u00bb (article 4 de la loi n\u00b0 78-17 du 6 janvier 1978).<\/p>\n\n\t\t<\/div>\n\t<\/div>\n<\/div><\/div><\/div><\/div><div class=\"vc_empty_space\"   style=\"height: 33px\"><span class=\"vc_empty_space_inner\"><\/span><\/div><\/div><\/div><\/div><\/div>\n<\/div>","protected":false},"excerpt":{"rendered":"International Table Soccer Federation Association d\u00e9clar\u00e9e 3 rue de Clermont, 44000 Nantes T\u00e9l. : +33 (0)2 40 47 90 84","protected":false},"author":1,"featured_media":0,"parent":0,"menu_order":0,"comment_status":"closed","ping_status":"closed","template":"","meta":{"footnotes":""},"class_list":["post-9902","page","type-page","status-publish","hentry"],"yoast_head":"<!-- This site is optimized with the Yoast SEO plugin v26.5 - https:\/\/yoast.com\/wordpress\/plugins\/seo\/ -->\n<title>Mentions l\u00e9gales - ITSF Boutique officielle<\/title>\n<meta name=\"robots\" content=\"noindex, nofollow\" \/>\n<meta property=\"og:locale\" content=\"es_ES\" \/>\n<meta property=\"og:type\" content=\"article\" \/>\n<meta property=\"og:title\" content=\"Mentions l\u00e9gales - ITSF Boutique officielle\" \/>\n<meta property=\"og:url\" content=\"https:\/\/shop.tablesoccer.org\/es\/mentions-legales\/\" \/>\n<meta property=\"og:site_name\" content=\"ITSF Boutique officielle\" \/>\n<meta property=\"article:modified_time\" content=\"2023-12-19T16:10:04+00:00\" \/>\n<meta name=\"twitter:card\" content=\"summary_large_image\" \/>\n<meta name=\"twitter:label1\" content=\"Tiempo de lectura\" \/>\n\t<meta name=\"twitter:data1\" content=\"7 minutos\" \/>\n<script type=\"application\/ld+json\" class=\"yoast-schema-graph\">{\"@context\":\"https:\/\/schema.org\",\"@graph\":[{\"@type\":\"WebPage\",\"@id\":\"https:\/\/shop.tablesoccer.org\/mentions-legales\/\",\"url\":\"https:\/\/shop.tablesoccer.org\/mentions-legales\/\",\"name\":\"Mentions l\u00e9gales - ITSF Boutique officielle\",\"isPartOf\":{\"@id\":\"https:\/\/shop.tablesoccer.org\/#website\"},\"datePublished\":\"2023-11-27T10:08:56+00:00\",\"dateModified\":\"2023-12-19T16:10:04+00:00\",\"breadcrumb\":{\"@id\":\"https:\/\/shop.tablesoccer.org\/mentions-legales\/#breadcrumb\"},\"inLanguage\":\"es\",\"potentialAction\":[{\"@type\":\"ReadAction\",\"target\":[\"https:\/\/shop.tablesoccer.org\/mentions-legales\/\"]}]},{\"@type\":\"BreadcrumbList\",\"@id\":\"https:\/\/shop.tablesoccer.org\/mentions-legales\/#breadcrumb\",\"itemListElement\":[{\"@type\":\"ListItem\",\"position\":1,\"name\":\"Accueil\",\"item\":\"https:\/\/shop.tablesoccer.org\/\"},{\"@type\":\"ListItem\",\"position\":2,\"name\":\"Mentions l\u00e9gales\"}]},{\"@type\":\"WebSite\",\"@id\":\"https:\/\/shop.tablesoccer.org\/#website\",\"url\":\"https:\/\/shop.tablesoccer.org\/\",\"name\":\"ITSF Boutique officielle\",\"description\":\"\",\"potentialAction\":[{\"@type\":\"SearchAction\",\"target\":{\"@type\":\"EntryPoint\",\"urlTemplate\":\"https:\/\/shop.tablesoccer.org\/?s={search_term_string}\"},\"query-input\":{\"@type\":\"PropertyValueSpecification\",\"valueRequired\":true,\"valueName\":\"search_term_string\"}}],\"inLanguage\":\"es\"}]}<\/script>\n<!-- \/ Yoast SEO plugin. -->","yoast_head_json":{"title":"Mentions l\u00e9gales - ITSF Boutique officielle","robots":{"index":"noindex","follow":"nofollow"},"og_locale":"es_ES","og_type":"article","og_title":"Mentions l\u00e9gales - ITSF Boutique officielle","og_url":"https:\/\/shop.tablesoccer.org\/es\/mentions-legales\/","og_site_name":"ITSF Boutique officielle","article_modified_time":"2023-12-19T16:10:04+00:00","twitter_card":"summary_large_image","twitter_misc":{"Tiempo de lectura":"7 minutos"},"schema":{"@context":"https:\/\/schema.org","@graph":[{"@type":"WebPage","@id":"https:\/\/shop.tablesoccer.org\/mentions-legales\/","url":"https:\/\/shop.tablesoccer.org\/mentions-legales\/","name":"Mentions l\u00e9gales - ITSF Boutique officielle","isPartOf":{"@id":"https:\/\/shop.tablesoccer.org\/#website"},"datePublished":"2023-11-27T10:08:56+00:00","dateModified":"2023-12-19T16:10:04+00:00","breadcrumb":{"@id":"https:\/\/shop.tablesoccer.org\/mentions-legales\/#breadcrumb"},"inLanguage":"es","potentialAction":[{"@type":"ReadAction","target":["https:\/\/shop.tablesoccer.org\/mentions-legales\/"]}]},{"@type":"BreadcrumbList","@id":"https:\/\/shop.tablesoccer.org\/mentions-legales\/#breadcrumb","itemListElement":[{"@type":"ListItem","position":1,"name":"Accueil","item":"https:\/\/shop.tablesoccer.org\/"},{"@type":"ListItem","position":2,"name":"Mentions l\u00e9gales"}]},{"@type":"WebSite","@id":"https:\/\/shop.tablesoccer.org\/#website","url":"https:\/\/shop.tablesoccer.org\/","name":"ITSF Boutique officielle","description":"","potentialAction":[{"@type":"SearchAction","target":{"@type":"EntryPoint","urlTemplate":"https:\/\/shop.tablesoccer.org\/?s={search_term_string}"},"query-input":{"@type":"PropertyValueSpecification","valueRequired":true,"valueName":"search_term_string"}}],"inLanguage":"es"}]}},"_links":{"self":[{"href":"https:\/\/shop.tablesoccer.org\/es\/wp-json\/wp\/v2\/pages\/9902","targetHints":{"allow":["GET"]}}],"collection":[{"href":"https:\/\/shop.tablesoccer.org\/es\/wp-json\/wp\/v2\/pages"}],"about":[{"href":"https:\/\/shop.tablesoccer.org\/es\/wp-json\/wp\/v2\/types\/page"}],"author":[{"embeddable":true,"href":"https:\/\/shop.tablesoccer.org\/es\/wp-json\/wp\/v2\/users\/1"}],"replies":[{"embeddable":true,"href":"https:\/\/shop.tablesoccer.org\/es\/wp-json\/wp\/v2\/comments?post=9902"}],"version-history":[{"count":5,"href":"https:\/\/shop.tablesoccer.org\/es\/wp-json\/wp\/v2\/pages\/9902\/revisions"}],"predecessor-version":[{"id":10053,"href":"https:\/\/shop.tablesoccer.org\/es\/wp-json\/wp\/v2\/pages\/9902\/revisions\/10053"}],"wp:attachment":[{"href":"https:\/\/shop.tablesoccer.org\/es\/wp-json\/wp\/v2\/media?parent=9902"}],"curies":[{"name":"wp","href":"https:\/\/api.w.org\/{rel}","templated":true}]}}