{"id":9900,"date":"2023-11-27T11:04:22","date_gmt":"2023-11-27T10:04:22","guid":{"rendered":"https:\/\/shop.tablesoccer.org\/?page_id=9900"},"modified":"2024-05-15T11:40:20","modified_gmt":"2024-05-15T09:40:20","slug":"cgv","status":"publish","type":"page","link":"https:\/\/shop.tablesoccer.org\/es\/cgv\/","title":{"rendered":"Condiciones Generales de Venta (CGV)"},"content":{"rendered":"<h1>Condiciones Generales de Venta (CGV)<\/h1>\n<p><strong>Pre\u00e1mbulo<\/strong><\/p>\n<p>Toute commande pass\u00e9e par l&rsquo;interm\u00e9diaire du site\u00a0<a href=\"https:\/\/shop.tablesoccer.org\/es\/\">shop.tablesoccer.org<\/a>\u00a0estar\u00e1 sujeta a estas condiciones generales de venta.<\/p>\n<p>Estas tienen como objetivo definir el r\u00e9gimen de ventas y los derechos y obligaciones que de ello se derivan, especialmente las condiciones de pedido, pago, entrega y posibles devoluciones\/cambios de los art\u00edculos comprados por los clientes.<\/p>\n<p>Cualquier validaci\u00f3n de pedido implica la aceptaci\u00f3n de estas condiciones generales de venta.<\/p>\n<p>&nbsp;<\/p>\n<p><strong>ART\u00cdCULO 1 \u2013 PEDIDO<\/strong><\/p>\n<p>Los gastos de env\u00edo se calculan seg\u00fan las tarifas vigentes. Los pedidos pagados comprometen al cliente de manera irrevocable.<\/p>\n<p>Vous devez v\u00e9rifier l&rsquo;exhaustivit\u00e9 et la conformit\u00e9 des renseignements que vous nous fournissez lors de la commande, notamment concernant l&rsquo;adresse de livraison.<\/p>\n<p>Nous ne pourrions \u00eatre tenus pour responsable d&rsquo;\u00e9ventuelles erreurs de saisie et des cons\u00e9quences qui en d\u00e9coulent (par exemple des retards ou des erreurs de livraisons). Dans ce contexte, les frais engag\u00e9s pour la r\u00e9exp\u00e9dition de la commande seraient \u00e0 votre charge.<\/p>\n<p>Toute commande pass\u00e9e aupr\u00e8s de TABLE SOCCER STORE vous sera valid\u00e9e avec l&rsquo;envoi d&rsquo;une confirmation de commande dans les meilleurs d\u00e9lais par e\u2010mail, si celui\u2010ci a \u00e9t\u00e9 correctement mentionn\u00e9 lors de la saisie de vos coordonn\u00e9es.<\/p>\n<p>Nous vous conseillons d\u2019enregistrer sur votre ordinateur ou d&rsquo;imprimer une copie du bon de commande jusqu&rsquo;\u00e0 la r\u00e9ception de cet e\u2010mail.<\/p>\n<p>&nbsp;<\/p>\n<p><strong>ART\u00cdCULO 2 \u2013 PRODUCTOS<\/strong><\/p>\n<p>Los productos ofrecidos en venta se describen y presentan con la mayor precisi\u00f3n posible para cumplir con el Art\u00edculo L.111-1 del C\u00f3digo de Consumo. Sin embargo, si hay un error u omisi\u00f3n en la descripci\u00f3n del producto, TABLE SOCCER STORE no puede ser considerado responsable. Nuestras ofertas de productos solo son v\u00e1lidas en nuestro sitio web.\u00a0<a href=\"https:\/\/shop.tablesoccer.org\/es\/\">shop.tablesoccer.org<\/a>\u00a0et dans la limite des stocks disponibles.<\/p>\n<p>Dans l&rsquo;\u00e9ventualit\u00e9 d&rsquo;une indisponibilit\u00e9 apr\u00e8s passage de la commande, nous informons le client par mail si celui\u2010ci a \u00e9t\u00e9 correctement mentionn\u00e9 lors de la saisie de vos coordonn\u00e9es.<\/p>\n<p>Le choix et l&rsquo;achat d&rsquo;un produit sont plac\u00e9s sous l&rsquo;unique responsabilit\u00e9 de l&rsquo;acheteur.<\/p>\n<p>Les photographies illustrant, \u00e0 l&rsquo;appui du texte, les produits n&rsquo;entrent pas dans le champ contractuel.<\/p>\n<p>&nbsp;<\/p>\n<p><strong>ART\u00cdCULO 3 \u2013 PRECIOS<\/strong><\/p>\n<p>Les prix de vente sont exprim\u00e9s en Euros, hors taxes (\u20ac HT). La TVA n&rsquo;est pas applicable, suivant l&rsquo;article 293 B du Code G\u00e9n\u00e9ral des Imp\u00f4ts. Si notre franchise de TVA venait \u00e0 \u00eatre remise en cause, ce changement pourra \u00eatre r\u00e9percut\u00e9 sur le prix des articles sans que le client en soit pr\u00e9alablement inform\u00e9.<\/p>\n<p>Los precios de los productos pueden cambiar en cualquier momento seg\u00fan la pol\u00edtica de precios de los fabricantes, mayoristas, distribuidores y TABLE SOCCER STORE.<\/p>\n<p>El precio de venta del producto se refiere al precio excluyendo los gastos de env\u00edo.<\/p>\n<p>Los gastos de env\u00edo corren a cargo del cliente y se facturan adem\u00e1s del precio de venta de los productos. Los gastos de env\u00edo var\u00edan seg\u00fan la zona geogr\u00e1fica de entrega y el peso del paquete. (por ejemplo, recargo debido a aranceles aduaneros, impuestos locales...)<\/p>\n<p>L&rsquo;acheteur sera toujours inform\u00e9 avant l&rsquo;enregistrement d\u00e9finitif de sa commande des frais de livraison li\u00e9s \u00e0 ladite commande (hors frais de d\u00e9douanement), et le paiement sera demand\u00e9 \u00e0 l&rsquo;acheteur pour le montant total de l&rsquo;achat, int\u00e9grant les prix des produits command\u00e9s plus les frais de livraison.<\/p>\n<p>Ainsi, la confirmation de la commande par l&rsquo;acheteur implique que ce dernier accepte de payer les frais de livraison aff\u00e9rents. Les frais de livraison ne peuvent donc constituer une raison valable de remise en cause de la commande apr\u00e8s son enregistrement d\u00e9finitif.<\/p>\n<p>&nbsp;<\/p>\n<p><strong>ART\u00cdCULO 4 \u2013 ENTREGA<\/strong><\/p>\n<p>Los productos disponibles se preparar\u00e1n en un plazo m\u00e1ximo de 2 d\u00edas laborables (J+2), tras recibir el pago del pedido. Los plazos son indicativos y se anuncian a partir de la salida del paquete desde nuestra sede.<\/p>\n<p>&nbsp;<\/p>\n<p><strong>ART\u00cdCULO 5 \u2013 INTERCAMBIO, DEVOLUCI\u00d3N Y DERECHO DE DESISTIMIENTO<\/strong><\/p>\n<p>De acuerdo con el art\u00edculo L.121-1 del C\u00f3digo de Consumo, tiene 14 d\u00edas a partir de la fecha de recepci\u00f3n de su paquete para devolver el o los productos que no cumplan con sus expectativas, con el fin de realizar un cambio o obtener un reembolso. Los gastos de devoluci\u00f3n corren a cargo del cliente.<\/p>\n<p>Para ello, simplemente siga el siguiente procedimiento:<\/p>\n<p>Los productos deben ser embalados en su embalaje original. Haga una fotocopia de su factura y marque los productos correspondientes, indicando si es necesario el tama\u00f1o de los productos deseados, y adj\u00fantela al paquete.<\/p>\n<p>Nous renvoyer le tout en colis suivi \u00e0 l&rsquo;adresse suivante : ITSF &#8211; TABLE SOCCER STORE \u2010 3 Rue de Clermont \u2010 44000 NANTES<\/p>\n<p>Si no se cumplen todas estas condiciones, los productos no ser\u00e1n aceptados para devoluci\u00f3n ni reembolso. Tras recibir su paquete, procederemos al intercambio y le enviaremos el o los productos deseados.<\/p>\n<p>ATENCI\u00d3N :<\/p>\n<p>Los art\u00edculos personalizados no se aceptan para devoluci\u00f3n ni intercambio, excepto en caso de error por parte de TABLE SOCCER STORE o si el producto est\u00e1 defectuoso. Para cualquier art\u00edculo devuelto con el motivo de 'defectuoso', especifique en una carta separada la naturaleza del defecto observado.<\/p>\n<p>&nbsp;<\/p>\n<p><strong>ART\u00cdCULO 6 \u2013 AVISOS LEGALES Y RESPONSABILIDADES<\/strong><\/p>\n<p>Exenci\u00f3n de responsabilidad: casos de fuerza mayor.<\/p>\n<p>Est consid\u00e9r\u00e9 comme cas fortuit ou force majeure exon\u00e9ratoire de responsabilit\u00e9 tout fait ou circonstance irr\u00e9sistible, impr\u00e9visible et ind\u00e9pendant de la volont\u00e9 des parties. Dans de telles circonstances, un rapprochement est \u00e0 privil\u00e9gier afin d&rsquo;examiner l&rsquo;incidence de l&rsquo;\u00e9v\u00e9nement et de convenir des conditions dans lesquelles l&rsquo;ex\u00e9cution du contrat sera poursuivie.<\/p>\n<p>Port\u00e9e des pr\u00e9sentes conditions : l&rsquo;invalidation d&rsquo;une clause ne touche pas les autres.<\/p>\n<p>Si une ou plusieurs stipulations des pr\u00e9sentes conditions g\u00e9n\u00e9rales sont tenues pour non valides ou d\u00e9clar\u00e9es telles en application d&rsquo;une loi, d&rsquo;un r\u00e8glement ou \u00e0 la suite d&rsquo;une d\u00e9cision d\u00e9finitive d&rsquo;une juridiction comp\u00e9tente, les autres stipulations garderont toute leur force et leur port\u00e9e.<\/p>\n<p>&nbsp;<\/p>","protected":false},"excerpt":{"rendered":"<p>Conditions g\u00e9n\u00e9rales de vente (CGV) PREAMBULE Toute commande pass\u00e9e par l&rsquo;interm\u00e9diaire du site\u00a0shop.tablesoccer.org\u00a0sera soumise aux pr\u00e9sentes conditions g\u00e9n\u00e9rales de vente.<\/p>","protected":false},"author":1,"featured_media":0,"parent":0,"menu_order":0,"comment_status":"closed","ping_status":"closed","template":"","meta":{"footnotes":""},"class_list":["post-9900","page","type-page","status-publish","hentry"],"yoast_head":"<!-- This site is optimized with the Yoast SEO plugin v26.5 - https:\/\/yoast.com\/wordpress\/plugins\/seo\/ -->\n<title>Conditions g\u00e9n\u00e9rales de vente (CGV) - ITSF Boutique officielle<\/title>\n<meta name=\"description\" content=\"Retrouvez-ici les conditions g\u00e9n\u00e9rales de vente de l&#039;ITSF Store.\" \/>\n<meta name=\"robots\" content=\"index, follow, max-snippet:-1, max-image-preview:large, max-video-preview:-1\" \/>\n<link rel=\"canonical\" href=\"https:\/\/shop.tablesoccer.org\/es\/cgv\/\" \/>\n<meta property=\"og:locale\" content=\"es_ES\" \/>\n<meta property=\"og:type\" content=\"article\" \/>\n<meta property=\"og:title\" content=\"Conditions g\u00e9n\u00e9rales de vente (CGV) - ITSF Boutique officielle\" \/>\n<meta property=\"og:description\" content=\"Retrouvez-ici les conditions g\u00e9n\u00e9rales de vente de l&#039;ITSF Store.\" \/>\n<meta property=\"og:url\" content=\"https:\/\/shop.tablesoccer.org\/es\/cgv\/\" \/>\n<meta property=\"og:site_name\" content=\"ITSF Boutique officielle\" \/>\n<meta property=\"article:modified_time\" content=\"2024-05-15T09:40:20+00:00\" \/>\n<meta name=\"twitter:card\" content=\"summary_large_image\" \/>\n<meta name=\"twitter:label1\" content=\"Tiempo de lectura\" \/>\n\t<meta name=\"twitter:data1\" content=\"5 minutos\" \/>\n<script type=\"application\/ld+json\" class=\"yoast-schema-graph\">{\"@context\":\"https:\/\/schema.org\",\"@graph\":[{\"@type\":\"WebPage\",\"@id\":\"https:\/\/shop.tablesoccer.org\/cgv\/\",\"url\":\"https:\/\/shop.tablesoccer.org\/cgv\/\",\"name\":\"Conditions g\u00e9n\u00e9rales de vente (CGV) - ITSF Boutique officielle\",\"isPartOf\":{\"@id\":\"https:\/\/shop.tablesoccer.org\/#website\"},\"datePublished\":\"2023-11-27T10:04:22+00:00\",\"dateModified\":\"2024-05-15T09:40:20+00:00\",\"description\":\"Retrouvez-ici les conditions g\u00e9n\u00e9rales de vente de l'ITSF Store.\",\"breadcrumb\":{\"@id\":\"https:\/\/shop.tablesoccer.org\/cgv\/#breadcrumb\"},\"inLanguage\":\"es\",\"potentialAction\":[{\"@type\":\"ReadAction\",\"target\":[\"https:\/\/shop.tablesoccer.org\/cgv\/\"]}]},{\"@type\":\"BreadcrumbList\",\"@id\":\"https:\/\/shop.tablesoccer.org\/cgv\/#breadcrumb\",\"itemListElement\":[{\"@type\":\"ListItem\",\"position\":1,\"name\":\"Accueil\",\"item\":\"https:\/\/shop.tablesoccer.org\/\"},{\"@type\":\"ListItem\",\"position\":2,\"name\":\"Conditions g\u00e9n\u00e9rales de vente (CGV)\"}]},{\"@type\":\"WebSite\",\"@id\":\"https:\/\/shop.tablesoccer.org\/#website\",\"url\":\"https:\/\/shop.tablesoccer.org\/\",\"name\":\"ITSF Boutique officielle\",\"description\":\"\",\"potentialAction\":[{\"@type\":\"SearchAction\",\"target\":{\"@type\":\"EntryPoint\",\"urlTemplate\":\"https:\/\/shop.tablesoccer.org\/?s={search_term_string}\"},\"query-input\":{\"@type\":\"PropertyValueSpecification\",\"valueRequired\":true,\"valueName\":\"search_term_string\"}}],\"inLanguage\":\"es\"}]}<\/script>\n<!-- \/ Yoast SEO plugin. -->","yoast_head_json":{"title":"Conditions g\u00e9n\u00e9rales de vente (CGV) - ITSF Boutique officielle","description":"Retrouvez-ici les conditions g\u00e9n\u00e9rales de vente de l'ITSF Store.","robots":{"index":"index","follow":"follow","max-snippet":"max-snippet:-1","max-image-preview":"max-image-preview:large","max-video-preview":"max-video-preview:-1"},"canonical":"https:\/\/shop.tablesoccer.org\/es\/cgv\/","og_locale":"es_ES","og_type":"article","og_title":"Conditions g\u00e9n\u00e9rales de vente (CGV) - ITSF Boutique officielle","og_description":"Retrouvez-ici les conditions g\u00e9n\u00e9rales de vente de l'ITSF Store.","og_url":"https:\/\/shop.tablesoccer.org\/es\/cgv\/","og_site_name":"ITSF Boutique officielle","article_modified_time":"2024-05-15T09:40:20+00:00","twitter_card":"summary_large_image","twitter_misc":{"Tiempo de lectura":"5 minutos"},"schema":{"@context":"https:\/\/schema.org","@graph":[{"@type":"WebPage","@id":"https:\/\/shop.tablesoccer.org\/cgv\/","url":"https:\/\/shop.tablesoccer.org\/cgv\/","name":"Conditions g\u00e9n\u00e9rales de vente (CGV) - ITSF Boutique officielle","isPartOf":{"@id":"https:\/\/shop.tablesoccer.org\/#website"},"datePublished":"2023-11-27T10:04:22+00:00","dateModified":"2024-05-15T09:40:20+00:00","description":"Retrouvez-ici les conditions g\u00e9n\u00e9rales de vente de l'ITSF Store.","breadcrumb":{"@id":"https:\/\/shop.tablesoccer.org\/cgv\/#breadcrumb"},"inLanguage":"es","potentialAction":[{"@type":"ReadAction","target":["https:\/\/shop.tablesoccer.org\/cgv\/"]}]},{"@type":"BreadcrumbList","@id":"https:\/\/shop.tablesoccer.org\/cgv\/#breadcrumb","itemListElement":[{"@type":"ListItem","position":1,"name":"Accueil","item":"https:\/\/shop.tablesoccer.org\/"},{"@type":"ListItem","position":2,"name":"Conditions g\u00e9n\u00e9rales de vente (CGV)"}]},{"@type":"WebSite","@id":"https:\/\/shop.tablesoccer.org\/#website","url":"https:\/\/shop.tablesoccer.org\/","name":"ITSF Boutique officielle","description":"","potentialAction":[{"@type":"SearchAction","target":{"@type":"EntryPoint","urlTemplate":"https:\/\/shop.tablesoccer.org\/?s={search_term_string}"},"query-input":{"@type":"PropertyValueSpecification","valueRequired":true,"valueName":"search_term_string"}}],"inLanguage":"es"}]}},"_links":{"self":[{"href":"https:\/\/shop.tablesoccer.org\/es\/wp-json\/wp\/v2\/pages\/9900","targetHints":{"allow":["GET"]}}],"collection":[{"href":"https:\/\/shop.tablesoccer.org\/es\/wp-json\/wp\/v2\/pages"}],"about":[{"href":"https:\/\/shop.tablesoccer.org\/es\/wp-json\/wp\/v2\/types\/page"}],"author":[{"embeddable":true,"href":"https:\/\/shop.tablesoccer.org\/es\/wp-json\/wp\/v2\/users\/1"}],"replies":[{"embeddable":true,"href":"https:\/\/shop.tablesoccer.org\/es\/wp-json\/wp\/v2\/comments?post=9900"}],"version-history":[{"count":4,"href":"https:\/\/shop.tablesoccer.org\/es\/wp-json\/wp\/v2\/pages\/9900\/revisions"}],"predecessor-version":[{"id":9926,"href":"https:\/\/shop.tablesoccer.org\/es\/wp-json\/wp\/v2\/pages\/9900\/revisions\/9926"}],"wp:attachment":[{"href":"https:\/\/shop.tablesoccer.org\/es\/wp-json\/wp\/v2\/media?parent=9900"}],"curies":[{"name":"wp","href":"https:\/\/api.w.org\/{rel}","templated":true}]}}