{"id":9802,"date":"2023-11-14T17:12:24","date_gmt":"2023-11-14T16:12:24","guid":{"rendered":"https:\/\/shop.tablesoccer.org\/?post_type=product&#038;p=9802"},"modified":"2026-03-11T14:13:34","modified_gmt":"2026-03-11T13:13:34","slug":"gobelet-itsf-baby-foot","status":"publish","type":"product","link":"https:\/\/shop.tablesoccer.org\/en\/product\/gobelet-itsf-baby-foot\/","title":{"rendered":"ITSF foosball cup"},"content":{"rendered":"<p style=\"font-weight: 400;\"><strong>Description <\/strong><\/p>\n<p style=\"font-weight: 400;\">The ITSF Cup is a practical official accessory for foosball fans. Made of lightweight and durable polypropylene, it has a capacity of 50 cl with graduation and black ITSF serigraphy. Lightweight, it is easily carried and used at home, in a tournament or outdoors.<\/p>\n<p>&nbsp;<\/p>\n<p style=\"font-weight: 400;\"><strong>Specifications:<\/strong><\/p>\n<ul>\n<li>Polypropylene<\/li>\n<li>Capacity: 50 cl (graduated)<\/li>\n<li>Dimensions: Height 14.8 cm \u2013 Diameter high 8.5 cm \u2013 Diameter low 6 cm<\/li>\n<li>Weight: 57g<\/li>\n<\/ul>\n<p>&nbsp;<\/p>\n<p style=\"font-weight: 400;\"><strong>Conseil d\u2019entretien :<\/strong><\/p>\n<p style=\"font-weight: 400;\">Wash by hand or in the dishwasher (gentle cycle). Avoid abrasive sponges to preserve the logo.<\/p>\n<p style=\"font-weight: 400;\">Find all our selection in the category: <a href=\"https:\/\/shop.tablesoccer.org\/en\/product-category\/accessoires-goodies\/gobelet-gourde-tour-de-cou-sac-banane-baby-foot\/\">ITSF Accessories<\/a><\/p>\n<p style=\"font-weight: 400;\">","protected":false},"excerpt":{"rendered":"<p style=\"font-weight: 400;\">The ITSF Cup is lightweight, reusable and practical, with a graduated 50 cl capacity for your drinks. Its official design with black screen printing makes it a perfect accessory for foosball fans, at home or in tournament.<\/p>\n<p style=\"font-weight: 400;\">","protected":false},"featured_media":9826,"comment_status":"open","ping_status":"closed","template":"","meta":[],"product_brand":[],"product_cat":[161,98],"product_tag":[],"class_list":{"0":"post-9802","1":"product","2":"type-product","3":"status-publish","4":"has-post-thumbnail","6":"product_cat-gobelet-gourde-tour-de-cou-sac-banane-baby-foot","7":"product_cat-accessoires-goodies","9":"first","10":"instock","11":"sale","12":"taxable","13":"shipping-taxable","14":"purchasable","15":"product-type-simple"},"yoast_head":"<!-- This site is optimized with the Yoast SEO plugin v26.5 - https:\/\/yoast.com\/wordpress\/plugins\/seo\/ -->\n<title>Gobelet ITSF baby-foot - ITSF Boutique officielle<\/title>\n<meta name=\"description\" content=\"Gobelet en polypropyl\u00e8ne l\u00e9ger (57 g) avec impression noire \u00e9l\u00e9gante. Compact (14,8 cm x 8,5 cm x 6 cm), durable et parfait pour toutes vos occasions !\" \/>\n<meta name=\"robots\" content=\"index, follow, max-snippet:-1, max-image-preview:large, max-video-preview:-1\" \/>\n<link rel=\"canonical\" href=\"https:\/\/shop.tablesoccer.org\/en\/product\/gobelet-itsf-baby-foot\/\" \/>\n<meta property=\"og:locale\" content=\"en_GB\" \/>\n<meta property=\"og:type\" content=\"article\" \/>\n<meta property=\"og:title\" content=\"Gobelet ITSF baby-foot - ITSF Boutique officielle\" \/>\n<meta property=\"og:description\" content=\"Gobelet en polypropyl\u00e8ne l\u00e9ger (57 g) avec impression noire \u00e9l\u00e9gante. Compact (14,8 cm x 8,5 cm x 6 cm), durable et parfait pour toutes vos occasions !\" \/>\n<meta property=\"og:url\" content=\"https:\/\/shop.tablesoccer.org\/en\/product\/gobelet-itsf-baby-foot\/\" \/>\n<meta property=\"og:site_name\" content=\"ITSF Boutique officielle\" \/>\n<meta property=\"article:modified_time\" content=\"2026-03-11T13:13:34+00:00\" \/>\n<meta property=\"og:image\" content=\"https:\/\/shop.tablesoccer.org\/wp-content\/uploads\/2023\/11\/gobelet1.jpg\" \/>\n\t<meta property=\"og:image:width\" content=\"1600\" \/>\n\t<meta property=\"og:image:height\" content=\"1901\" \/>\n\t<meta property=\"og:image:type\" content=\"image\/jpeg\" \/>\n<meta name=\"twitter:card\" content=\"summary_large_image\" \/>\n<meta name=\"twitter:label1\" content=\"Estimated reading time\" \/>\n\t<meta name=\"twitter:data1\" content=\"1 minute\" \/>\n<script type=\"application\/ld+json\" class=\"yoast-schema-graph\">{\"@context\":\"https:\/\/schema.org\",\"@graph\":[{\"@type\":\"WebPage\",\"@id\":\"https:\/\/shop.tablesoccer.org\/produit\/gobelet-itsf-baby-foot\/\",\"url\":\"https:\/\/shop.tablesoccer.org\/produit\/gobelet-itsf-baby-foot\/\",\"name\":\"Gobelet ITSF baby-foot - ITSF Boutique officielle\",\"isPartOf\":{\"@id\":\"https:\/\/shop.tablesoccer.org\/#website\"},\"primaryImageOfPage\":{\"@id\":\"https:\/\/shop.tablesoccer.org\/produit\/gobelet-itsf-baby-foot\/#primaryimage\"},\"image\":{\"@id\":\"https:\/\/shop.tablesoccer.org\/produit\/gobelet-itsf-baby-foot\/#primaryimage\"},\"thumbnailUrl\":\"https:\/\/shop.tablesoccer.org\/wp-content\/uploads\/2023\/11\/gobelet1.jpg\",\"datePublished\":\"2023-11-14T16:12:24+00:00\",\"dateModified\":\"2026-03-11T13:13:34+00:00\",\"description\":\"Gobelet en polypropyl\u00e8ne l\u00e9ger (57 g) avec impression noire \u00e9l\u00e9gante. Compact (14,8 cm x 8,5 cm x 6 cm), durable et parfait pour toutes vos occasions !\",\"breadcrumb\":{\"@id\":\"https:\/\/shop.tablesoccer.org\/produit\/gobelet-itsf-baby-foot\/#breadcrumb\"},\"inLanguage\":\"en-GB\",\"potentialAction\":[{\"@type\":\"ReadAction\",\"target\":[\"https:\/\/shop.tablesoccer.org\/produit\/gobelet-itsf-baby-foot\/\"]}]},{\"@type\":\"ImageObject\",\"inLanguage\":\"en-GB\",\"@id\":\"https:\/\/shop.tablesoccer.org\/produit\/gobelet-itsf-baby-foot\/#primaryimage\",\"url\":\"https:\/\/shop.tablesoccer.org\/wp-content\/uploads\/2023\/11\/gobelet1.jpg\",\"contentUrl\":\"https:\/\/shop.tablesoccer.org\/wp-content\/uploads\/2023\/11\/gobelet1.jpg\",\"width\":1600,\"height\":1901},{\"@type\":\"BreadcrumbList\",\"@id\":\"https:\/\/shop.tablesoccer.org\/produit\/gobelet-itsf-baby-foot\/#breadcrumb\",\"itemListElement\":[{\"@type\":\"ListItem\",\"position\":1,\"name\":\"Accueil\",\"item\":\"https:\/\/shop.tablesoccer.org\/\"},{\"@type\":\"ListItem\",\"position\":2,\"name\":\"Boutique\",\"item\":\"https:\/\/shop.tablesoccer.org\/accueil\/boutique\/\"},{\"@type\":\"ListItem\",\"position\":3,\"name\":\"Gobelet ITSF baby-foot\"}]},{\"@type\":\"WebSite\",\"@id\":\"https:\/\/shop.tablesoccer.org\/#website\",\"url\":\"https:\/\/shop.tablesoccer.org\/\",\"name\":\"ITSF Boutique officielle\",\"description\":\"\",\"potentialAction\":[{\"@type\":\"SearchAction\",\"target\":{\"@type\":\"EntryPoint\",\"urlTemplate\":\"https:\/\/shop.tablesoccer.org\/?s={search_term_string}\"},\"query-input\":{\"@type\":\"PropertyValueSpecification\",\"valueRequired\":true,\"valueName\":\"search_term_string\"}}],\"inLanguage\":\"en-GB\"}]}<\/script>\n<!-- \/ Yoast SEO plugin. -->","yoast_head_json":{"title":"Gobelet ITSF baby-foot - ITSF Boutique officielle","description":"Gobelet en polypropyl\u00e8ne l\u00e9ger (57 g) avec impression noire \u00e9l\u00e9gante. Compact (14,8 cm x 8,5 cm x 6 cm), durable et parfait pour toutes vos occasions !","robots":{"index":"index","follow":"follow","max-snippet":"max-snippet:-1","max-image-preview":"max-image-preview:large","max-video-preview":"max-video-preview:-1"},"canonical":"https:\/\/shop.tablesoccer.org\/en\/product\/gobelet-itsf-baby-foot\/","og_locale":"en_GB","og_type":"article","og_title":"Gobelet ITSF baby-foot - ITSF Boutique officielle","og_description":"Gobelet en polypropyl\u00e8ne l\u00e9ger (57 g) avec impression noire \u00e9l\u00e9gante. Compact (14,8 cm x 8,5 cm x 6 cm), durable et parfait pour toutes vos occasions !","og_url":"https:\/\/shop.tablesoccer.org\/en\/product\/gobelet-itsf-baby-foot\/","og_site_name":"ITSF Boutique officielle","article_modified_time":"2026-03-11T13:13:34+00:00","og_image":[{"width":1600,"height":1901,"url":"https:\/\/shop.tablesoccer.org\/wp-content\/uploads\/2023\/11\/gobelet1.jpg","type":"image\/jpeg"}],"twitter_card":"summary_large_image","twitter_misc":{"Estimated reading time":"1 minute"},"schema":{"@context":"https:\/\/schema.org","@graph":[{"@type":"WebPage","@id":"https:\/\/shop.tablesoccer.org\/produit\/gobelet-itsf-baby-foot\/","url":"https:\/\/shop.tablesoccer.org\/produit\/gobelet-itsf-baby-foot\/","name":"Gobelet ITSF baby-foot - ITSF Boutique officielle","isPartOf":{"@id":"https:\/\/shop.tablesoccer.org\/#website"},"primaryImageOfPage":{"@id":"https:\/\/shop.tablesoccer.org\/produit\/gobelet-itsf-baby-foot\/#primaryimage"},"image":{"@id":"https:\/\/shop.tablesoccer.org\/produit\/gobelet-itsf-baby-foot\/#primaryimage"},"thumbnailUrl":"https:\/\/shop.tablesoccer.org\/wp-content\/uploads\/2023\/11\/gobelet1.jpg","datePublished":"2023-11-14T16:12:24+00:00","dateModified":"2026-03-11T13:13:34+00:00","description":"Gobelet en polypropyl\u00e8ne l\u00e9ger (57 g) avec impression noire \u00e9l\u00e9gante. Compact (14,8 cm x 8,5 cm x 6 cm), durable et parfait pour toutes vos occasions !","breadcrumb":{"@id":"https:\/\/shop.tablesoccer.org\/produit\/gobelet-itsf-baby-foot\/#breadcrumb"},"inLanguage":"en-GB","potentialAction":[{"@type":"ReadAction","target":["https:\/\/shop.tablesoccer.org\/produit\/gobelet-itsf-baby-foot\/"]}]},{"@type":"ImageObject","inLanguage":"en-GB","@id":"https:\/\/shop.tablesoccer.org\/produit\/gobelet-itsf-baby-foot\/#primaryimage","url":"https:\/\/shop.tablesoccer.org\/wp-content\/uploads\/2023\/11\/gobelet1.jpg","contentUrl":"https:\/\/shop.tablesoccer.org\/wp-content\/uploads\/2023\/11\/gobelet1.jpg","width":1600,"height":1901},{"@type":"BreadcrumbList","@id":"https:\/\/shop.tablesoccer.org\/produit\/gobelet-itsf-baby-foot\/#breadcrumb","itemListElement":[{"@type":"ListItem","position":1,"name":"Accueil","item":"https:\/\/shop.tablesoccer.org\/"},{"@type":"ListItem","position":2,"name":"Boutique","item":"https:\/\/shop.tablesoccer.org\/accueil\/boutique\/"},{"@type":"ListItem","position":3,"name":"Gobelet ITSF baby-foot"}]},{"@type":"WebSite","@id":"https:\/\/shop.tablesoccer.org\/#website","url":"https:\/\/shop.tablesoccer.org\/","name":"ITSF Boutique officielle","description":"","potentialAction":[{"@type":"SearchAction","target":{"@type":"EntryPoint","urlTemplate":"https:\/\/shop.tablesoccer.org\/?s={search_term_string}"},"query-input":{"@type":"PropertyValueSpecification","valueRequired":true,"valueName":"search_term_string"}}],"inLanguage":"en-GB"}]}},"_links":{"self":[{"href":"https:\/\/shop.tablesoccer.org\/en\/wp-json\/wp\/v2\/product\/9802","targetHints":{"allow":["GET"]}}],"collection":[{"href":"https:\/\/shop.tablesoccer.org\/en\/wp-json\/wp\/v2\/product"}],"about":[{"href":"https:\/\/shop.tablesoccer.org\/en\/wp-json\/wp\/v2\/types\/product"}],"replies":[{"embeddable":true,"href":"https:\/\/shop.tablesoccer.org\/en\/wp-json\/wp\/v2\/comments?post=9802"}],"wp:featuredmedia":[{"embeddable":true,"href":"https:\/\/shop.tablesoccer.org\/en\/wp-json\/wp\/v2\/media\/9826"}],"wp:attachment":[{"href":"https:\/\/shop.tablesoccer.org\/en\/wp-json\/wp\/v2\/media?parent=9802"}],"wp:term":[{"taxonomy":"product_brand","embeddable":true,"href":"https:\/\/shop.tablesoccer.org\/en\/wp-json\/wp\/v2\/product_brand?post=9802"},{"taxonomy":"product_cat","embeddable":true,"href":"https:\/\/shop.tablesoccer.org\/en\/wp-json\/wp\/v2\/product_cat?post=9802"},{"taxonomy":"product_tag","embeddable":true,"href":"https:\/\/shop.tablesoccer.org\/en\/wp-json\/wp\/v2\/product_tag?post=9802"}],"curies":[{"name":"wp","href":"https:\/\/api.w.org\/{rel}","templated":true}]}}