{"id":9664,"date":"2023-11-14T16:56:58","date_gmt":"2023-11-14T15:56:58","guid":{"rendered":"https:\/\/shop.tablesoccer.org\/?post_type=product&#038;p=9664"},"modified":"2026-03-11T14:13:52","modified_gmt":"2026-03-11T13:13:52","slug":"maillot-arbitre-baby-foot-itsf","status":"publish","type":"product","link":"https:\/\/shop.tablesoccer.org\/en\/product\/maillot-arbitre-baby-foot-itsf\/","title":{"rendered":"ITSF foosball referee jersey"},"content":{"rendered":"<p style=\"font-weight: 400;\"><strong>Description <\/strong><\/p>\n<p style=\"font-weight: 400;\">This referee jersey is specially designed for table football competitions. It reflects the official identity of the ITSF, while ensuring comfort and style during matches. Its sober design facilitates the recognition of the referee.<\/p>\n<p>&nbsp;<\/p>\n<p style=\"font-weight: 400;\"><strong>Specifications:<\/strong><\/p>\n<p style=\"font-weight: 400;\">\u2013 Sizes: wide range, 2XS to 10XL.<\/p>\n<p style=\"font-weight: 400;\">\u2013 Colors: black and white.<\/p>\n<p>&nbsp;<\/p>\n<p style=\"font-weight: 400;\"><strong>Care instructions<\/strong><\/p>\n<p style=\"font-weight: 400;\">Wash the shirt on the reverse side at low temperature to preserve colors. Avoid using aggressive softeners. Dry it preferably in the open air so that it retains its cut and its material.<\/p>\n<p style=\"font-weight: 400;\">Practical and official, this jersey allows you to referee your foosball games in the best conditions.<\/p>\n<p style=\"font-weight: 400;\">Find all our selection in the category:<a href=\"https:\/\/shop.tablesoccer.org\/en\/product-category\/equipement\/equipements-arbitres-baby-foot\/\"> Foosball referee equipment<\/a><\/p>","protected":false},"excerpt":{"rendered":"<p>The official ITSF referee football jersey offers a professional and sober look for your competitions. Designed for referees, it is both lightweight and stylish. Available in black and white, in a wide range of sizes.<\/p>","protected":false},"featured_media":9724,"comment_status":"open","ping_status":"closed","template":"","meta":[],"product_brand":[],"product_cat":[69,124],"product_tag":[],"class_list":{"0":"post-9664","1":"product","2":"type-product","3":"status-publish","4":"has-post-thumbnail","6":"product_cat-equipement","7":"product_cat-equipements-arbitres-baby-foot","9":"first","10":"instock","11":"taxable","12":"shipping-taxable","13":"purchasable","14":"product-type-variable"},"yoast_head":"<!-- This site is optimized with the Yoast SEO plugin v26.5 - https:\/\/yoast.com\/wordpress\/plugins\/seo\/ -->\n<title>Maillot arbitre baby-foot ITSF - ITSF Boutique officielle<\/title>\n<meta name=\"description\" content=\"Le maillot d\u2019arbitre officiel ITSF, \u00e0 la fois l\u00e9ger et \u00e9l\u00e9gant. Disponible en noir et blanc, dans une large gamme de tailles. Commandez sur ITSF !\" \/>\n<meta name=\"robots\" content=\"index, follow, max-snippet:-1, max-image-preview:large, max-video-preview:-1\" \/>\n<link rel=\"canonical\" href=\"https:\/\/shop.tablesoccer.org\/en\/product\/maillot-arbitre-baby-foot-itsf\/\" \/>\n<meta property=\"og:locale\" content=\"en_GB\" \/>\n<meta property=\"og:type\" content=\"article\" \/>\n<meta property=\"og:title\" content=\"Maillot arbitre baby-foot ITSF - ITSF Boutique officielle\" \/>\n<meta property=\"og:description\" content=\"Le maillot d\u2019arbitre officiel ITSF, \u00e0 la fois l\u00e9ger et \u00e9l\u00e9gant. Disponible en noir et blanc, dans une large gamme de tailles. Commandez sur ITSF !\" \/>\n<meta property=\"og:url\" content=\"https:\/\/shop.tablesoccer.org\/en\/product\/maillot-arbitre-baby-foot-itsf\/\" \/>\n<meta property=\"og:site_name\" content=\"ITSF Boutique officielle\" \/>\n<meta property=\"article:modified_time\" content=\"2026-03-11T13:13:52+00:00\" \/>\n<meta property=\"og:image\" content=\"https:\/\/shop.tablesoccer.org\/wp-content\/uploads\/2023\/11\/img_03662.jpg\" \/>\n\t<meta property=\"og:image:width\" content=\"1600\" \/>\n\t<meta property=\"og:image:height\" content=\"2254\" \/>\n\t<meta property=\"og:image:type\" content=\"image\/jpeg\" \/>\n<meta name=\"twitter:card\" content=\"summary_large_image\" \/>\n<meta name=\"twitter:label1\" content=\"Estimated reading time\" \/>\n\t<meta name=\"twitter:data1\" content=\"1 minute\" \/>\n<script type=\"application\/ld+json\" class=\"yoast-schema-graph\">{\"@context\":\"https:\/\/schema.org\",\"@graph\":[{\"@type\":\"WebPage\",\"@id\":\"https:\/\/shop.tablesoccer.org\/produit\/maillot-arbitre-baby-foot-itsf\/\",\"url\":\"https:\/\/shop.tablesoccer.org\/produit\/maillot-arbitre-baby-foot-itsf\/\",\"name\":\"Maillot arbitre baby-foot ITSF - ITSF Boutique officielle\",\"isPartOf\":{\"@id\":\"https:\/\/shop.tablesoccer.org\/#website\"},\"primaryImageOfPage\":{\"@id\":\"https:\/\/shop.tablesoccer.org\/produit\/maillot-arbitre-baby-foot-itsf\/#primaryimage\"},\"image\":{\"@id\":\"https:\/\/shop.tablesoccer.org\/produit\/maillot-arbitre-baby-foot-itsf\/#primaryimage\"},\"thumbnailUrl\":\"https:\/\/shop.tablesoccer.org\/wp-content\/uploads\/2023\/11\/img_03662.jpg\",\"datePublished\":\"2023-11-14T15:56:58+00:00\",\"dateModified\":\"2026-03-11T13:13:52+00:00\",\"description\":\"Le maillot d\u2019arbitre officiel ITSF, \u00e0 la fois l\u00e9ger et \u00e9l\u00e9gant. Disponible en noir et blanc, dans une large gamme de tailles. Commandez sur ITSF !\",\"breadcrumb\":{\"@id\":\"https:\/\/shop.tablesoccer.org\/produit\/maillot-arbitre-baby-foot-itsf\/#breadcrumb\"},\"inLanguage\":\"en-GB\",\"potentialAction\":[{\"@type\":\"ReadAction\",\"target\":[\"https:\/\/shop.tablesoccer.org\/produit\/maillot-arbitre-baby-foot-itsf\/\"]}]},{\"@type\":\"ImageObject\",\"inLanguage\":\"en-GB\",\"@id\":\"https:\/\/shop.tablesoccer.org\/produit\/maillot-arbitre-baby-foot-itsf\/#primaryimage\",\"url\":\"https:\/\/shop.tablesoccer.org\/wp-content\/uploads\/2023\/11\/img_03662.jpg\",\"contentUrl\":\"https:\/\/shop.tablesoccer.org\/wp-content\/uploads\/2023\/11\/img_03662.jpg\",\"width\":1600,\"height\":2254,\"caption\":\"Maillot officiel arbitre ITSF baby foot\"},{\"@type\":\"BreadcrumbList\",\"@id\":\"https:\/\/shop.tablesoccer.org\/produit\/maillot-arbitre-baby-foot-itsf\/#breadcrumb\",\"itemListElement\":[{\"@type\":\"ListItem\",\"position\":1,\"name\":\"Accueil\",\"item\":\"https:\/\/shop.tablesoccer.org\/\"},{\"@type\":\"ListItem\",\"position\":2,\"name\":\"Boutique\",\"item\":\"https:\/\/shop.tablesoccer.org\/accueil\/boutique\/\"},{\"@type\":\"ListItem\",\"position\":3,\"name\":\"Maillot arbitre baby-foot ITSF\"}]},{\"@type\":\"WebSite\",\"@id\":\"https:\/\/shop.tablesoccer.org\/#website\",\"url\":\"https:\/\/shop.tablesoccer.org\/\",\"name\":\"ITSF Boutique officielle\",\"description\":\"\",\"potentialAction\":[{\"@type\":\"SearchAction\",\"target\":{\"@type\":\"EntryPoint\",\"urlTemplate\":\"https:\/\/shop.tablesoccer.org\/?s={search_term_string}\"},\"query-input\":{\"@type\":\"PropertyValueSpecification\",\"valueRequired\":true,\"valueName\":\"search_term_string\"}}],\"inLanguage\":\"en-GB\"}]}<\/script>\n<!-- \/ Yoast SEO plugin. -->","yoast_head_json":{"title":"Maillot arbitre baby-foot ITSF - ITSF Boutique officielle","description":"Le maillot d\u2019arbitre officiel ITSF, \u00e0 la fois l\u00e9ger et \u00e9l\u00e9gant. Disponible en noir et blanc, dans une large gamme de tailles. Commandez sur ITSF !","robots":{"index":"index","follow":"follow","max-snippet":"max-snippet:-1","max-image-preview":"max-image-preview:large","max-video-preview":"max-video-preview:-1"},"canonical":"https:\/\/shop.tablesoccer.org\/en\/product\/maillot-arbitre-baby-foot-itsf\/","og_locale":"en_GB","og_type":"article","og_title":"Maillot arbitre baby-foot ITSF - ITSF Boutique officielle","og_description":"Le maillot d\u2019arbitre officiel ITSF, \u00e0 la fois l\u00e9ger et \u00e9l\u00e9gant. Disponible en noir et blanc, dans une large gamme de tailles. Commandez sur ITSF !","og_url":"https:\/\/shop.tablesoccer.org\/en\/product\/maillot-arbitre-baby-foot-itsf\/","og_site_name":"ITSF Boutique officielle","article_modified_time":"2026-03-11T13:13:52+00:00","og_image":[{"width":1600,"height":2254,"url":"https:\/\/shop.tablesoccer.org\/wp-content\/uploads\/2023\/11\/img_03662.jpg","type":"image\/jpeg"}],"twitter_card":"summary_large_image","twitter_misc":{"Estimated reading time":"1 minute"},"schema":{"@context":"https:\/\/schema.org","@graph":[{"@type":"WebPage","@id":"https:\/\/shop.tablesoccer.org\/produit\/maillot-arbitre-baby-foot-itsf\/","url":"https:\/\/shop.tablesoccer.org\/produit\/maillot-arbitre-baby-foot-itsf\/","name":"Maillot arbitre baby-foot ITSF - ITSF Boutique officielle","isPartOf":{"@id":"https:\/\/shop.tablesoccer.org\/#website"},"primaryImageOfPage":{"@id":"https:\/\/shop.tablesoccer.org\/produit\/maillot-arbitre-baby-foot-itsf\/#primaryimage"},"image":{"@id":"https:\/\/shop.tablesoccer.org\/produit\/maillot-arbitre-baby-foot-itsf\/#primaryimage"},"thumbnailUrl":"https:\/\/shop.tablesoccer.org\/wp-content\/uploads\/2023\/11\/img_03662.jpg","datePublished":"2023-11-14T15:56:58+00:00","dateModified":"2026-03-11T13:13:52+00:00","description":"Le maillot d\u2019arbitre officiel ITSF, \u00e0 la fois l\u00e9ger et \u00e9l\u00e9gant. Disponible en noir et blanc, dans une large gamme de tailles. Commandez sur ITSF !","breadcrumb":{"@id":"https:\/\/shop.tablesoccer.org\/produit\/maillot-arbitre-baby-foot-itsf\/#breadcrumb"},"inLanguage":"en-GB","potentialAction":[{"@type":"ReadAction","target":["https:\/\/shop.tablesoccer.org\/produit\/maillot-arbitre-baby-foot-itsf\/"]}]},{"@type":"ImageObject","inLanguage":"en-GB","@id":"https:\/\/shop.tablesoccer.org\/produit\/maillot-arbitre-baby-foot-itsf\/#primaryimage","url":"https:\/\/shop.tablesoccer.org\/wp-content\/uploads\/2023\/11\/img_03662.jpg","contentUrl":"https:\/\/shop.tablesoccer.org\/wp-content\/uploads\/2023\/11\/img_03662.jpg","width":1600,"height":2254,"caption":"Maillot officiel arbitre ITSF baby foot"},{"@type":"BreadcrumbList","@id":"https:\/\/shop.tablesoccer.org\/produit\/maillot-arbitre-baby-foot-itsf\/#breadcrumb","itemListElement":[{"@type":"ListItem","position":1,"name":"Accueil","item":"https:\/\/shop.tablesoccer.org\/"},{"@type":"ListItem","position":2,"name":"Boutique","item":"https:\/\/shop.tablesoccer.org\/accueil\/boutique\/"},{"@type":"ListItem","position":3,"name":"Maillot arbitre baby-foot ITSF"}]},{"@type":"WebSite","@id":"https:\/\/shop.tablesoccer.org\/#website","url":"https:\/\/shop.tablesoccer.org\/","name":"ITSF Boutique officielle","description":"","potentialAction":[{"@type":"SearchAction","target":{"@type":"EntryPoint","urlTemplate":"https:\/\/shop.tablesoccer.org\/?s={search_term_string}"},"query-input":{"@type":"PropertyValueSpecification","valueRequired":true,"valueName":"search_term_string"}}],"inLanguage":"en-GB"}]}},"_links":{"self":[{"href":"https:\/\/shop.tablesoccer.org\/en\/wp-json\/wp\/v2\/product\/9664","targetHints":{"allow":["GET"]}}],"collection":[{"href":"https:\/\/shop.tablesoccer.org\/en\/wp-json\/wp\/v2\/product"}],"about":[{"href":"https:\/\/shop.tablesoccer.org\/en\/wp-json\/wp\/v2\/types\/product"}],"replies":[{"embeddable":true,"href":"https:\/\/shop.tablesoccer.org\/en\/wp-json\/wp\/v2\/comments?post=9664"}],"wp:featuredmedia":[{"embeddable":true,"href":"https:\/\/shop.tablesoccer.org\/en\/wp-json\/wp\/v2\/media\/9724"}],"wp:attachment":[{"href":"https:\/\/shop.tablesoccer.org\/en\/wp-json\/wp\/v2\/media?parent=9664"}],"wp:term":[{"taxonomy":"product_brand","embeddable":true,"href":"https:\/\/shop.tablesoccer.org\/en\/wp-json\/wp\/v2\/product_brand?post=9664"},{"taxonomy":"product_cat","embeddable":true,"href":"https:\/\/shop.tablesoccer.org\/en\/wp-json\/wp\/v2\/product_cat?post=9664"},{"taxonomy":"product_tag","embeddable":true,"href":"https:\/\/shop.tablesoccer.org\/en\/wp-json\/wp\/v2\/product_tag?post=9664"}],"curies":[{"name":"wp","href":"https:\/\/api.w.org\/{rel}","templated":true}]}}