{"id":9656,"date":"2023-11-14T16:55:47","date_gmt":"2023-11-14T15:55:47","guid":{"rendered":"https:\/\/shop.tablesoccer.org\/?post_type=product&#038;p=9656"},"modified":"2026-03-21T10:03:58","modified_gmt":"2026-03-21T09:03:58","slug":"rouleau-de-bande-snake-auto-adhesive-baby-foot","status":"publish","type":"product","link":"https:\/\/shop.tablesoccer.org\/en\/product\/rouleau-de-bande-snake-auto-adhesive-baby-foot\/","title":{"rendered":"Self-adhesive snake band roll foosball"},"content":{"rendered":"<p style=\"font-weight: 400;\"><strong>Description<\/strong><\/p>\n<p style=\"font-weight: 400;\">This elastic snake band roll is specially designed for the \"snake\" or rollover type shots at foosball. By applying to your handles, it improves the adhesion of your fingers for a better grip during quick and technical movements. Each roll is enough to create up to 4 snake strips, and these strips can be reused multiple times.<\/p>\n<p>&nbsp;<\/p>\n<p style=\"font-weight: 400;\"><strong>Specifications:<\/strong><\/p>\n<p style=\"font-weight: 400;\">\u2013 Color: blue, self-adhesive.<\/p>\n<p style=\"font-weight: 400;\">\u2013 Dimensions: 5 cm of large \u00d7 280 cm long.<\/p>\n<p style=\"font-weight: 400;\">ITSF certified product<\/p>\n<p>&nbsp;<\/p>\n<p style=\"font-weight: 400;\"><strong>Using advice<\/strong><\/p>\n<p style=\"font-weight: 400;\">Cut the band to the length suitable for your wrist or the part of the grip that you want to reinforce. Apply it carefully to avoid wrinkles. You can reposition the snake strips according to your needs thanks to their elasticity.<\/p>\n<p style=\"font-weight: 400;\">A simple and effective solution to improve your grip on snake shots: this self-adhesive elastic band allows better control without weighing down your bars.<\/p>\n<p style=\"font-weight: 400;\">Find all our selection in the category:<a href=\"https:\/\/shop.tablesoccer.org\/en\/product-category\/equipement\/equipements-joueurs-baby-foot\/\"> Equipment foosball players<\/a><\/p>","protected":false},"excerpt":{"rendered":"<p>The self-adhesive snake tape roll allows creating strips to improve the grip on your foosball grips during quick and technical shots. Elastic, reusable and easy to install, it optimizes the control of your bars.<\/p>","protected":false},"featured_media":9704,"comment_status":"open","ping_status":"closed","template":"","meta":[],"product_brand":[],"product_cat":[69,121],"product_tag":[],"class_list":{"0":"post-9656","1":"product","2":"type-product","3":"status-publish","4":"has-post-thumbnail","6":"product_cat-equipement","7":"product_cat-grips-et-blocs-grips-baby-foot","9":"first","10":"instock","11":"taxable","12":"shipping-taxable","13":"purchasable","14":"product-type-simple"},"yoast_head":"<!-- This site is optimized with the Yoast SEO plugin v26.5 - https:\/\/yoast.com\/wordpress\/plugins\/seo\/ -->\n<title>Rouleau de bande snake auto-adh\u00e9sive baby-foot - ITSF Boutique officielle<\/title>\n<meta name=\"description\" content=\"Rouleau de bande snake babyfoot : pratiquez la technique du Snake Shot en toute s\u00e9curit\u00e9 avec ce rouleau de bande adh\u00e9sive. Commandez-la sur l&#039;ITSF Store !\" \/>\n<meta name=\"robots\" content=\"index, follow, max-snippet:-1, max-image-preview:large, max-video-preview:-1\" \/>\n<link rel=\"canonical\" href=\"https:\/\/shop.tablesoccer.org\/en\/product\/rouleau-de-bande-snake-auto-adhesive-baby-foot\/\" \/>\n<meta property=\"og:locale\" content=\"en_GB\" \/>\n<meta property=\"og:type\" content=\"article\" \/>\n<meta property=\"og:title\" content=\"Rouleau de bande snake auto-adh\u00e9sive baby-foot - ITSF Boutique officielle\" \/>\n<meta property=\"og:description\" content=\"Rouleau de bande snake babyfoot : pratiquez la technique du Snake Shot en toute s\u00e9curit\u00e9 avec ce rouleau de bande adh\u00e9sive. Commandez-la sur l&#039;ITSF Store !\" \/>\n<meta property=\"og:url\" content=\"https:\/\/shop.tablesoccer.org\/en\/product\/rouleau-de-bande-snake-auto-adhesive-baby-foot\/\" \/>\n<meta property=\"og:site_name\" content=\"ITSF Boutique officielle\" \/>\n<meta property=\"article:modified_time\" content=\"2026-03-21T09:03:58+00:00\" \/>\n<meta property=\"og:image\" content=\"https:\/\/shop.tablesoccer.org\/wp-content\/uploads\/2023\/11\/bracelet_snake_1.jpg\" \/>\n\t<meta property=\"og:image:width\" content=\"1600\" \/>\n\t<meta property=\"og:image:height\" content=\"1970\" \/>\n\t<meta property=\"og:image:type\" content=\"image\/jpeg\" \/>\n<meta name=\"twitter:card\" content=\"summary_large_image\" \/>\n<meta name=\"twitter:label1\" content=\"Estimated reading time\" \/>\n\t<meta name=\"twitter:data1\" content=\"1 minute\" \/>\n<script type=\"application\/ld+json\" class=\"yoast-schema-graph\">{\"@context\":\"https:\/\/schema.org\",\"@graph\":[{\"@type\":\"WebPage\",\"@id\":\"https:\/\/shop.tablesoccer.org\/produit\/rouleau-de-bande-snake-auto-adhesive-baby-foot\/\",\"url\":\"https:\/\/shop.tablesoccer.org\/produit\/rouleau-de-bande-snake-auto-adhesive-baby-foot\/\",\"name\":\"Rouleau de bande snake auto-adh\u00e9sive baby-foot - ITSF Boutique officielle\",\"isPartOf\":{\"@id\":\"https:\/\/shop.tablesoccer.org\/#website\"},\"primaryImageOfPage\":{\"@id\":\"https:\/\/shop.tablesoccer.org\/produit\/rouleau-de-bande-snake-auto-adhesive-baby-foot\/#primaryimage\"},\"image\":{\"@id\":\"https:\/\/shop.tablesoccer.org\/produit\/rouleau-de-bande-snake-auto-adhesive-baby-foot\/#primaryimage\"},\"thumbnailUrl\":\"https:\/\/shop.tablesoccer.org\/wp-content\/uploads\/2023\/11\/bracelet_snake_1.jpg\",\"datePublished\":\"2023-11-14T15:55:47+00:00\",\"dateModified\":\"2026-03-21T09:03:58+00:00\",\"description\":\"Rouleau de bande snake babyfoot : pratiquez la technique du Snake Shot en toute s\u00e9curit\u00e9 avec ce rouleau de bande adh\u00e9sive. Commandez-la sur l'ITSF Store !\",\"breadcrumb\":{\"@id\":\"https:\/\/shop.tablesoccer.org\/produit\/rouleau-de-bande-snake-auto-adhesive-baby-foot\/#breadcrumb\"},\"inLanguage\":\"en-GB\",\"potentialAction\":[{\"@type\":\"ReadAction\",\"target\":[\"https:\/\/shop.tablesoccer.org\/produit\/rouleau-de-bande-snake-auto-adhesive-baby-foot\/\"]}]},{\"@type\":\"ImageObject\",\"inLanguage\":\"en-GB\",\"@id\":\"https:\/\/shop.tablesoccer.org\/produit\/rouleau-de-bande-snake-auto-adhesive-baby-foot\/#primaryimage\",\"url\":\"https:\/\/shop.tablesoccer.org\/wp-content\/uploads\/2023\/11\/bracelet_snake_1.jpg\",\"contentUrl\":\"https:\/\/shop.tablesoccer.org\/wp-content\/uploads\/2023\/11\/bracelet_snake_1.jpg\",\"width\":1600,\"height\":1970,\"caption\":\"Rouleau de bande snake auto-adh\u00e9sive ITSF baby foot\"},{\"@type\":\"BreadcrumbList\",\"@id\":\"https:\/\/shop.tablesoccer.org\/produit\/rouleau-de-bande-snake-auto-adhesive-baby-foot\/#breadcrumb\",\"itemListElement\":[{\"@type\":\"ListItem\",\"position\":1,\"name\":\"Accueil\",\"item\":\"https:\/\/shop.tablesoccer.org\/\"},{\"@type\":\"ListItem\",\"position\":2,\"name\":\"Boutique\",\"item\":\"https:\/\/shop.tablesoccer.org\/accueil\/boutique\/\"},{\"@type\":\"ListItem\",\"position\":3,\"name\":\"Rouleau de bande snake auto-adh\u00e9sive baby-foot\"}]},{\"@type\":\"WebSite\",\"@id\":\"https:\/\/shop.tablesoccer.org\/#website\",\"url\":\"https:\/\/shop.tablesoccer.org\/\",\"name\":\"ITSF Boutique officielle\",\"description\":\"\",\"potentialAction\":[{\"@type\":\"SearchAction\",\"target\":{\"@type\":\"EntryPoint\",\"urlTemplate\":\"https:\/\/shop.tablesoccer.org\/?s={search_term_string}\"},\"query-input\":{\"@type\":\"PropertyValueSpecification\",\"valueRequired\":true,\"valueName\":\"search_term_string\"}}],\"inLanguage\":\"en-GB\"}]}<\/script>\n<!-- \/ Yoast SEO plugin. -->","yoast_head_json":{"title":"Rouleau de bande snake auto-adh\u00e9sive baby-foot - ITSF Boutique officielle","description":"Rouleau de bande snake babyfoot : pratiquez la technique du Snake Shot en toute s\u00e9curit\u00e9 avec ce rouleau de bande adh\u00e9sive. Commandez-la sur l'ITSF Store !","robots":{"index":"index","follow":"follow","max-snippet":"max-snippet:-1","max-image-preview":"max-image-preview:large","max-video-preview":"max-video-preview:-1"},"canonical":"https:\/\/shop.tablesoccer.org\/en\/product\/rouleau-de-bande-snake-auto-adhesive-baby-foot\/","og_locale":"en_GB","og_type":"article","og_title":"Rouleau de bande snake auto-adh\u00e9sive baby-foot - ITSF Boutique officielle","og_description":"Rouleau de bande snake babyfoot : pratiquez la technique du Snake Shot en toute s\u00e9curit\u00e9 avec ce rouleau de bande adh\u00e9sive. Commandez-la sur l'ITSF Store !","og_url":"https:\/\/shop.tablesoccer.org\/en\/product\/rouleau-de-bande-snake-auto-adhesive-baby-foot\/","og_site_name":"ITSF Boutique officielle","article_modified_time":"2026-03-21T09:03:58+00:00","og_image":[{"width":1600,"height":1970,"url":"https:\/\/shop.tablesoccer.org\/wp-content\/uploads\/2023\/11\/bracelet_snake_1.jpg","type":"image\/jpeg"}],"twitter_card":"summary_large_image","twitter_misc":{"Estimated reading time":"1 minute"},"schema":{"@context":"https:\/\/schema.org","@graph":[{"@type":"WebPage","@id":"https:\/\/shop.tablesoccer.org\/produit\/rouleau-de-bande-snake-auto-adhesive-baby-foot\/","url":"https:\/\/shop.tablesoccer.org\/produit\/rouleau-de-bande-snake-auto-adhesive-baby-foot\/","name":"Rouleau de bande snake auto-adh\u00e9sive baby-foot - ITSF Boutique officielle","isPartOf":{"@id":"https:\/\/shop.tablesoccer.org\/#website"},"primaryImageOfPage":{"@id":"https:\/\/shop.tablesoccer.org\/produit\/rouleau-de-bande-snake-auto-adhesive-baby-foot\/#primaryimage"},"image":{"@id":"https:\/\/shop.tablesoccer.org\/produit\/rouleau-de-bande-snake-auto-adhesive-baby-foot\/#primaryimage"},"thumbnailUrl":"https:\/\/shop.tablesoccer.org\/wp-content\/uploads\/2023\/11\/bracelet_snake_1.jpg","datePublished":"2023-11-14T15:55:47+00:00","dateModified":"2026-03-21T09:03:58+00:00","description":"Rouleau de bande snake babyfoot : pratiquez la technique du Snake Shot en toute s\u00e9curit\u00e9 avec ce rouleau de bande adh\u00e9sive. Commandez-la sur l'ITSF Store !","breadcrumb":{"@id":"https:\/\/shop.tablesoccer.org\/produit\/rouleau-de-bande-snake-auto-adhesive-baby-foot\/#breadcrumb"},"inLanguage":"en-GB","potentialAction":[{"@type":"ReadAction","target":["https:\/\/shop.tablesoccer.org\/produit\/rouleau-de-bande-snake-auto-adhesive-baby-foot\/"]}]},{"@type":"ImageObject","inLanguage":"en-GB","@id":"https:\/\/shop.tablesoccer.org\/produit\/rouleau-de-bande-snake-auto-adhesive-baby-foot\/#primaryimage","url":"https:\/\/shop.tablesoccer.org\/wp-content\/uploads\/2023\/11\/bracelet_snake_1.jpg","contentUrl":"https:\/\/shop.tablesoccer.org\/wp-content\/uploads\/2023\/11\/bracelet_snake_1.jpg","width":1600,"height":1970,"caption":"Rouleau de bande snake auto-adh\u00e9sive ITSF baby foot"},{"@type":"BreadcrumbList","@id":"https:\/\/shop.tablesoccer.org\/produit\/rouleau-de-bande-snake-auto-adhesive-baby-foot\/#breadcrumb","itemListElement":[{"@type":"ListItem","position":1,"name":"Accueil","item":"https:\/\/shop.tablesoccer.org\/"},{"@type":"ListItem","position":2,"name":"Boutique","item":"https:\/\/shop.tablesoccer.org\/accueil\/boutique\/"},{"@type":"ListItem","position":3,"name":"Rouleau de bande snake auto-adh\u00e9sive baby-foot"}]},{"@type":"WebSite","@id":"https:\/\/shop.tablesoccer.org\/#website","url":"https:\/\/shop.tablesoccer.org\/","name":"ITSF Boutique officielle","description":"","potentialAction":[{"@type":"SearchAction","target":{"@type":"EntryPoint","urlTemplate":"https:\/\/shop.tablesoccer.org\/?s={search_term_string}"},"query-input":{"@type":"PropertyValueSpecification","valueRequired":true,"valueName":"search_term_string"}}],"inLanguage":"en-GB"}]}},"_links":{"self":[{"href":"https:\/\/shop.tablesoccer.org\/en\/wp-json\/wp\/v2\/product\/9656","targetHints":{"allow":["GET"]}}],"collection":[{"href":"https:\/\/shop.tablesoccer.org\/en\/wp-json\/wp\/v2\/product"}],"about":[{"href":"https:\/\/shop.tablesoccer.org\/en\/wp-json\/wp\/v2\/types\/product"}],"replies":[{"embeddable":true,"href":"https:\/\/shop.tablesoccer.org\/en\/wp-json\/wp\/v2\/comments?post=9656"}],"wp:featuredmedia":[{"embeddable":true,"href":"https:\/\/shop.tablesoccer.org\/en\/wp-json\/wp\/v2\/media\/9704"}],"wp:attachment":[{"href":"https:\/\/shop.tablesoccer.org\/en\/wp-json\/wp\/v2\/media?parent=9656"}],"wp:term":[{"taxonomy":"product_brand","embeddable":true,"href":"https:\/\/shop.tablesoccer.org\/en\/wp-json\/wp\/v2\/product_brand?post=9656"},{"taxonomy":"product_cat","embeddable":true,"href":"https:\/\/shop.tablesoccer.org\/en\/wp-json\/wp\/v2\/product_cat?post=9656"},{"taxonomy":"product_tag","embeddable":true,"href":"https:\/\/shop.tablesoccer.org\/en\/wp-json\/wp\/v2\/product_tag?post=9656"}],"curies":[{"name":"wp","href":"https:\/\/api.w.org\/{rel}","templated":true}]}}