{"id":9580,"date":"2023-11-14T16:39:01","date_gmt":"2023-11-14T15:39:01","guid":{"rendered":"https:\/\/shop.tablesoccer.org\/?post_type=product&#038;p=9580"},"modified":"2026-03-08T10:47:58","modified_gmt":"2026-03-08T09:47:58","slug":"poignee-longue-baby-foot-bonzini-aluminium","status":"publish","type":"product","link":"https:\/\/shop.tablesoccer.org\/en\/product\/poignee-longue-baby-foot-bonzini-aluminium\/","title":{"rendered":"Bonzini aluminium long foosball handle"},"content":{"rendered":"<p style=\"font-weight: 400;\"><strong>Description\u00a0<\/strong><\/p>\n<p style=\"font-weight: 400;\">The long aluminum Bonzini handle is designed for players who are looking for a powerful and controlled game. With its 139 g, it is the heaviest handle in the Bonzini range, which gives it significant inertia during rotation and shooting movements.<\/p>\n<p>&nbsp;<\/p>\n<p style=\"font-weight: 400;\"><strong>Specifications:<\/strong><\/p>\n<p style=\"font-weight: 400;\">\u2013 Material: polished aluminum, glossy finish<\/p>\n<p style=\"font-weight: 400;\">\u2013 Weight: 139 g<\/p>\n<p style=\"font-weight: 400;\">For \"strong hands\": the mass of the handle promotes a more \"heavy\" and stable play<\/p>\n<p>&nbsp;<\/p>\n<p style=\"font-weight: 400;\"><strong>Care instructions\u00a0<\/strong><\/p>\n<p style=\"font-weight: 400;\">Clean with a soft, dry cloth to avoid scratches. Do not use abrasive products.<\/p>\n<p style=\"font-weight: 400;\">A robust and elegant handle, ideal to strengthen the power and control of your bars.<\/p>\n<p style=\"font-weight: 400;\">Find all our selection in the category: <a href=\"https:\/\/shop.tablesoccer.org\/en\/product-category\/equipement\/poignee-baby-foot\/\">Foosball handles<\/a><\/p>","protected":false},"excerpt":{"rendered":"<p>The Bonzini Long Aluminum handle is made for strong hands! It's the heaviest handle in the entire Bonzini arsenal. It offers powerful and controlled gameplay due to its weight of 139 grams. The aluminum handle will add sophistication to your table with its shiny finish.<\/p>","protected":false},"featured_media":9628,"comment_status":"open","ping_status":"closed","template":"","meta":[],"product_brand":[],"product_cat":[69,120],"product_tag":[],"class_list":{"0":"post-9580","1":"product","2":"type-product","3":"status-publish","4":"has-post-thumbnail","6":"product_cat-equipement","7":"product_cat-poignee-baby-foot","9":"first","10":"instock","11":"taxable","12":"shipping-taxable","13":"purchasable","14":"product-type-simple"},"yoast_head":"<!-- This site is optimized with the Yoast SEO plugin v26.5 - https:\/\/yoast.com\/wordpress\/plugins\/seo\/ -->\n<title>Poign\u00e9e longue baby-foot Bonzini aluminium - ITSF Boutique officielle<\/title>\n<meta name=\"description\" content=\"Poign\u00e9e longue aluminium Bonzini : plus de poids pour ceux qui pr\u00e9f\u00e8rent les poign\u00e9es plus lourdes. Commandez-l\u00e0 sur l\u2019ITSF Store !\" \/>\n<meta name=\"robots\" content=\"index, follow, max-snippet:-1, max-image-preview:large, max-video-preview:-1\" \/>\n<link rel=\"canonical\" href=\"https:\/\/shop.tablesoccer.org\/en\/product\/poignee-longue-baby-foot-bonzini-aluminium\/\" \/>\n<meta property=\"og:locale\" content=\"en_GB\" \/>\n<meta property=\"og:type\" content=\"article\" \/>\n<meta property=\"og:title\" content=\"Poign\u00e9e longue baby-foot Bonzini aluminium - ITSF Boutique officielle\" \/>\n<meta property=\"og:description\" content=\"Poign\u00e9e longue aluminium Bonzini : plus de poids pour ceux qui pr\u00e9f\u00e8rent les poign\u00e9es plus lourdes. Commandez-l\u00e0 sur l\u2019ITSF Store !\" \/>\n<meta property=\"og:url\" content=\"https:\/\/shop.tablesoccer.org\/en\/product\/poignee-longue-baby-foot-bonzini-aluminium\/\" \/>\n<meta property=\"og:site_name\" content=\"ITSF Boutique officielle\" \/>\n<meta property=\"article:modified_time\" content=\"2026-03-08T09:47:58+00:00\" \/>\n<meta property=\"og:image\" content=\"https:\/\/shop.tablesoccer.org\/wp-content\/uploads\/2023\/11\/poign_e_longue_aluminium_1.jpg\" \/>\n\t<meta property=\"og:image:width\" content=\"1600\" \/>\n\t<meta property=\"og:image:height\" content=\"1066\" \/>\n\t<meta property=\"og:image:type\" content=\"image\/jpeg\" \/>\n<meta name=\"twitter:card\" content=\"summary_large_image\" \/>\n<meta name=\"twitter:label1\" content=\"Estimated reading time\" \/>\n\t<meta name=\"twitter:data1\" content=\"1 minute\" \/>\n<script type=\"application\/ld+json\" class=\"yoast-schema-graph\">{\"@context\":\"https:\/\/schema.org\",\"@graph\":[{\"@type\":\"WebPage\",\"@id\":\"https:\/\/shop.tablesoccer.org\/produit\/poignee-longue-baby-foot-bonzini-aluminium\/\",\"url\":\"https:\/\/shop.tablesoccer.org\/produit\/poignee-longue-baby-foot-bonzini-aluminium\/\",\"name\":\"Poign\u00e9e longue baby-foot Bonzini aluminium - ITSF Boutique officielle\",\"isPartOf\":{\"@id\":\"https:\/\/shop.tablesoccer.org\/#website\"},\"primaryImageOfPage\":{\"@id\":\"https:\/\/shop.tablesoccer.org\/produit\/poignee-longue-baby-foot-bonzini-aluminium\/#primaryimage\"},\"image\":{\"@id\":\"https:\/\/shop.tablesoccer.org\/produit\/poignee-longue-baby-foot-bonzini-aluminium\/#primaryimage\"},\"thumbnailUrl\":\"https:\/\/shop.tablesoccer.org\/wp-content\/uploads\/2023\/11\/poign_e_longue_aluminium_1.jpg\",\"datePublished\":\"2023-11-14T15:39:01+00:00\",\"dateModified\":\"2026-03-08T09:47:58+00:00\",\"description\":\"Poign\u00e9e longue aluminium Bonzini : plus de poids pour ceux qui pr\u00e9f\u00e8rent les poign\u00e9es plus lourdes. Commandez-l\u00e0 sur l\u2019ITSF Store !\",\"breadcrumb\":{\"@id\":\"https:\/\/shop.tablesoccer.org\/produit\/poignee-longue-baby-foot-bonzini-aluminium\/#breadcrumb\"},\"inLanguage\":\"en-GB\",\"potentialAction\":[{\"@type\":\"ReadAction\",\"target\":[\"https:\/\/shop.tablesoccer.org\/produit\/poignee-longue-baby-foot-bonzini-aluminium\/\"]}]},{\"@type\":\"ImageObject\",\"inLanguage\":\"en-GB\",\"@id\":\"https:\/\/shop.tablesoccer.org\/produit\/poignee-longue-baby-foot-bonzini-aluminium\/#primaryimage\",\"url\":\"https:\/\/shop.tablesoccer.org\/wp-content\/uploads\/2023\/11\/poign_e_longue_aluminium_1.jpg\",\"contentUrl\":\"https:\/\/shop.tablesoccer.org\/wp-content\/uploads\/2023\/11\/poign_e_longue_aluminium_1.jpg\",\"width\":1600,\"height\":1066,\"caption\":\"Poign\u00e9e longue aluminium Bonzini ITSF baby-foot\"},{\"@type\":\"BreadcrumbList\",\"@id\":\"https:\/\/shop.tablesoccer.org\/produit\/poignee-longue-baby-foot-bonzini-aluminium\/#breadcrumb\",\"itemListElement\":[{\"@type\":\"ListItem\",\"position\":1,\"name\":\"Accueil\",\"item\":\"https:\/\/shop.tablesoccer.org\/\"},{\"@type\":\"ListItem\",\"position\":2,\"name\":\"Boutique\",\"item\":\"https:\/\/shop.tablesoccer.org\/accueil\/boutique\/\"},{\"@type\":\"ListItem\",\"position\":3,\"name\":\"Poign\u00e9e longue baby-foot Bonzini aluminium\"}]},{\"@type\":\"WebSite\",\"@id\":\"https:\/\/shop.tablesoccer.org\/#website\",\"url\":\"https:\/\/shop.tablesoccer.org\/\",\"name\":\"ITSF Boutique officielle\",\"description\":\"\",\"potentialAction\":[{\"@type\":\"SearchAction\",\"target\":{\"@type\":\"EntryPoint\",\"urlTemplate\":\"https:\/\/shop.tablesoccer.org\/?s={search_term_string}\"},\"query-input\":{\"@type\":\"PropertyValueSpecification\",\"valueRequired\":true,\"valueName\":\"search_term_string\"}}],\"inLanguage\":\"en-GB\"}]}<\/script>\n<!-- \/ Yoast SEO plugin. -->","yoast_head_json":{"title":"Poign\u00e9e longue baby-foot Bonzini aluminium - ITSF Boutique officielle","description":"Poign\u00e9e longue aluminium Bonzini : plus de poids pour ceux qui pr\u00e9f\u00e8rent les poign\u00e9es plus lourdes. Commandez-l\u00e0 sur l\u2019ITSF Store !","robots":{"index":"index","follow":"follow","max-snippet":"max-snippet:-1","max-image-preview":"max-image-preview:large","max-video-preview":"max-video-preview:-1"},"canonical":"https:\/\/shop.tablesoccer.org\/en\/product\/poignee-longue-baby-foot-bonzini-aluminium\/","og_locale":"en_GB","og_type":"article","og_title":"Poign\u00e9e longue baby-foot Bonzini aluminium - ITSF Boutique officielle","og_description":"Poign\u00e9e longue aluminium Bonzini : plus de poids pour ceux qui pr\u00e9f\u00e8rent les poign\u00e9es plus lourdes. Commandez-l\u00e0 sur l\u2019ITSF Store !","og_url":"https:\/\/shop.tablesoccer.org\/en\/product\/poignee-longue-baby-foot-bonzini-aluminium\/","og_site_name":"ITSF Boutique officielle","article_modified_time":"2026-03-08T09:47:58+00:00","og_image":[{"width":1600,"height":1066,"url":"https:\/\/shop.tablesoccer.org\/wp-content\/uploads\/2023\/11\/poign_e_longue_aluminium_1.jpg","type":"image\/jpeg"}],"twitter_card":"summary_large_image","twitter_misc":{"Estimated reading time":"1 minute"},"schema":{"@context":"https:\/\/schema.org","@graph":[{"@type":"WebPage","@id":"https:\/\/shop.tablesoccer.org\/produit\/poignee-longue-baby-foot-bonzini-aluminium\/","url":"https:\/\/shop.tablesoccer.org\/produit\/poignee-longue-baby-foot-bonzini-aluminium\/","name":"Poign\u00e9e longue baby-foot Bonzini aluminium - ITSF Boutique officielle","isPartOf":{"@id":"https:\/\/shop.tablesoccer.org\/#website"},"primaryImageOfPage":{"@id":"https:\/\/shop.tablesoccer.org\/produit\/poignee-longue-baby-foot-bonzini-aluminium\/#primaryimage"},"image":{"@id":"https:\/\/shop.tablesoccer.org\/produit\/poignee-longue-baby-foot-bonzini-aluminium\/#primaryimage"},"thumbnailUrl":"https:\/\/shop.tablesoccer.org\/wp-content\/uploads\/2023\/11\/poign_e_longue_aluminium_1.jpg","datePublished":"2023-11-14T15:39:01+00:00","dateModified":"2026-03-08T09:47:58+00:00","description":"Poign\u00e9e longue aluminium Bonzini : plus de poids pour ceux qui pr\u00e9f\u00e8rent les poign\u00e9es plus lourdes. Commandez-l\u00e0 sur l\u2019ITSF Store !","breadcrumb":{"@id":"https:\/\/shop.tablesoccer.org\/produit\/poignee-longue-baby-foot-bonzini-aluminium\/#breadcrumb"},"inLanguage":"en-GB","potentialAction":[{"@type":"ReadAction","target":["https:\/\/shop.tablesoccer.org\/produit\/poignee-longue-baby-foot-bonzini-aluminium\/"]}]},{"@type":"ImageObject","inLanguage":"en-GB","@id":"https:\/\/shop.tablesoccer.org\/produit\/poignee-longue-baby-foot-bonzini-aluminium\/#primaryimage","url":"https:\/\/shop.tablesoccer.org\/wp-content\/uploads\/2023\/11\/poign_e_longue_aluminium_1.jpg","contentUrl":"https:\/\/shop.tablesoccer.org\/wp-content\/uploads\/2023\/11\/poign_e_longue_aluminium_1.jpg","width":1600,"height":1066,"caption":"Poign\u00e9e longue aluminium Bonzini ITSF baby-foot"},{"@type":"BreadcrumbList","@id":"https:\/\/shop.tablesoccer.org\/produit\/poignee-longue-baby-foot-bonzini-aluminium\/#breadcrumb","itemListElement":[{"@type":"ListItem","position":1,"name":"Accueil","item":"https:\/\/shop.tablesoccer.org\/"},{"@type":"ListItem","position":2,"name":"Boutique","item":"https:\/\/shop.tablesoccer.org\/accueil\/boutique\/"},{"@type":"ListItem","position":3,"name":"Poign\u00e9e longue baby-foot Bonzini aluminium"}]},{"@type":"WebSite","@id":"https:\/\/shop.tablesoccer.org\/#website","url":"https:\/\/shop.tablesoccer.org\/","name":"ITSF Boutique officielle","description":"","potentialAction":[{"@type":"SearchAction","target":{"@type":"EntryPoint","urlTemplate":"https:\/\/shop.tablesoccer.org\/?s={search_term_string}"},"query-input":{"@type":"PropertyValueSpecification","valueRequired":true,"valueName":"search_term_string"}}],"inLanguage":"en-GB"}]}},"_links":{"self":[{"href":"https:\/\/shop.tablesoccer.org\/en\/wp-json\/wp\/v2\/product\/9580","targetHints":{"allow":["GET"]}}],"collection":[{"href":"https:\/\/shop.tablesoccer.org\/en\/wp-json\/wp\/v2\/product"}],"about":[{"href":"https:\/\/shop.tablesoccer.org\/en\/wp-json\/wp\/v2\/types\/product"}],"replies":[{"embeddable":true,"href":"https:\/\/shop.tablesoccer.org\/en\/wp-json\/wp\/v2\/comments?post=9580"}],"wp:featuredmedia":[{"embeddable":true,"href":"https:\/\/shop.tablesoccer.org\/en\/wp-json\/wp\/v2\/media\/9628"}],"wp:attachment":[{"href":"https:\/\/shop.tablesoccer.org\/en\/wp-json\/wp\/v2\/media?parent=9580"}],"wp:term":[{"taxonomy":"product_brand","embeddable":true,"href":"https:\/\/shop.tablesoccer.org\/en\/wp-json\/wp\/v2\/product_brand?post=9580"},{"taxonomy":"product_cat","embeddable":true,"href":"https:\/\/shop.tablesoccer.org\/en\/wp-json\/wp\/v2\/product_cat?post=9580"},{"taxonomy":"product_tag","embeddable":true,"href":"https:\/\/shop.tablesoccer.org\/en\/wp-json\/wp\/v2\/product_tag?post=9580"}],"curies":[{"name":"wp","href":"https:\/\/api.w.org\/{rel}","templated":true}]}}