{"id":9576,"date":"2023-11-14T16:38:33","date_gmt":"2023-11-14T15:38:33","guid":{"rendered":"https:\/\/shop.tablesoccer.org\/?post_type=product&#038;p=9576"},"modified":"2026-03-12T23:01:48","modified_gmt":"2026-03-12T22:01:48","slug":"poignee-baby-foot-longue-bonzini","status":"publish","type":"product","link":"https:\/\/shop.tablesoccer.org\/en\/product\/poignee-baby-foot-longue-bonzini\/","title":{"rendered":"Bonzini long foosball handle"},"content":{"rendered":"<p><strong>Description\u00a0<\/strong><\/p>\n<p>The Bonzini long foosball handle is the emblematic handle of foosball in France and in many European countries. Appreciated for its complete and natural grip, it allows the whole hand to be in direct contact with the handle, thus offering better control and great freedom of movement. Ideal for performing all types of technical gestures, it is the reference handle for players looking for comfort and performance.<\/p>\n<p>&nbsp;<\/p>\n<p><strong>Specifications:<\/strong><\/p>\n<p>\u2013 Material: Bakelite, strong and durable<br \/>\n\u2013 Length: 80 mm<br \/>\n\u2013 Diameter: 34 mm<br \/>\n\u2013 Weight: 73 g<br \/>\nSuitable for Bonzini baby-foots tables, ITSF certified product<\/p>\n<p>&nbsp;<\/p>\n<p><strong>Care instructions<\/strong><\/p>\n<p>Regularly wipe the handle with a soft, dry cloth to remove dust and sweat. Avoid the use of abrasive products or solvents that can alter the surface. To maintain good grip, be sure to keep the handle clean and dry.<\/p>\n<p>A comfortable and resistant handle, perfect for performing many gestures and expressing your full potential as a player.<\/p>\n<p>Find all our selection in the category:<a href=\"https:\/\/shop.tablesoccer.org\/en\/product-category\/equipement\/poignee-baby-foot\/\"> foosball handles\u00a0<\/a><\/p>","protected":false},"excerpt":{"rendered":"<p>The bonzini long foosball handle is the most used in France and abroad. Its elongated shape allows a complete grip to perform all your gestures and express your full potential.<\/p>","protected":false},"featured_media":9627,"comment_status":"open","ping_status":"closed","template":"","meta":[],"product_brand":[],"product_cat":[69,120],"product_tag":[],"class_list":{"0":"post-9576","1":"product","2":"type-product","3":"status-publish","4":"has-post-thumbnail","6":"product_cat-equipement","7":"product_cat-poignee-baby-foot","9":"first","10":"outofstock","11":"taxable","12":"shipping-taxable","13":"purchasable","14":"product-type-simple"},"yoast_head":"<!-- This site is optimized with the Yoast SEO plugin v26.5 - https:\/\/yoast.com\/wordpress\/plugins\/seo\/ -->\n<title>Poign\u00e9e baby-foot longue Bonzini - ITSF Boutique officielle<\/title>\n<meta name=\"description\" content=\"La poign\u00e9e longue de baby-foot bonzini est la plus utilis\u00e9e en France et \u00e0 l&#039;\u00e9tranger. Sa forme allong\u00e9e permet une prise en main compl\u00e8te.\" \/>\n<meta name=\"robots\" content=\"index, follow, max-snippet:-1, max-image-preview:large, max-video-preview:-1\" \/>\n<link rel=\"canonical\" href=\"https:\/\/shop.tablesoccer.org\/en\/product\/poignee-baby-foot-longue-bonzini\/\" \/>\n<meta property=\"og:locale\" content=\"en_GB\" \/>\n<meta property=\"og:type\" content=\"article\" \/>\n<meta property=\"og:title\" content=\"Poign\u00e9e baby-foot longue Bonzini - ITSF Boutique officielle\" \/>\n<meta property=\"og:description\" content=\"La poign\u00e9e longue de baby-foot bonzini est la plus utilis\u00e9e en France et \u00e0 l&#039;\u00e9tranger. Sa forme allong\u00e9e permet une prise en main compl\u00e8te.\" \/>\n<meta property=\"og:url\" content=\"https:\/\/shop.tablesoccer.org\/en\/product\/poignee-baby-foot-longue-bonzini\/\" \/>\n<meta property=\"og:site_name\" content=\"ITSF Boutique officielle\" \/>\n<meta property=\"article:modified_time\" content=\"2026-03-12T22:01:48+00:00\" \/>\n<meta property=\"og:image\" content=\"https:\/\/shop.tablesoccer.org\/wp-content\/uploads\/2023\/11\/poign_e_longue_1.jpg\" \/>\n\t<meta property=\"og:image:width\" content=\"1600\" \/>\n\t<meta property=\"og:image:height\" content=\"917\" \/>\n\t<meta property=\"og:image:type\" content=\"image\/jpeg\" \/>\n<meta name=\"twitter:card\" content=\"summary_large_image\" \/>\n<meta name=\"twitter:label1\" content=\"Estimated reading time\" \/>\n\t<meta name=\"twitter:data1\" content=\"2 minutes\" \/>\n<script type=\"application\/ld+json\" class=\"yoast-schema-graph\">{\"@context\":\"https:\/\/schema.org\",\"@graph\":[{\"@type\":\"WebPage\",\"@id\":\"https:\/\/shop.tablesoccer.org\/produit\/poignee-baby-foot-longue-bonzini\/\",\"url\":\"https:\/\/shop.tablesoccer.org\/produit\/poignee-baby-foot-longue-bonzini\/\",\"name\":\"Poign\u00e9e baby-foot longue Bonzini - ITSF Boutique officielle\",\"isPartOf\":{\"@id\":\"https:\/\/shop.tablesoccer.org\/#website\"},\"primaryImageOfPage\":{\"@id\":\"https:\/\/shop.tablesoccer.org\/produit\/poignee-baby-foot-longue-bonzini\/#primaryimage\"},\"image\":{\"@id\":\"https:\/\/shop.tablesoccer.org\/produit\/poignee-baby-foot-longue-bonzini\/#primaryimage\"},\"thumbnailUrl\":\"https:\/\/shop.tablesoccer.org\/wp-content\/uploads\/2023\/11\/poign_e_longue_1.jpg\",\"datePublished\":\"2023-11-14T15:38:33+00:00\",\"dateModified\":\"2026-03-12T22:01:48+00:00\",\"description\":\"La poign\u00e9e longue de baby-foot bonzini est la plus utilis\u00e9e en France et \u00e0 l'\u00e9tranger. Sa forme allong\u00e9e permet une prise en main compl\u00e8te.\",\"breadcrumb\":{\"@id\":\"https:\/\/shop.tablesoccer.org\/produit\/poignee-baby-foot-longue-bonzini\/#breadcrumb\"},\"inLanguage\":\"en-GB\",\"potentialAction\":[{\"@type\":\"ReadAction\",\"target\":[\"https:\/\/shop.tablesoccer.org\/produit\/poignee-baby-foot-longue-bonzini\/\"]}]},{\"@type\":\"ImageObject\",\"inLanguage\":\"en-GB\",\"@id\":\"https:\/\/shop.tablesoccer.org\/produit\/poignee-baby-foot-longue-bonzini\/#primaryimage\",\"url\":\"https:\/\/shop.tablesoccer.org\/wp-content\/uploads\/2023\/11\/poign_e_longue_1.jpg\",\"contentUrl\":\"https:\/\/shop.tablesoccer.org\/wp-content\/uploads\/2023\/11\/poign_e_longue_1.jpg\",\"width\":1600,\"height\":917,\"caption\":\"Poign\u00e9e longue Bonzini ITSF baby-foot\"},{\"@type\":\"BreadcrumbList\",\"@id\":\"https:\/\/shop.tablesoccer.org\/produit\/poignee-baby-foot-longue-bonzini\/#breadcrumb\",\"itemListElement\":[{\"@type\":\"ListItem\",\"position\":1,\"name\":\"Accueil\",\"item\":\"https:\/\/shop.tablesoccer.org\/\"},{\"@type\":\"ListItem\",\"position\":2,\"name\":\"Boutique\",\"item\":\"https:\/\/shop.tablesoccer.org\/accueil\/boutique\/\"},{\"@type\":\"ListItem\",\"position\":3,\"name\":\"Poign\u00e9e baby-foot longue Bonzini\"}]},{\"@type\":\"WebSite\",\"@id\":\"https:\/\/shop.tablesoccer.org\/#website\",\"url\":\"https:\/\/shop.tablesoccer.org\/\",\"name\":\"ITSF Boutique officielle\",\"description\":\"\",\"potentialAction\":[{\"@type\":\"SearchAction\",\"target\":{\"@type\":\"EntryPoint\",\"urlTemplate\":\"https:\/\/shop.tablesoccer.org\/?s={search_term_string}\"},\"query-input\":{\"@type\":\"PropertyValueSpecification\",\"valueRequired\":true,\"valueName\":\"search_term_string\"}}],\"inLanguage\":\"en-GB\"}]}<\/script>\n<!-- \/ Yoast SEO plugin. -->","yoast_head_json":{"title":"Poign\u00e9e baby-foot longue Bonzini - ITSF Boutique officielle","description":"La poign\u00e9e longue de baby-foot bonzini est la plus utilis\u00e9e en France et \u00e0 l'\u00e9tranger. Sa forme allong\u00e9e permet une prise en main compl\u00e8te.","robots":{"index":"index","follow":"follow","max-snippet":"max-snippet:-1","max-image-preview":"max-image-preview:large","max-video-preview":"max-video-preview:-1"},"canonical":"https:\/\/shop.tablesoccer.org\/en\/product\/poignee-baby-foot-longue-bonzini\/","og_locale":"en_GB","og_type":"article","og_title":"Poign\u00e9e baby-foot longue Bonzini - ITSF Boutique officielle","og_description":"La poign\u00e9e longue de baby-foot bonzini est la plus utilis\u00e9e en France et \u00e0 l'\u00e9tranger. Sa forme allong\u00e9e permet une prise en main compl\u00e8te.","og_url":"https:\/\/shop.tablesoccer.org\/en\/product\/poignee-baby-foot-longue-bonzini\/","og_site_name":"ITSF Boutique officielle","article_modified_time":"2026-03-12T22:01:48+00:00","og_image":[{"width":1600,"height":917,"url":"https:\/\/shop.tablesoccer.org\/wp-content\/uploads\/2023\/11\/poign_e_longue_1.jpg","type":"image\/jpeg"}],"twitter_card":"summary_large_image","twitter_misc":{"Estimated reading time":"2 minutes"},"schema":{"@context":"https:\/\/schema.org","@graph":[{"@type":"WebPage","@id":"https:\/\/shop.tablesoccer.org\/produit\/poignee-baby-foot-longue-bonzini\/","url":"https:\/\/shop.tablesoccer.org\/produit\/poignee-baby-foot-longue-bonzini\/","name":"Poign\u00e9e baby-foot longue Bonzini - ITSF Boutique officielle","isPartOf":{"@id":"https:\/\/shop.tablesoccer.org\/#website"},"primaryImageOfPage":{"@id":"https:\/\/shop.tablesoccer.org\/produit\/poignee-baby-foot-longue-bonzini\/#primaryimage"},"image":{"@id":"https:\/\/shop.tablesoccer.org\/produit\/poignee-baby-foot-longue-bonzini\/#primaryimage"},"thumbnailUrl":"https:\/\/shop.tablesoccer.org\/wp-content\/uploads\/2023\/11\/poign_e_longue_1.jpg","datePublished":"2023-11-14T15:38:33+00:00","dateModified":"2026-03-12T22:01:48+00:00","description":"La poign\u00e9e longue de baby-foot bonzini est la plus utilis\u00e9e en France et \u00e0 l'\u00e9tranger. Sa forme allong\u00e9e permet une prise en main compl\u00e8te.","breadcrumb":{"@id":"https:\/\/shop.tablesoccer.org\/produit\/poignee-baby-foot-longue-bonzini\/#breadcrumb"},"inLanguage":"en-GB","potentialAction":[{"@type":"ReadAction","target":["https:\/\/shop.tablesoccer.org\/produit\/poignee-baby-foot-longue-bonzini\/"]}]},{"@type":"ImageObject","inLanguage":"en-GB","@id":"https:\/\/shop.tablesoccer.org\/produit\/poignee-baby-foot-longue-bonzini\/#primaryimage","url":"https:\/\/shop.tablesoccer.org\/wp-content\/uploads\/2023\/11\/poign_e_longue_1.jpg","contentUrl":"https:\/\/shop.tablesoccer.org\/wp-content\/uploads\/2023\/11\/poign_e_longue_1.jpg","width":1600,"height":917,"caption":"Poign\u00e9e longue Bonzini ITSF baby-foot"},{"@type":"BreadcrumbList","@id":"https:\/\/shop.tablesoccer.org\/produit\/poignee-baby-foot-longue-bonzini\/#breadcrumb","itemListElement":[{"@type":"ListItem","position":1,"name":"Accueil","item":"https:\/\/shop.tablesoccer.org\/"},{"@type":"ListItem","position":2,"name":"Boutique","item":"https:\/\/shop.tablesoccer.org\/accueil\/boutique\/"},{"@type":"ListItem","position":3,"name":"Poign\u00e9e baby-foot longue Bonzini"}]},{"@type":"WebSite","@id":"https:\/\/shop.tablesoccer.org\/#website","url":"https:\/\/shop.tablesoccer.org\/","name":"ITSF Boutique officielle","description":"","potentialAction":[{"@type":"SearchAction","target":{"@type":"EntryPoint","urlTemplate":"https:\/\/shop.tablesoccer.org\/?s={search_term_string}"},"query-input":{"@type":"PropertyValueSpecification","valueRequired":true,"valueName":"search_term_string"}}],"inLanguage":"en-GB"}]}},"_links":{"self":[{"href":"https:\/\/shop.tablesoccer.org\/en\/wp-json\/wp\/v2\/product\/9576","targetHints":{"allow":["GET"]}}],"collection":[{"href":"https:\/\/shop.tablesoccer.org\/en\/wp-json\/wp\/v2\/product"}],"about":[{"href":"https:\/\/shop.tablesoccer.org\/en\/wp-json\/wp\/v2\/types\/product"}],"replies":[{"embeddable":true,"href":"https:\/\/shop.tablesoccer.org\/en\/wp-json\/wp\/v2\/comments?post=9576"}],"wp:featuredmedia":[{"embeddable":true,"href":"https:\/\/shop.tablesoccer.org\/en\/wp-json\/wp\/v2\/media\/9627"}],"wp:attachment":[{"href":"https:\/\/shop.tablesoccer.org\/en\/wp-json\/wp\/v2\/media?parent=9576"}],"wp:term":[{"taxonomy":"product_brand","embeddable":true,"href":"https:\/\/shop.tablesoccer.org\/en\/wp-json\/wp\/v2\/product_brand?post=9576"},{"taxonomy":"product_cat","embeddable":true,"href":"https:\/\/shop.tablesoccer.org\/en\/wp-json\/wp\/v2\/product_cat?post=9576"},{"taxonomy":"product_tag","embeddable":true,"href":"https:\/\/shop.tablesoccer.org\/en\/wp-json\/wp\/v2\/product_tag?post=9576"}],"curies":[{"name":"wp","href":"https:\/\/api.w.org\/{rel}","templated":true}]}}