{"id":9575,"date":"2023-11-14T16:38:30","date_gmt":"2023-11-14T15:38:30","guid":{"rendered":"https:\/\/shop.tablesoccer.org\/?post_type=product&#038;p=9575"},"modified":"2026-03-17T12:13:16","modified_gmt":"2026-03-17T11:13:16","slug":"poignee-baby-foot-usa-bonzini","status":"publish","type":"product","link":"https:\/\/shop.tablesoccer.org\/en\/product\/poignee-baby-foot-usa-bonzini\/","title":{"rendered":"USA Bonzini foosball handle"},"content":{"rendered":"<p style=\"font-weight: 400;\"><strong>Description <\/strong><\/p>\n<p style=\"font-weight: 400;\">The USA Bonzini handle is an ergonomic replacement accessory designed for Bonzini baby-foots. It combines an original design; cylindrical at the front, conical at the back, with an ideal grip comfort, inspired by the American style of play. Very widespread today in France and in Europe, it allows to fully execute all the gestures, as with a classic long handle.<\/p>\n<p>&nbsp;<\/p>\n<p style=\"font-weight: 400;\"><strong>Specifications:<\/strong><\/p>\n<p style=\"font-weight: 400;\">\u2013 Material: bakelite<\/p>\n<p style=\"font-weight: 400;\">\u2013 Length: 99 mm<\/p>\n<p style=\"font-weight: 400;\">\u2013 Diameter: 35 mm<\/p>\n<p style=\"font-weight: 400;\">\u2013 Weight: 90 g<\/p>\n<p>&nbsp;<\/p>\n<p style=\"font-weight: 400;\"><strong>Care instructions<\/strong><\/p>\n<p style=\"font-weight: 400;\">Clean the handle with a soft, dry cloth. Avoid abrasive products that could scratch the bakelite.<\/p>\n<p style=\"font-weight: 400;\">This handle is ideal for modernizing or customizing your Bonzini B90 Original table football or any other compatible model, while preserving great maneuverability and a classic style.<\/p>\n<p style=\"font-weight: 400;\">Find all our selection in the category: <a href=\"https:\/\/shop.tablesoccer.org\/en\/product-category\/equipement\/poignee-baby-foot\/\">Foosball handles<\/a><\/p>","protected":false},"excerpt":{"rendered":"<p>This handle was originally designed for Americans and their style of play. Today, this handle has become popular in France and Europe. It differs from the long handle with its cylindrical shape in the first part and conical shape in the second part. This shape is more natural and allows for the same movements as with a long handle.<\/p>","protected":false},"featured_media":9622,"comment_status":"open","ping_status":"closed","template":"","meta":[],"product_brand":[],"product_cat":[69,120],"product_tag":[],"class_list":{"0":"post-9575","1":"product","2":"type-product","3":"status-publish","4":"has-post-thumbnail","6":"product_cat-equipement","7":"product_cat-poignee-baby-foot","9":"first","10":"instock","11":"taxable","12":"shipping-taxable","13":"purchasable","14":"product-type-simple"},"yoast_head":"<!-- This site is optimized with the Yoast SEO plugin v26.5 - https:\/\/yoast.com\/wordpress\/plugins\/seo\/ -->\n<title>Poign\u00e9e baby-foot USA Bonzini - ITSF Boutique officielle<\/title>\n<meta name=\"description\" content=\"Poign\u00e9e USA Bonzini : de forme cylindrique puis conique, la poign\u00e9e USA Bonzini s\u2019inspire des poign\u00e9es am\u00e9ricaines. Commandez-l\u00e0 sur l\u2019ITSF Store !\" \/>\n<meta name=\"robots\" content=\"index, follow, max-snippet:-1, max-image-preview:large, max-video-preview:-1\" \/>\n<link rel=\"canonical\" href=\"https:\/\/shop.tablesoccer.org\/en\/product\/poignee-baby-foot-usa-bonzini\/\" \/>\n<meta property=\"og:locale\" content=\"en_GB\" \/>\n<meta property=\"og:type\" content=\"article\" \/>\n<meta property=\"og:title\" content=\"Poign\u00e9e baby-foot USA Bonzini - ITSF Boutique officielle\" \/>\n<meta property=\"og:description\" content=\"Poign\u00e9e USA Bonzini : de forme cylindrique puis conique, la poign\u00e9e USA Bonzini s\u2019inspire des poign\u00e9es am\u00e9ricaines. Commandez-l\u00e0 sur l\u2019ITSF Store !\" \/>\n<meta property=\"og:url\" content=\"https:\/\/shop.tablesoccer.org\/en\/product\/poignee-baby-foot-usa-bonzini\/\" \/>\n<meta property=\"og:site_name\" content=\"ITSF Boutique officielle\" \/>\n<meta property=\"article:modified_time\" content=\"2026-03-17T11:13:16+00:00\" \/>\n<meta property=\"og:image\" content=\"https:\/\/shop.tablesoccer.org\/wp-content\/uploads\/2023\/11\/poinn_e_usa.jpg\" \/>\n\t<meta property=\"og:image:width\" content=\"1599\" \/>\n\t<meta property=\"og:image:height\" content=\"1066\" \/>\n\t<meta property=\"og:image:type\" content=\"image\/jpeg\" \/>\n<meta name=\"twitter:card\" content=\"summary_large_image\" \/>\n<meta name=\"twitter:label1\" content=\"Estimated reading time\" \/>\n\t<meta name=\"twitter:data1\" content=\"1 minute\" \/>\n<script type=\"application\/ld+json\" class=\"yoast-schema-graph\">{\"@context\":\"https:\/\/schema.org\",\"@graph\":[{\"@type\":\"WebPage\",\"@id\":\"https:\/\/shop.tablesoccer.org\/produit\/poignee-baby-foot-usa-bonzini\/\",\"url\":\"https:\/\/shop.tablesoccer.org\/produit\/poignee-baby-foot-usa-bonzini\/\",\"name\":\"Poign\u00e9e baby-foot USA Bonzini - ITSF Boutique officielle\",\"isPartOf\":{\"@id\":\"https:\/\/shop.tablesoccer.org\/#website\"},\"primaryImageOfPage\":{\"@id\":\"https:\/\/shop.tablesoccer.org\/produit\/poignee-baby-foot-usa-bonzini\/#primaryimage\"},\"image\":{\"@id\":\"https:\/\/shop.tablesoccer.org\/produit\/poignee-baby-foot-usa-bonzini\/#primaryimage\"},\"thumbnailUrl\":\"https:\/\/shop.tablesoccer.org\/wp-content\/uploads\/2023\/11\/poinn_e_usa.jpg\",\"datePublished\":\"2023-11-14T15:38:30+00:00\",\"dateModified\":\"2026-03-17T11:13:16+00:00\",\"description\":\"Poign\u00e9e USA Bonzini : de forme cylindrique puis conique, la poign\u00e9e USA Bonzini s\u2019inspire des poign\u00e9es am\u00e9ricaines. Commandez-l\u00e0 sur l\u2019ITSF Store !\",\"breadcrumb\":{\"@id\":\"https:\/\/shop.tablesoccer.org\/produit\/poignee-baby-foot-usa-bonzini\/#breadcrumb\"},\"inLanguage\":\"en-GB\",\"potentialAction\":[{\"@type\":\"ReadAction\",\"target\":[\"https:\/\/shop.tablesoccer.org\/produit\/poignee-baby-foot-usa-bonzini\/\"]}]},{\"@type\":\"ImageObject\",\"inLanguage\":\"en-GB\",\"@id\":\"https:\/\/shop.tablesoccer.org\/produit\/poignee-baby-foot-usa-bonzini\/#primaryimage\",\"url\":\"https:\/\/shop.tablesoccer.org\/wp-content\/uploads\/2023\/11\/poinn_e_usa.jpg\",\"contentUrl\":\"https:\/\/shop.tablesoccer.org\/wp-content\/uploads\/2023\/11\/poinn_e_usa.jpg\",\"width\":1599,\"height\":1066,\"caption\":\"Poign\u00e9e USA Bonzini ITSF baby-foot\"},{\"@type\":\"BreadcrumbList\",\"@id\":\"https:\/\/shop.tablesoccer.org\/produit\/poignee-baby-foot-usa-bonzini\/#breadcrumb\",\"itemListElement\":[{\"@type\":\"ListItem\",\"position\":1,\"name\":\"Accueil\",\"item\":\"https:\/\/shop.tablesoccer.org\/\"},{\"@type\":\"ListItem\",\"position\":2,\"name\":\"Boutique\",\"item\":\"https:\/\/shop.tablesoccer.org\/accueil\/boutique\/\"},{\"@type\":\"ListItem\",\"position\":3,\"name\":\"Poign\u00e9e baby-foot USA Bonzini\"}]},{\"@type\":\"WebSite\",\"@id\":\"https:\/\/shop.tablesoccer.org\/#website\",\"url\":\"https:\/\/shop.tablesoccer.org\/\",\"name\":\"ITSF Boutique officielle\",\"description\":\"\",\"potentialAction\":[{\"@type\":\"SearchAction\",\"target\":{\"@type\":\"EntryPoint\",\"urlTemplate\":\"https:\/\/shop.tablesoccer.org\/?s={search_term_string}\"},\"query-input\":{\"@type\":\"PropertyValueSpecification\",\"valueRequired\":true,\"valueName\":\"search_term_string\"}}],\"inLanguage\":\"en-GB\"}]}<\/script>\n<!-- \/ Yoast SEO plugin. -->","yoast_head_json":{"title":"Poign\u00e9e baby-foot USA Bonzini - ITSF Boutique officielle","description":"Poign\u00e9e USA Bonzini : de forme cylindrique puis conique, la poign\u00e9e USA Bonzini s\u2019inspire des poign\u00e9es am\u00e9ricaines. Commandez-l\u00e0 sur l\u2019ITSF Store !","robots":{"index":"index","follow":"follow","max-snippet":"max-snippet:-1","max-image-preview":"max-image-preview:large","max-video-preview":"max-video-preview:-1"},"canonical":"https:\/\/shop.tablesoccer.org\/en\/product\/poignee-baby-foot-usa-bonzini\/","og_locale":"en_GB","og_type":"article","og_title":"Poign\u00e9e baby-foot USA Bonzini - ITSF Boutique officielle","og_description":"Poign\u00e9e USA Bonzini : de forme cylindrique puis conique, la poign\u00e9e USA Bonzini s\u2019inspire des poign\u00e9es am\u00e9ricaines. Commandez-l\u00e0 sur l\u2019ITSF Store !","og_url":"https:\/\/shop.tablesoccer.org\/en\/product\/poignee-baby-foot-usa-bonzini\/","og_site_name":"ITSF Boutique officielle","article_modified_time":"2026-03-17T11:13:16+00:00","og_image":[{"width":1599,"height":1066,"url":"https:\/\/shop.tablesoccer.org\/wp-content\/uploads\/2023\/11\/poinn_e_usa.jpg","type":"image\/jpeg"}],"twitter_card":"summary_large_image","twitter_misc":{"Estimated reading time":"1 minute"},"schema":{"@context":"https:\/\/schema.org","@graph":[{"@type":"WebPage","@id":"https:\/\/shop.tablesoccer.org\/produit\/poignee-baby-foot-usa-bonzini\/","url":"https:\/\/shop.tablesoccer.org\/produit\/poignee-baby-foot-usa-bonzini\/","name":"Poign\u00e9e baby-foot USA Bonzini - ITSF Boutique officielle","isPartOf":{"@id":"https:\/\/shop.tablesoccer.org\/#website"},"primaryImageOfPage":{"@id":"https:\/\/shop.tablesoccer.org\/produit\/poignee-baby-foot-usa-bonzini\/#primaryimage"},"image":{"@id":"https:\/\/shop.tablesoccer.org\/produit\/poignee-baby-foot-usa-bonzini\/#primaryimage"},"thumbnailUrl":"https:\/\/shop.tablesoccer.org\/wp-content\/uploads\/2023\/11\/poinn_e_usa.jpg","datePublished":"2023-11-14T15:38:30+00:00","dateModified":"2026-03-17T11:13:16+00:00","description":"Poign\u00e9e USA Bonzini : de forme cylindrique puis conique, la poign\u00e9e USA Bonzini s\u2019inspire des poign\u00e9es am\u00e9ricaines. Commandez-l\u00e0 sur l\u2019ITSF Store !","breadcrumb":{"@id":"https:\/\/shop.tablesoccer.org\/produit\/poignee-baby-foot-usa-bonzini\/#breadcrumb"},"inLanguage":"en-GB","potentialAction":[{"@type":"ReadAction","target":["https:\/\/shop.tablesoccer.org\/produit\/poignee-baby-foot-usa-bonzini\/"]}]},{"@type":"ImageObject","inLanguage":"en-GB","@id":"https:\/\/shop.tablesoccer.org\/produit\/poignee-baby-foot-usa-bonzini\/#primaryimage","url":"https:\/\/shop.tablesoccer.org\/wp-content\/uploads\/2023\/11\/poinn_e_usa.jpg","contentUrl":"https:\/\/shop.tablesoccer.org\/wp-content\/uploads\/2023\/11\/poinn_e_usa.jpg","width":1599,"height":1066,"caption":"Poign\u00e9e USA Bonzini ITSF baby-foot"},{"@type":"BreadcrumbList","@id":"https:\/\/shop.tablesoccer.org\/produit\/poignee-baby-foot-usa-bonzini\/#breadcrumb","itemListElement":[{"@type":"ListItem","position":1,"name":"Accueil","item":"https:\/\/shop.tablesoccer.org\/"},{"@type":"ListItem","position":2,"name":"Boutique","item":"https:\/\/shop.tablesoccer.org\/accueil\/boutique\/"},{"@type":"ListItem","position":3,"name":"Poign\u00e9e baby-foot USA Bonzini"}]},{"@type":"WebSite","@id":"https:\/\/shop.tablesoccer.org\/#website","url":"https:\/\/shop.tablesoccer.org\/","name":"ITSF Boutique officielle","description":"","potentialAction":[{"@type":"SearchAction","target":{"@type":"EntryPoint","urlTemplate":"https:\/\/shop.tablesoccer.org\/?s={search_term_string}"},"query-input":{"@type":"PropertyValueSpecification","valueRequired":true,"valueName":"search_term_string"}}],"inLanguage":"en-GB"}]}},"_links":{"self":[{"href":"https:\/\/shop.tablesoccer.org\/en\/wp-json\/wp\/v2\/product\/9575","targetHints":{"allow":["GET"]}}],"collection":[{"href":"https:\/\/shop.tablesoccer.org\/en\/wp-json\/wp\/v2\/product"}],"about":[{"href":"https:\/\/shop.tablesoccer.org\/en\/wp-json\/wp\/v2\/types\/product"}],"replies":[{"embeddable":true,"href":"https:\/\/shop.tablesoccer.org\/en\/wp-json\/wp\/v2\/comments?post=9575"}],"wp:featuredmedia":[{"embeddable":true,"href":"https:\/\/shop.tablesoccer.org\/en\/wp-json\/wp\/v2\/media\/9622"}],"wp:attachment":[{"href":"https:\/\/shop.tablesoccer.org\/en\/wp-json\/wp\/v2\/media?parent=9575"}],"wp:term":[{"taxonomy":"product_brand","embeddable":true,"href":"https:\/\/shop.tablesoccer.org\/en\/wp-json\/wp\/v2\/product_brand?post=9575"},{"taxonomy":"product_cat","embeddable":true,"href":"https:\/\/shop.tablesoccer.org\/en\/wp-json\/wp\/v2\/product_cat?post=9575"},{"taxonomy":"product_tag","embeddable":true,"href":"https:\/\/shop.tablesoccer.org\/en\/wp-json\/wp\/v2\/product_tag?post=9575"}],"curies":[{"name":"wp","href":"https:\/\/api.w.org\/{rel}","templated":true}]}}