{"id":9541,"date":"2023-11-14T16:34:40","date_gmt":"2023-11-14T15:34:40","guid":{"rendered":"https:\/\/shop.tablesoccer.org\/?post_type=product&#038;p=9541"},"modified":"2026-04-03T12:52:30","modified_gmt":"2026-04-03T10:52:30","slug":"anneau-bloque-grip-baby-foot-itsf","status":"publish","type":"product","link":"https:\/\/shop.tablesoccer.org\/en\/product\/anneau-bloque-grip-baby-foot-itsf\/","title":{"rendered":"ITSF foosball grip lock ring"},"content":{"rendered":"<p style=\"font-weight: 400;\"><strong>Description <\/strong><\/p>\n<p style=\"font-weight: 400;\">The grip-grip ring slides easily over your bars after installing your grip. It prevents the grip from moving or slipping during fast games, providing a constant and comfortable grip for every gesture.<\/p>\n<p>&nbsp;<\/p>\n<p style=\"font-weight: 400;\"><strong>Specifications:<\/strong><\/p>\n<p style=\"font-weight: 400;\">\u2013 Material: strong plastic<\/p>\n<p style=\"font-weight: 400;\">\u2013 Diameter: suitable for standard foosball handles<\/p>\n<p style=\"font-weight: 400;\">Available colors: blue, green, red, and black<\/p>\n<p style=\"font-weight: 400;\">Sold by unit.<\/p>\n<p>&nbsp;<\/p>\n<p style=\"font-weight: 400;\"><strong>Care instructions<\/strong><\/p>\n<p style=\"font-weight: 400;\">Simply clean with a soft, dry cloth. Avoid abrasive products that could damage the plastic. Regularly check the ring to ensure it stays in place.<\/p>\n<p style=\"font-weight: 400;\">The ITSF lock-grip ring ensures a reliable fixation of your <a href=\"https:\/\/shop.tablesoccer.org\/en\/product\/grips-baby-foot-itsf\/\">grip<\/a>, pour des parties de baby-foot fluides et professionnelles.<\/p>\n<p style=\"font-weight: 400;\">Find all our selection in the category:<a href=\"https:\/\/shop.tablesoccer.org\/en\/product\/anneau-bloque-grip-itsf\/\"> Finger grips &amp; blocs grips.<\/a><\/p>","protected":false},"excerpt":{"rendered":"<p>The ITSF Grip Block Ring is designed to keep your grips securely in place on foosball grips. It ensures a stable and reliable fixation, ensuring optimal control and pleasant playing conditions, whether for leisure or competition.<\/p>","protected":false},"featured_media":12733,"comment_status":"open","ping_status":"closed","template":"","meta":[],"product_brand":[],"product_cat":[69,121],"product_tag":[],"class_list":{"0":"post-9541","1":"product","2":"type-product","3":"status-publish","4":"has-post-thumbnail","6":"product_cat-equipement","7":"product_cat-grips-et-blocs-grips-baby-foot","9":"first","10":"instock","11":"taxable","12":"shipping-taxable","13":"purchasable","14":"product-type-variable"},"yoast_head":"<!-- This site is optimized with the Yoast SEO plugin v26.5 - https:\/\/yoast.com\/wordpress\/plugins\/seo\/ -->\n<title>Anneau bloque-grip baby-foot ITSF - ITSF Boutique officielle<\/title>\n<meta name=\"description\" content=\"Anneau bloque-grip ITSF : con\u00e7us pour le baby-foot, ces anneaux bloque-grip ITSF bloquent le grip \u00e0 la poign\u00e9e. Commandez-les sur l\u2019ITSF Store !\" \/>\n<meta name=\"robots\" content=\"index, follow, max-snippet:-1, max-image-preview:large, max-video-preview:-1\" \/>\n<link rel=\"canonical\" href=\"https:\/\/shop.tablesoccer.org\/en\/product\/anneau-bloque-grip-baby-foot-itsf\/\" \/>\n<meta property=\"og:locale\" content=\"en_GB\" \/>\n<meta property=\"og:type\" content=\"article\" \/>\n<meta property=\"og:title\" content=\"Anneau bloque-grip baby-foot ITSF - ITSF Boutique officielle\" \/>\n<meta property=\"og:description\" content=\"Anneau bloque-grip ITSF : con\u00e7us pour le baby-foot, ces anneaux bloque-grip ITSF bloquent le grip \u00e0 la poign\u00e9e. Commandez-les sur l\u2019ITSF Store !\" \/>\n<meta property=\"og:url\" content=\"https:\/\/shop.tablesoccer.org\/en\/product\/anneau-bloque-grip-baby-foot-itsf\/\" \/>\n<meta property=\"og:site_name\" content=\"ITSF Boutique officielle\" \/>\n<meta property=\"article:modified_time\" content=\"2026-04-03T10:52:30+00:00\" \/>\n<meta property=\"og:image\" content=\"https:\/\/shop.tablesoccer.org\/wp-content\/uploads\/2023\/11\/anneau2.png\" \/>\n\t<meta property=\"og:image:width\" content=\"1024\" \/>\n\t<meta property=\"og:image:height\" content=\"819\" \/>\n\t<meta property=\"og:image:type\" content=\"image\/png\" \/>\n<meta name=\"twitter:card\" content=\"summary_large_image\" \/>\n<meta name=\"twitter:label1\" content=\"Estimated reading time\" \/>\n\t<meta name=\"twitter:data1\" content=\"1 minute\" \/>\n<script type=\"application\/ld+json\" class=\"yoast-schema-graph\">{\"@context\":\"https:\/\/schema.org\",\"@graph\":[{\"@type\":\"WebPage\",\"@id\":\"https:\/\/shop.tablesoccer.org\/produit\/anneau-bloque-grip-baby-foot-itsf\/\",\"url\":\"https:\/\/shop.tablesoccer.org\/produit\/anneau-bloque-grip-baby-foot-itsf\/\",\"name\":\"Anneau bloque-grip baby-foot ITSF - ITSF Boutique officielle\",\"isPartOf\":{\"@id\":\"https:\/\/shop.tablesoccer.org\/#website\"},\"primaryImageOfPage\":{\"@id\":\"https:\/\/shop.tablesoccer.org\/produit\/anneau-bloque-grip-baby-foot-itsf\/#primaryimage\"},\"image\":{\"@id\":\"https:\/\/shop.tablesoccer.org\/produit\/anneau-bloque-grip-baby-foot-itsf\/#primaryimage\"},\"thumbnailUrl\":\"https:\/\/shop.tablesoccer.org\/wp-content\/uploads\/2023\/11\/anneau2.png\",\"datePublished\":\"2023-11-14T15:34:40+00:00\",\"dateModified\":\"2026-04-03T10:52:30+00:00\",\"description\":\"Anneau bloque-grip ITSF : con\u00e7us pour le baby-foot, ces anneaux bloque-grip ITSF bloquent le grip \u00e0 la poign\u00e9e. Commandez-les sur l\u2019ITSF Store !\",\"breadcrumb\":{\"@id\":\"https:\/\/shop.tablesoccer.org\/produit\/anneau-bloque-grip-baby-foot-itsf\/#breadcrumb\"},\"inLanguage\":\"en-GB\",\"potentialAction\":[{\"@type\":\"ReadAction\",\"target\":[\"https:\/\/shop.tablesoccer.org\/produit\/anneau-bloque-grip-baby-foot-itsf\/\"]}]},{\"@type\":\"ImageObject\",\"inLanguage\":\"en-GB\",\"@id\":\"https:\/\/shop.tablesoccer.org\/produit\/anneau-bloque-grip-baby-foot-itsf\/#primaryimage\",\"url\":\"https:\/\/shop.tablesoccer.org\/wp-content\/uploads\/2023\/11\/anneau2.png\",\"contentUrl\":\"https:\/\/shop.tablesoccer.org\/wp-content\/uploads\/2023\/11\/anneau2.png\",\"width\":10544,\"height\":8434},{\"@type\":\"BreadcrumbList\",\"@id\":\"https:\/\/shop.tablesoccer.org\/produit\/anneau-bloque-grip-baby-foot-itsf\/#breadcrumb\",\"itemListElement\":[{\"@type\":\"ListItem\",\"position\":1,\"name\":\"Accueil\",\"item\":\"https:\/\/shop.tablesoccer.org\/\"},{\"@type\":\"ListItem\",\"position\":2,\"name\":\"Boutique\",\"item\":\"https:\/\/shop.tablesoccer.org\/accueil\/boutique\/\"},{\"@type\":\"ListItem\",\"position\":3,\"name\":\"Anneau bloque-grip baby-foot ITSF\"}]},{\"@type\":\"WebSite\",\"@id\":\"https:\/\/shop.tablesoccer.org\/#website\",\"url\":\"https:\/\/shop.tablesoccer.org\/\",\"name\":\"ITSF Boutique officielle\",\"description\":\"\",\"potentialAction\":[{\"@type\":\"SearchAction\",\"target\":{\"@type\":\"EntryPoint\",\"urlTemplate\":\"https:\/\/shop.tablesoccer.org\/?s={search_term_string}\"},\"query-input\":{\"@type\":\"PropertyValueSpecification\",\"valueRequired\":true,\"valueName\":\"search_term_string\"}}],\"inLanguage\":\"en-GB\"}]}<\/script>\n<!-- \/ Yoast SEO plugin. -->","yoast_head_json":{"title":"Anneau bloque-grip baby-foot ITSF - ITSF Boutique officielle","description":"Anneau bloque-grip ITSF : con\u00e7us pour le baby-foot, ces anneaux bloque-grip ITSF bloquent le grip \u00e0 la poign\u00e9e. Commandez-les sur l\u2019ITSF Store !","robots":{"index":"index","follow":"follow","max-snippet":"max-snippet:-1","max-image-preview":"max-image-preview:large","max-video-preview":"max-video-preview:-1"},"canonical":"https:\/\/shop.tablesoccer.org\/en\/product\/anneau-bloque-grip-baby-foot-itsf\/","og_locale":"en_GB","og_type":"article","og_title":"Anneau bloque-grip baby-foot ITSF - ITSF Boutique officielle","og_description":"Anneau bloque-grip ITSF : con\u00e7us pour le baby-foot, ces anneaux bloque-grip ITSF bloquent le grip \u00e0 la poign\u00e9e. Commandez-les sur l\u2019ITSF Store !","og_url":"https:\/\/shop.tablesoccer.org\/en\/product\/anneau-bloque-grip-baby-foot-itsf\/","og_site_name":"ITSF Boutique officielle","article_modified_time":"2026-04-03T10:52:30+00:00","og_image":[{"url":"https:\/\/shop.tablesoccer.org\/wp-content\/uploads\/2023\/11\/anneau2.png","width":1024,"height":819,"type":"image\/png"}],"twitter_card":"summary_large_image","twitter_misc":{"Estimated reading time":"1 minute"},"schema":{"@context":"https:\/\/schema.org","@graph":[{"@type":"WebPage","@id":"https:\/\/shop.tablesoccer.org\/produit\/anneau-bloque-grip-baby-foot-itsf\/","url":"https:\/\/shop.tablesoccer.org\/produit\/anneau-bloque-grip-baby-foot-itsf\/","name":"Anneau bloque-grip baby-foot ITSF - ITSF Boutique officielle","isPartOf":{"@id":"https:\/\/shop.tablesoccer.org\/#website"},"primaryImageOfPage":{"@id":"https:\/\/shop.tablesoccer.org\/produit\/anneau-bloque-grip-baby-foot-itsf\/#primaryimage"},"image":{"@id":"https:\/\/shop.tablesoccer.org\/produit\/anneau-bloque-grip-baby-foot-itsf\/#primaryimage"},"thumbnailUrl":"https:\/\/shop.tablesoccer.org\/wp-content\/uploads\/2023\/11\/anneau2.png","datePublished":"2023-11-14T15:34:40+00:00","dateModified":"2026-04-03T10:52:30+00:00","description":"Anneau bloque-grip ITSF : con\u00e7us pour le baby-foot, ces anneaux bloque-grip ITSF bloquent le grip \u00e0 la poign\u00e9e. Commandez-les sur l\u2019ITSF Store !","breadcrumb":{"@id":"https:\/\/shop.tablesoccer.org\/produit\/anneau-bloque-grip-baby-foot-itsf\/#breadcrumb"},"inLanguage":"en-GB","potentialAction":[{"@type":"ReadAction","target":["https:\/\/shop.tablesoccer.org\/produit\/anneau-bloque-grip-baby-foot-itsf\/"]}]},{"@type":"ImageObject","inLanguage":"en-GB","@id":"https:\/\/shop.tablesoccer.org\/produit\/anneau-bloque-grip-baby-foot-itsf\/#primaryimage","url":"https:\/\/shop.tablesoccer.org\/wp-content\/uploads\/2023\/11\/anneau2.png","contentUrl":"https:\/\/shop.tablesoccer.org\/wp-content\/uploads\/2023\/11\/anneau2.png","width":10544,"height":8434},{"@type":"BreadcrumbList","@id":"https:\/\/shop.tablesoccer.org\/produit\/anneau-bloque-grip-baby-foot-itsf\/#breadcrumb","itemListElement":[{"@type":"ListItem","position":1,"name":"Accueil","item":"https:\/\/shop.tablesoccer.org\/"},{"@type":"ListItem","position":2,"name":"Boutique","item":"https:\/\/shop.tablesoccer.org\/accueil\/boutique\/"},{"@type":"ListItem","position":3,"name":"Anneau bloque-grip baby-foot ITSF"}]},{"@type":"WebSite","@id":"https:\/\/shop.tablesoccer.org\/#website","url":"https:\/\/shop.tablesoccer.org\/","name":"ITSF Boutique officielle","description":"","potentialAction":[{"@type":"SearchAction","target":{"@type":"EntryPoint","urlTemplate":"https:\/\/shop.tablesoccer.org\/?s={search_term_string}"},"query-input":{"@type":"PropertyValueSpecification","valueRequired":true,"valueName":"search_term_string"}}],"inLanguage":"en-GB"}]}},"_links":{"self":[{"href":"https:\/\/shop.tablesoccer.org\/en\/wp-json\/wp\/v2\/product\/9541","targetHints":{"allow":["GET"]}}],"collection":[{"href":"https:\/\/shop.tablesoccer.org\/en\/wp-json\/wp\/v2\/product"}],"about":[{"href":"https:\/\/shop.tablesoccer.org\/en\/wp-json\/wp\/v2\/types\/product"}],"replies":[{"embeddable":true,"href":"https:\/\/shop.tablesoccer.org\/en\/wp-json\/wp\/v2\/comments?post=9541"}],"wp:featuredmedia":[{"embeddable":true,"href":"https:\/\/shop.tablesoccer.org\/en\/wp-json\/wp\/v2\/media\/12733"}],"wp:attachment":[{"href":"https:\/\/shop.tablesoccer.org\/en\/wp-json\/wp\/v2\/media?parent=9541"}],"wp:term":[{"taxonomy":"product_brand","embeddable":true,"href":"https:\/\/shop.tablesoccer.org\/en\/wp-json\/wp\/v2\/product_brand?post=9541"},{"taxonomy":"product_cat","embeddable":true,"href":"https:\/\/shop.tablesoccer.org\/en\/wp-json\/wp\/v2\/product_cat?post=9541"},{"taxonomy":"product_tag","embeddable":true,"href":"https:\/\/shop.tablesoccer.org\/en\/wp-json\/wp\/v2\/product_tag?post=9541"}],"curies":[{"name":"wp","href":"https:\/\/api.w.org\/{rel}","templated":true}]}}