{"id":9529,"date":"2023-11-14T16:33:20","date_gmt":"2023-11-14T15:33:20","guid":{"rendered":"https:\/\/shop.tablesoccer.org\/?post_type=product&#038;p=9529"},"modified":"2026-02-20T10:38:00","modified_gmt":"2026-02-20T09:38:00","slug":"badge-arbitre-officiel-baby-foot-itsf","status":"publish","type":"product","link":"https:\/\/shop.tablesoccer.org\/en\/product\/badge-arbitre-officiel-baby-foot-itsf\/","title":{"rendered":"Official foosball referee badge"},"content":{"rendered":"<p style=\"font-weight: 400;\"><strong>Description <\/strong><\/p>\n<p style=\"font-weight: 400;\">This badge is specially designed for soccer referees. It is simply attached via velcro to your referee shirt or jacket, in order to clearly display your role and level (assistant, regional, national, international).<\/p>\n<p>&nbsp;<\/p>\n<p style=\"font-weight: 400;\"><strong>Specifications:<\/strong><\/p>\n<p style=\"font-weight: 400;\">\u2013 Format: round patch, fixed with velcro.<\/p>\n<p style=\"font-weight: 400;\">\u2013 Choice of levels: regional, assistant, national, international.<\/p>\n<p style=\"font-weight: 400;\">Manufacturer : ITSF<\/p>\n<p style=\"font-weight: 400;\">\u2013 Weight: 0.07 kg.<\/p>\n<p style=\"font-weight: 400;\">Official identification product for referees.<\/p>\n<p>&nbsp;<\/p>\n<p style=\"font-weight: 400;\"><strong>Care instructions<\/strong><\/p>\n<p style=\"font-weight: 400;\">Attach the badge to a clean, dry surface to ensure good adhesion. Remove it before washing your referee outfit to extend its lifespan. Avoid fixing it on very worn or frayed fabrics so that the velcro stays in place.<\/p>\n<p style=\"font-weight: 400;\">Practical and official, this badge allows you to referee your foosball games with clarity and professionalism.<\/p>\n<p style=\"font-weight: 400;\">Find all our selection in the category: <a href=\"https:\/\/shop.tablesoccer.org\/en\/product-category\/equipement\/equipements-arbitres-baby-foot\/\">Foosball referee equipment<\/a><\/p>","protected":false},"excerpt":{"rendered":"<p>Official badge indicating the referee's level. Round patch, attached with Velcro. 4 different badges: \u2013 regional \u2013 assistant \u2013 national \u2013 international<\/p>","protected":false},"featured_media":9526,"comment_status":"open","ping_status":"closed","template":"","meta":[],"product_brand":[],"product_cat":[69,124],"product_tag":[],"class_list":{"0":"post-9529","1":"product","2":"type-product","3":"status-publish","4":"has-post-thumbnail","6":"product_cat-equipement","7":"product_cat-equipements-arbitres-baby-foot","9":"first","10":"instock","11":"taxable","12":"shipping-taxable","13":"purchasable","14":"product-type-variable"},"yoast_head":"<!-- This site is optimized with the Yoast SEO plugin v26.5 - https:\/\/yoast.com\/wordpress\/plugins\/seo\/ -->\n<title>Badge arbitre officiel baby-foot - ITSF Boutique officielle<\/title>\n<meta name=\"description\" content=\"Badge officiel indiquant le niveau de l&#039;arbitre. Patch rond, fix\u00e9 avec du Velcro. 4 badges diff\u00e9rents: - r\u00e9gional - assistant - national - international.\" \/>\n<meta name=\"robots\" content=\"index, follow, max-snippet:-1, max-image-preview:large, max-video-preview:-1\" \/>\n<link rel=\"canonical\" href=\"https:\/\/shop.tablesoccer.org\/en\/product\/badge-arbitre-officiel-baby-foot-itsf\/\" \/>\n<meta property=\"og:locale\" content=\"en_GB\" \/>\n<meta property=\"og:type\" content=\"article\" \/>\n<meta property=\"og:title\" content=\"Badge arbitre officiel baby-foot - ITSF Boutique officielle\" \/>\n<meta property=\"og:description\" content=\"Badge officiel indiquant le niveau de l&#039;arbitre. Patch rond, fix\u00e9 avec du Velcro. 4 badges diff\u00e9rents: - r\u00e9gional - assistant - national - international.\" \/>\n<meta property=\"og:url\" content=\"https:\/\/shop.tablesoccer.org\/en\/product\/badge-arbitre-officiel-baby-foot-itsf\/\" \/>\n<meta property=\"og:site_name\" content=\"ITSF Boutique officielle\" \/>\n<meta property=\"article:modified_time\" content=\"2026-02-20T09:38:00+00:00\" \/>\n<meta property=\"og:image\" content=\"https:\/\/shop.tablesoccer.org\/wp-content\/uploads\/2023\/11\/regional-referee-official-tablesoccer_2.jpg\" \/>\n\t<meta property=\"og:image:width\" content=\"1600\" \/>\n\t<meta property=\"og:image:height\" content=\"1600\" \/>\n\t<meta property=\"og:image:type\" content=\"image\/jpeg\" \/>\n<meta name=\"twitter:card\" content=\"summary_large_image\" \/>\n<meta name=\"twitter:label1\" content=\"Estimated reading time\" \/>\n\t<meta name=\"twitter:data1\" content=\"1 minute\" \/>\n<script type=\"application\/ld+json\" class=\"yoast-schema-graph\">{\"@context\":\"https:\/\/schema.org\",\"@graph\":[{\"@type\":\"WebPage\",\"@id\":\"https:\/\/shop.tablesoccer.org\/produit\/badge-arbitre-officiel-baby-foot-itsf\/\",\"url\":\"https:\/\/shop.tablesoccer.org\/produit\/badge-arbitre-officiel-baby-foot-itsf\/\",\"name\":\"Badge arbitre officiel baby-foot - ITSF Boutique officielle\",\"isPartOf\":{\"@id\":\"https:\/\/shop.tablesoccer.org\/#website\"},\"primaryImageOfPage\":{\"@id\":\"https:\/\/shop.tablesoccer.org\/produit\/badge-arbitre-officiel-baby-foot-itsf\/#primaryimage\"},\"image\":{\"@id\":\"https:\/\/shop.tablesoccer.org\/produit\/badge-arbitre-officiel-baby-foot-itsf\/#primaryimage\"},\"thumbnailUrl\":\"https:\/\/shop.tablesoccer.org\/wp-content\/uploads\/2023\/11\/regional-referee-official-tablesoccer_2.jpg\",\"datePublished\":\"2023-11-14T15:33:20+00:00\",\"dateModified\":\"2026-02-20T09:38:00+00:00\",\"description\":\"Badge officiel indiquant le niveau de l'arbitre. Patch rond, fix\u00e9 avec du Velcro. 4 badges diff\u00e9rents: - r\u00e9gional - assistant - national - international.\",\"breadcrumb\":{\"@id\":\"https:\/\/shop.tablesoccer.org\/produit\/badge-arbitre-officiel-baby-foot-itsf\/#breadcrumb\"},\"inLanguage\":\"en-GB\",\"potentialAction\":[{\"@type\":\"ReadAction\",\"target\":[\"https:\/\/shop.tablesoccer.org\/produit\/badge-arbitre-officiel-baby-foot-itsf\/\"]}]},{\"@type\":\"ImageObject\",\"inLanguage\":\"en-GB\",\"@id\":\"https:\/\/shop.tablesoccer.org\/produit\/badge-arbitre-officiel-baby-foot-itsf\/#primaryimage\",\"url\":\"https:\/\/shop.tablesoccer.org\/wp-content\/uploads\/2023\/11\/regional-referee-official-tablesoccer_2.jpg\",\"contentUrl\":\"https:\/\/shop.tablesoccer.org\/wp-content\/uploads\/2023\/11\/regional-referee-official-tablesoccer_2.jpg\",\"width\":1600,\"height\":1600},{\"@type\":\"BreadcrumbList\",\"@id\":\"https:\/\/shop.tablesoccer.org\/produit\/badge-arbitre-officiel-baby-foot-itsf\/#breadcrumb\",\"itemListElement\":[{\"@type\":\"ListItem\",\"position\":1,\"name\":\"Accueil\",\"item\":\"https:\/\/shop.tablesoccer.org\/\"},{\"@type\":\"ListItem\",\"position\":2,\"name\":\"Boutique\",\"item\":\"https:\/\/shop.tablesoccer.org\/accueil\/boutique\/\"},{\"@type\":\"ListItem\",\"position\":3,\"name\":\"Badge arbitre officiel baby-foot\"}]},{\"@type\":\"WebSite\",\"@id\":\"https:\/\/shop.tablesoccer.org\/#website\",\"url\":\"https:\/\/shop.tablesoccer.org\/\",\"name\":\"ITSF Boutique officielle\",\"description\":\"\",\"potentialAction\":[{\"@type\":\"SearchAction\",\"target\":{\"@type\":\"EntryPoint\",\"urlTemplate\":\"https:\/\/shop.tablesoccer.org\/?s={search_term_string}\"},\"query-input\":{\"@type\":\"PropertyValueSpecification\",\"valueRequired\":true,\"valueName\":\"search_term_string\"}}],\"inLanguage\":\"en-GB\"}]}<\/script>\n<!-- \/ Yoast SEO plugin. -->","yoast_head_json":{"title":"Badge arbitre officiel baby-foot - ITSF Boutique officielle","description":"Badge officiel indiquant le niveau de l'arbitre. Patch rond, fix\u00e9 avec du Velcro. 4 badges diff\u00e9rents: - r\u00e9gional - assistant - national - international.","robots":{"index":"index","follow":"follow","max-snippet":"max-snippet:-1","max-image-preview":"max-image-preview:large","max-video-preview":"max-video-preview:-1"},"canonical":"https:\/\/shop.tablesoccer.org\/en\/product\/badge-arbitre-officiel-baby-foot-itsf\/","og_locale":"en_GB","og_type":"article","og_title":"Badge arbitre officiel baby-foot - ITSF Boutique officielle","og_description":"Badge officiel indiquant le niveau de l'arbitre. Patch rond, fix\u00e9 avec du Velcro. 4 badges diff\u00e9rents: - r\u00e9gional - assistant - national - international.","og_url":"https:\/\/shop.tablesoccer.org\/en\/product\/badge-arbitre-officiel-baby-foot-itsf\/","og_site_name":"ITSF Boutique officielle","article_modified_time":"2026-02-20T09:38:00+00:00","og_image":[{"width":1600,"height":1600,"url":"https:\/\/shop.tablesoccer.org\/wp-content\/uploads\/2023\/11\/regional-referee-official-tablesoccer_2.jpg","type":"image\/jpeg"}],"twitter_card":"summary_large_image","twitter_misc":{"Estimated reading time":"1 minute"},"schema":{"@context":"https:\/\/schema.org","@graph":[{"@type":"WebPage","@id":"https:\/\/shop.tablesoccer.org\/produit\/badge-arbitre-officiel-baby-foot-itsf\/","url":"https:\/\/shop.tablesoccer.org\/produit\/badge-arbitre-officiel-baby-foot-itsf\/","name":"Badge arbitre officiel baby-foot - ITSF Boutique officielle","isPartOf":{"@id":"https:\/\/shop.tablesoccer.org\/#website"},"primaryImageOfPage":{"@id":"https:\/\/shop.tablesoccer.org\/produit\/badge-arbitre-officiel-baby-foot-itsf\/#primaryimage"},"image":{"@id":"https:\/\/shop.tablesoccer.org\/produit\/badge-arbitre-officiel-baby-foot-itsf\/#primaryimage"},"thumbnailUrl":"https:\/\/shop.tablesoccer.org\/wp-content\/uploads\/2023\/11\/regional-referee-official-tablesoccer_2.jpg","datePublished":"2023-11-14T15:33:20+00:00","dateModified":"2026-02-20T09:38:00+00:00","description":"Badge officiel indiquant le niveau de l'arbitre. Patch rond, fix\u00e9 avec du Velcro. 4 badges diff\u00e9rents: - r\u00e9gional - assistant - national - international.","breadcrumb":{"@id":"https:\/\/shop.tablesoccer.org\/produit\/badge-arbitre-officiel-baby-foot-itsf\/#breadcrumb"},"inLanguage":"en-GB","potentialAction":[{"@type":"ReadAction","target":["https:\/\/shop.tablesoccer.org\/produit\/badge-arbitre-officiel-baby-foot-itsf\/"]}]},{"@type":"ImageObject","inLanguage":"en-GB","@id":"https:\/\/shop.tablesoccer.org\/produit\/badge-arbitre-officiel-baby-foot-itsf\/#primaryimage","url":"https:\/\/shop.tablesoccer.org\/wp-content\/uploads\/2023\/11\/regional-referee-official-tablesoccer_2.jpg","contentUrl":"https:\/\/shop.tablesoccer.org\/wp-content\/uploads\/2023\/11\/regional-referee-official-tablesoccer_2.jpg","width":1600,"height":1600},{"@type":"BreadcrumbList","@id":"https:\/\/shop.tablesoccer.org\/produit\/badge-arbitre-officiel-baby-foot-itsf\/#breadcrumb","itemListElement":[{"@type":"ListItem","position":1,"name":"Accueil","item":"https:\/\/shop.tablesoccer.org\/"},{"@type":"ListItem","position":2,"name":"Boutique","item":"https:\/\/shop.tablesoccer.org\/accueil\/boutique\/"},{"@type":"ListItem","position":3,"name":"Badge arbitre officiel baby-foot"}]},{"@type":"WebSite","@id":"https:\/\/shop.tablesoccer.org\/#website","url":"https:\/\/shop.tablesoccer.org\/","name":"ITSF Boutique officielle","description":"","potentialAction":[{"@type":"SearchAction","target":{"@type":"EntryPoint","urlTemplate":"https:\/\/shop.tablesoccer.org\/?s={search_term_string}"},"query-input":{"@type":"PropertyValueSpecification","valueRequired":true,"valueName":"search_term_string"}}],"inLanguage":"en-GB"}]}},"_links":{"self":[{"href":"https:\/\/shop.tablesoccer.org\/en\/wp-json\/wp\/v2\/product\/9529","targetHints":{"allow":["GET"]}}],"collection":[{"href":"https:\/\/shop.tablesoccer.org\/en\/wp-json\/wp\/v2\/product"}],"about":[{"href":"https:\/\/shop.tablesoccer.org\/en\/wp-json\/wp\/v2\/types\/product"}],"replies":[{"embeddable":true,"href":"https:\/\/shop.tablesoccer.org\/en\/wp-json\/wp\/v2\/comments?post=9529"}],"wp:featuredmedia":[{"embeddable":true,"href":"https:\/\/shop.tablesoccer.org\/en\/wp-json\/wp\/v2\/media\/9526"}],"wp:attachment":[{"href":"https:\/\/shop.tablesoccer.org\/en\/wp-json\/wp\/v2\/media?parent=9529"}],"wp:term":[{"taxonomy":"product_brand","embeddable":true,"href":"https:\/\/shop.tablesoccer.org\/en\/wp-json\/wp\/v2\/product_brand?post=9529"},{"taxonomy":"product_cat","embeddable":true,"href":"https:\/\/shop.tablesoccer.org\/en\/wp-json\/wp\/v2\/product_cat?post=9529"},{"taxonomy":"product_tag","embeddable":true,"href":"https:\/\/shop.tablesoccer.org\/en\/wp-json\/wp\/v2\/product_tag?post=9529"}],"curies":[{"name":"wp","href":"https:\/\/api.w.org\/{rel}","templated":true}]}}