{"id":9516,"date":"2023-11-14T16:27:04","date_gmt":"2023-11-14T15:27:04","guid":{"rendered":"https:\/\/shop.tablesoccer.org\/?post_type=product&#038;p=9516"},"modified":"2026-04-03T12:52:28","modified_gmt":"2026-04-03T10:52:28","slug":"grips-baby-foot-itsf","status":"publish","type":"product","link":"https:\/\/shop.tablesoccer.org\/en\/product\/grips-baby-foot-itsf\/","title":{"rendered":"Foosball grips"},"content":{"rendered":"<p data-start=\"57\" data-end=\"160\"><strong data-start=\"57\" data-end=\"158\">BULK OFFER :<\/strong> \u00e0 partir de<strong data-start=\"57\" data-end=\"158\"> 50 grips <\/strong>the unit price drops to\u00a0<strong data-start=\"57\" data-end=\"158\">2 \u20ac.<\/strong><\/p>\n<p>&nbsp;<\/p>\n<p style=\"font-weight: 400;\"><strong>Description<\/strong><\/p>\n<p style=\"font-weight: 400;\">The ITSF \"Grips\" are lightweight and resistant ribbons, designed to improve the hold of foosball handles. By applying them on your bars, you increase comfort, reduce slipping and gain control, whether it is partly for leisure or in competition.<\/p>\n<p>&nbsp;<\/p>\n<p style=\"font-weight: 400;\"><strong>Specifications:<\/strong><\/p>\n<p style=\"font-weight: 400;\">- Size: 2.5 cm x 110 cm<\/p>\n<p style=\"font-weight: 400;\">\u2013 Thickness 0.75mm<\/p>\n<p style=\"font-weight: 400;\">\u2013 Available colors: blue, purple blue, dark green, raspberry, yellow, light green, neon green, black, orange, pink, turquoise<\/p>\n<p style=\"font-weight: 400;\">Pre-cut end for easy installation, double-sided adhesive (1.4 cm) on one end for a durable fixation.<\/p>\n<p style=\"font-weight: 400;\">Embossed ITSF logo + small black ribbon closure with logo Maintenance advice<\/p>\n<p>&nbsp;<\/p>\n<p style=\"font-weight: 400;\"><strong>Care instructions<\/strong><\/p>\n<p style=\"font-weight: 400;\">Before placing the grip, make sure that the handle is clean and dry. In case of wear or dirt, clean with a soft cloth, without aggressive products. Check regularly that the grip does not come off, and replace it if necessary to keep a good grip.<\/p>\n<p style=\"font-weight: 400;\">you can also buy our<a href=\"https:\/\/shop.tablesoccer.org\/en\/product\/anneau-bloque-grip-itsf\/\"> Foosball grip stopper ring<\/a> in order to attach your grip to the foosball handle<\/p>\n<p>&nbsp;<\/p>\n<p style=\"font-weight: 400;\">A simple and effective solution to give more grip to your bars!<\/p>\n<p style=\"font-weight: 400;\">Find all our selection in the category: <a href=\"https:\/\/shop.tablesoccer.org\/en\/product-category\/equipement\/grips-et-blocs-grips-baby-foot\/\">foosball grips &amp; grip blocks<\/a><\/p>","protected":false},"excerpt":{"rendered":"<p style=\"font-weight: 400;\">ITSF grips strengthen the grip and control on foosball handles. Easy to place and durable, they improve playing comfort. You can complete their installation with the lock-grip rings for optimal support.<\/p>\n<p data-start=\"57\" data-end=\"160\"><strong data-start=\"57\" data-end=\"158\">BULK OFFER :<\/strong> \u00e0 partir de<strong data-start=\"57\" data-end=\"158\"> 50 grips <\/strong>the unit price drops to\u00a0<strong data-start=\"57\" data-end=\"158\">2 \u20ac.<\/strong><\/p>\n<p>&nbsp;<\/p>\n<p style=\"font-weight: 400;\">","protected":false},"featured_media":9568,"comment_status":"open","ping_status":"closed","template":"","meta":[],"product_brand":[],"product_cat":[69,121],"product_tag":[],"class_list":{"0":"post-9516","1":"product","2":"type-product","3":"status-publish","4":"has-post-thumbnail","6":"product_cat-equipement","7":"product_cat-grips-et-blocs-grips-baby-foot","9":"first","10":"instock","11":"taxable","12":"shipping-taxable","13":"purchasable","14":"product-type-variable"},"yoast_head":"<!-- This site is optimized with the Yoast SEO plugin v26.5 - https:\/\/yoast.com\/wordpress\/plugins\/seo\/ -->\n<title>Grips baby-foot - ITSF Boutique officielle<\/title>\n<meta name=\"description\" content=\"Grips ITSF : adapt\u00e9s \u00e0 toutes les poign\u00e9es, ils vous permettront de jouer de fa\u00e7on professionnelle au baby-foot. Commandez-les sur l\u2019ITSF Store !\" \/>\n<meta name=\"robots\" content=\"index, follow, max-snippet:-1, max-image-preview:large, max-video-preview:-1\" \/>\n<link rel=\"canonical\" href=\"https:\/\/shop.tablesoccer.org\/en\/product\/grips-baby-foot-itsf\/\" \/>\n<meta property=\"og:locale\" content=\"en_GB\" \/>\n<meta property=\"og:type\" content=\"article\" \/>\n<meta property=\"og:title\" content=\"Grips baby-foot - ITSF Boutique officielle\" \/>\n<meta property=\"og:description\" content=\"Grips ITSF : adapt\u00e9s \u00e0 toutes les poign\u00e9es, ils vous permettront de jouer de fa\u00e7on professionnelle au baby-foot. Commandez-les sur l\u2019ITSF Store !\" \/>\n<meta property=\"og:url\" content=\"https:\/\/shop.tablesoccer.org\/en\/product\/grips-baby-foot-itsf\/\" \/>\n<meta property=\"og:site_name\" content=\"ITSF Boutique officielle\" \/>\n<meta property=\"article:modified_time\" content=\"2026-04-03T10:52:28+00:00\" \/>\n<meta property=\"og:image\" content=\"https:\/\/shop.tablesoccer.org\/wp-content\/uploads\/2023\/11\/1_2_2.jpg\" \/>\n\t<meta property=\"og:image:width\" content=\"1600\" \/>\n\t<meta property=\"og:image:height\" content=\"1200\" \/>\n\t<meta property=\"og:image:type\" content=\"image\/jpeg\" \/>\n<meta name=\"twitter:card\" content=\"summary_large_image\" \/>\n<meta name=\"twitter:label1\" content=\"Estimated reading time\" \/>\n\t<meta name=\"twitter:data1\" content=\"2 minutes\" \/>\n<script type=\"application\/ld+json\" class=\"yoast-schema-graph\">{\"@context\":\"https:\/\/schema.org\",\"@graph\":[{\"@type\":\"WebPage\",\"@id\":\"https:\/\/shop.tablesoccer.org\/produit\/grips-baby-foot-itsf\/\",\"url\":\"https:\/\/shop.tablesoccer.org\/produit\/grips-baby-foot-itsf\/\",\"name\":\"Grips baby-foot - ITSF Boutique officielle\",\"isPartOf\":{\"@id\":\"https:\/\/shop.tablesoccer.org\/#website\"},\"primaryImageOfPage\":{\"@id\":\"https:\/\/shop.tablesoccer.org\/produit\/grips-baby-foot-itsf\/#primaryimage\"},\"image\":{\"@id\":\"https:\/\/shop.tablesoccer.org\/produit\/grips-baby-foot-itsf\/#primaryimage\"},\"thumbnailUrl\":\"https:\/\/shop.tablesoccer.org\/wp-content\/uploads\/2023\/11\/1_2_2.jpg\",\"datePublished\":\"2023-11-14T15:27:04+00:00\",\"dateModified\":\"2026-04-03T10:52:28+00:00\",\"description\":\"Grips ITSF : adapt\u00e9s \u00e0 toutes les poign\u00e9es, ils vous permettront de jouer de fa\u00e7on professionnelle au baby-foot. Commandez-les sur l\u2019ITSF Store !\",\"breadcrumb\":{\"@id\":\"https:\/\/shop.tablesoccer.org\/produit\/grips-baby-foot-itsf\/#breadcrumb\"},\"inLanguage\":\"en-GB\",\"potentialAction\":[{\"@type\":\"ReadAction\",\"target\":[\"https:\/\/shop.tablesoccer.org\/produit\/grips-baby-foot-itsf\/\"]}]},{\"@type\":\"ImageObject\",\"inLanguage\":\"en-GB\",\"@id\":\"https:\/\/shop.tablesoccer.org\/produit\/grips-baby-foot-itsf\/#primaryimage\",\"url\":\"https:\/\/shop.tablesoccer.org\/wp-content\/uploads\/2023\/11\/1_2_2.jpg\",\"contentUrl\":\"https:\/\/shop.tablesoccer.org\/wp-content\/uploads\/2023\/11\/1_2_2.jpg\",\"width\":1600,\"height\":1200,\"caption\":\"Grips\/Wraps ITSF, baby-foot\"},{\"@type\":\"BreadcrumbList\",\"@id\":\"https:\/\/shop.tablesoccer.org\/produit\/grips-baby-foot-itsf\/#breadcrumb\",\"itemListElement\":[{\"@type\":\"ListItem\",\"position\":1,\"name\":\"Accueil\",\"item\":\"https:\/\/shop.tablesoccer.org\/\"},{\"@type\":\"ListItem\",\"position\":2,\"name\":\"Boutique\",\"item\":\"https:\/\/shop.tablesoccer.org\/accueil\/boutique\/\"},{\"@type\":\"ListItem\",\"position\":3,\"name\":\"Grips baby-foot\"}]},{\"@type\":\"WebSite\",\"@id\":\"https:\/\/shop.tablesoccer.org\/#website\",\"url\":\"https:\/\/shop.tablesoccer.org\/\",\"name\":\"ITSF Boutique officielle\",\"description\":\"\",\"potentialAction\":[{\"@type\":\"SearchAction\",\"target\":{\"@type\":\"EntryPoint\",\"urlTemplate\":\"https:\/\/shop.tablesoccer.org\/?s={search_term_string}\"},\"query-input\":{\"@type\":\"PropertyValueSpecification\",\"valueRequired\":true,\"valueName\":\"search_term_string\"}}],\"inLanguage\":\"en-GB\"}]}<\/script>\n<!-- \/ Yoast SEO plugin. -->","yoast_head_json":{"title":"Grips baby-foot - ITSF Boutique officielle","description":"Grips ITSF : adapt\u00e9s \u00e0 toutes les poign\u00e9es, ils vous permettront de jouer de fa\u00e7on professionnelle au baby-foot. Commandez-les sur l\u2019ITSF Store !","robots":{"index":"index","follow":"follow","max-snippet":"max-snippet:-1","max-image-preview":"max-image-preview:large","max-video-preview":"max-video-preview:-1"},"canonical":"https:\/\/shop.tablesoccer.org\/en\/product\/grips-baby-foot-itsf\/","og_locale":"en_GB","og_type":"article","og_title":"Grips baby-foot - ITSF Boutique officielle","og_description":"Grips ITSF : adapt\u00e9s \u00e0 toutes les poign\u00e9es, ils vous permettront de jouer de fa\u00e7on professionnelle au baby-foot. Commandez-les sur l\u2019ITSF Store !","og_url":"https:\/\/shop.tablesoccer.org\/en\/product\/grips-baby-foot-itsf\/","og_site_name":"ITSF Boutique officielle","article_modified_time":"2026-04-03T10:52:28+00:00","og_image":[{"width":1600,"height":1200,"url":"https:\/\/shop.tablesoccer.org\/wp-content\/uploads\/2023\/11\/1_2_2.jpg","type":"image\/jpeg"}],"twitter_card":"summary_large_image","twitter_misc":{"Estimated reading time":"2 minutes"},"schema":{"@context":"https:\/\/schema.org","@graph":[{"@type":"WebPage","@id":"https:\/\/shop.tablesoccer.org\/produit\/grips-baby-foot-itsf\/","url":"https:\/\/shop.tablesoccer.org\/produit\/grips-baby-foot-itsf\/","name":"Grips baby-foot - ITSF Boutique officielle","isPartOf":{"@id":"https:\/\/shop.tablesoccer.org\/#website"},"primaryImageOfPage":{"@id":"https:\/\/shop.tablesoccer.org\/produit\/grips-baby-foot-itsf\/#primaryimage"},"image":{"@id":"https:\/\/shop.tablesoccer.org\/produit\/grips-baby-foot-itsf\/#primaryimage"},"thumbnailUrl":"https:\/\/shop.tablesoccer.org\/wp-content\/uploads\/2023\/11\/1_2_2.jpg","datePublished":"2023-11-14T15:27:04+00:00","dateModified":"2026-04-03T10:52:28+00:00","description":"Grips ITSF : adapt\u00e9s \u00e0 toutes les poign\u00e9es, ils vous permettront de jouer de fa\u00e7on professionnelle au baby-foot. Commandez-les sur l\u2019ITSF Store !","breadcrumb":{"@id":"https:\/\/shop.tablesoccer.org\/produit\/grips-baby-foot-itsf\/#breadcrumb"},"inLanguage":"en-GB","potentialAction":[{"@type":"ReadAction","target":["https:\/\/shop.tablesoccer.org\/produit\/grips-baby-foot-itsf\/"]}]},{"@type":"ImageObject","inLanguage":"en-GB","@id":"https:\/\/shop.tablesoccer.org\/produit\/grips-baby-foot-itsf\/#primaryimage","url":"https:\/\/shop.tablesoccer.org\/wp-content\/uploads\/2023\/11\/1_2_2.jpg","contentUrl":"https:\/\/shop.tablesoccer.org\/wp-content\/uploads\/2023\/11\/1_2_2.jpg","width":1600,"height":1200,"caption":"Grips\/Wraps ITSF, baby-foot"},{"@type":"BreadcrumbList","@id":"https:\/\/shop.tablesoccer.org\/produit\/grips-baby-foot-itsf\/#breadcrumb","itemListElement":[{"@type":"ListItem","position":1,"name":"Accueil","item":"https:\/\/shop.tablesoccer.org\/"},{"@type":"ListItem","position":2,"name":"Boutique","item":"https:\/\/shop.tablesoccer.org\/accueil\/boutique\/"},{"@type":"ListItem","position":3,"name":"Grips baby-foot"}]},{"@type":"WebSite","@id":"https:\/\/shop.tablesoccer.org\/#website","url":"https:\/\/shop.tablesoccer.org\/","name":"ITSF Boutique officielle","description":"","potentialAction":[{"@type":"SearchAction","target":{"@type":"EntryPoint","urlTemplate":"https:\/\/shop.tablesoccer.org\/?s={search_term_string}"},"query-input":{"@type":"PropertyValueSpecification","valueRequired":true,"valueName":"search_term_string"}}],"inLanguage":"en-GB"}]}},"_links":{"self":[{"href":"https:\/\/shop.tablesoccer.org\/en\/wp-json\/wp\/v2\/product\/9516","targetHints":{"allow":["GET"]}}],"collection":[{"href":"https:\/\/shop.tablesoccer.org\/en\/wp-json\/wp\/v2\/product"}],"about":[{"href":"https:\/\/shop.tablesoccer.org\/en\/wp-json\/wp\/v2\/types\/product"}],"replies":[{"embeddable":true,"href":"https:\/\/shop.tablesoccer.org\/en\/wp-json\/wp\/v2\/comments?post=9516"}],"wp:featuredmedia":[{"embeddable":true,"href":"https:\/\/shop.tablesoccer.org\/en\/wp-json\/wp\/v2\/media\/9568"}],"wp:attachment":[{"href":"https:\/\/shop.tablesoccer.org\/en\/wp-json\/wp\/v2\/media?parent=9516"}],"wp:term":[{"taxonomy":"product_brand","embeddable":true,"href":"https:\/\/shop.tablesoccer.org\/en\/wp-json\/wp\/v2\/product_brand?post=9516"},{"taxonomy":"product_cat","embeddable":true,"href":"https:\/\/shop.tablesoccer.org\/en\/wp-json\/wp\/v2\/product_cat?post=9516"},{"taxonomy":"product_tag","embeddable":true,"href":"https:\/\/shop.tablesoccer.org\/en\/wp-json\/wp\/v2\/product_tag?post=9516"}],"curies":[{"name":"wp","href":"https:\/\/api.w.org\/{rel}","templated":true}]}}