{"id":12185,"date":"2025-09-19T14:43:46","date_gmt":"2025-09-19T12:43:46","guid":{"rendered":"https:\/\/shop.tablesoccer.org\/?post_type=product&#038;p=12185"},"modified":"2026-02-17T11:47:49","modified_gmt":"2026-02-17T10:47:49","slug":"occasion-lampe-itsf-floodlight-pure-sport-baby-foot","status":"publish","type":"product","link":"https:\/\/shop.tablesoccer.org\/en\/product\/occasion-lampe-itsf-floodlight-pure-sport-baby-foot\/","title":{"rendered":"Used foosball lamp ITSF Floodlight Pure Sport"},"content":{"rendered":"<p style=\"font-weight: 400;\"><strong>Description<\/strong><\/p>\n<p style=\"font-weight: 400;\">The ITSF Floodlight Pure Sport Lamp (used) is an official ITSF LED version refurbished, ideal for giving a second life to lighting equipment at a lower cost. It offers homogeneous lighting without shadow or glare, while remaining ultra-thin, lightweight and foldable. Thanks to its stainless steel design and powerful magnets, it attaches easily and securely to all tables.The ITSF Floodlight Pure Sport Lamp (used) is an official ITSF LED version refurbished, ideal for giving a second life to lighting equipment at a lower cost. It offers homogeneous lighting without shadow or glare, while remaining ultra-thin, lightweight and foldable. Thanks to its stainless steel design and powerful magnets, it attaches easily and securely to all tables.<\/p>\n<p style=\"font-weight: 400;\"><strong>Specifications:<\/strong><\/p>\n<ul>\n<li>Dimensions : 105 cm<\/li>\n<li>LED : 120 LED, 12V, 10 W<\/li>\n<li>Fixing: neodymium magnets + adhesive tape + screws included<\/li>\n<li>Power supply: cable provided, optional battery option (&gt; 10 h)<\/li>\n<\/ul>\n<p style=\"font-weight: 400;\"><strong>Care instructions<\/strong><\/p>\n<p style=\"font-weight: 400;\">Clean the lamp with a soft, dry cloth. Check the magnets and the fixing regularly to ensure a good hold on the table.<\/p>\n<p style=\"font-weight: 400;\">An excellent pro lighting solution at a reduced price: this refurbished lamp gives you quality light for your foosball sessions without compromise.<\/p>\n<p style=\"font-weight: 400;\">Find all our selection in the category: <a href=\"https:\/\/shop.tablesoccer.org\/en\/product-category\/equipement\/accessoires-table-baby-foot\/\">Foosball accessories<\/a><\/p>\n<p>Technical data sheet available <a href=\"https:\/\/shop.tablesoccer.org\/en\/product\/lampe-itsf-floodlight-pure-sport\/\">ici<\/a>.<\/p>","protected":false},"excerpt":{"rendered":"<p>Used ITSF Floodlight Pure Sport lamp: official LED lighting, light, powerful and easy to fix, for pleasant foosball games without shade or overheating.<\/p>","protected":false},"featured_media":12193,"comment_status":"open","ping_status":"closed","template":"","meta":[],"product_brand":[],"product_cat":[160,69],"product_tag":[],"class_list":{"0":"post-12185","1":"product","2":"type-product","3":"status-publish","4":"has-post-thumbnail","6":"product_cat-accessoires-table-baby-foot","7":"product_cat-equipement","8":"product_shipping_class-ligths","10":"first","11":"instock","12":"taxable","13":"shipping-taxable","14":"purchasable","15":"product-type-simple"},"yoast_head":"<!-- This site is optimized with the Yoast SEO plugin v26.5 - https:\/\/yoast.com\/wordpress\/plugins\/seo\/ -->\n<title>Lampe baby-foot d&#039;occasion ITSF Floodlight Pure Sport - ITSF Boutique officielle<\/title>\n<meta name=\"description\" content=\"Lampe ITSF Floodlight Pure Sport d\u2019occasion : \u00e9clairage LED officiel, l\u00e9ger, puissant et facile \u00e0 fixer, pour des parties de baby-foot agr\u00e9ables !\" \/>\n<meta name=\"robots\" content=\"index, follow, max-snippet:-1, max-image-preview:large, max-video-preview:-1\" \/>\n<link rel=\"canonical\" href=\"https:\/\/shop.tablesoccer.org\/en\/product\/occasion-lampe-itsf-floodlight-pure-sport-baby-foot\/\" \/>\n<meta property=\"og:locale\" content=\"en_GB\" \/>\n<meta property=\"og:type\" content=\"article\" \/>\n<meta property=\"og:title\" content=\"Lampe baby-foot d&#039;occasion ITSF Floodlight Pure Sport - ITSF Boutique officielle\" \/>\n<meta property=\"og:description\" content=\"Lampe ITSF Floodlight Pure Sport d\u2019occasion : \u00e9clairage LED officiel, l\u00e9ger, puissant et facile \u00e0 fixer, pour des parties de baby-foot agr\u00e9ables !\" \/>\n<meta property=\"og:url\" content=\"https:\/\/shop.tablesoccer.org\/en\/product\/occasion-lampe-itsf-floodlight-pure-sport-baby-foot\/\" \/>\n<meta property=\"og:site_name\" content=\"ITSF Boutique officielle\" \/>\n<meta property=\"article:modified_time\" content=\"2026-02-17T10:47:49+00:00\" \/>\n<meta property=\"og:image\" content=\"https:\/\/shop.tablesoccer.org\/wp-content\/uploads\/2025\/09\/IMG_2970-scaled.jpg\" \/>\n\t<meta property=\"og:image:width\" content=\"2560\" \/>\n\t<meta property=\"og:image:height\" content=\"1920\" \/>\n\t<meta property=\"og:image:type\" content=\"image\/jpeg\" \/>\n<meta name=\"twitter:card\" content=\"summary_large_image\" \/>\n<meta name=\"twitter:label1\" content=\"Estimated reading time\" \/>\n\t<meta name=\"twitter:data1\" content=\"2 minutes\" \/>\n<script type=\"application\/ld+json\" class=\"yoast-schema-graph\">{\"@context\":\"https:\/\/schema.org\",\"@graph\":[{\"@type\":\"WebPage\",\"@id\":\"https:\/\/shop.tablesoccer.org\/produit\/occasion-lampe-itsf-floodlight-pure-sport-baby-foot\/\",\"url\":\"https:\/\/shop.tablesoccer.org\/produit\/occasion-lampe-itsf-floodlight-pure-sport-baby-foot\/\",\"name\":\"Lampe baby-foot d'occasion ITSF Floodlight Pure Sport - ITSF Boutique officielle\",\"isPartOf\":{\"@id\":\"https:\/\/shop.tablesoccer.org\/#website\"},\"primaryImageOfPage\":{\"@id\":\"https:\/\/shop.tablesoccer.org\/produit\/occasion-lampe-itsf-floodlight-pure-sport-baby-foot\/#primaryimage\"},\"image\":{\"@id\":\"https:\/\/shop.tablesoccer.org\/produit\/occasion-lampe-itsf-floodlight-pure-sport-baby-foot\/#primaryimage\"},\"thumbnailUrl\":\"https:\/\/shop.tablesoccer.org\/wp-content\/uploads\/2025\/09\/IMG_2970-scaled.jpg\",\"datePublished\":\"2025-09-19T12:43:46+00:00\",\"dateModified\":\"2026-02-17T10:47:49+00:00\",\"description\":\"Lampe ITSF Floodlight Pure Sport d\u2019occasion : \u00e9clairage LED officiel, l\u00e9ger, puissant et facile \u00e0 fixer, pour des parties de baby-foot agr\u00e9ables !\",\"breadcrumb\":{\"@id\":\"https:\/\/shop.tablesoccer.org\/produit\/occasion-lampe-itsf-floodlight-pure-sport-baby-foot\/#breadcrumb\"},\"inLanguage\":\"en-GB\",\"potentialAction\":[{\"@type\":\"ReadAction\",\"target\":[\"https:\/\/shop.tablesoccer.org\/produit\/occasion-lampe-itsf-floodlight-pure-sport-baby-foot\/\"]}]},{\"@type\":\"ImageObject\",\"inLanguage\":\"en-GB\",\"@id\":\"https:\/\/shop.tablesoccer.org\/produit\/occasion-lampe-itsf-floodlight-pure-sport-baby-foot\/#primaryimage\",\"url\":\"https:\/\/shop.tablesoccer.org\/wp-content\/uploads\/2025\/09\/IMG_2970-scaled.jpg\",\"contentUrl\":\"https:\/\/shop.tablesoccer.org\/wp-content\/uploads\/2025\/09\/IMG_2970-scaled.jpg\",\"width\":2560,\"height\":1920,\"caption\":\"puresport light top\"},{\"@type\":\"BreadcrumbList\",\"@id\":\"https:\/\/shop.tablesoccer.org\/produit\/occasion-lampe-itsf-floodlight-pure-sport-baby-foot\/#breadcrumb\",\"itemListElement\":[{\"@type\":\"ListItem\",\"position\":1,\"name\":\"Accueil\",\"item\":\"https:\/\/shop.tablesoccer.org\/\"},{\"@type\":\"ListItem\",\"position\":2,\"name\":\"Boutique\",\"item\":\"https:\/\/shop.tablesoccer.org\/accueil\/boutique\/\"},{\"@type\":\"ListItem\",\"position\":3,\"name\":\"Lampe baby-foot d&rsquo;occasion ITSF Floodlight Pure Sport\"}]},{\"@type\":\"WebSite\",\"@id\":\"https:\/\/shop.tablesoccer.org\/#website\",\"url\":\"https:\/\/shop.tablesoccer.org\/\",\"name\":\"ITSF Boutique officielle\",\"description\":\"\",\"potentialAction\":[{\"@type\":\"SearchAction\",\"target\":{\"@type\":\"EntryPoint\",\"urlTemplate\":\"https:\/\/shop.tablesoccer.org\/?s={search_term_string}\"},\"query-input\":{\"@type\":\"PropertyValueSpecification\",\"valueRequired\":true,\"valueName\":\"search_term_string\"}}],\"inLanguage\":\"en-GB\"}]}<\/script>\n<!-- \/ Yoast SEO plugin. -->","yoast_head_json":{"title":"Lampe baby-foot d'occasion ITSF Floodlight Pure Sport - ITSF Boutique officielle","description":"Lampe ITSF Floodlight Pure Sport d\u2019occasion : \u00e9clairage LED officiel, l\u00e9ger, puissant et facile \u00e0 fixer, pour des parties de baby-foot agr\u00e9ables !","robots":{"index":"index","follow":"follow","max-snippet":"max-snippet:-1","max-image-preview":"max-image-preview:large","max-video-preview":"max-video-preview:-1"},"canonical":"https:\/\/shop.tablesoccer.org\/en\/product\/occasion-lampe-itsf-floodlight-pure-sport-baby-foot\/","og_locale":"en_GB","og_type":"article","og_title":"Lampe baby-foot d'occasion ITSF Floodlight Pure Sport - ITSF Boutique officielle","og_description":"Lampe ITSF Floodlight Pure Sport d\u2019occasion : \u00e9clairage LED officiel, l\u00e9ger, puissant et facile \u00e0 fixer, pour des parties de baby-foot agr\u00e9ables !","og_url":"https:\/\/shop.tablesoccer.org\/en\/product\/occasion-lampe-itsf-floodlight-pure-sport-baby-foot\/","og_site_name":"ITSF Boutique officielle","article_modified_time":"2026-02-17T10:47:49+00:00","og_image":[{"width":2560,"height":1920,"url":"https:\/\/shop.tablesoccer.org\/wp-content\/uploads\/2025\/09\/IMG_2970-scaled.jpg","type":"image\/jpeg"}],"twitter_card":"summary_large_image","twitter_misc":{"Estimated reading time":"2 minutes"},"schema":{"@context":"https:\/\/schema.org","@graph":[{"@type":"WebPage","@id":"https:\/\/shop.tablesoccer.org\/produit\/occasion-lampe-itsf-floodlight-pure-sport-baby-foot\/","url":"https:\/\/shop.tablesoccer.org\/produit\/occasion-lampe-itsf-floodlight-pure-sport-baby-foot\/","name":"Lampe baby-foot d'occasion ITSF Floodlight Pure Sport - ITSF Boutique officielle","isPartOf":{"@id":"https:\/\/shop.tablesoccer.org\/#website"},"primaryImageOfPage":{"@id":"https:\/\/shop.tablesoccer.org\/produit\/occasion-lampe-itsf-floodlight-pure-sport-baby-foot\/#primaryimage"},"image":{"@id":"https:\/\/shop.tablesoccer.org\/produit\/occasion-lampe-itsf-floodlight-pure-sport-baby-foot\/#primaryimage"},"thumbnailUrl":"https:\/\/shop.tablesoccer.org\/wp-content\/uploads\/2025\/09\/IMG_2970-scaled.jpg","datePublished":"2025-09-19T12:43:46+00:00","dateModified":"2026-02-17T10:47:49+00:00","description":"Lampe ITSF Floodlight Pure Sport d\u2019occasion : \u00e9clairage LED officiel, l\u00e9ger, puissant et facile \u00e0 fixer, pour des parties de baby-foot agr\u00e9ables !","breadcrumb":{"@id":"https:\/\/shop.tablesoccer.org\/produit\/occasion-lampe-itsf-floodlight-pure-sport-baby-foot\/#breadcrumb"},"inLanguage":"en-GB","potentialAction":[{"@type":"ReadAction","target":["https:\/\/shop.tablesoccer.org\/produit\/occasion-lampe-itsf-floodlight-pure-sport-baby-foot\/"]}]},{"@type":"ImageObject","inLanguage":"en-GB","@id":"https:\/\/shop.tablesoccer.org\/produit\/occasion-lampe-itsf-floodlight-pure-sport-baby-foot\/#primaryimage","url":"https:\/\/shop.tablesoccer.org\/wp-content\/uploads\/2025\/09\/IMG_2970-scaled.jpg","contentUrl":"https:\/\/shop.tablesoccer.org\/wp-content\/uploads\/2025\/09\/IMG_2970-scaled.jpg","width":2560,"height":1920,"caption":"puresport light top"},{"@type":"BreadcrumbList","@id":"https:\/\/shop.tablesoccer.org\/produit\/occasion-lampe-itsf-floodlight-pure-sport-baby-foot\/#breadcrumb","itemListElement":[{"@type":"ListItem","position":1,"name":"Accueil","item":"https:\/\/shop.tablesoccer.org\/"},{"@type":"ListItem","position":2,"name":"Boutique","item":"https:\/\/shop.tablesoccer.org\/accueil\/boutique\/"},{"@type":"ListItem","position":3,"name":"Lampe baby-foot d&rsquo;occasion ITSF Floodlight Pure Sport"}]},{"@type":"WebSite","@id":"https:\/\/shop.tablesoccer.org\/#website","url":"https:\/\/shop.tablesoccer.org\/","name":"ITSF Boutique officielle","description":"","potentialAction":[{"@type":"SearchAction","target":{"@type":"EntryPoint","urlTemplate":"https:\/\/shop.tablesoccer.org\/?s={search_term_string}"},"query-input":{"@type":"PropertyValueSpecification","valueRequired":true,"valueName":"search_term_string"}}],"inLanguage":"en-GB"}]}},"_links":{"self":[{"href":"https:\/\/shop.tablesoccer.org\/en\/wp-json\/wp\/v2\/product\/12185","targetHints":{"allow":["GET"]}}],"collection":[{"href":"https:\/\/shop.tablesoccer.org\/en\/wp-json\/wp\/v2\/product"}],"about":[{"href":"https:\/\/shop.tablesoccer.org\/en\/wp-json\/wp\/v2\/types\/product"}],"replies":[{"embeddable":true,"href":"https:\/\/shop.tablesoccer.org\/en\/wp-json\/wp\/v2\/comments?post=12185"}],"wp:featuredmedia":[{"embeddable":true,"href":"https:\/\/shop.tablesoccer.org\/en\/wp-json\/wp\/v2\/media\/12193"}],"wp:attachment":[{"href":"https:\/\/shop.tablesoccer.org\/en\/wp-json\/wp\/v2\/media?parent=12185"}],"wp:term":[{"taxonomy":"product_brand","embeddable":true,"href":"https:\/\/shop.tablesoccer.org\/en\/wp-json\/wp\/v2\/product_brand?post=12185"},{"taxonomy":"product_cat","embeddable":true,"href":"https:\/\/shop.tablesoccer.org\/en\/wp-json\/wp\/v2\/product_cat?post=12185"},{"taxonomy":"product_tag","embeddable":true,"href":"https:\/\/shop.tablesoccer.org\/en\/wp-json\/wp\/v2\/product_tag?post=12185"}],"curies":[{"name":"wp","href":"https:\/\/api.w.org\/{rel}","templated":true}]}}