{"id":11848,"date":"2025-05-07T11:02:06","date_gmt":"2025-05-07T09:02:06","guid":{"rendered":"https:\/\/shop.tablesoccer.org\/?post_type=product&#038;p=11848"},"modified":"2026-03-17T18:03:35","modified_gmt":"2026-03-17T17:03:35","slug":"sac-banane-itsf-baby-foot","status":"publish","type":"product","link":"https:\/\/shop.tablesoccer.org\/en\/product\/sac-banane-itsf-baby-foot\/","title":{"rendered":"ITSF Foosball Waist Bag"},"content":{"rendered":"<p><strong>Description<\/strong><\/p>\n<p>The ITSF football bag is a practical and compact accessory ideal for foosball players. With its three zippered pockets, it easily stores your balls, grips, handles or other small accessories.<br \/>\nIts adjustable belt offers a perfect fit for every body type, it displays the ITSF logo embroidered in white on the front.<br \/>\nResistant and compact, this banana is ideal for accompanying players on a daily basis as well as in competition.<\/p>\n<p>&nbsp;<\/p>\n<p><strong>Specifications:<\/strong><\/p>\n<p>\u2013 Material: 100% polyester, strong and light<br \/>\n\u2013 Colors: Navy blue and gold<br \/>\n\u2013 Weight: 116 g<br \/>\n\u2013 Size: Single, with adjustable belt<br \/>\n\u2013 Dimensions: L 33.5 cm \u00d7 H 14 cm \u00d7 l 10 cm<br \/>\nCapacity : 2L<\/p>\n<p>&nbsp;<\/p>\n<p><strong>Care instructions<\/strong><\/p>\n<p>Clean the bag by hand with warm water and a mild soap, then let it air-dry. Avoid the washing machine, the dryer and aggressive products to preserve the material and embroidery.<\/p>\n<p>Resistant and compact, this banana is ideal for accompanying players on a daily basis as well as in competition.<\/p>\n<p>Find all our selection in the category: <a href=\"https:\/\/shop.tablesoccer.org\/en\/product-category\/accessoires-goodies\/gobelet-gourde-tour-de-cou-sac-banane-baby-foot\/\"><u>ITSF Accessories <\/u><\/a><\/p>\n<p>&nbsp;<\/p>","protected":false},"excerpt":{"rendered":"<p>The ITSF 3-compartment fanny pack makes it easy to store your balls, handles and accessories thanks to its zipped pockets and adjustable belt.<\/p>\n<p>Lightweight and resistant, in navy blue and gold polyester, it combines practicality and sporty style.<\/p>","protected":false},"featured_media":12240,"comment_status":"open","ping_status":"closed","template":"","meta":[],"product_brand":[],"product_cat":[98,171,162],"product_tag":[],"class_list":{"0":"post-11848","1":"product","2":"type-product","3":"status-publish","4":"has-post-thumbnail","6":"product_cat-accessoires-goodies","7":"product_cat-equipements-joueurs-baby-foot","8":"product_cat-t-shirts-baby-foot","10":"first","11":"instock","12":"taxable","13":"shipping-taxable","14":"purchasable","15":"product-type-simple"},"yoast_head":"<!-- This site is optimized with the Yoast SEO plugin v26.5 - https:\/\/yoast.com\/wordpress\/plugins\/seo\/ -->\n<title>Sac banane ITSF baby-foot - ITSF Boutique officielle<\/title>\n<meta name=\"description\" content=\"Sac banane ITSF baby-foot en 3 compartiments \u00e0 fermeture \u00e9clair. Id\u00e9al pour ranger vos balles, grips et poign\u00e9es. Logo brod\u00e9 en blanc sur le devant.\" \/>\n<meta name=\"robots\" content=\"index, follow, max-snippet:-1, max-image-preview:large, max-video-preview:-1\" \/>\n<link rel=\"canonical\" href=\"https:\/\/shop.tablesoccer.org\/en\/product\/sac-banane-itsf-baby-foot\/\" \/>\n<meta property=\"og:locale\" content=\"en_GB\" \/>\n<meta property=\"og:type\" content=\"article\" \/>\n<meta property=\"og:title\" content=\"Sac banane ITSF baby-foot - ITSF Boutique officielle\" \/>\n<meta property=\"og:description\" content=\"Sac banane ITSF baby-foot en 3 compartiments \u00e0 fermeture \u00e9clair. Id\u00e9al pour ranger vos balles, grips et poign\u00e9es. Logo brod\u00e9 en blanc sur le devant.\" \/>\n<meta property=\"og:url\" content=\"https:\/\/shop.tablesoccer.org\/en\/product\/sac-banane-itsf-baby-foot\/\" \/>\n<meta property=\"og:site_name\" content=\"ITSF Boutique officielle\" \/>\n<meta property=\"article:modified_time\" content=\"2026-03-17T17:03:35+00:00\" \/>\n<meta property=\"og:image\" content=\"https:\/\/shop.tablesoccer.org\/wp-content\/uploads\/2025\/05\/IMG_3255-scaled.jpg\" \/>\n\t<meta property=\"og:image:width\" content=\"2560\" \/>\n\t<meta property=\"og:image:height\" content=\"2560\" \/>\n\t<meta property=\"og:image:type\" content=\"image\/jpeg\" \/>\n<meta name=\"twitter:card\" content=\"summary_large_image\" \/>\n<meta name=\"twitter:label1\" content=\"Estimated reading time\" \/>\n\t<meta name=\"twitter:data1\" content=\"2 minutes\" \/>\n<script type=\"application\/ld+json\" class=\"yoast-schema-graph\">{\"@context\":\"https:\/\/schema.org\",\"@graph\":[{\"@type\":\"WebPage\",\"@id\":\"https:\/\/shop.tablesoccer.org\/produit\/sac-banane-itsf-baby-foot\/\",\"url\":\"https:\/\/shop.tablesoccer.org\/produit\/sac-banane-itsf-baby-foot\/\",\"name\":\"Sac banane ITSF baby-foot - ITSF Boutique officielle\",\"isPartOf\":{\"@id\":\"https:\/\/shop.tablesoccer.org\/#website\"},\"primaryImageOfPage\":{\"@id\":\"https:\/\/shop.tablesoccer.org\/produit\/sac-banane-itsf-baby-foot\/#primaryimage\"},\"image\":{\"@id\":\"https:\/\/shop.tablesoccer.org\/produit\/sac-banane-itsf-baby-foot\/#primaryimage\"},\"thumbnailUrl\":\"https:\/\/shop.tablesoccer.org\/wp-content\/uploads\/2025\/05\/IMG_3255-scaled.jpg\",\"datePublished\":\"2025-05-07T09:02:06+00:00\",\"dateModified\":\"2026-03-17T17:03:35+00:00\",\"description\":\"Sac banane ITSF baby-foot en 3 compartiments \u00e0 fermeture \u00e9clair. Id\u00e9al pour ranger vos balles, grips et poign\u00e9es. Logo brod\u00e9 en blanc sur le devant.\",\"breadcrumb\":{\"@id\":\"https:\/\/shop.tablesoccer.org\/produit\/sac-banane-itsf-baby-foot\/#breadcrumb\"},\"inLanguage\":\"en-GB\",\"potentialAction\":[{\"@type\":\"ReadAction\",\"target\":[\"https:\/\/shop.tablesoccer.org\/produit\/sac-banane-itsf-baby-foot\/\"]}]},{\"@type\":\"ImageObject\",\"inLanguage\":\"en-GB\",\"@id\":\"https:\/\/shop.tablesoccer.org\/produit\/sac-banane-itsf-baby-foot\/#primaryimage\",\"url\":\"https:\/\/shop.tablesoccer.org\/wp-content\/uploads\/2025\/05\/IMG_3255-scaled.jpg\",\"contentUrl\":\"https:\/\/shop.tablesoccer.org\/wp-content\/uploads\/2025\/05\/IMG_3255-scaled.jpg\",\"width\":2560,\"height\":2560,\"caption\":\"Banane - Waistbag ITSF\"},{\"@type\":\"BreadcrumbList\",\"@id\":\"https:\/\/shop.tablesoccer.org\/produit\/sac-banane-itsf-baby-foot\/#breadcrumb\",\"itemListElement\":[{\"@type\":\"ListItem\",\"position\":1,\"name\":\"Accueil\",\"item\":\"https:\/\/shop.tablesoccer.org\/\"},{\"@type\":\"ListItem\",\"position\":2,\"name\":\"Boutique\",\"item\":\"https:\/\/shop.tablesoccer.org\/accueil\/boutique\/\"},{\"@type\":\"ListItem\",\"position\":3,\"name\":\"Sac banane ITSF baby-foot\"}]},{\"@type\":\"WebSite\",\"@id\":\"https:\/\/shop.tablesoccer.org\/#website\",\"url\":\"https:\/\/shop.tablesoccer.org\/\",\"name\":\"ITSF Boutique officielle\",\"description\":\"\",\"potentialAction\":[{\"@type\":\"SearchAction\",\"target\":{\"@type\":\"EntryPoint\",\"urlTemplate\":\"https:\/\/shop.tablesoccer.org\/?s={search_term_string}\"},\"query-input\":{\"@type\":\"PropertyValueSpecification\",\"valueRequired\":true,\"valueName\":\"search_term_string\"}}],\"inLanguage\":\"en-GB\"}]}<\/script>\n<!-- \/ Yoast SEO plugin. -->","yoast_head_json":{"title":"Sac banane ITSF baby-foot - ITSF Boutique officielle","description":"Sac banane ITSF baby-foot en 3 compartiments \u00e0 fermeture \u00e9clair. Id\u00e9al pour ranger vos balles, grips et poign\u00e9es. Logo brod\u00e9 en blanc sur le devant.","robots":{"index":"index","follow":"follow","max-snippet":"max-snippet:-1","max-image-preview":"max-image-preview:large","max-video-preview":"max-video-preview:-1"},"canonical":"https:\/\/shop.tablesoccer.org\/en\/product\/sac-banane-itsf-baby-foot\/","og_locale":"en_GB","og_type":"article","og_title":"Sac banane ITSF baby-foot - ITSF Boutique officielle","og_description":"Sac banane ITSF baby-foot en 3 compartiments \u00e0 fermeture \u00e9clair. Id\u00e9al pour ranger vos balles, grips et poign\u00e9es. Logo brod\u00e9 en blanc sur le devant.","og_url":"https:\/\/shop.tablesoccer.org\/en\/product\/sac-banane-itsf-baby-foot\/","og_site_name":"ITSF Boutique officielle","article_modified_time":"2026-03-17T17:03:35+00:00","og_image":[{"width":2560,"height":2560,"url":"https:\/\/shop.tablesoccer.org\/wp-content\/uploads\/2025\/05\/IMG_3255-scaled.jpg","type":"image\/jpeg"}],"twitter_card":"summary_large_image","twitter_misc":{"Estimated reading time":"2 minutes"},"schema":{"@context":"https:\/\/schema.org","@graph":[{"@type":"WebPage","@id":"https:\/\/shop.tablesoccer.org\/produit\/sac-banane-itsf-baby-foot\/","url":"https:\/\/shop.tablesoccer.org\/produit\/sac-banane-itsf-baby-foot\/","name":"Sac banane ITSF baby-foot - ITSF Boutique officielle","isPartOf":{"@id":"https:\/\/shop.tablesoccer.org\/#website"},"primaryImageOfPage":{"@id":"https:\/\/shop.tablesoccer.org\/produit\/sac-banane-itsf-baby-foot\/#primaryimage"},"image":{"@id":"https:\/\/shop.tablesoccer.org\/produit\/sac-banane-itsf-baby-foot\/#primaryimage"},"thumbnailUrl":"https:\/\/shop.tablesoccer.org\/wp-content\/uploads\/2025\/05\/IMG_3255-scaled.jpg","datePublished":"2025-05-07T09:02:06+00:00","dateModified":"2026-03-17T17:03:35+00:00","description":"Sac banane ITSF baby-foot en 3 compartiments \u00e0 fermeture \u00e9clair. Id\u00e9al pour ranger vos balles, grips et poign\u00e9es. Logo brod\u00e9 en blanc sur le devant.","breadcrumb":{"@id":"https:\/\/shop.tablesoccer.org\/produit\/sac-banane-itsf-baby-foot\/#breadcrumb"},"inLanguage":"en-GB","potentialAction":[{"@type":"ReadAction","target":["https:\/\/shop.tablesoccer.org\/produit\/sac-banane-itsf-baby-foot\/"]}]},{"@type":"ImageObject","inLanguage":"en-GB","@id":"https:\/\/shop.tablesoccer.org\/produit\/sac-banane-itsf-baby-foot\/#primaryimage","url":"https:\/\/shop.tablesoccer.org\/wp-content\/uploads\/2025\/05\/IMG_3255-scaled.jpg","contentUrl":"https:\/\/shop.tablesoccer.org\/wp-content\/uploads\/2025\/05\/IMG_3255-scaled.jpg","width":2560,"height":2560,"caption":"Banane - Waistbag ITSF"},{"@type":"BreadcrumbList","@id":"https:\/\/shop.tablesoccer.org\/produit\/sac-banane-itsf-baby-foot\/#breadcrumb","itemListElement":[{"@type":"ListItem","position":1,"name":"Accueil","item":"https:\/\/shop.tablesoccer.org\/"},{"@type":"ListItem","position":2,"name":"Boutique","item":"https:\/\/shop.tablesoccer.org\/accueil\/boutique\/"},{"@type":"ListItem","position":3,"name":"Sac banane ITSF baby-foot"}]},{"@type":"WebSite","@id":"https:\/\/shop.tablesoccer.org\/#website","url":"https:\/\/shop.tablesoccer.org\/","name":"ITSF Boutique officielle","description":"","potentialAction":[{"@type":"SearchAction","target":{"@type":"EntryPoint","urlTemplate":"https:\/\/shop.tablesoccer.org\/?s={search_term_string}"},"query-input":{"@type":"PropertyValueSpecification","valueRequired":true,"valueName":"search_term_string"}}],"inLanguage":"en-GB"}]}},"_links":{"self":[{"href":"https:\/\/shop.tablesoccer.org\/en\/wp-json\/wp\/v2\/product\/11848","targetHints":{"allow":["GET"]}}],"collection":[{"href":"https:\/\/shop.tablesoccer.org\/en\/wp-json\/wp\/v2\/product"}],"about":[{"href":"https:\/\/shop.tablesoccer.org\/en\/wp-json\/wp\/v2\/types\/product"}],"replies":[{"embeddable":true,"href":"https:\/\/shop.tablesoccer.org\/en\/wp-json\/wp\/v2\/comments?post=11848"}],"wp:featuredmedia":[{"embeddable":true,"href":"https:\/\/shop.tablesoccer.org\/en\/wp-json\/wp\/v2\/media\/12240"}],"wp:attachment":[{"href":"https:\/\/shop.tablesoccer.org\/en\/wp-json\/wp\/v2\/media?parent=11848"}],"wp:term":[{"taxonomy":"product_brand","embeddable":true,"href":"https:\/\/shop.tablesoccer.org\/en\/wp-json\/wp\/v2\/product_brand?post=11848"},{"taxonomy":"product_cat","embeddable":true,"href":"https:\/\/shop.tablesoccer.org\/en\/wp-json\/wp\/v2\/product_cat?post=11848"},{"taxonomy":"product_tag","embeddable":true,"href":"https:\/\/shop.tablesoccer.org\/en\/wp-json\/wp\/v2\/product_tag?post=11848"}],"curies":[{"name":"wp","href":"https:\/\/api.w.org\/{rel}","templated":true}]}}