{"id":11133,"date":"2024-10-25T10:39:44","date_gmt":"2024-10-25T08:39:44","guid":{"rendered":"https:\/\/shop.tablesoccer.org\/?post_type=product&#038;p=11133"},"modified":"2026-04-27T12:10:30","modified_gmt":"2026-04-27T10:10:30","slug":"poignee-babyfoot-snake","status":"publish","type":"product","link":"https:\/\/shop.tablesoccer.org\/en\/product\/poignee-babyfoot-snake\/","title":{"rendered":"Babyfoot Snake Handle"},"content":{"rendered":"<p><strong>Description<\/strong><\/p>\n<p>The Snakeshoot foosball handle is designed to offer a precise grip and solid fixation on 14 mm bars with M12 thread. Thanks to its possible screwing on both sides, it easily adapts to all assemblies and ensures excellent stability during play.<br \/>\nIts robust design makes it a reliable accessory<\/p>\n<p>&nbsp;<\/p>\n<p><strong>Specifications:<\/strong><\/p>\n<p>\u2013 Compatibility: 14 mm bar with M12 thread<br \/>\n\u2013 Screwing: Possible on both sides for secure fastening<br \/>\n\u2013 Material: TECAFORM AH (natural POM C), recognized for its mechanical strength and rigidity<br \/>\n\u2013 Color: Black<\/p>\n<p>&nbsp;<\/p>\n<p><strong>Care instructions<\/strong><\/p>\n<p>Always screw the handle in the axis, without forcing, to avoid damaging the thread.<br \/>\nPOM C material offers excellent wear resistance, low moisture absorption and high dimensional stability. It remains tenacious at low temperatures and is resistant to chemicals, thus ensuring a long service life.<\/p>\n<p>Robust and reliable, the Snakeshoot handle accompanies players in search of precision and solidity, game after game.<\/p>\n<p>Find all our selection in the category: <a href=\"https:\/\/shop.tablesoccer.org\/en\/product-category\/equipement\/poignee-baby-foot\/\">foosball handles<\/a><\/p>","protected":false},"excerpt":{"rendered":"<p>The Snakeshoot handle is screwed on both sides to the 14 mm M12 threaded bars for a solid and precise fixation. In TECAFORM AH (POM C), it combines stability and long life.<\/p>\n<p>&nbsp;<\/p>","protected":false},"featured_media":13414,"comment_status":"open","ping_status":"closed","template":"","meta":[],"product_brand":[],"product_cat":[69,120],"product_tag":[],"class_list":{"0":"post-11133","1":"product","2":"type-product","3":"status-publish","4":"has-post-thumbnail","6":"product_cat-equipement","7":"product_cat-poignee-baby-foot","9":"first","10":"instock","11":"featured","12":"taxable","13":"shipping-taxable","14":"purchasable","15":"product-type-simple"},"yoast_head":"<!-- This site is optimized with the Yoast SEO plugin v26.5 - https:\/\/yoast.com\/wordpress\/plugins\/seo\/ -->\n<title>Poign\u00e9e Babyfoot Snake - ITSF Boutique officielle<\/title>\n<meta name=\"description\" content=\"Poign\u00e9e de babyfoot snakeshoot, vissage possible des deux c\u00f4t\u00e9s pour barre de 14 mm, taraudage M12. Ergonomique, robuste et facile \u00e0 installer !\" \/>\n<meta name=\"robots\" content=\"index, follow, max-snippet:-1, max-image-preview:large, max-video-preview:-1\" \/>\n<link rel=\"canonical\" href=\"https:\/\/shop.tablesoccer.org\/en\/product\/poignee-babyfoot-snake\/\" \/>\n<meta property=\"og:locale\" content=\"en_GB\" \/>\n<meta property=\"og:type\" content=\"article\" \/>\n<meta property=\"og:title\" content=\"Poign\u00e9e Babyfoot Snake - ITSF Boutique officielle\" \/>\n<meta property=\"og:description\" content=\"Poign\u00e9e de babyfoot snakeshoot, vissage possible des deux c\u00f4t\u00e9s pour barre de 14 mm, taraudage M12. Ergonomique, robuste et facile \u00e0 installer !\" \/>\n<meta property=\"og:url\" content=\"https:\/\/shop.tablesoccer.org\/en\/product\/poignee-babyfoot-snake\/\" \/>\n<meta property=\"og:site_name\" content=\"ITSF Boutique officielle\" \/>\n<meta property=\"article:modified_time\" content=\"2026-04-27T10:10:30+00:00\" \/>\n<meta property=\"og:image\" content=\"https:\/\/shop.tablesoccer.org\/wp-content\/uploads\/2024\/10\/poignee-snake-1-1.png\" \/>\n\t<meta property=\"og:image:width\" content=\"2000\" \/>\n\t<meta property=\"og:image:height\" content=\"2000\" \/>\n\t<meta property=\"og:image:type\" content=\"image\/png\" \/>\n<meta name=\"twitter:card\" content=\"summary_large_image\" \/>\n<meta name=\"twitter:label1\" content=\"Estimated reading time\" \/>\n\t<meta name=\"twitter:data1\" content=\"2 minutes\" \/>\n<script type=\"application\/ld+json\" class=\"yoast-schema-graph\">{\"@context\":\"https:\/\/schema.org\",\"@graph\":[{\"@type\":\"WebPage\",\"@id\":\"https:\/\/shop.tablesoccer.org\/produit\/poignee-babyfoot-snake\/\",\"url\":\"https:\/\/shop.tablesoccer.org\/produit\/poignee-babyfoot-snake\/\",\"name\":\"Poign\u00e9e Babyfoot Snake - ITSF Boutique officielle\",\"isPartOf\":{\"@id\":\"https:\/\/shop.tablesoccer.org\/#website\"},\"primaryImageOfPage\":{\"@id\":\"https:\/\/shop.tablesoccer.org\/produit\/poignee-babyfoot-snake\/#primaryimage\"},\"image\":{\"@id\":\"https:\/\/shop.tablesoccer.org\/produit\/poignee-babyfoot-snake\/#primaryimage\"},\"thumbnailUrl\":\"https:\/\/shop.tablesoccer.org\/wp-content\/uploads\/2024\/10\/poignee-snake-1-1.png\",\"datePublished\":\"2024-10-25T08:39:44+00:00\",\"dateModified\":\"2026-04-27T10:10:30+00:00\",\"description\":\"Poign\u00e9e de babyfoot snakeshoot, vissage possible des deux c\u00f4t\u00e9s pour barre de 14 mm, taraudage M12. Ergonomique, robuste et facile \u00e0 installer !\",\"breadcrumb\":{\"@id\":\"https:\/\/shop.tablesoccer.org\/produit\/poignee-babyfoot-snake\/#breadcrumb\"},\"inLanguage\":\"en-GB\",\"potentialAction\":[{\"@type\":\"ReadAction\",\"target\":[\"https:\/\/shop.tablesoccer.org\/produit\/poignee-babyfoot-snake\/\"]}]},{\"@type\":\"ImageObject\",\"inLanguage\":\"en-GB\",\"@id\":\"https:\/\/shop.tablesoccer.org\/produit\/poignee-babyfoot-snake\/#primaryimage\",\"url\":\"https:\/\/shop.tablesoccer.org\/wp-content\/uploads\/2024\/10\/poignee-snake-1-1.png\",\"contentUrl\":\"https:\/\/shop.tablesoccer.org\/wp-content\/uploads\/2024\/10\/poignee-snake-1-1.png\",\"width\":2000,\"height\":2000},{\"@type\":\"BreadcrumbList\",\"@id\":\"https:\/\/shop.tablesoccer.org\/produit\/poignee-babyfoot-snake\/#breadcrumb\",\"itemListElement\":[{\"@type\":\"ListItem\",\"position\":1,\"name\":\"Accueil\",\"item\":\"https:\/\/shop.tablesoccer.org\/\"},{\"@type\":\"ListItem\",\"position\":2,\"name\":\"Boutique\",\"item\":\"https:\/\/shop.tablesoccer.org\/accueil\/boutique\/\"},{\"@type\":\"ListItem\",\"position\":3,\"name\":\"Poign\u00e9e Babyfoot Snake\"}]},{\"@type\":\"WebSite\",\"@id\":\"https:\/\/shop.tablesoccer.org\/#website\",\"url\":\"https:\/\/shop.tablesoccer.org\/\",\"name\":\"ITSF Boutique officielle\",\"description\":\"\",\"potentialAction\":[{\"@type\":\"SearchAction\",\"target\":{\"@type\":\"EntryPoint\",\"urlTemplate\":\"https:\/\/shop.tablesoccer.org\/?s={search_term_string}\"},\"query-input\":{\"@type\":\"PropertyValueSpecification\",\"valueRequired\":true,\"valueName\":\"search_term_string\"}}],\"inLanguage\":\"en-GB\"}]}<\/script>\n<!-- \/ Yoast SEO plugin. -->","yoast_head_json":{"title":"Poign\u00e9e Babyfoot Snake - ITSF Boutique officielle","description":"Poign\u00e9e de babyfoot snakeshoot, vissage possible des deux c\u00f4t\u00e9s pour barre de 14 mm, taraudage M12. Ergonomique, robuste et facile \u00e0 installer !","robots":{"index":"index","follow":"follow","max-snippet":"max-snippet:-1","max-image-preview":"max-image-preview:large","max-video-preview":"max-video-preview:-1"},"canonical":"https:\/\/shop.tablesoccer.org\/en\/product\/poignee-babyfoot-snake\/","og_locale":"en_GB","og_type":"article","og_title":"Poign\u00e9e Babyfoot Snake - ITSF Boutique officielle","og_description":"Poign\u00e9e de babyfoot snakeshoot, vissage possible des deux c\u00f4t\u00e9s pour barre de 14 mm, taraudage M12. Ergonomique, robuste et facile \u00e0 installer !","og_url":"https:\/\/shop.tablesoccer.org\/en\/product\/poignee-babyfoot-snake\/","og_site_name":"ITSF Boutique officielle","article_modified_time":"2026-04-27T10:10:30+00:00","og_image":[{"width":2000,"height":2000,"url":"https:\/\/shop.tablesoccer.org\/wp-content\/uploads\/2024\/10\/poignee-snake-1-1.png","type":"image\/png"}],"twitter_card":"summary_large_image","twitter_misc":{"Estimated reading time":"2 minutes"},"schema":{"@context":"https:\/\/schema.org","@graph":[{"@type":"WebPage","@id":"https:\/\/shop.tablesoccer.org\/produit\/poignee-babyfoot-snake\/","url":"https:\/\/shop.tablesoccer.org\/produit\/poignee-babyfoot-snake\/","name":"Poign\u00e9e Babyfoot Snake - ITSF Boutique officielle","isPartOf":{"@id":"https:\/\/shop.tablesoccer.org\/#website"},"primaryImageOfPage":{"@id":"https:\/\/shop.tablesoccer.org\/produit\/poignee-babyfoot-snake\/#primaryimage"},"image":{"@id":"https:\/\/shop.tablesoccer.org\/produit\/poignee-babyfoot-snake\/#primaryimage"},"thumbnailUrl":"https:\/\/shop.tablesoccer.org\/wp-content\/uploads\/2024\/10\/poignee-snake-1-1.png","datePublished":"2024-10-25T08:39:44+00:00","dateModified":"2026-04-27T10:10:30+00:00","description":"Poign\u00e9e de babyfoot snakeshoot, vissage possible des deux c\u00f4t\u00e9s pour barre de 14 mm, taraudage M12. Ergonomique, robuste et facile \u00e0 installer !","breadcrumb":{"@id":"https:\/\/shop.tablesoccer.org\/produit\/poignee-babyfoot-snake\/#breadcrumb"},"inLanguage":"en-GB","potentialAction":[{"@type":"ReadAction","target":["https:\/\/shop.tablesoccer.org\/produit\/poignee-babyfoot-snake\/"]}]},{"@type":"ImageObject","inLanguage":"en-GB","@id":"https:\/\/shop.tablesoccer.org\/produit\/poignee-babyfoot-snake\/#primaryimage","url":"https:\/\/shop.tablesoccer.org\/wp-content\/uploads\/2024\/10\/poignee-snake-1-1.png","contentUrl":"https:\/\/shop.tablesoccer.org\/wp-content\/uploads\/2024\/10\/poignee-snake-1-1.png","width":2000,"height":2000},{"@type":"BreadcrumbList","@id":"https:\/\/shop.tablesoccer.org\/produit\/poignee-babyfoot-snake\/#breadcrumb","itemListElement":[{"@type":"ListItem","position":1,"name":"Accueil","item":"https:\/\/shop.tablesoccer.org\/"},{"@type":"ListItem","position":2,"name":"Boutique","item":"https:\/\/shop.tablesoccer.org\/accueil\/boutique\/"},{"@type":"ListItem","position":3,"name":"Poign\u00e9e Babyfoot Snake"}]},{"@type":"WebSite","@id":"https:\/\/shop.tablesoccer.org\/#website","url":"https:\/\/shop.tablesoccer.org\/","name":"ITSF Boutique officielle","description":"","potentialAction":[{"@type":"SearchAction","target":{"@type":"EntryPoint","urlTemplate":"https:\/\/shop.tablesoccer.org\/?s={search_term_string}"},"query-input":{"@type":"PropertyValueSpecification","valueRequired":true,"valueName":"search_term_string"}}],"inLanguage":"en-GB"}]}},"_links":{"self":[{"href":"https:\/\/shop.tablesoccer.org\/en\/wp-json\/wp\/v2\/product\/11133","targetHints":{"allow":["GET"]}}],"collection":[{"href":"https:\/\/shop.tablesoccer.org\/en\/wp-json\/wp\/v2\/product"}],"about":[{"href":"https:\/\/shop.tablesoccer.org\/en\/wp-json\/wp\/v2\/types\/product"}],"replies":[{"embeddable":true,"href":"https:\/\/shop.tablesoccer.org\/en\/wp-json\/wp\/v2\/comments?post=11133"}],"wp:featuredmedia":[{"embeddable":true,"href":"https:\/\/shop.tablesoccer.org\/en\/wp-json\/wp\/v2\/media\/13414"}],"wp:attachment":[{"href":"https:\/\/shop.tablesoccer.org\/en\/wp-json\/wp\/v2\/media?parent=11133"}],"wp:term":[{"taxonomy":"product_brand","embeddable":true,"href":"https:\/\/shop.tablesoccer.org\/en\/wp-json\/wp\/v2\/product_brand?post=11133"},{"taxonomy":"product_cat","embeddable":true,"href":"https:\/\/shop.tablesoccer.org\/en\/wp-json\/wp\/v2\/product_cat?post=11133"},{"taxonomy":"product_tag","embeddable":true,"href":"https:\/\/shop.tablesoccer.org\/en\/wp-json\/wp\/v2\/product_tag?post=11133"}],"curies":[{"name":"wp","href":"https:\/\/api.w.org\/{rel}","templated":true}]}}