{"id":9902,"date":"2023-11-27T11:08:56","date_gmt":"2023-11-27T10:08:56","guid":{"rendered":"https:\/\/shop.tablesoccer.org\/?page_id=9902"},"modified":"2023-12-19T17:10:04","modified_gmt":"2023-12-19T16:10:04","slug":"mentions-legales","status":"publish","type":"page","link":"https:\/\/shop.tablesoccer.org\/en\/mentions-legales\/","title":{"rendered":"Legal Notices"},"content":{"rendered":"<div class=\"wpb-content-wrapper\"><div class=\"vc_row wpb_row vc_row-fluid\"><div class=\"wpb_column bloc-link vc_column_container vc_col-sm-12\"><div class=\"vc_column-inner\"><div class=\"wpb_wrapper\"><div class=\"vc_empty_space\"   style=\"height: 55px\"><span class=\"vc_empty_space_inner\"><\/span><\/div><div class=\"vc_row wpb_row vc_inner vc_row-fluid\"><div class=\"wpb_column vc_column_container vc_col-sm-5\"><div class=\"vc_column-inner\"><div class=\"wpb_wrapper\"><h3 style=\"text-align: left\" class=\"vc_custom_heading vc_do_custom_heading\" >International Table Soccer Federation<\/h3>\n\t<div class=\"wpb_text_column wpb_content_element\" >\n\t\t<div class=\"wpb_wrapper\">\n\t\t\t<p><strong>Association d\u00e9clar\u00e9e<\/strong><br \/>\n3 rue de Clermont,<br \/>\n44000 Nantes<br \/>\nT\u00e9l. : +33 (0)2 40 47 90 84<br \/>\nE-mail :\u00a0info@tablesoccer.org<br \/>\nSite Internet :\u00a0shop.tablesoccer.org<br \/>\nSIRET : 47836927500035<\/p>\n\n\t\t<\/div>\n\t<\/div>\n<h3 style=\"text-align: left\" class=\"vc_custom_heading vc_do_custom_heading\" >Directeur de publication :<\/h3>\n\t<div class=\"wpb_text_column wpb_content_element\" >\n\t\t<div class=\"wpb_wrapper\">\n\t\t\t<p>Farid LOUNAS<\/p>\n\n\t\t<\/div>\n\t<\/div>\n<\/div><\/div><\/div><div class=\"wpb_column vc_column_container vc_col-sm-6\"><div class=\"vc_column-inner\"><div class=\"wpb_wrapper\"><h3 style=\"text-align: left\" class=\"vc_custom_heading vc_do_custom_heading\" >Accommodation<\/h3>\n\t<div class=\"wpb_text_column wpb_content_element\" >\n\t\t<div class=\"wpb_wrapper\">\n\t\t\t<p>Hetzner Online GmbH<br \/>\nIndustriestr. 25<br \/>\n91710 Gunzenhausen | Germany<br \/>\nTel.: +49 9831 505-0<br \/>\nFax: +49 9831 505-3<br \/>\ninfo@hetzner.com | www.hetzner.co<\/p>\n\n\t\t<\/div>\n\t<\/div>\n<h3 style=\"text-align: left\" class=\"vc_custom_heading vc_do_custom_heading\" >Website design:<\/h3>\n\t<div class=\"wpb_text_column wpb_content_element\" >\n\t\t<div class=\"wpb_wrapper\">\n\t\t\t<p>Slagon\u00ae<br \/>\n9 rue des colonnes<br \/>\n75002 Paris, FRANCE<br \/>\nT\u00e9l. : (+33) 09 77 19 71 33<br \/>\nE-mail :\u00a0contact@slagon.fr<br \/>\nSite Internet :\u00a0www.slagon.fr<\/p>\n\n\t\t<\/div>\n\t<\/div>\n<\/div><\/div><\/div><\/div><div class=\"vc_row wpb_row vc_inner vc_row-fluid\"><div class=\"wpb_column vc_column_container vc_col-sm-12\"><div class=\"vc_column-inner\"><div class=\"wpb_wrapper\">\n\t<div class=\"wpb_text_column wpb_content_element\" >\n\t\t<div class=\"wpb_wrapper\">\n\t\t\t<p>2. General terms of use of the website and offered services<\/p>\n<p>This site is normally accessible at all times to users. However, an interruption for technical maintenance may be decided by ITSF Store, which will endeavor to communicate the dates and times of the intervention to users in advance.<\/p>\n<p>The website shop.tablesoccer.org is regularly updated by ITSF Store. Similarly, the legal notices may be modified at any time: they nevertheless apply to the user who is invited to refer to them as often as possible in order to become aware of them.<\/p>\n<p>3. Description of the services provided<\/p>\n<p>The website shop.tablesoccer.org aims to provide information regarding all the activities of the company.<\/p>\n<p>ITSF Store strives to provide information on the website shop.tablesoccer.org as accurate as possible. However, it cannot be held responsible for omissions, inaccuracies, and deficiencies in the update, whether they are of its own making or due to third-party partners providing this information.<\/p>\n<p>All information provided on the website shop.tablesoccer.org is for informational purposes and is subject to change. Furthermore, the information on the website shop.tablesoccer.org is not exhaustive. It is provided subject to changes that may have been made since they were posted.<\/p>\n<p>4. Contractual Limitations on Technical Data.<\/p>\n<p>The website uses JavaScript technology.<\/p>\n<p>The website shall not be held responsible for any material damages related to the use of the site. Furthermore, the user agrees to access the site using recent hardware that is free from viruses and with an updated, state-of-the-art browser.<\/p>\n<p>5. Intellectual Property and Counterfeits.<\/p>\n<p>ITSF Store owns the intellectual property rights or holds usage rights over all the elements accessible on the website, including texts, images, graphics, logos, icons, sounds, and software.<\/p>\n<p>Any reproduction, representation, modification, publication, adaptation of all or part of the elements of the site, by any means or process, is prohibited without the prior written permission of ITSF Store.<\/p>\n<p>Any unauthorized use of the site or any of its elements shall be considered as constituting infringement and shall be pursued in accordance with the provisions of articles L.335-2 and following of the Intellectual Property Code.<\/p>\n<p>6. Limitation of Liability.<\/p>\n<p>ITSF Store shall not be held responsible for direct or indirect damages caused to the user's hardware when accessing the site shop.tablesoccer.org, resulting either from the use of hardware that does not meet the specifications indicated in point 4, or from the occurrence of a bug or incompatibility.<\/p>\n<p>ITSF Store shall also not be liable for indirect damages (such as, for example, loss of market or loss of opportunity) resulting from the use of the site shop.tablesoccer.org.<\/p>\n<p>Interactive spaces (such as the possibility to ask questions in the contact space) are available to users. ITSF Store reserves the right to delete, without prior notice, any content posted in this space that would contravene applicable legislation in France, particularly provisions related to data protection. If necessary, ITSF Store also reserves the right to engage the civil and\/or criminal liability of the user, especially in the case of messages that are racist, offensive, defamatory, or pornographic, regardless of the medium used (text, photograph...).<\/p>\n<p>7. Management of Personal Data.<\/p>\n<p>En France, les donn\u00e9es personnelles sont notamment prot\u00e9g\u00e9es par la loi n\u00b0 78-87 du 6 janvier 1978, la loi n\u00b0 2004-801 du 6 ao\u00fbt 2004, l&rsquo;article\u00a0L.226-13\u00a0du Code p\u00e9nal et la Directive Europ\u00e9enne du 24 octobre 1995.<\/p>\n<p>A l&rsquo;occasion de l&rsquo;utilisation du site\u00a0shop.tablesoccer.org, peuvent \u00eatres recueillies : l&rsquo;URL des liens par l&rsquo;interm\u00e9diaire desquels l&rsquo;utilisateur a acc\u00e9d\u00e9 au site\u00a0shop.tablesoccer.org, le fournisseur d&rsquo;acc\u00e8s de l&rsquo;utilisateur, l&rsquo;adresse de protocole Internet (IP) de l&rsquo;utilisateur.<\/p>\n<p>En tout \u00e9tat de cause ITSF Store ne collecte des informations personnelles relatives \u00e0 l&rsquo;utilisateur que pour le besoin de certains services propos\u00e9s par le site\u00a0shop.tablesoccer.org. L&rsquo;utilisateur fournit ces informations en toute connaissance de cause, notamment lorsqu&rsquo;il proc\u00e8de par lui-m\u00eame \u00e0 leur saisie. Il est alors pr\u00e9cis\u00e9 \u00e0 l&rsquo;utilisateur du site\u00a0shop.tablesoccer.org\u00a0l\u2019obligation ou non de fournir ces informations.<\/p>\n<p>In accordance with the provisions of Articles 38 and following of Law No. 78-17 of January 6, 1978, relating to data processing, files, and freedoms, every user has the right to access, rectify, and oppose the personal data concerning them, by making a written and signed request, accompanied by a copy of the identity document with the signature of the document holder, specifying the address to which the response should be sent.<\/p>\n<p>Aucune information personnelle de l&rsquo;utilisateur du site\u00a0shop.tablesoccer.org\u00a0n&rsquo;est publi\u00e9e \u00e0 l&rsquo;insu de l&rsquo;utilisateur, \u00e9chang\u00e9e, transf\u00e9r\u00e9e, c\u00e9d\u00e9e ou vendue sur un support quelconque \u00e0 des tiers. Seule l&rsquo;hypoth\u00e8se du rachat de ITSF Store et de ses droits permettrait la transmission des dites informations \u00e0 l&rsquo;\u00e9ventuel acqu\u00e9reur qui serait \u00e0 son tour tenu de la m\u00eame obligation de conservation et de modification des donn\u00e9es vis \u00e0 vis de l&rsquo;utilisateur du site\u00a0shop.tablesoccer.org.<\/p>\n<p>Le site n&rsquo;est pas d\u00e9clar\u00e9 \u00e0 la CNIL car il ne recueille pas d&rsquo;informations personnelles.<\/p>\n<p>Databases are protected by the provisions of the law of July 1st, 1998, transposing Directive 96\/9 of March 11th, 1996, concerning the legal protection of databases.<\/p>\n<p>8. Hypertext Links and Cookies.<\/p>\n<p>The shop.tablesoccer.org site contains a number of hypertext links to other sites, established with the authorization of ITSF Store. However, ITSF Store does not have the ability to verify the content of the sites visited in this manner and will therefore not assume any responsibility for it.<\/p>\n<p>Browsing the shop.tablesoccer.org site may result in the installation of cookie(s) on the user's computer. A cookie is a small file that does not allow the identification of the user but records information regarding a computer's navigation on a site. The data obtained in this way aims to facilitate subsequent navigation on the site and also aims to enable various measures of site traffic.<\/p>\n<p>Refusing to install a cookie may result in the inability to access certain services. However, the user can configure their internet browser to refuse the installation of cookies.<\/p>\n<p>9. Applicable Law and Jurisdiction.<\/p>\n<p>Any dispute related to the use of the shop.tablesoccer.org site is subject to French law. Exclusive jurisdiction is granted to the competent courts of Paris.<\/p>\n<p>10. Main Relevant Laws.<\/p>\n<p>Loi n\u00b0 78-17 du 6 janvier 1978, notamment modifi\u00e9e par la loi n\u00b0 2004-801 du 6 ao\u00fbt 2004 relative \u00e0 l&rsquo;informatique, aux fichiers et aux libert\u00e9s.<\/p>\n<p>Loi n\u00b0 2004-575 du 21 juin 2004 pour la confiance dans l&rsquo;\u00e9conomie num\u00e9rique.<\/p>\n<p>11. Glossary.<\/p>\n<p>User: Internet user connecting to, using the aforementioned website.<\/p>\n<p>Informations personnelles : \u00ab les informations qui permettent, sous quelque forme que ce soit, directement ou non, l&rsquo;identification des personnes physiques auxquelles elles s&rsquo;appliquent \u00bb (article 4 de la loi n\u00b0 78-17 du 6 janvier 1978).<\/p>\n\n\t\t<\/div>\n\t<\/div>\n<\/div><\/div><\/div><\/div><div class=\"vc_empty_space\"   style=\"height: 33px\"><span class=\"vc_empty_space_inner\"><\/span><\/div><\/div><\/div><\/div><\/div>\n<\/div>","protected":false},"excerpt":{"rendered":"International Table Soccer Federation Association d\u00e9clar\u00e9e 3 rue de Clermont, 44000 Nantes T\u00e9l. : +33 (0)2 40 47 90 84","protected":false},"author":1,"featured_media":0,"parent":0,"menu_order":0,"comment_status":"closed","ping_status":"closed","template":"","meta":{"footnotes":""},"class_list":["post-9902","page","type-page","status-publish","hentry"],"yoast_head":"<!-- This site is optimized with the Yoast SEO plugin v26.5 - https:\/\/yoast.com\/wordpress\/plugins\/seo\/ -->\n<title>Mentions l\u00e9gales - ITSF Boutique officielle<\/title>\n<meta name=\"robots\" content=\"noindex, nofollow\" \/>\n<meta property=\"og:locale\" content=\"en_GB\" \/>\n<meta property=\"og:type\" content=\"article\" \/>\n<meta property=\"og:title\" content=\"Mentions l\u00e9gales - ITSF Boutique officielle\" \/>\n<meta property=\"og:url\" content=\"https:\/\/shop.tablesoccer.org\/en\/mentions-legales\/\" \/>\n<meta property=\"og:site_name\" content=\"ITSF Boutique officielle\" \/>\n<meta property=\"article:modified_time\" content=\"2023-12-19T16:10:04+00:00\" \/>\n<meta name=\"twitter:card\" content=\"summary_large_image\" \/>\n<meta name=\"twitter:label1\" content=\"Estimated reading time\" \/>\n\t<meta name=\"twitter:data1\" content=\"7 minutes\" \/>\n<script type=\"application\/ld+json\" class=\"yoast-schema-graph\">{\"@context\":\"https:\/\/schema.org\",\"@graph\":[{\"@type\":\"WebPage\",\"@id\":\"https:\/\/shop.tablesoccer.org\/mentions-legales\/\",\"url\":\"https:\/\/shop.tablesoccer.org\/mentions-legales\/\",\"name\":\"Mentions l\u00e9gales - ITSF Boutique officielle\",\"isPartOf\":{\"@id\":\"https:\/\/shop.tablesoccer.org\/#website\"},\"datePublished\":\"2023-11-27T10:08:56+00:00\",\"dateModified\":\"2023-12-19T16:10:04+00:00\",\"breadcrumb\":{\"@id\":\"https:\/\/shop.tablesoccer.org\/mentions-legales\/#breadcrumb\"},\"inLanguage\":\"en-GB\",\"potentialAction\":[{\"@type\":\"ReadAction\",\"target\":[\"https:\/\/shop.tablesoccer.org\/mentions-legales\/\"]}]},{\"@type\":\"BreadcrumbList\",\"@id\":\"https:\/\/shop.tablesoccer.org\/mentions-legales\/#breadcrumb\",\"itemListElement\":[{\"@type\":\"ListItem\",\"position\":1,\"name\":\"Accueil\",\"item\":\"https:\/\/shop.tablesoccer.org\/\"},{\"@type\":\"ListItem\",\"position\":2,\"name\":\"Mentions l\u00e9gales\"}]},{\"@type\":\"WebSite\",\"@id\":\"https:\/\/shop.tablesoccer.org\/#website\",\"url\":\"https:\/\/shop.tablesoccer.org\/\",\"name\":\"ITSF Boutique officielle\",\"description\":\"\",\"potentialAction\":[{\"@type\":\"SearchAction\",\"target\":{\"@type\":\"EntryPoint\",\"urlTemplate\":\"https:\/\/shop.tablesoccer.org\/?s={search_term_string}\"},\"query-input\":{\"@type\":\"PropertyValueSpecification\",\"valueRequired\":true,\"valueName\":\"search_term_string\"}}],\"inLanguage\":\"en-GB\"}]}<\/script>\n<!-- \/ Yoast SEO plugin. -->","yoast_head_json":{"title":"Mentions l\u00e9gales - ITSF Boutique officielle","robots":{"index":"noindex","follow":"nofollow"},"og_locale":"en_GB","og_type":"article","og_title":"Mentions l\u00e9gales - ITSF Boutique officielle","og_url":"https:\/\/shop.tablesoccer.org\/en\/mentions-legales\/","og_site_name":"ITSF Boutique officielle","article_modified_time":"2023-12-19T16:10:04+00:00","twitter_card":"summary_large_image","twitter_misc":{"Estimated reading time":"7 minutes"},"schema":{"@context":"https:\/\/schema.org","@graph":[{"@type":"WebPage","@id":"https:\/\/shop.tablesoccer.org\/mentions-legales\/","url":"https:\/\/shop.tablesoccer.org\/mentions-legales\/","name":"Mentions l\u00e9gales - ITSF Boutique officielle","isPartOf":{"@id":"https:\/\/shop.tablesoccer.org\/#website"},"datePublished":"2023-11-27T10:08:56+00:00","dateModified":"2023-12-19T16:10:04+00:00","breadcrumb":{"@id":"https:\/\/shop.tablesoccer.org\/mentions-legales\/#breadcrumb"},"inLanguage":"en-GB","potentialAction":[{"@type":"ReadAction","target":["https:\/\/shop.tablesoccer.org\/mentions-legales\/"]}]},{"@type":"BreadcrumbList","@id":"https:\/\/shop.tablesoccer.org\/mentions-legales\/#breadcrumb","itemListElement":[{"@type":"ListItem","position":1,"name":"Accueil","item":"https:\/\/shop.tablesoccer.org\/"},{"@type":"ListItem","position":2,"name":"Mentions l\u00e9gales"}]},{"@type":"WebSite","@id":"https:\/\/shop.tablesoccer.org\/#website","url":"https:\/\/shop.tablesoccer.org\/","name":"ITSF Boutique officielle","description":"","potentialAction":[{"@type":"SearchAction","target":{"@type":"EntryPoint","urlTemplate":"https:\/\/shop.tablesoccer.org\/?s={search_term_string}"},"query-input":{"@type":"PropertyValueSpecification","valueRequired":true,"valueName":"search_term_string"}}],"inLanguage":"en-GB"}]}},"_links":{"self":[{"href":"https:\/\/shop.tablesoccer.org\/en\/wp-json\/wp\/v2\/pages\/9902","targetHints":{"allow":["GET"]}}],"collection":[{"href":"https:\/\/shop.tablesoccer.org\/en\/wp-json\/wp\/v2\/pages"}],"about":[{"href":"https:\/\/shop.tablesoccer.org\/en\/wp-json\/wp\/v2\/types\/page"}],"author":[{"embeddable":true,"href":"https:\/\/shop.tablesoccer.org\/en\/wp-json\/wp\/v2\/users\/1"}],"replies":[{"embeddable":true,"href":"https:\/\/shop.tablesoccer.org\/en\/wp-json\/wp\/v2\/comments?post=9902"}],"version-history":[{"count":5,"href":"https:\/\/shop.tablesoccer.org\/en\/wp-json\/wp\/v2\/pages\/9902\/revisions"}],"predecessor-version":[{"id":10053,"href":"https:\/\/shop.tablesoccer.org\/en\/wp-json\/wp\/v2\/pages\/9902\/revisions\/10053"}],"wp:attachment":[{"href":"https:\/\/shop.tablesoccer.org\/en\/wp-json\/wp\/v2\/media?parent=9902"}],"curies":[{"name":"wp","href":"https:\/\/api.w.org\/{rel}","templated":true}]}}