{"id":9900,"date":"2023-11-27T11:04:22","date_gmt":"2023-11-27T10:04:22","guid":{"rendered":"https:\/\/shop.tablesoccer.org\/?page_id=9900"},"modified":"2024-05-15T11:40:20","modified_gmt":"2024-05-15T09:40:20","slug":"cgv","status":"publish","type":"page","link":"https:\/\/shop.tablesoccer.org\/en\/cgv\/","title":{"rendered":"Terms and Conditions of Sale (TCS)"},"content":{"rendered":"<h1>Terms and Conditions of Sale (TCS)<\/h1>\n<p><strong>Preamble<\/strong><\/p>\n<p>Toute commande pass\u00e9e par l&rsquo;interm\u00e9diaire du site\u00a0<a href=\"https:\/\/shop.tablesoccer.org\/en\/\">shop.tablesoccer.org<\/a>\u00a0will be subject to these general terms and conditions of sale.<\/p>\n<p>These aim to define the sales regime and the rights and obligations that arise from it, particularly the conditions of ordering, payment, delivery, and any potential returns\/exchanges of the items purchased by customers.<\/p>\n<p>Any order validation implies acceptance of these general terms and conditions of sale.<\/p>\n<p>&nbsp;<\/p>\n<p><strong>ARTICLE 1 \u2013 ORDER<\/strong><\/p>\n<p>Shipping costs are calculated according to the current rates. Paid orders commit the customer irrevocably.<\/p>\n<p>Vous devez v\u00e9rifier l&rsquo;exhaustivit\u00e9 et la conformit\u00e9 des renseignements que vous nous fournissez lors de la commande, notamment concernant l&rsquo;adresse de livraison.<\/p>\n<p>Nous ne pourrions \u00eatre tenus pour responsable d&rsquo;\u00e9ventuelles erreurs de saisie et des cons\u00e9quences qui en d\u00e9coulent (par exemple des retards ou des erreurs de livraisons). Dans ce contexte, les frais engag\u00e9s pour la r\u00e9exp\u00e9dition de la commande seraient \u00e0 votre charge.<\/p>\n<p>Toute commande pass\u00e9e aupr\u00e8s de TABLE SOCCER STORE vous sera valid\u00e9e avec l&rsquo;envoi d&rsquo;une confirmation de commande dans les meilleurs d\u00e9lais par e\u2010mail, si celui\u2010ci a \u00e9t\u00e9 correctement mentionn\u00e9 lors de la saisie de vos coordonn\u00e9es.<\/p>\n<p>Nous vous conseillons d\u2019enregistrer sur votre ordinateur ou d&rsquo;imprimer une copie du bon de commande jusqu&rsquo;\u00e0 la r\u00e9ception de cet e\u2010mail.<\/p>\n<p>&nbsp;<\/p>\n<p><strong>ARTICLE 2 \u2013 PRODUCTS<\/strong><\/p>\n<p>The products offered for sale are described and presented as accurately as possible to comply with Article L.111-1 of the Consumer Code. However, if an error or omission appears in the product description, TABLE SOCCER STORE cannot be held responsible. Our product offers are only valid on our website.\u00a0<a href=\"https:\/\/shop.tablesoccer.org\/en\/\">shop.tablesoccer.org<\/a>\u00a0et dans la limite des stocks disponibles.<\/p>\n<p>Dans l&rsquo;\u00e9ventualit\u00e9 d&rsquo;une indisponibilit\u00e9 apr\u00e8s passage de la commande, nous informons le client par mail si celui\u2010ci a \u00e9t\u00e9 correctement mentionn\u00e9 lors de la saisie de vos coordonn\u00e9es.<\/p>\n<p>Le choix et l&rsquo;achat d&rsquo;un produit sont plac\u00e9s sous l&rsquo;unique responsabilit\u00e9 de l&rsquo;acheteur.<\/p>\n<p>Les photographies illustrant, \u00e0 l&rsquo;appui du texte, les produits n&rsquo;entrent pas dans le champ contractuel.<\/p>\n<p>&nbsp;<\/p>\n<p><strong>ARTICLE 3 \u2013 PRICES<\/strong><\/p>\n<p>Les prix de vente sont exprim\u00e9s en Euros, hors taxes (\u20ac HT). La TVA n&rsquo;est pas applicable, suivant l&rsquo;article 293 B du Code G\u00e9n\u00e9ral des Imp\u00f4ts. Si notre franchise de TVA venait \u00e0 \u00eatre remise en cause, ce changement pourra \u00eatre r\u00e9percut\u00e9 sur le prix des articles sans que le client en soit pr\u00e9alablement inform\u00e9.<\/p>\n<p>Product prices may change at any time based on the pricing policy of manufacturers, wholesalers, distributors, and TABLE SOCCER STORE.<\/p>\n<p>The selling price of the product refers to the price excluding delivery charges.<\/p>\n<p>Delivery charges are the responsibility of the customer and are billed in addition to the selling price of the products. Delivery charges vary depending on the geographical delivery zone and the weight of the package. (e.g., surcharge due to customs duties, local taxes...)<\/p>\n<p>L&rsquo;acheteur sera toujours inform\u00e9 avant l&rsquo;enregistrement d\u00e9finitif de sa commande des frais de livraison li\u00e9s \u00e0 ladite commande (hors frais de d\u00e9douanement), et le paiement sera demand\u00e9 \u00e0 l&rsquo;acheteur pour le montant total de l&rsquo;achat, int\u00e9grant les prix des produits command\u00e9s plus les frais de livraison.<\/p>\n<p>Ainsi, la confirmation de la commande par l&rsquo;acheteur implique que ce dernier accepte de payer les frais de livraison aff\u00e9rents. Les frais de livraison ne peuvent donc constituer une raison valable de remise en cause de la commande apr\u00e8s son enregistrement d\u00e9finitif.<\/p>\n<p>&nbsp;<\/p>\n<p><strong>ARTICLE 4 \u2013 DELIVERY<\/strong><\/p>\n<p>Available products will be prepared within a maximum of 2 working days (J+2), upon receipt of payment for the order. The deadlines are indicative and are announced from the departure of the package from our headquarters.<\/p>\n<p>&nbsp;<\/p>\n<p><strong>ARTICLE 5 \u2013 EXCHANGE, RETURN, AND RIGHT OF WITHDRAWAL<\/strong><\/p>\n<p>In accordance with Article L.121-1 of the Consumer Code, you have 14 days from the date of receipt of your package to return the product(s) that do not meet your expectations, in order to exchange or obtain a refund. The return costs are the responsibility of the customer.<\/p>\n<p>To do this, simply follow the following procedure:<\/p>\n<p>The product(s) must be packaged in their original packaging. Make a photocopy of your invoice and highlight the product(s) concerned, indicating if necessary the size of the desired product(s), and include it in the package.<\/p>\n<p>Nous renvoyer le tout en colis suivi \u00e0 l&rsquo;adresse suivante : ITSF &#8211; TABLE SOCCER STORE \u2010 3 Rue de Clermont \u2010 44000 NANTES<\/p>\n<p>If all these conditions are not met, the products will neither be accepted for return nor refunded. Upon receipt of your package, we will proceed with the exchange and send you the desired product(s).<\/p>\n<p>WARNING :<\/p>\n<p>Customized items are neither accepted for return nor exchange, except in the case of an error by TABLE SOCCER STORE or if the product is defective. For any item returned with the reason 'defective', please specify in a separate letter the nature of the observed defect.<\/p>\n<p>&nbsp;<\/p>\n<p><strong>ARTICLE 6 \u2013 LEGAL NOTICES AND LIABILITIES<\/strong><\/p>\n<p>Exemption from liabilities: cases of force majeure.<\/p>\n<p>Est consid\u00e9r\u00e9 comme cas fortuit ou force majeure exon\u00e9ratoire de responsabilit\u00e9 tout fait ou circonstance irr\u00e9sistible, impr\u00e9visible et ind\u00e9pendant de la volont\u00e9 des parties. Dans de telles circonstances, un rapprochement est \u00e0 privil\u00e9gier afin d&rsquo;examiner l&rsquo;incidence de l&rsquo;\u00e9v\u00e9nement et de convenir des conditions dans lesquelles l&rsquo;ex\u00e9cution du contrat sera poursuivie.<\/p>\n<p>Port\u00e9e des pr\u00e9sentes conditions : l&rsquo;invalidation d&rsquo;une clause ne touche pas les autres.<\/p>\n<p>Si une ou plusieurs stipulations des pr\u00e9sentes conditions g\u00e9n\u00e9rales sont tenues pour non valides ou d\u00e9clar\u00e9es telles en application d&rsquo;une loi, d&rsquo;un r\u00e8glement ou \u00e0 la suite d&rsquo;une d\u00e9cision d\u00e9finitive d&rsquo;une juridiction comp\u00e9tente, les autres stipulations garderont toute leur force et leur port\u00e9e.<\/p>\n<p>&nbsp;<\/p>","protected":false},"excerpt":{"rendered":"<p>Conditions g\u00e9n\u00e9rales de vente (CGV) PREAMBULE Toute commande pass\u00e9e par l&rsquo;interm\u00e9diaire du site\u00a0shop.tablesoccer.org\u00a0sera soumise aux pr\u00e9sentes conditions g\u00e9n\u00e9rales de vente.<\/p>","protected":false},"author":1,"featured_media":0,"parent":0,"menu_order":0,"comment_status":"closed","ping_status":"closed","template":"","meta":{"footnotes":""},"class_list":["post-9900","page","type-page","status-publish","hentry"],"yoast_head":"<!-- This site is optimized with the Yoast SEO plugin v26.5 - https:\/\/yoast.com\/wordpress\/plugins\/seo\/ -->\n<title>Conditions g\u00e9n\u00e9rales de vente (CGV) - ITSF Boutique officielle<\/title>\n<meta name=\"description\" content=\"Retrouvez-ici les conditions g\u00e9n\u00e9rales de vente de l&#039;ITSF Store.\" \/>\n<meta name=\"robots\" content=\"index, follow, max-snippet:-1, max-image-preview:large, max-video-preview:-1\" \/>\n<link rel=\"canonical\" href=\"https:\/\/shop.tablesoccer.org\/en\/cgv\/\" \/>\n<meta property=\"og:locale\" content=\"en_GB\" \/>\n<meta property=\"og:type\" content=\"article\" \/>\n<meta property=\"og:title\" content=\"Conditions g\u00e9n\u00e9rales de vente (CGV) - ITSF Boutique officielle\" \/>\n<meta property=\"og:description\" content=\"Retrouvez-ici les conditions g\u00e9n\u00e9rales de vente de l&#039;ITSF Store.\" \/>\n<meta property=\"og:url\" content=\"https:\/\/shop.tablesoccer.org\/en\/cgv\/\" \/>\n<meta property=\"og:site_name\" content=\"ITSF Boutique officielle\" \/>\n<meta property=\"article:modified_time\" content=\"2024-05-15T09:40:20+00:00\" \/>\n<meta name=\"twitter:card\" content=\"summary_large_image\" \/>\n<meta name=\"twitter:label1\" content=\"Estimated reading time\" \/>\n\t<meta name=\"twitter:data1\" content=\"5 minutes\" \/>\n<script type=\"application\/ld+json\" class=\"yoast-schema-graph\">{\"@context\":\"https:\/\/schema.org\",\"@graph\":[{\"@type\":\"WebPage\",\"@id\":\"https:\/\/shop.tablesoccer.org\/cgv\/\",\"url\":\"https:\/\/shop.tablesoccer.org\/cgv\/\",\"name\":\"Conditions g\u00e9n\u00e9rales de vente (CGV) - ITSF Boutique officielle\",\"isPartOf\":{\"@id\":\"https:\/\/shop.tablesoccer.org\/#website\"},\"datePublished\":\"2023-11-27T10:04:22+00:00\",\"dateModified\":\"2024-05-15T09:40:20+00:00\",\"description\":\"Retrouvez-ici les conditions g\u00e9n\u00e9rales de vente de l'ITSF Store.\",\"breadcrumb\":{\"@id\":\"https:\/\/shop.tablesoccer.org\/cgv\/#breadcrumb\"},\"inLanguage\":\"en-GB\",\"potentialAction\":[{\"@type\":\"ReadAction\",\"target\":[\"https:\/\/shop.tablesoccer.org\/cgv\/\"]}]},{\"@type\":\"BreadcrumbList\",\"@id\":\"https:\/\/shop.tablesoccer.org\/cgv\/#breadcrumb\",\"itemListElement\":[{\"@type\":\"ListItem\",\"position\":1,\"name\":\"Accueil\",\"item\":\"https:\/\/shop.tablesoccer.org\/\"},{\"@type\":\"ListItem\",\"position\":2,\"name\":\"Conditions g\u00e9n\u00e9rales de vente (CGV)\"}]},{\"@type\":\"WebSite\",\"@id\":\"https:\/\/shop.tablesoccer.org\/#website\",\"url\":\"https:\/\/shop.tablesoccer.org\/\",\"name\":\"ITSF Boutique officielle\",\"description\":\"\",\"potentialAction\":[{\"@type\":\"SearchAction\",\"target\":{\"@type\":\"EntryPoint\",\"urlTemplate\":\"https:\/\/shop.tablesoccer.org\/?s={search_term_string}\"},\"query-input\":{\"@type\":\"PropertyValueSpecification\",\"valueRequired\":true,\"valueName\":\"search_term_string\"}}],\"inLanguage\":\"en-GB\"}]}<\/script>\n<!-- \/ Yoast SEO plugin. -->","yoast_head_json":{"title":"Conditions g\u00e9n\u00e9rales de vente (CGV) - ITSF Boutique officielle","description":"Retrouvez-ici les conditions g\u00e9n\u00e9rales de vente de l'ITSF Store.","robots":{"index":"index","follow":"follow","max-snippet":"max-snippet:-1","max-image-preview":"max-image-preview:large","max-video-preview":"max-video-preview:-1"},"canonical":"https:\/\/shop.tablesoccer.org\/en\/cgv\/","og_locale":"en_GB","og_type":"article","og_title":"Conditions g\u00e9n\u00e9rales de vente (CGV) - ITSF Boutique officielle","og_description":"Retrouvez-ici les conditions g\u00e9n\u00e9rales de vente de l'ITSF Store.","og_url":"https:\/\/shop.tablesoccer.org\/en\/cgv\/","og_site_name":"ITSF Boutique officielle","article_modified_time":"2024-05-15T09:40:20+00:00","twitter_card":"summary_large_image","twitter_misc":{"Estimated reading time":"5 minutes"},"schema":{"@context":"https:\/\/schema.org","@graph":[{"@type":"WebPage","@id":"https:\/\/shop.tablesoccer.org\/cgv\/","url":"https:\/\/shop.tablesoccer.org\/cgv\/","name":"Conditions g\u00e9n\u00e9rales de vente (CGV) - ITSF Boutique officielle","isPartOf":{"@id":"https:\/\/shop.tablesoccer.org\/#website"},"datePublished":"2023-11-27T10:04:22+00:00","dateModified":"2024-05-15T09:40:20+00:00","description":"Retrouvez-ici les conditions g\u00e9n\u00e9rales de vente de l'ITSF Store.","breadcrumb":{"@id":"https:\/\/shop.tablesoccer.org\/cgv\/#breadcrumb"},"inLanguage":"en-GB","potentialAction":[{"@type":"ReadAction","target":["https:\/\/shop.tablesoccer.org\/cgv\/"]}]},{"@type":"BreadcrumbList","@id":"https:\/\/shop.tablesoccer.org\/cgv\/#breadcrumb","itemListElement":[{"@type":"ListItem","position":1,"name":"Accueil","item":"https:\/\/shop.tablesoccer.org\/"},{"@type":"ListItem","position":2,"name":"Conditions g\u00e9n\u00e9rales de vente (CGV)"}]},{"@type":"WebSite","@id":"https:\/\/shop.tablesoccer.org\/#website","url":"https:\/\/shop.tablesoccer.org\/","name":"ITSF Boutique officielle","description":"","potentialAction":[{"@type":"SearchAction","target":{"@type":"EntryPoint","urlTemplate":"https:\/\/shop.tablesoccer.org\/?s={search_term_string}"},"query-input":{"@type":"PropertyValueSpecification","valueRequired":true,"valueName":"search_term_string"}}],"inLanguage":"en-GB"}]}},"_links":{"self":[{"href":"https:\/\/shop.tablesoccer.org\/en\/wp-json\/wp\/v2\/pages\/9900","targetHints":{"allow":["GET"]}}],"collection":[{"href":"https:\/\/shop.tablesoccer.org\/en\/wp-json\/wp\/v2\/pages"}],"about":[{"href":"https:\/\/shop.tablesoccer.org\/en\/wp-json\/wp\/v2\/types\/page"}],"author":[{"embeddable":true,"href":"https:\/\/shop.tablesoccer.org\/en\/wp-json\/wp\/v2\/users\/1"}],"replies":[{"embeddable":true,"href":"https:\/\/shop.tablesoccer.org\/en\/wp-json\/wp\/v2\/comments?post=9900"}],"version-history":[{"count":4,"href":"https:\/\/shop.tablesoccer.org\/en\/wp-json\/wp\/v2\/pages\/9900\/revisions"}],"predecessor-version":[{"id":9926,"href":"https:\/\/shop.tablesoccer.org\/en\/wp-json\/wp\/v2\/pages\/9900\/revisions\/9926"}],"wp:attachment":[{"href":"https:\/\/shop.tablesoccer.org\/en\/wp-json\/wp\/v2\/media?parent=9900"}],"curies":[{"name":"wp","href":"https:\/\/api.w.org\/{rel}","templated":true}]}}