{"id":9887,"date":"2023-11-27T10:32:09","date_gmt":"2023-11-27T09:32:09","guid":{"rendered":"https:\/\/shop.tablesoccer.org\/?page_id=9887"},"modified":"2025-05-14T11:22:14","modified_gmt":"2025-05-14T09:22:14","slug":"conseils-entretien","status":"publish","type":"page","link":"https:\/\/shop.tablesoccer.org\/en\/conseils-entretien\/","title":{"rendered":"About the ITSF"},"content":{"rendered":"<div class=\"wpb-content-wrapper\"><div class=\"vc_row wpb_row vc_row-fluid\"><div class=\"wpb_column vc_column_container vc_col-sm-12\"><div class=\"vc_column-inner\"><div class=\"wpb_wrapper\"><div class=\"vc_row wpb_row vc_inner vc_row-fluid vc_row-o-content-middle vc_row-flex wd-rs-6564b034b4dac\"><div class=\"wpb_column vc_column_container vc_col-sm-6\"><div class=\"vc_column-inner\"><div class=\"wpb_wrapper\">\n\t<div  class=\"wpb_single_image wpb_content_element vc_align_left\">\n\t\t\n\t\t<figure class=\"wpb_wrapper vc_figure\">\n\t\t\t<div class=\"vc_single_image-wrapper   vc_box_border_grey\"><img loading=\"lazy\" decoding=\"async\" width=\"1600\" height=\"1068\" src=\"https:\/\/shop.tablesoccer.org\/wp-content\/uploads\/2023\/11\/v1_tornado.1800.jpg\" class=\"vc_single_image-img attachment-full\" alt=\"Lampe ITSF Floodlight baby foot\" title=\"v1_tornado.1800.jpg\" srcset=\"https:\/\/shop.tablesoccer.org\/wp-content\/uploads\/2023\/11\/v1_tornado.1800.jpg 1600w, https:\/\/shop.tablesoccer.org\/wp-content\/uploads\/2023\/11\/v1_tornado.1800-150x100.jpg 150w, https:\/\/shop.tablesoccer.org\/wp-content\/uploads\/2023\/11\/v1_tornado.1800-1080x721.jpg 1080w, https:\/\/shop.tablesoccer.org\/wp-content\/uploads\/2023\/11\/v1_tornado.1800-300x200.jpg 300w, https:\/\/shop.tablesoccer.org\/wp-content\/uploads\/2023\/11\/v1_tornado.1800-1024x684.jpg 1024w, https:\/\/shop.tablesoccer.org\/wp-content\/uploads\/2023\/11\/v1_tornado.1800-768x513.jpg 768w, https:\/\/shop.tablesoccer.org\/wp-content\/uploads\/2023\/11\/v1_tornado.1800-1536x1025.jpg 1536w\" sizes=\"auto, (max-width: 1600px) 100vw, 1600px\" \/><\/div>\n\t\t<\/figure>\n\t<\/div>\n<\/div><\/div><\/div><div class=\"wpb_column vc_column_container vc_col-sm-6\"><div class=\"vc_column-inner\"><div class=\"wpb_wrapper\"><h2 style=\"text-align: left\" class=\"vc_custom_heading vc_do_custom_heading\" >The new way to play.<\/h2>\n\t<div class=\"wpb_text_column wpb_content_element\" >\n\t\t<div class=\"wpb_wrapper\">\n\t\t\t<p>In the 1950s, the first table football competitions quickly made this sport one of the most popular around the world. The activity developed in many countries thanks to the work of national federations. All that was missing was an international organization to coordinate these efforts. Finally, in 2002, the International Table Soccer Federation (ITSF) was created in France (a non-profit association under French law).<\/p>\n\n\t\t<\/div>\n\t<\/div>\n<div id=\"wd-67161240162be\" class=\"wd-rs-67161240162be  wd-button-wrapper text-left\"><a href=\"https:\/\/www.tablesoccer.org\/\" title=\"\" class=\"btn btn-color-default btn-style-3d btn-style-rectangle btn-size-default\">Learn more<\/a><\/div><\/div><\/div><\/div><\/div><\/div><\/div><\/div><\/div>\n<\/div>","protected":false},"excerpt":{"rendered":"La nouvelle fa\u00e7on jouer. Dans les ann\u00e9es 1950, les premi\u00e8res comp\u00e9titions de football de table ont rapidement fait de ce","protected":false},"author":1,"featured_media":0,"parent":0,"menu_order":0,"comment_status":"closed","ping_status":"closed","template":"","meta":{"footnotes":""},"class_list":["post-9887","page","type-page","status-publish","hentry"],"yoast_head":"<!-- This site is optimized with the Yoast SEO plugin v26.5 - https:\/\/yoast.com\/wordpress\/plugins\/seo\/ -->\n<title>\u00c0 propos de l&#039;ITSF - ITSF Boutique officielle<\/title>\n<meta name=\"robots\" content=\"index, follow, max-snippet:-1, max-image-preview:large, max-video-preview:-1\" \/>\n<link rel=\"canonical\" href=\"https:\/\/shop.tablesoccer.org\/en\/conseils-entretien\/\" \/>\n<meta property=\"og:locale\" content=\"en_GB\" \/>\n<meta property=\"og:type\" content=\"article\" \/>\n<meta property=\"og:title\" content=\"\u00c0 propos de l&#039;ITSF - ITSF Boutique officielle\" \/>\n<meta property=\"og:url\" content=\"https:\/\/shop.tablesoccer.org\/en\/conseils-entretien\/\" \/>\n<meta property=\"og:site_name\" content=\"ITSF Boutique officielle\" \/>\n<meta property=\"article:modified_time\" content=\"2025-05-14T09:22:14+00:00\" \/>\n<meta name=\"twitter:card\" content=\"summary_large_image\" \/>\n<meta name=\"twitter:label1\" content=\"Estimated reading time\" \/>\n\t<meta name=\"twitter:data1\" content=\"1 minute\" \/>\n<script type=\"application\/ld+json\" class=\"yoast-schema-graph\">{\"@context\":\"https:\/\/schema.org\",\"@graph\":[{\"@type\":\"WebPage\",\"@id\":\"https:\/\/shop.tablesoccer.org\/conseils-entretien\/\",\"url\":\"https:\/\/shop.tablesoccer.org\/conseils-entretien\/\",\"name\":\"\u00c0 propos de l'ITSF - ITSF Boutique officielle\",\"isPartOf\":{\"@id\":\"https:\/\/shop.tablesoccer.org\/#website\"},\"datePublished\":\"2023-11-27T09:32:09+00:00\",\"dateModified\":\"2025-05-14T09:22:14+00:00\",\"breadcrumb\":{\"@id\":\"https:\/\/shop.tablesoccer.org\/conseils-entretien\/#breadcrumb\"},\"inLanguage\":\"en-GB\",\"potentialAction\":[{\"@type\":\"ReadAction\",\"target\":[\"https:\/\/shop.tablesoccer.org\/conseils-entretien\/\"]}]},{\"@type\":\"BreadcrumbList\",\"@id\":\"https:\/\/shop.tablesoccer.org\/conseils-entretien\/#breadcrumb\",\"itemListElement\":[{\"@type\":\"ListItem\",\"position\":1,\"name\":\"Accueil\",\"item\":\"https:\/\/shop.tablesoccer.org\/\"},{\"@type\":\"ListItem\",\"position\":2,\"name\":\"\u00c0 propos de l&rsquo;ITSF\"}]},{\"@type\":\"WebSite\",\"@id\":\"https:\/\/shop.tablesoccer.org\/#website\",\"url\":\"https:\/\/shop.tablesoccer.org\/\",\"name\":\"ITSF Boutique officielle\",\"description\":\"\",\"potentialAction\":[{\"@type\":\"SearchAction\",\"target\":{\"@type\":\"EntryPoint\",\"urlTemplate\":\"https:\/\/shop.tablesoccer.org\/?s={search_term_string}\"},\"query-input\":{\"@type\":\"PropertyValueSpecification\",\"valueRequired\":true,\"valueName\":\"search_term_string\"}}],\"inLanguage\":\"en-GB\"}]}<\/script>\n<!-- \/ Yoast SEO plugin. -->","yoast_head_json":{"title":"\u00c0 propos de l'ITSF - ITSF Boutique officielle","robots":{"index":"index","follow":"follow","max-snippet":"max-snippet:-1","max-image-preview":"max-image-preview:large","max-video-preview":"max-video-preview:-1"},"canonical":"https:\/\/shop.tablesoccer.org\/en\/conseils-entretien\/","og_locale":"en_GB","og_type":"article","og_title":"\u00c0 propos de l'ITSF - ITSF Boutique officielle","og_url":"https:\/\/shop.tablesoccer.org\/en\/conseils-entretien\/","og_site_name":"ITSF Boutique officielle","article_modified_time":"2025-05-14T09:22:14+00:00","twitter_card":"summary_large_image","twitter_misc":{"Estimated reading time":"1 minute"},"schema":{"@context":"https:\/\/schema.org","@graph":[{"@type":"WebPage","@id":"https:\/\/shop.tablesoccer.org\/conseils-entretien\/","url":"https:\/\/shop.tablesoccer.org\/conseils-entretien\/","name":"\u00c0 propos de l'ITSF - ITSF Boutique officielle","isPartOf":{"@id":"https:\/\/shop.tablesoccer.org\/#website"},"datePublished":"2023-11-27T09:32:09+00:00","dateModified":"2025-05-14T09:22:14+00:00","breadcrumb":{"@id":"https:\/\/shop.tablesoccer.org\/conseils-entretien\/#breadcrumb"},"inLanguage":"en-GB","potentialAction":[{"@type":"ReadAction","target":["https:\/\/shop.tablesoccer.org\/conseils-entretien\/"]}]},{"@type":"BreadcrumbList","@id":"https:\/\/shop.tablesoccer.org\/conseils-entretien\/#breadcrumb","itemListElement":[{"@type":"ListItem","position":1,"name":"Accueil","item":"https:\/\/shop.tablesoccer.org\/"},{"@type":"ListItem","position":2,"name":"\u00c0 propos de l&rsquo;ITSF"}]},{"@type":"WebSite","@id":"https:\/\/shop.tablesoccer.org\/#website","url":"https:\/\/shop.tablesoccer.org\/","name":"ITSF Boutique officielle","description":"","potentialAction":[{"@type":"SearchAction","target":{"@type":"EntryPoint","urlTemplate":"https:\/\/shop.tablesoccer.org\/?s={search_term_string}"},"query-input":{"@type":"PropertyValueSpecification","valueRequired":true,"valueName":"search_term_string"}}],"inLanguage":"en-GB"}]}},"_links":{"self":[{"href":"https:\/\/shop.tablesoccer.org\/en\/wp-json\/wp\/v2\/pages\/9887","targetHints":{"allow":["GET"]}}],"collection":[{"href":"https:\/\/shop.tablesoccer.org\/en\/wp-json\/wp\/v2\/pages"}],"about":[{"href":"https:\/\/shop.tablesoccer.org\/en\/wp-json\/wp\/v2\/types\/page"}],"author":[{"embeddable":true,"href":"https:\/\/shop.tablesoccer.org\/en\/wp-json\/wp\/v2\/users\/1"}],"replies":[{"embeddable":true,"href":"https:\/\/shop.tablesoccer.org\/en\/wp-json\/wp\/v2\/comments?post=9887"}],"version-history":[{"count":5,"href":"https:\/\/shop.tablesoccer.org\/en\/wp-json\/wp\/v2\/pages\/9887\/revisions"}],"predecessor-version":[{"id":11130,"href":"https:\/\/shop.tablesoccer.org\/en\/wp-json\/wp\/v2\/pages\/9887\/revisions\/11130"}],"wp:attachment":[{"href":"https:\/\/shop.tablesoccer.org\/en\/wp-json\/wp\/v2\/media?parent=9887"}],"curies":[{"name":"wp","href":"https:\/\/api.w.org\/{rel}","templated":true}]}}