{"id":9656,"date":"2023-11-14T16:55:47","date_gmt":"2023-11-14T15:55:47","guid":{"rendered":"https:\/\/shop.tablesoccer.org\/?post_type=product&#038;p=9656"},"modified":"2026-03-21T10:03:58","modified_gmt":"2026-03-21T09:03:58","slug":"rouleau-de-bande-snake-auto-adhesive-baby-foot","status":"publish","type":"product","link":"https:\/\/shop.tablesoccer.org\/de\/produkt\/rouleau-de-bande-snake-auto-adhesive-baby-foot\/","title":{"rendered":"Selbstklebende Snake-Bandrolle Tischfu\u00dfball"},"content":{"rendered":"<p style=\"font-weight: 400;\"><strong>Beschreibung:<\/strong><\/p>\n<p style=\"font-weight: 400;\">Diese elastische Snake-Tape-Rolle ist speziell f\u00fcr Sch\u00fcsse wie \" Snake  \"oder Rollover bei Tischfu\u00dfball konzipiert. Durch das Auftragen auf Ihre Griffe verbessert es die Haftung Ihrer Finger f\u00fcr einen besseren Halt bei schnellen und technischen Bewegungen. Jede Rolle reicht aus, um bis zu 4 Schlangenb\u00e4nder zu erstellen und diese B\u00e4nder k\u00f6nnen mehrmals wiederverwendet werden.<\/p>\n<p>&nbsp;<\/p>\n<p style=\"font-weight: 400;\"><strong>Eigenschaften:<\/strong><\/p>\n<p style=\"font-weight: 400;\">- Farbe: blau, selbstklebend.<\/p>\n<p style=\"font-weight: 400;\">- Abmessungen: 5 cm breit 280 cm lang.<\/p>\n<p style=\"font-weight: 400;\">ITSF zertifiziertes Produkt<\/p>\n<p>&nbsp;<\/p>\n<p style=\"font-weight: 400;\"><strong>Gebrauchsanweisung<\/strong><\/p>\n<p style=\"font-weight: 400;\">Schneiden Sie das Band auf die richtige L\u00e4nge f\u00fcr Ihr Handgelenk oder den Teil des Griffs, den Sie verst\u00e4rken m\u00f6chten. Sorgf\u00e4ltig auftragen, um Falten zu vermeiden. Sie k\u00f6nnen die Schlangenb\u00e4nder dank ihrer Elastizit\u00e4t nach Bedarf neu positionieren.<\/p>\n<p style=\"font-weight: 400;\">Eine einfache und effektive L\u00f6sung, um Ihren Grip beim Schlangenschie\u00dfen zu verbessern: Dieses selbstklebende elastische Band erm\u00f6glicht eine bessere Kontrolle, ohne Ihre Bars zu beschweren.<\/p>\n<p style=\"font-weight: 400;\">Finden Sie unsere gesamte Auswahl in der Kategorie:<a href=\"https:\/\/shop.tablesoccer.org\/de\/produkt-kategorie\/equipement\/equipements-joueurs-baby-foot\/\"> Spielger\u00e4te f\u00fcr Tischfussball<\/a><\/p>","protected":false},"excerpt":{"rendered":"<p>Mit der selbstklebenden Snake-Tape-Rolle k\u00f6nnen Sie Streifen erstellen, um den Griff an Ihren Tischfussballgriffen bei schnellen und technischen Sch\u00fcssen zu verbessern. Elastisch, wiederverwendbar und einfach zu verlegen, optimiert es die Kontrolle \u00fcber Ihre Stangen.<\/p>","protected":false},"featured_media":9704,"comment_status":"open","ping_status":"closed","template":"","meta":[],"product_brand":[],"product_cat":[69,121],"product_tag":[],"class_list":{"0":"post-9656","1":"product","2":"type-product","3":"status-publish","4":"has-post-thumbnail","6":"product_cat-equipement","7":"product_cat-grips-et-blocs-grips-baby-foot","9":"first","10":"instock","11":"taxable","12":"shipping-taxable","13":"purchasable","14":"product-type-simple"},"yoast_head":"<!-- This site is optimized with the Yoast SEO plugin v26.5 - https:\/\/yoast.com\/wordpress\/plugins\/seo\/ -->\n<title>Rouleau de bande snake auto-adh\u00e9sive baby-foot - ITSF Boutique officielle<\/title>\n<meta name=\"description\" content=\"Rouleau de bande snake babyfoot : pratiquez la technique du Snake Shot en toute s\u00e9curit\u00e9 avec ce rouleau de bande adh\u00e9sive. Commandez-la sur l&#039;ITSF Store !\" \/>\n<meta name=\"robots\" content=\"index, follow, max-snippet:-1, max-image-preview:large, max-video-preview:-1\" \/>\n<link rel=\"canonical\" href=\"https:\/\/shop.tablesoccer.org\/de\/produkt\/rouleau-de-bande-snake-auto-adhesive-baby-foot\/\" \/>\n<meta property=\"og:locale\" content=\"de_DE\" \/>\n<meta property=\"og:type\" content=\"article\" \/>\n<meta property=\"og:title\" content=\"Rouleau de bande snake auto-adh\u00e9sive baby-foot - ITSF Boutique officielle\" \/>\n<meta property=\"og:description\" content=\"Rouleau de bande snake babyfoot : pratiquez la technique du Snake Shot en toute s\u00e9curit\u00e9 avec ce rouleau de bande adh\u00e9sive. Commandez-la sur l&#039;ITSF Store !\" \/>\n<meta property=\"og:url\" content=\"https:\/\/shop.tablesoccer.org\/de\/produkt\/rouleau-de-bande-snake-auto-adhesive-baby-foot\/\" \/>\n<meta property=\"og:site_name\" content=\"ITSF Boutique officielle\" \/>\n<meta property=\"article:modified_time\" content=\"2026-03-21T09:03:58+00:00\" \/>\n<meta property=\"og:image\" content=\"https:\/\/shop.tablesoccer.org\/wp-content\/uploads\/2023\/11\/bracelet_snake_1.jpg\" \/>\n\t<meta property=\"og:image:width\" content=\"1600\" \/>\n\t<meta property=\"og:image:height\" content=\"1970\" \/>\n\t<meta property=\"og:image:type\" content=\"image\/jpeg\" \/>\n<meta name=\"twitter:card\" content=\"summary_large_image\" \/>\n<meta name=\"twitter:label1\" content=\"Gesch\u00e4tzte Lesezeit\" \/>\n\t<meta name=\"twitter:data1\" content=\"1\u00a0Minute\" \/>\n<script type=\"application\/ld+json\" class=\"yoast-schema-graph\">{\"@context\":\"https:\/\/schema.org\",\"@graph\":[{\"@type\":\"WebPage\",\"@id\":\"https:\/\/shop.tablesoccer.org\/produit\/rouleau-de-bande-snake-auto-adhesive-baby-foot\/\",\"url\":\"https:\/\/shop.tablesoccer.org\/produit\/rouleau-de-bande-snake-auto-adhesive-baby-foot\/\",\"name\":\"Rouleau de bande snake auto-adh\u00e9sive baby-foot - ITSF Boutique officielle\",\"isPartOf\":{\"@id\":\"https:\/\/shop.tablesoccer.org\/#website\"},\"primaryImageOfPage\":{\"@id\":\"https:\/\/shop.tablesoccer.org\/produit\/rouleau-de-bande-snake-auto-adhesive-baby-foot\/#primaryimage\"},\"image\":{\"@id\":\"https:\/\/shop.tablesoccer.org\/produit\/rouleau-de-bande-snake-auto-adhesive-baby-foot\/#primaryimage\"},\"thumbnailUrl\":\"https:\/\/shop.tablesoccer.org\/wp-content\/uploads\/2023\/11\/bracelet_snake_1.jpg\",\"datePublished\":\"2023-11-14T15:55:47+00:00\",\"dateModified\":\"2026-03-21T09:03:58+00:00\",\"description\":\"Rouleau de bande snake babyfoot : pratiquez la technique du Snake Shot en toute s\u00e9curit\u00e9 avec ce rouleau de bande adh\u00e9sive. Commandez-la sur l'ITSF Store !\",\"breadcrumb\":{\"@id\":\"https:\/\/shop.tablesoccer.org\/produit\/rouleau-de-bande-snake-auto-adhesive-baby-foot\/#breadcrumb\"},\"inLanguage\":\"de\",\"potentialAction\":[{\"@type\":\"ReadAction\",\"target\":[\"https:\/\/shop.tablesoccer.org\/produit\/rouleau-de-bande-snake-auto-adhesive-baby-foot\/\"]}]},{\"@type\":\"ImageObject\",\"inLanguage\":\"de\",\"@id\":\"https:\/\/shop.tablesoccer.org\/produit\/rouleau-de-bande-snake-auto-adhesive-baby-foot\/#primaryimage\",\"url\":\"https:\/\/shop.tablesoccer.org\/wp-content\/uploads\/2023\/11\/bracelet_snake_1.jpg\",\"contentUrl\":\"https:\/\/shop.tablesoccer.org\/wp-content\/uploads\/2023\/11\/bracelet_snake_1.jpg\",\"width\":1600,\"height\":1970,\"caption\":\"Rouleau de bande snake auto-adh\u00e9sive ITSF baby foot\"},{\"@type\":\"BreadcrumbList\",\"@id\":\"https:\/\/shop.tablesoccer.org\/produit\/rouleau-de-bande-snake-auto-adhesive-baby-foot\/#breadcrumb\",\"itemListElement\":[{\"@type\":\"ListItem\",\"position\":1,\"name\":\"Accueil\",\"item\":\"https:\/\/shop.tablesoccer.org\/\"},{\"@type\":\"ListItem\",\"position\":2,\"name\":\"Boutique\",\"item\":\"https:\/\/shop.tablesoccer.org\/accueil\/boutique\/\"},{\"@type\":\"ListItem\",\"position\":3,\"name\":\"Rouleau de bande snake auto-adh\u00e9sive baby-foot\"}]},{\"@type\":\"WebSite\",\"@id\":\"https:\/\/shop.tablesoccer.org\/#website\",\"url\":\"https:\/\/shop.tablesoccer.org\/\",\"name\":\"ITSF Boutique officielle\",\"description\":\"\",\"potentialAction\":[{\"@type\":\"SearchAction\",\"target\":{\"@type\":\"EntryPoint\",\"urlTemplate\":\"https:\/\/shop.tablesoccer.org\/?s={search_term_string}\"},\"query-input\":{\"@type\":\"PropertyValueSpecification\",\"valueRequired\":true,\"valueName\":\"search_term_string\"}}],\"inLanguage\":\"de\"}]}<\/script>\n<!-- \/ Yoast SEO plugin. -->","yoast_head_json":{"title":"Rouleau de bande snake auto-adh\u00e9sive baby-foot - ITSF Boutique officielle","description":"Rouleau de bande snake babyfoot : pratiquez la technique du Snake Shot en toute s\u00e9curit\u00e9 avec ce rouleau de bande adh\u00e9sive. Commandez-la sur l'ITSF Store !","robots":{"index":"index","follow":"follow","max-snippet":"max-snippet:-1","max-image-preview":"max-image-preview:large","max-video-preview":"max-video-preview:-1"},"canonical":"https:\/\/shop.tablesoccer.org\/de\/produkt\/rouleau-de-bande-snake-auto-adhesive-baby-foot\/","og_locale":"de_DE","og_type":"article","og_title":"Rouleau de bande snake auto-adh\u00e9sive baby-foot - ITSF Boutique officielle","og_description":"Rouleau de bande snake babyfoot : pratiquez la technique du Snake Shot en toute s\u00e9curit\u00e9 avec ce rouleau de bande adh\u00e9sive. Commandez-la sur l'ITSF Store !","og_url":"https:\/\/shop.tablesoccer.org\/de\/produkt\/rouleau-de-bande-snake-auto-adhesive-baby-foot\/","og_site_name":"ITSF Boutique officielle","article_modified_time":"2026-03-21T09:03:58+00:00","og_image":[{"width":1600,"height":1970,"url":"https:\/\/shop.tablesoccer.org\/wp-content\/uploads\/2023\/11\/bracelet_snake_1.jpg","type":"image\/jpeg"}],"twitter_card":"summary_large_image","twitter_misc":{"Gesch\u00e4tzte Lesezeit":"1\u00a0Minute"},"schema":{"@context":"https:\/\/schema.org","@graph":[{"@type":"WebPage","@id":"https:\/\/shop.tablesoccer.org\/produit\/rouleau-de-bande-snake-auto-adhesive-baby-foot\/","url":"https:\/\/shop.tablesoccer.org\/produit\/rouleau-de-bande-snake-auto-adhesive-baby-foot\/","name":"Rouleau de bande snake auto-adh\u00e9sive baby-foot - ITSF Boutique officielle","isPartOf":{"@id":"https:\/\/shop.tablesoccer.org\/#website"},"primaryImageOfPage":{"@id":"https:\/\/shop.tablesoccer.org\/produit\/rouleau-de-bande-snake-auto-adhesive-baby-foot\/#primaryimage"},"image":{"@id":"https:\/\/shop.tablesoccer.org\/produit\/rouleau-de-bande-snake-auto-adhesive-baby-foot\/#primaryimage"},"thumbnailUrl":"https:\/\/shop.tablesoccer.org\/wp-content\/uploads\/2023\/11\/bracelet_snake_1.jpg","datePublished":"2023-11-14T15:55:47+00:00","dateModified":"2026-03-21T09:03:58+00:00","description":"Rouleau de bande snake babyfoot : pratiquez la technique du Snake Shot en toute s\u00e9curit\u00e9 avec ce rouleau de bande adh\u00e9sive. Commandez-la sur l'ITSF Store !","breadcrumb":{"@id":"https:\/\/shop.tablesoccer.org\/produit\/rouleau-de-bande-snake-auto-adhesive-baby-foot\/#breadcrumb"},"inLanguage":"de","potentialAction":[{"@type":"ReadAction","target":["https:\/\/shop.tablesoccer.org\/produit\/rouleau-de-bande-snake-auto-adhesive-baby-foot\/"]}]},{"@type":"ImageObject","inLanguage":"de","@id":"https:\/\/shop.tablesoccer.org\/produit\/rouleau-de-bande-snake-auto-adhesive-baby-foot\/#primaryimage","url":"https:\/\/shop.tablesoccer.org\/wp-content\/uploads\/2023\/11\/bracelet_snake_1.jpg","contentUrl":"https:\/\/shop.tablesoccer.org\/wp-content\/uploads\/2023\/11\/bracelet_snake_1.jpg","width":1600,"height":1970,"caption":"Rouleau de bande snake auto-adh\u00e9sive ITSF baby foot"},{"@type":"BreadcrumbList","@id":"https:\/\/shop.tablesoccer.org\/produit\/rouleau-de-bande-snake-auto-adhesive-baby-foot\/#breadcrumb","itemListElement":[{"@type":"ListItem","position":1,"name":"Accueil","item":"https:\/\/shop.tablesoccer.org\/"},{"@type":"ListItem","position":2,"name":"Boutique","item":"https:\/\/shop.tablesoccer.org\/accueil\/boutique\/"},{"@type":"ListItem","position":3,"name":"Rouleau de bande snake auto-adh\u00e9sive baby-foot"}]},{"@type":"WebSite","@id":"https:\/\/shop.tablesoccer.org\/#website","url":"https:\/\/shop.tablesoccer.org\/","name":"ITSF Boutique officielle","description":"","potentialAction":[{"@type":"SearchAction","target":{"@type":"EntryPoint","urlTemplate":"https:\/\/shop.tablesoccer.org\/?s={search_term_string}"},"query-input":{"@type":"PropertyValueSpecification","valueRequired":true,"valueName":"search_term_string"}}],"inLanguage":"de"}]}},"_links":{"self":[{"href":"https:\/\/shop.tablesoccer.org\/de\/wp-json\/wp\/v2\/product\/9656","targetHints":{"allow":["GET"]}}],"collection":[{"href":"https:\/\/shop.tablesoccer.org\/de\/wp-json\/wp\/v2\/product"}],"about":[{"href":"https:\/\/shop.tablesoccer.org\/de\/wp-json\/wp\/v2\/types\/product"}],"replies":[{"embeddable":true,"href":"https:\/\/shop.tablesoccer.org\/de\/wp-json\/wp\/v2\/comments?post=9656"}],"wp:featuredmedia":[{"embeddable":true,"href":"https:\/\/shop.tablesoccer.org\/de\/wp-json\/wp\/v2\/media\/9704"}],"wp:attachment":[{"href":"https:\/\/shop.tablesoccer.org\/de\/wp-json\/wp\/v2\/media?parent=9656"}],"wp:term":[{"taxonomy":"product_brand","embeddable":true,"href":"https:\/\/shop.tablesoccer.org\/de\/wp-json\/wp\/v2\/product_brand?post=9656"},{"taxonomy":"product_cat","embeddable":true,"href":"https:\/\/shop.tablesoccer.org\/de\/wp-json\/wp\/v2\/product_cat?post=9656"},{"taxonomy":"product_tag","embeddable":true,"href":"https:\/\/shop.tablesoccer.org\/de\/wp-json\/wp\/v2\/product_tag?post=9656"}],"curies":[{"name":"wp","href":"https:\/\/api.w.org\/{rel}","templated":true}]}}