{"id":9651,"date":"2023-11-14T16:54:46","date_gmt":"2023-11-14T15:54:46","guid":{"rendered":"https:\/\/shop.tablesoccer.org\/?post_type=product&#038;p=9651"},"modified":"2026-03-02T13:53:41","modified_gmt":"2026-03-02T12:53:41","slug":"cable-dextension-pour-lampe-de-babyfoot","status":"publish","type":"product","link":"https:\/\/shop.tablesoccer.org\/de\/produkt\/cable-dextension-pour-lampe-de-babyfoot\/","title":{"rendered":"Verl\u00e4ngerungskabel f\u00fcr Tischfu\u00dfballlampe"},"content":{"rendered":"<p style=\"font-weight: 400;\"><strong>Beschreibung:<\/strong><\/p>\n<p style=\"font-weight: 400;\">Mit der Tischfussball-Verl\u00e4ngerungskabel k\u00f6nnen Sie die Reichweite Ihrer ITSF Floodlight verl\u00e4ngern. Sehr n\u00fctzlich, wenn Ihre Netzsteckdose weit entfernt oder falsch positioniert ist. Dieses Kabel bietet Ihnen mehr Flexibilit\u00e4t, um Ihre Beleuchtung an der gew\u00fcnschten Stelle am Tisch zu installieren.<\/p>\n<p style=\"font-weight: 400;\"><strong>Eigenschaften:<\/strong><\/p>\n<ul>\n<li>Verl\u00e4ngert die Verbindung zwischen Lampe und Netzteil<\/li>\n<li>Kompatibel mit LED-Lampen f\u00fcr Tischfu\u00dfball<\/li>\n<li>Robustes und flexibles Kabel<\/li>\n<li>L\u00e4nge: 10 Meter<\/li>\n<li>Erm\u00f6glicht eine ergonomischere Installation und passt sich an Ihren Spielbereich an<\/li>\n<\/ul>\n<p style=\"font-weight: 400;\"><strong>Pflegetipp<\/strong><\/p>\n<p style=\"font-weight: 400;\">\u00dcberpr\u00fcfen Sie das Kabel regelm\u00e4\u00dfig auf Verschlei\u00df oder Besch\u00e4digung der Isolierung. Lagern Sie es, ohne es stark zu biegen, um seine Langlebigkeit zu erhalten.<\/p>\n<p style=\"font-weight: 400;\">Ein einfaches, aber unverzichtbares Zubeh\u00f6r zur Optimierung Ihrer Fu\u00dfballbeleuchtung: mehr Komfort und Freiheit bei der Platzierung Ihrer Lampe.<\/p>\n<p style=\"font-weight: 400;\">Finden Sie unsere gesamte Auswahl in der Kategorie: <a href=\"https:\/\/shop.tablesoccer.org\/de\/produkt-kategorie\/equipement\/accessoires-table-baby-foot\/\">Tischfu\u00dfball-Tischzubeh\u00f6r<\/a><\/p>\n<p style=\"font-weight: 400;\">","protected":false},"excerpt":{"rendered":"<p>Verl\u00e4ngern Sie die Stromversorgung Ihrer Tischfu\u00dfballlampe mit diesem robusten 10-Meter-Verl\u00e4ngerungskabel, das mehr Freiheit bei der Platzierung und eine stabile Beleuchtung auf Ihrem Tisch bietet.<\/p>","protected":false},"featured_media":9695,"comment_status":"open","ping_status":"closed","template":"","meta":[],"product_brand":[],"product_cat":[160,69],"product_tag":[],"class_list":{"0":"post-9651","1":"product","2":"type-product","3":"status-publish","4":"has-post-thumbnail","6":"product_cat-accessoires-table-baby-foot","7":"product_cat-equipement","9":"first","10":"instock","11":"taxable","12":"shipping-taxable","13":"purchasable","14":"product-type-simple"},"yoast_head":"<!-- This site is optimized with the Yoast SEO plugin v26.5 - https:\/\/yoast.com\/wordpress\/plugins\/seo\/ -->\n<title>Cable d\u2019extension pour lampe de babyfoot - ITSF Boutique officielle<\/title>\n<meta name=\"description\" content=\"Allongez facilement l\u2019alimentation de votre lampe de baby-foot avec ce c\u00e2ble d\u2019extension de 10 m\u00e8tres, pour un \u00e9clairage stable sur votre table.\" \/>\n<meta name=\"robots\" content=\"index, follow, max-snippet:-1, max-image-preview:large, max-video-preview:-1\" \/>\n<link rel=\"canonical\" href=\"https:\/\/shop.tablesoccer.org\/de\/produkt\/cable-dextension-pour-lampe-de-babyfoot\/\" \/>\n<meta property=\"og:locale\" content=\"de_DE\" \/>\n<meta property=\"og:type\" content=\"article\" \/>\n<meta property=\"og:title\" content=\"Cable d\u2019extension pour lampe de babyfoot - ITSF Boutique officielle\" \/>\n<meta property=\"og:description\" content=\"Allongez facilement l\u2019alimentation de votre lampe de baby-foot avec ce c\u00e2ble d\u2019extension de 10 m\u00e8tres, pour un \u00e9clairage stable sur votre table.\" \/>\n<meta property=\"og:url\" content=\"https:\/\/shop.tablesoccer.org\/de\/produkt\/cable-dextension-pour-lampe-de-babyfoot\/\" \/>\n<meta property=\"og:site_name\" content=\"ITSF Boutique officielle\" \/>\n<meta property=\"article:modified_time\" content=\"2026-03-02T12:53:41+00:00\" \/>\n<meta property=\"og:image\" content=\"https:\/\/shop.tablesoccer.org\/wp-content\/uploads\/2023\/11\/cable_extension._1800_px.jpg\" \/>\n\t<meta property=\"og:image:width\" content=\"1600\" \/>\n\t<meta property=\"og:image:height\" content=\"1133\" \/>\n\t<meta property=\"og:image:type\" content=\"image\/jpeg\" \/>\n<meta name=\"twitter:card\" content=\"summary_large_image\" \/>\n<meta name=\"twitter:label1\" content=\"Gesch\u00e4tzte Lesezeit\" \/>\n\t<meta name=\"twitter:data1\" content=\"1\u00a0Minute\" \/>\n<script type=\"application\/ld+json\" class=\"yoast-schema-graph\">{\"@context\":\"https:\/\/schema.org\",\"@graph\":[{\"@type\":\"WebPage\",\"@id\":\"https:\/\/shop.tablesoccer.org\/produit\/cable-dextension-pour-lampe-de-babyfoot\/\",\"url\":\"https:\/\/shop.tablesoccer.org\/produit\/cable-dextension-pour-lampe-de-babyfoot\/\",\"name\":\"Cable d\u2019extension pour lampe de babyfoot - ITSF Boutique officielle\",\"isPartOf\":{\"@id\":\"https:\/\/shop.tablesoccer.org\/#website\"},\"primaryImageOfPage\":{\"@id\":\"https:\/\/shop.tablesoccer.org\/produit\/cable-dextension-pour-lampe-de-babyfoot\/#primaryimage\"},\"image\":{\"@id\":\"https:\/\/shop.tablesoccer.org\/produit\/cable-dextension-pour-lampe-de-babyfoot\/#primaryimage\"},\"thumbnailUrl\":\"https:\/\/shop.tablesoccer.org\/wp-content\/uploads\/2023\/11\/cable_extension._1800_px.jpg\",\"datePublished\":\"2023-11-14T15:54:46+00:00\",\"dateModified\":\"2026-03-02T12:53:41+00:00\",\"description\":\"Allongez facilement l\u2019alimentation de votre lampe de baby-foot avec ce c\u00e2ble d\u2019extension de 10 m\u00e8tres, pour un \u00e9clairage stable sur votre table.\",\"breadcrumb\":{\"@id\":\"https:\/\/shop.tablesoccer.org\/produit\/cable-dextension-pour-lampe-de-babyfoot\/#breadcrumb\"},\"inLanguage\":\"de\",\"potentialAction\":[{\"@type\":\"ReadAction\",\"target\":[\"https:\/\/shop.tablesoccer.org\/produit\/cable-dextension-pour-lampe-de-babyfoot\/\"]}]},{\"@type\":\"ImageObject\",\"inLanguage\":\"de\",\"@id\":\"https:\/\/shop.tablesoccer.org\/produit\/cable-dextension-pour-lampe-de-babyfoot\/#primaryimage\",\"url\":\"https:\/\/shop.tablesoccer.org\/wp-content\/uploads\/2023\/11\/cable_extension._1800_px.jpg\",\"contentUrl\":\"https:\/\/shop.tablesoccer.org\/wp-content\/uploads\/2023\/11\/cable_extension._1800_px.jpg\",\"width\":1600,\"height\":1133,\"caption\":\"C\u00e2ble d'extension pour lampe ITSF baby foot\"},{\"@type\":\"BreadcrumbList\",\"@id\":\"https:\/\/shop.tablesoccer.org\/produit\/cable-dextension-pour-lampe-de-babyfoot\/#breadcrumb\",\"itemListElement\":[{\"@type\":\"ListItem\",\"position\":1,\"name\":\"Accueil\",\"item\":\"https:\/\/shop.tablesoccer.org\/\"},{\"@type\":\"ListItem\",\"position\":2,\"name\":\"Boutique\",\"item\":\"https:\/\/shop.tablesoccer.org\/accueil\/boutique\/\"},{\"@type\":\"ListItem\",\"position\":3,\"name\":\"Cable d\u2019extension pour lampe de babyfoot\"}]},{\"@type\":\"WebSite\",\"@id\":\"https:\/\/shop.tablesoccer.org\/#website\",\"url\":\"https:\/\/shop.tablesoccer.org\/\",\"name\":\"ITSF Boutique officielle\",\"description\":\"\",\"potentialAction\":[{\"@type\":\"SearchAction\",\"target\":{\"@type\":\"EntryPoint\",\"urlTemplate\":\"https:\/\/shop.tablesoccer.org\/?s={search_term_string}\"},\"query-input\":{\"@type\":\"PropertyValueSpecification\",\"valueRequired\":true,\"valueName\":\"search_term_string\"}}],\"inLanguage\":\"de\"}]}<\/script>\n<!-- \/ Yoast SEO plugin. -->","yoast_head_json":{"title":"Cable d\u2019extension pour lampe de babyfoot - ITSF Boutique officielle","description":"Allongez facilement l\u2019alimentation de votre lampe de baby-foot avec ce c\u00e2ble d\u2019extension de 10 m\u00e8tres, pour un \u00e9clairage stable sur votre table.","robots":{"index":"index","follow":"follow","max-snippet":"max-snippet:-1","max-image-preview":"max-image-preview:large","max-video-preview":"max-video-preview:-1"},"canonical":"https:\/\/shop.tablesoccer.org\/de\/produkt\/cable-dextension-pour-lampe-de-babyfoot\/","og_locale":"de_DE","og_type":"article","og_title":"Cable d\u2019extension pour lampe de babyfoot - ITSF Boutique officielle","og_description":"Allongez facilement l\u2019alimentation de votre lampe de baby-foot avec ce c\u00e2ble d\u2019extension de 10 m\u00e8tres, pour un \u00e9clairage stable sur votre table.","og_url":"https:\/\/shop.tablesoccer.org\/de\/produkt\/cable-dextension-pour-lampe-de-babyfoot\/","og_site_name":"ITSF Boutique officielle","article_modified_time":"2026-03-02T12:53:41+00:00","og_image":[{"width":1600,"height":1133,"url":"https:\/\/shop.tablesoccer.org\/wp-content\/uploads\/2023\/11\/cable_extension._1800_px.jpg","type":"image\/jpeg"}],"twitter_card":"summary_large_image","twitter_misc":{"Gesch\u00e4tzte Lesezeit":"1\u00a0Minute"},"schema":{"@context":"https:\/\/schema.org","@graph":[{"@type":"WebPage","@id":"https:\/\/shop.tablesoccer.org\/produit\/cable-dextension-pour-lampe-de-babyfoot\/","url":"https:\/\/shop.tablesoccer.org\/produit\/cable-dextension-pour-lampe-de-babyfoot\/","name":"Cable d\u2019extension pour lampe de babyfoot - ITSF Boutique officielle","isPartOf":{"@id":"https:\/\/shop.tablesoccer.org\/#website"},"primaryImageOfPage":{"@id":"https:\/\/shop.tablesoccer.org\/produit\/cable-dextension-pour-lampe-de-babyfoot\/#primaryimage"},"image":{"@id":"https:\/\/shop.tablesoccer.org\/produit\/cable-dextension-pour-lampe-de-babyfoot\/#primaryimage"},"thumbnailUrl":"https:\/\/shop.tablesoccer.org\/wp-content\/uploads\/2023\/11\/cable_extension._1800_px.jpg","datePublished":"2023-11-14T15:54:46+00:00","dateModified":"2026-03-02T12:53:41+00:00","description":"Allongez facilement l\u2019alimentation de votre lampe de baby-foot avec ce c\u00e2ble d\u2019extension de 10 m\u00e8tres, pour un \u00e9clairage stable sur votre table.","breadcrumb":{"@id":"https:\/\/shop.tablesoccer.org\/produit\/cable-dextension-pour-lampe-de-babyfoot\/#breadcrumb"},"inLanguage":"de","potentialAction":[{"@type":"ReadAction","target":["https:\/\/shop.tablesoccer.org\/produit\/cable-dextension-pour-lampe-de-babyfoot\/"]}]},{"@type":"ImageObject","inLanguage":"de","@id":"https:\/\/shop.tablesoccer.org\/produit\/cable-dextension-pour-lampe-de-babyfoot\/#primaryimage","url":"https:\/\/shop.tablesoccer.org\/wp-content\/uploads\/2023\/11\/cable_extension._1800_px.jpg","contentUrl":"https:\/\/shop.tablesoccer.org\/wp-content\/uploads\/2023\/11\/cable_extension._1800_px.jpg","width":1600,"height":1133,"caption":"C\u00e2ble d'extension pour lampe ITSF baby foot"},{"@type":"BreadcrumbList","@id":"https:\/\/shop.tablesoccer.org\/produit\/cable-dextension-pour-lampe-de-babyfoot\/#breadcrumb","itemListElement":[{"@type":"ListItem","position":1,"name":"Accueil","item":"https:\/\/shop.tablesoccer.org\/"},{"@type":"ListItem","position":2,"name":"Boutique","item":"https:\/\/shop.tablesoccer.org\/accueil\/boutique\/"},{"@type":"ListItem","position":3,"name":"Cable d\u2019extension pour lampe de babyfoot"}]},{"@type":"WebSite","@id":"https:\/\/shop.tablesoccer.org\/#website","url":"https:\/\/shop.tablesoccer.org\/","name":"ITSF Boutique officielle","description":"","potentialAction":[{"@type":"SearchAction","target":{"@type":"EntryPoint","urlTemplate":"https:\/\/shop.tablesoccer.org\/?s={search_term_string}"},"query-input":{"@type":"PropertyValueSpecification","valueRequired":true,"valueName":"search_term_string"}}],"inLanguage":"de"}]}},"_links":{"self":[{"href":"https:\/\/shop.tablesoccer.org\/de\/wp-json\/wp\/v2\/product\/9651","targetHints":{"allow":["GET"]}}],"collection":[{"href":"https:\/\/shop.tablesoccer.org\/de\/wp-json\/wp\/v2\/product"}],"about":[{"href":"https:\/\/shop.tablesoccer.org\/de\/wp-json\/wp\/v2\/types\/product"}],"replies":[{"embeddable":true,"href":"https:\/\/shop.tablesoccer.org\/de\/wp-json\/wp\/v2\/comments?post=9651"}],"wp:featuredmedia":[{"embeddable":true,"href":"https:\/\/shop.tablesoccer.org\/de\/wp-json\/wp\/v2\/media\/9695"}],"wp:attachment":[{"href":"https:\/\/shop.tablesoccer.org\/de\/wp-json\/wp\/v2\/media?parent=9651"}],"wp:term":[{"taxonomy":"product_brand","embeddable":true,"href":"https:\/\/shop.tablesoccer.org\/de\/wp-json\/wp\/v2\/product_brand?post=9651"},{"taxonomy":"product_cat","embeddable":true,"href":"https:\/\/shop.tablesoccer.org\/de\/wp-json\/wp\/v2\/product_cat?post=9651"},{"taxonomy":"product_tag","embeddable":true,"href":"https:\/\/shop.tablesoccer.org\/de\/wp-json\/wp\/v2\/product_tag?post=9651"}],"curies":[{"name":"wp","href":"https:\/\/api.w.org\/{rel}","templated":true}]}}