{"id":9650,"date":"2023-11-14T16:54:43","date_gmt":"2023-11-14T15:54:43","guid":{"rendered":"https:\/\/shop.tablesoccer.org\/?post_type=product&#038;p=9650"},"modified":"2026-02-17T16:17:26","modified_gmt":"2026-02-17T15:17:26","slug":"lampe-itsf-floodlight-pure-sport-baby-foot","status":"publish","type":"product","link":"https:\/\/shop.tablesoccer.org\/de\/produkt\/lampe-itsf-floodlight-pure-sport-baby-foot\/","title":{"rendered":"ITSF Flutlicht Pure Sport Lampe"},"content":{"rendered":"<p><strong>Beschreibung:<\/strong><\/p>\n<p>Die Floodlight Pure Sport ITSF ist eine ultrad\u00fcnne LED-Lampe, die f\u00fcr eine kraftvolle, gleichm\u00e4\u00dfige und blendfreie Beleuchtung Ihres Tischfu\u00dfballs entwickelt wurde. Dank ihrer 120 LEDs (12 V \u2013 10 W) eliminiert sie v\u00f6llig Schatten und hebt jedes Detail des Gel\u00e4ndes hervor. Seine leichte (\u2248 500 g) und faltbare Struktur aus geb\u00fcrstetem Edelstahl sorgt f\u00fcr Robustheit, schlichtes Design und keine Erw\u00e4rmung w\u00e4hrend des Spiels.<\/p>\n<p>Die Installation ist einfach und schnell: zwei <a href=\"https:\/\/shop.tablesoccer.org\/de\/produkt\/aimant-supplementaire-lampe-baby-foot\/\">aimants<\/a> Neodym, Klebstoff und Schrauben werden zur Verf\u00fcgung gestellt, um sich an alle Tischfu\u00dfballe anzupassen. Die Lampe kann je nach Ihren Vorlieben und der gew\u00fcnschten Sicht auf der Ziellinie in einer geraden oder diagonalen Linie befestigt werden.<br \/>\nSie funktioniert \u00fcber 12-V-Stromversorgung und bietet Platz f\u00fcr einen optionalen wiederaufladbaren Akku (Autonomie &gt; 10 h).<\/p>\n<p><strong>Eigenschaften:<\/strong><\/p>\n<ul>\n<li>120 LED \u2013 12 V \u2013 10 W<\/li>\n<li>L\u00e4nge: 105 cm<\/li>\n<li>Gewicht: 500g<\/li>\n<li>Struktur aus geb\u00fcrstetem Edelstahl, ultrad\u00fcnn und faltbar<\/li>\n<li>Befestigung: 2 starke Magnete + Klebstoff + Schraube<\/li>\n<li>Gerade oder diagonale Installation<\/li>\n<li>Kompatibel mit wiederaufladbarer Batterie (Option)<\/li>\n<\/ul>\n<p><strong>Pflegetipp<\/strong><\/p>\n<p>Mit einem weichen, trockenen Tuch reinigen. Vermeiden Sie L\u00f6sungsmittel und Scheuermittel.<br \/>\nBehandeln Sie Neodym-Magnete vorsichtig, um St\u00f6\u00dfe oder Kneifen zu vermeiden.<\/p>\n<p>Finden Sie unsere gesamte Auswahl in der Kategorie: <a href=\"https:\/\/shop.tablesoccer.org\/de\/produkt-kategorie\/equipement\/accessoires-table-baby-foot\/\">Tischfu\u00dfball-Tischzubeh\u00f6r<\/a><\/p>","protected":false},"excerpt":{"rendered":"<p style=\"font-weight: 400;\">Ultrad\u00fcnne LED-Beleuchtung f\u00fcr Tischfu\u00dfball: Das Floodlight Pure Sport ITSF bietet eine klare Sicht ohne Schatten und Hitze, l\u00e4sst sich leicht mit Magneten befestigen und passt sich an alle Tische.<\/p>","protected":false},"featured_media":9691,"comment_status":"open","ping_status":"closed","template":"","meta":[],"product_brand":[],"product_cat":[160,69],"product_tag":[],"class_list":{"0":"post-9650","1":"product","2":"type-product","3":"status-publish","4":"has-post-thumbnail","6":"product_cat-accessoires-table-baby-foot","7":"product_cat-equipement","8":"product_shipping_class-ligths","10":"first","11":"instock","12":"taxable","13":"shipping-taxable","14":"purchasable","15":"product-type-simple"},"yoast_head":"<!-- This site is optimized with the Yoast SEO plugin v26.5 - https:\/\/yoast.com\/wordpress\/plugins\/seo\/ -->\n<title>Lampe baby-foot ITSF Floodlight Pure Sport - ITSF Boutique officielle<\/title>\n<meta name=\"description\" content=\"\u00c9clairag pour baby-foot Floodlight Pure Sport ITSF assure une vision claire sans chaleur, se fixe facilement avec aimants et s\u2019adapte \u00e0 toutes les tables.\" \/>\n<meta name=\"robots\" content=\"index, follow, max-snippet:-1, max-image-preview:large, max-video-preview:-1\" \/>\n<link rel=\"canonical\" href=\"https:\/\/shop.tablesoccer.org\/de\/produkt\/lampe-itsf-floodlight-pure-sport-baby-foot\/\" \/>\n<meta property=\"og:locale\" content=\"de_DE\" \/>\n<meta property=\"og:type\" content=\"article\" \/>\n<meta property=\"og:title\" content=\"Lampe baby-foot ITSF Floodlight Pure Sport - ITSF Boutique officielle\" \/>\n<meta property=\"og:description\" content=\"\u00c9clairag pour baby-foot Floodlight Pure Sport ITSF assure une vision claire sans chaleur, se fixe facilement avec aimants et s\u2019adapte \u00e0 toutes les tables.\" \/>\n<meta property=\"og:url\" content=\"https:\/\/shop.tablesoccer.org\/de\/produkt\/lampe-itsf-floodlight-pure-sport-baby-foot\/\" \/>\n<meta property=\"og:site_name\" content=\"ITSF Boutique officielle\" \/>\n<meta property=\"article:modified_time\" content=\"2026-02-17T15:17:26+00:00\" \/>\n<meta property=\"og:image\" content=\"https:\/\/shop.tablesoccer.org\/wp-content\/uploads\/2023\/11\/detail-2-oben.jpg\" \/>\n\t<meta property=\"og:image:width\" content=\"1600\" \/>\n\t<meta property=\"og:image:height\" content=\"1067\" \/>\n\t<meta property=\"og:image:type\" content=\"image\/jpeg\" \/>\n<meta name=\"twitter:card\" content=\"summary_large_image\" \/>\n<meta name=\"twitter:label1\" content=\"Gesch\u00e4tzte Lesezeit\" \/>\n\t<meta name=\"twitter:data1\" content=\"2\u00a0Minuten\" \/>\n<script type=\"application\/ld+json\" class=\"yoast-schema-graph\">{\"@context\":\"https:\/\/schema.org\",\"@graph\":[{\"@type\":\"WebPage\",\"@id\":\"https:\/\/shop.tablesoccer.org\/produit\/lampe-itsf-floodlight-pure-sport-baby-foot\/\",\"url\":\"https:\/\/shop.tablesoccer.org\/produit\/lampe-itsf-floodlight-pure-sport-baby-foot\/\",\"name\":\"Lampe baby-foot ITSF Floodlight Pure Sport - ITSF Boutique officielle\",\"isPartOf\":{\"@id\":\"https:\/\/shop.tablesoccer.org\/#website\"},\"primaryImageOfPage\":{\"@id\":\"https:\/\/shop.tablesoccer.org\/produit\/lampe-itsf-floodlight-pure-sport-baby-foot\/#primaryimage\"},\"image\":{\"@id\":\"https:\/\/shop.tablesoccer.org\/produit\/lampe-itsf-floodlight-pure-sport-baby-foot\/#primaryimage\"},\"thumbnailUrl\":\"https:\/\/shop.tablesoccer.org\/wp-content\/uploads\/2023\/11\/detail-2-oben.jpg\",\"datePublished\":\"2023-11-14T15:54:43+00:00\",\"dateModified\":\"2026-02-17T15:17:26+00:00\",\"description\":\"\u00c9clairag pour baby-foot Floodlight Pure Sport ITSF assure une vision claire sans chaleur, se fixe facilement avec aimants et s\u2019adapte \u00e0 toutes les tables.\",\"breadcrumb\":{\"@id\":\"https:\/\/shop.tablesoccer.org\/produit\/lampe-itsf-floodlight-pure-sport-baby-foot\/#breadcrumb\"},\"inLanguage\":\"de\",\"potentialAction\":[{\"@type\":\"ReadAction\",\"target\":[\"https:\/\/shop.tablesoccer.org\/produit\/lampe-itsf-floodlight-pure-sport-baby-foot\/\"]}]},{\"@type\":\"ImageObject\",\"inLanguage\":\"de\",\"@id\":\"https:\/\/shop.tablesoccer.org\/produit\/lampe-itsf-floodlight-pure-sport-baby-foot\/#primaryimage\",\"url\":\"https:\/\/shop.tablesoccer.org\/wp-content\/uploads\/2023\/11\/detail-2-oben.jpg\",\"contentUrl\":\"https:\/\/shop.tablesoccer.org\/wp-content\/uploads\/2023\/11\/detail-2-oben.jpg\",\"width\":1600,\"height\":1067,\"caption\":\"Lampe ITSF Floodlight Pure Sport baby foot\"},{\"@type\":\"BreadcrumbList\",\"@id\":\"https:\/\/shop.tablesoccer.org\/produit\/lampe-itsf-floodlight-pure-sport-baby-foot\/#breadcrumb\",\"itemListElement\":[{\"@type\":\"ListItem\",\"position\":1,\"name\":\"Accueil\",\"item\":\"https:\/\/shop.tablesoccer.org\/\"},{\"@type\":\"ListItem\",\"position\":2,\"name\":\"Boutique\",\"item\":\"https:\/\/shop.tablesoccer.org\/accueil\/boutique\/\"},{\"@type\":\"ListItem\",\"position\":3,\"name\":\"Lampe baby-foot ITSF Floodlight Pure Sport\"}]},{\"@type\":\"WebSite\",\"@id\":\"https:\/\/shop.tablesoccer.org\/#website\",\"url\":\"https:\/\/shop.tablesoccer.org\/\",\"name\":\"ITSF Boutique officielle\",\"description\":\"\",\"potentialAction\":[{\"@type\":\"SearchAction\",\"target\":{\"@type\":\"EntryPoint\",\"urlTemplate\":\"https:\/\/shop.tablesoccer.org\/?s={search_term_string}\"},\"query-input\":{\"@type\":\"PropertyValueSpecification\",\"valueRequired\":true,\"valueName\":\"search_term_string\"}}],\"inLanguage\":\"de\"}]}<\/script>\n<!-- \/ Yoast SEO plugin. -->","yoast_head_json":{"title":"Lampe baby-foot ITSF Floodlight Pure Sport - ITSF Boutique officielle","description":"\u00c9clairag pour baby-foot Floodlight Pure Sport ITSF assure une vision claire sans chaleur, se fixe facilement avec aimants et s\u2019adapte \u00e0 toutes les tables.","robots":{"index":"index","follow":"follow","max-snippet":"max-snippet:-1","max-image-preview":"max-image-preview:large","max-video-preview":"max-video-preview:-1"},"canonical":"https:\/\/shop.tablesoccer.org\/de\/produkt\/lampe-itsf-floodlight-pure-sport-baby-foot\/","og_locale":"de_DE","og_type":"article","og_title":"Lampe baby-foot ITSF Floodlight Pure Sport - ITSF Boutique officielle","og_description":"\u00c9clairag pour baby-foot Floodlight Pure Sport ITSF assure une vision claire sans chaleur, se fixe facilement avec aimants et s\u2019adapte \u00e0 toutes les tables.","og_url":"https:\/\/shop.tablesoccer.org\/de\/produkt\/lampe-itsf-floodlight-pure-sport-baby-foot\/","og_site_name":"ITSF Boutique officielle","article_modified_time":"2026-02-17T15:17:26+00:00","og_image":[{"width":1600,"height":1067,"url":"https:\/\/shop.tablesoccer.org\/wp-content\/uploads\/2023\/11\/detail-2-oben.jpg","type":"image\/jpeg"}],"twitter_card":"summary_large_image","twitter_misc":{"Gesch\u00e4tzte Lesezeit":"2\u00a0Minuten"},"schema":{"@context":"https:\/\/schema.org","@graph":[{"@type":"WebPage","@id":"https:\/\/shop.tablesoccer.org\/produit\/lampe-itsf-floodlight-pure-sport-baby-foot\/","url":"https:\/\/shop.tablesoccer.org\/produit\/lampe-itsf-floodlight-pure-sport-baby-foot\/","name":"Lampe baby-foot ITSF Floodlight Pure Sport - ITSF Boutique officielle","isPartOf":{"@id":"https:\/\/shop.tablesoccer.org\/#website"},"primaryImageOfPage":{"@id":"https:\/\/shop.tablesoccer.org\/produit\/lampe-itsf-floodlight-pure-sport-baby-foot\/#primaryimage"},"image":{"@id":"https:\/\/shop.tablesoccer.org\/produit\/lampe-itsf-floodlight-pure-sport-baby-foot\/#primaryimage"},"thumbnailUrl":"https:\/\/shop.tablesoccer.org\/wp-content\/uploads\/2023\/11\/detail-2-oben.jpg","datePublished":"2023-11-14T15:54:43+00:00","dateModified":"2026-02-17T15:17:26+00:00","description":"\u00c9clairag pour baby-foot Floodlight Pure Sport ITSF assure une vision claire sans chaleur, se fixe facilement avec aimants et s\u2019adapte \u00e0 toutes les tables.","breadcrumb":{"@id":"https:\/\/shop.tablesoccer.org\/produit\/lampe-itsf-floodlight-pure-sport-baby-foot\/#breadcrumb"},"inLanguage":"de","potentialAction":[{"@type":"ReadAction","target":["https:\/\/shop.tablesoccer.org\/produit\/lampe-itsf-floodlight-pure-sport-baby-foot\/"]}]},{"@type":"ImageObject","inLanguage":"de","@id":"https:\/\/shop.tablesoccer.org\/produit\/lampe-itsf-floodlight-pure-sport-baby-foot\/#primaryimage","url":"https:\/\/shop.tablesoccer.org\/wp-content\/uploads\/2023\/11\/detail-2-oben.jpg","contentUrl":"https:\/\/shop.tablesoccer.org\/wp-content\/uploads\/2023\/11\/detail-2-oben.jpg","width":1600,"height":1067,"caption":"Lampe ITSF Floodlight Pure Sport baby foot"},{"@type":"BreadcrumbList","@id":"https:\/\/shop.tablesoccer.org\/produit\/lampe-itsf-floodlight-pure-sport-baby-foot\/#breadcrumb","itemListElement":[{"@type":"ListItem","position":1,"name":"Accueil","item":"https:\/\/shop.tablesoccer.org\/"},{"@type":"ListItem","position":2,"name":"Boutique","item":"https:\/\/shop.tablesoccer.org\/accueil\/boutique\/"},{"@type":"ListItem","position":3,"name":"Lampe baby-foot ITSF Floodlight Pure Sport"}]},{"@type":"WebSite","@id":"https:\/\/shop.tablesoccer.org\/#website","url":"https:\/\/shop.tablesoccer.org\/","name":"ITSF Boutique officielle","description":"","potentialAction":[{"@type":"SearchAction","target":{"@type":"EntryPoint","urlTemplate":"https:\/\/shop.tablesoccer.org\/?s={search_term_string}"},"query-input":{"@type":"PropertyValueSpecification","valueRequired":true,"valueName":"search_term_string"}}],"inLanguage":"de"}]}},"_links":{"self":[{"href":"https:\/\/shop.tablesoccer.org\/de\/wp-json\/wp\/v2\/product\/9650","targetHints":{"allow":["GET"]}}],"collection":[{"href":"https:\/\/shop.tablesoccer.org\/de\/wp-json\/wp\/v2\/product"}],"about":[{"href":"https:\/\/shop.tablesoccer.org\/de\/wp-json\/wp\/v2\/types\/product"}],"replies":[{"embeddable":true,"href":"https:\/\/shop.tablesoccer.org\/de\/wp-json\/wp\/v2\/comments?post=9650"}],"wp:featuredmedia":[{"embeddable":true,"href":"https:\/\/shop.tablesoccer.org\/de\/wp-json\/wp\/v2\/media\/9691"}],"wp:attachment":[{"href":"https:\/\/shop.tablesoccer.org\/de\/wp-json\/wp\/v2\/media?parent=9650"}],"wp:term":[{"taxonomy":"product_brand","embeddable":true,"href":"https:\/\/shop.tablesoccer.org\/de\/wp-json\/wp\/v2\/product_brand?post=9650"},{"taxonomy":"product_cat","embeddable":true,"href":"https:\/\/shop.tablesoccer.org\/de\/wp-json\/wp\/v2\/product_cat?post=9650"},{"taxonomy":"product_tag","embeddable":true,"href":"https:\/\/shop.tablesoccer.org\/de\/wp-json\/wp\/v2\/product_tag?post=9650"}],"curies":[{"name":"wp","href":"https:\/\/api.w.org\/{rel}","templated":true}]}}