{"id":9587,"date":"2023-11-14T16:39:37","date_gmt":"2023-11-14T15:39:37","guid":{"rendered":"https:\/\/shop.tablesoccer.org\/?post_type=product&#038;p=9587"},"modified":"2026-03-13T05:40:24","modified_gmt":"2026-03-13T04:40:24","slug":"gant-baby-foot-en-cuir-itsf-noir-blanc-homme","status":"publish","type":"product","link":"https:\/\/shop.tablesoccer.org\/de\/produkt\/gant-baby-foot-en-cuir-itsf-noir-blanc-homme\/","title":{"rendered":"ITSF Herren-Handschuh links aus Leder"},"content":{"rendered":"<p style=\"font-weight: 400;\"><strong>Beschreibung:<\/strong><\/p>\n<p style=\"font-weight: 400;\">Offizieller ITSF-Handschuh aus schwarzem und wei\u00dfem Leder, f\u00fcr M\u00e4nner konzipiert, mit ausgezeichnetem Halt an den Fussballgriffen. Nur f\u00fcr die linke Hand erh\u00e4ltlich, sch\u00fctzt und verbessert den Grip bei intensiven Spielen.<\/p>\n<p>&nbsp;<\/p>\n<p style=\"font-weight: 400;\"><strong>Eigenschaften:<\/strong><\/p>\n<ul>\n<li>Hergestellt aus echtem wei\u00dfen Cabretta-Leder &amp; Schwarz Lycra (Zwischen den Fingern schwarzer Stoff).<\/li>\n<li>Farben: schwarz und wei\u00df.<\/li>\n<li>Geschlecht: m\u00e4nnlich<\/li>\n<li>Linke Hand<\/li>\n<li>Erh\u00e4ltliche Gr\u00f6\u00dfen: S, M, L, XL, XXL<\/li>\n<\/ul>\n<p>&nbsp;<\/p>\n<p style=\"font-weight: 400;\"><strong>Pflegehinweise<\/strong><\/p>\n<p style=\"font-weight: 400;\">Reinigen Sie diesen Lederhandschuh von Hand mit einem weichen, leicht feuchten Tuch. Lassen Sie es an der Luft trocknen, vermeiden Sie direkte W\u00e4rmequellen, um die Qualit\u00e4t des Leders zu erhalten.<\/p>\n<p style=\"font-weight: 400;\">Finden Sie unsere gesamte Auswahl in der Kategorie: <a href=\"https:\/\/shop.tablesoccer.org\/de\/produkt-kategorie\/equipement\/equipements-joueurs-baby-foot\/\">Einrichtungen f\u00fcr Tischfussballspieler<\/a><\/p>","protected":false},"excerpt":{"rendered":"<p style=\"font-weight: 400;\">ITSF Handschuh aus schwarzem und wei\u00dfem Leder f\u00fcr Herren, linke Hand, bietet Grip, Komfort und Haltbarkeit bei Ihren Spielen.<\/p>","protected":false},"featured_media":9632,"comment_status":"open","ping_status":"closed","template":"","meta":[],"product_brand":[],"product_cat":[69,121,147],"product_tag":[],"class_list":{"0":"post-9587","1":"product","2":"type-product","3":"status-publish","4":"has-post-thumbnail","6":"product_cat-equipement","7":"product_cat-grips-et-blocs-grips-baby-foot","8":"product_cat-promotions","10":"first","11":"instock","12":"sale","13":"taxable","14":"shipping-taxable","15":"purchasable","16":"product-type-variable"},"yoast_head":"<!-- This site is optimized with the Yoast SEO plugin v26.5 - https:\/\/yoast.com\/wordpress\/plugins\/seo\/ -->\n<title>Gant gauche baby-foot en cuir ITSF Homme - ITSF Boutique officielle<\/title>\n<meta name=\"description\" content=\"Gant ITSF en cuir noir et blanc pour homme, main gauche, offrant grip, confort et durabilit\u00e9 lors de vos matchs. Commandez sur ITSF store !\" \/>\n<meta name=\"robots\" content=\"index, follow, max-snippet:-1, max-image-preview:large, max-video-preview:-1\" \/>\n<link rel=\"canonical\" href=\"https:\/\/shop.tablesoccer.org\/de\/produkt\/gant-baby-foot-en-cuir-itsf-noir-blanc-homme\/\" \/>\n<meta property=\"og:locale\" content=\"de_DE\" \/>\n<meta property=\"og:type\" content=\"article\" \/>\n<meta property=\"og:title\" content=\"Gant gauche baby-foot en cuir ITSF Homme - ITSF Boutique officielle\" \/>\n<meta property=\"og:description\" content=\"Gant ITSF en cuir noir et blanc pour homme, main gauche, offrant grip, confort et durabilit\u00e9 lors de vos matchs. Commandez sur ITSF store !\" \/>\n<meta property=\"og:url\" content=\"https:\/\/shop.tablesoccer.org\/de\/produkt\/gant-baby-foot-en-cuir-itsf-noir-blanc-homme\/\" \/>\n<meta property=\"og:site_name\" content=\"ITSF Boutique officielle\" \/>\n<meta property=\"article:modified_time\" content=\"2026-03-13T04:40:24+00:00\" \/>\n<meta property=\"og:image\" content=\"https:\/\/shop.tablesoccer.org\/wp-content\/uploads\/2023\/11\/01_1.png\" \/>\n\t<meta property=\"og:image:width\" content=\"1600\" \/>\n\t<meta property=\"og:image:height\" content=\"1600\" \/>\n\t<meta property=\"og:image:type\" content=\"image\/png\" \/>\n<meta name=\"twitter:card\" content=\"summary_large_image\" \/>\n<meta name=\"twitter:label1\" content=\"Gesch\u00e4tzte Lesezeit\" \/>\n\t<meta name=\"twitter:data1\" content=\"1\u00a0Minute\" \/>\n<script type=\"application\/ld+json\" class=\"yoast-schema-graph\">{\"@context\":\"https:\/\/schema.org\",\"@graph\":[{\"@type\":\"WebPage\",\"@id\":\"https:\/\/shop.tablesoccer.org\/produit\/gant-baby-foot-en-cuir-itsf-noir-blanc-homme\/\",\"url\":\"https:\/\/shop.tablesoccer.org\/produit\/gant-baby-foot-en-cuir-itsf-noir-blanc-homme\/\",\"name\":\"Gant gauche baby-foot en cuir ITSF Homme - ITSF Boutique officielle\",\"isPartOf\":{\"@id\":\"https:\/\/shop.tablesoccer.org\/#website\"},\"primaryImageOfPage\":{\"@id\":\"https:\/\/shop.tablesoccer.org\/produit\/gant-baby-foot-en-cuir-itsf-noir-blanc-homme\/#primaryimage\"},\"image\":{\"@id\":\"https:\/\/shop.tablesoccer.org\/produit\/gant-baby-foot-en-cuir-itsf-noir-blanc-homme\/#primaryimage\"},\"thumbnailUrl\":\"https:\/\/shop.tablesoccer.org\/wp-content\/uploads\/2023\/11\/01_1.png\",\"datePublished\":\"2023-11-14T15:39:37+00:00\",\"dateModified\":\"2026-03-13T04:40:24+00:00\",\"description\":\"Gant ITSF en cuir noir et blanc pour homme, main gauche, offrant grip, confort et durabilit\u00e9 lors de vos matchs. Commandez sur ITSF store !\",\"breadcrumb\":{\"@id\":\"https:\/\/shop.tablesoccer.org\/produit\/gant-baby-foot-en-cuir-itsf-noir-blanc-homme\/#breadcrumb\"},\"inLanguage\":\"de\",\"potentialAction\":[{\"@type\":\"ReadAction\",\"target\":[\"https:\/\/shop.tablesoccer.org\/produit\/gant-baby-foot-en-cuir-itsf-noir-blanc-homme\/\"]}]},{\"@type\":\"ImageObject\",\"inLanguage\":\"de\",\"@id\":\"https:\/\/shop.tablesoccer.org\/produit\/gant-baby-foot-en-cuir-itsf-noir-blanc-homme\/#primaryimage\",\"url\":\"https:\/\/shop.tablesoccer.org\/wp-content\/uploads\/2023\/11\/01_1.png\",\"contentUrl\":\"https:\/\/shop.tablesoccer.org\/wp-content\/uploads\/2023\/11\/01_1.png\",\"width\":1600,\"height\":1600,\"caption\":\"Gant officiel ITSF noir et blanc homme baby-foot\"},{\"@type\":\"BreadcrumbList\",\"@id\":\"https:\/\/shop.tablesoccer.org\/produit\/gant-baby-foot-en-cuir-itsf-noir-blanc-homme\/#breadcrumb\",\"itemListElement\":[{\"@type\":\"ListItem\",\"position\":1,\"name\":\"Accueil\",\"item\":\"https:\/\/shop.tablesoccer.org\/\"},{\"@type\":\"ListItem\",\"position\":2,\"name\":\"Boutique\",\"item\":\"https:\/\/shop.tablesoccer.org\/accueil\/boutique\/\"},{\"@type\":\"ListItem\",\"position\":3,\"name\":\"Gant gauche baby-foot en cuir ITSF Homme\"}]},{\"@type\":\"WebSite\",\"@id\":\"https:\/\/shop.tablesoccer.org\/#website\",\"url\":\"https:\/\/shop.tablesoccer.org\/\",\"name\":\"ITSF Boutique officielle\",\"description\":\"\",\"potentialAction\":[{\"@type\":\"SearchAction\",\"target\":{\"@type\":\"EntryPoint\",\"urlTemplate\":\"https:\/\/shop.tablesoccer.org\/?s={search_term_string}\"},\"query-input\":{\"@type\":\"PropertyValueSpecification\",\"valueRequired\":true,\"valueName\":\"search_term_string\"}}],\"inLanguage\":\"de\"}]}<\/script>\n<!-- \/ Yoast SEO plugin. -->","yoast_head_json":{"title":"Gant gauche baby-foot en cuir ITSF Homme - ITSF Boutique officielle","description":"Gant ITSF en cuir noir et blanc pour homme, main gauche, offrant grip, confort et durabilit\u00e9 lors de vos matchs. Commandez sur ITSF store !","robots":{"index":"index","follow":"follow","max-snippet":"max-snippet:-1","max-image-preview":"max-image-preview:large","max-video-preview":"max-video-preview:-1"},"canonical":"https:\/\/shop.tablesoccer.org\/de\/produkt\/gant-baby-foot-en-cuir-itsf-noir-blanc-homme\/","og_locale":"de_DE","og_type":"article","og_title":"Gant gauche baby-foot en cuir ITSF Homme - ITSF Boutique officielle","og_description":"Gant ITSF en cuir noir et blanc pour homme, main gauche, offrant grip, confort et durabilit\u00e9 lors de vos matchs. Commandez sur ITSF store !","og_url":"https:\/\/shop.tablesoccer.org\/de\/produkt\/gant-baby-foot-en-cuir-itsf-noir-blanc-homme\/","og_site_name":"ITSF Boutique officielle","article_modified_time":"2026-03-13T04:40:24+00:00","og_image":[{"width":1600,"height":1600,"url":"https:\/\/shop.tablesoccer.org\/wp-content\/uploads\/2023\/11\/01_1.png","type":"image\/png"}],"twitter_card":"summary_large_image","twitter_misc":{"Gesch\u00e4tzte Lesezeit":"1\u00a0Minute"},"schema":{"@context":"https:\/\/schema.org","@graph":[{"@type":"WebPage","@id":"https:\/\/shop.tablesoccer.org\/produit\/gant-baby-foot-en-cuir-itsf-noir-blanc-homme\/","url":"https:\/\/shop.tablesoccer.org\/produit\/gant-baby-foot-en-cuir-itsf-noir-blanc-homme\/","name":"Gant gauche baby-foot en cuir ITSF Homme - ITSF Boutique officielle","isPartOf":{"@id":"https:\/\/shop.tablesoccer.org\/#website"},"primaryImageOfPage":{"@id":"https:\/\/shop.tablesoccer.org\/produit\/gant-baby-foot-en-cuir-itsf-noir-blanc-homme\/#primaryimage"},"image":{"@id":"https:\/\/shop.tablesoccer.org\/produit\/gant-baby-foot-en-cuir-itsf-noir-blanc-homme\/#primaryimage"},"thumbnailUrl":"https:\/\/shop.tablesoccer.org\/wp-content\/uploads\/2023\/11\/01_1.png","datePublished":"2023-11-14T15:39:37+00:00","dateModified":"2026-03-13T04:40:24+00:00","description":"Gant ITSF en cuir noir et blanc pour homme, main gauche, offrant grip, confort et durabilit\u00e9 lors de vos matchs. Commandez sur ITSF store !","breadcrumb":{"@id":"https:\/\/shop.tablesoccer.org\/produit\/gant-baby-foot-en-cuir-itsf-noir-blanc-homme\/#breadcrumb"},"inLanguage":"de","potentialAction":[{"@type":"ReadAction","target":["https:\/\/shop.tablesoccer.org\/produit\/gant-baby-foot-en-cuir-itsf-noir-blanc-homme\/"]}]},{"@type":"ImageObject","inLanguage":"de","@id":"https:\/\/shop.tablesoccer.org\/produit\/gant-baby-foot-en-cuir-itsf-noir-blanc-homme\/#primaryimage","url":"https:\/\/shop.tablesoccer.org\/wp-content\/uploads\/2023\/11\/01_1.png","contentUrl":"https:\/\/shop.tablesoccer.org\/wp-content\/uploads\/2023\/11\/01_1.png","width":1600,"height":1600,"caption":"Gant officiel ITSF noir et blanc homme baby-foot"},{"@type":"BreadcrumbList","@id":"https:\/\/shop.tablesoccer.org\/produit\/gant-baby-foot-en-cuir-itsf-noir-blanc-homme\/#breadcrumb","itemListElement":[{"@type":"ListItem","position":1,"name":"Accueil","item":"https:\/\/shop.tablesoccer.org\/"},{"@type":"ListItem","position":2,"name":"Boutique","item":"https:\/\/shop.tablesoccer.org\/accueil\/boutique\/"},{"@type":"ListItem","position":3,"name":"Gant gauche baby-foot en cuir ITSF Homme"}]},{"@type":"WebSite","@id":"https:\/\/shop.tablesoccer.org\/#website","url":"https:\/\/shop.tablesoccer.org\/","name":"ITSF Boutique officielle","description":"","potentialAction":[{"@type":"SearchAction","target":{"@type":"EntryPoint","urlTemplate":"https:\/\/shop.tablesoccer.org\/?s={search_term_string}"},"query-input":{"@type":"PropertyValueSpecification","valueRequired":true,"valueName":"search_term_string"}}],"inLanguage":"de"}]}},"_links":{"self":[{"href":"https:\/\/shop.tablesoccer.org\/de\/wp-json\/wp\/v2\/product\/9587","targetHints":{"allow":["GET"]}}],"collection":[{"href":"https:\/\/shop.tablesoccer.org\/de\/wp-json\/wp\/v2\/product"}],"about":[{"href":"https:\/\/shop.tablesoccer.org\/de\/wp-json\/wp\/v2\/types\/product"}],"replies":[{"embeddable":true,"href":"https:\/\/shop.tablesoccer.org\/de\/wp-json\/wp\/v2\/comments?post=9587"}],"wp:featuredmedia":[{"embeddable":true,"href":"https:\/\/shop.tablesoccer.org\/de\/wp-json\/wp\/v2\/media\/9632"}],"wp:attachment":[{"href":"https:\/\/shop.tablesoccer.org\/de\/wp-json\/wp\/v2\/media?parent=9587"}],"wp:term":[{"taxonomy":"product_brand","embeddable":true,"href":"https:\/\/shop.tablesoccer.org\/de\/wp-json\/wp\/v2\/product_brand?post=9587"},{"taxonomy":"product_cat","embeddable":true,"href":"https:\/\/shop.tablesoccer.org\/de\/wp-json\/wp\/v2\/product_cat?post=9587"},{"taxonomy":"product_tag","embeddable":true,"href":"https:\/\/shop.tablesoccer.org\/de\/wp-json\/wp\/v2\/product_tag?post=9587"}],"curies":[{"name":"wp","href":"https:\/\/api.w.org\/{rel}","templated":true}]}}