{"id":9580,"date":"2023-11-14T16:39:01","date_gmt":"2023-11-14T15:39:01","guid":{"rendered":"https:\/\/shop.tablesoccer.org\/?post_type=product&#038;p=9580"},"modified":"2026-03-08T10:47:58","modified_gmt":"2026-03-08T09:47:58","slug":"poignee-longue-baby-foot-bonzini-aluminium","status":"publish","type":"product","link":"https:\/\/shop.tablesoccer.org\/de\/produkt\/poignee-longue-baby-foot-bonzini-aluminium\/","title":{"rendered":"Tischfussball-Griff lang Bonzini Aluminium"},"content":{"rendered":"<p style=\"font-weight: 400;\"><strong>Beschreibung:\u00a0<\/strong><\/p>\n<p style=\"font-weight: 400;\">Der lange Aluminium-Bonzini-Griff wurde f\u00fcr Spieler entwickelt, die ein kraftvolles und kontrolliertes Spiel suchen. Mit seinen 139 g ist er der schwerste Griff der Bonzini-Reihe, was ihm eine hohe Tr\u00e4gheit bei den Dreh- und Schie\u00dfbewegungen verleiht.<\/p>\n<p>&nbsp;<\/p>\n<p style=\"font-weight: 400;\"><strong>Eigenschaften:<\/strong><\/p>\n<p style=\"font-weight: 400;\">- Material: Aluminium poliert, gl\u00e4nzend<\/p>\n<p style=\"font-weight: 400;\">- Gewicht: 139 g<\/p>\n<p style=\"font-weight: 400;\">F\u00fcr \"starke H\u00e4nde\": die Masse des Griffs beg\u00fcnstigt ein \"schwereres\" und stabileres Spiel<\/p>\n<p>&nbsp;<\/p>\n<p style=\"font-weight: 400;\"><strong>Pflegetipp\u00a0<\/strong><\/p>\n<p style=\"font-weight: 400;\">Zur Vermeidung von Kratzern mit einem weichen, trockenen Tuch reinigen. Keine Scheuermittel verwenden.<\/p>\n<p style=\"font-weight: 400;\">Ein robuster und eleganter Griff, der ideal ist, um die Kraft und Kontrolle Ihrer Stangen zu verst\u00e4rken.<\/p>\n<p style=\"font-weight: 400;\">Finden Sie unsere gesamte Auswahl in der Kategorie: <a href=\"https:\/\/shop.tablesoccer.org\/de\/produkt-kategorie\/equipement\/poignee-baby-foot\/\">Kickergriffe<\/a><\/p>","protected":false},"excerpt":{"rendered":"<p>Der Bonzini Long Aluminiumgriff ist f\u00fcr starke H\u00e4nde gemacht! Er ist der schwerste Griff im gesamten Bonzini-Sortiment. Er bietet ein kraftvolles und kontrolliertes Spiel aufgrund seines Gewichts von 139 Gramm. Der Aluminiumgriff wird Ihrer Tischfu\u00dfballplatte mit seinem gl\u00e4nzenden Finish Eleganz verleihen.<\/p>","protected":false},"featured_media":9628,"comment_status":"open","ping_status":"closed","template":"","meta":[],"product_brand":[],"product_cat":[69,120],"product_tag":[],"class_list":{"0":"post-9580","1":"product","2":"type-product","3":"status-publish","4":"has-post-thumbnail","6":"product_cat-equipement","7":"product_cat-poignee-baby-foot","9":"first","10":"instock","11":"taxable","12":"shipping-taxable","13":"purchasable","14":"product-type-simple"},"yoast_head":"<!-- This site is optimized with the Yoast SEO plugin v26.5 - https:\/\/yoast.com\/wordpress\/plugins\/seo\/ -->\n<title>Poign\u00e9e longue baby-foot Bonzini aluminium - ITSF Boutique officielle<\/title>\n<meta name=\"description\" content=\"Poign\u00e9e longue aluminium Bonzini : plus de poids pour ceux qui pr\u00e9f\u00e8rent les poign\u00e9es plus lourdes. Commandez-l\u00e0 sur l\u2019ITSF Store !\" \/>\n<meta name=\"robots\" content=\"index, follow, max-snippet:-1, max-image-preview:large, max-video-preview:-1\" \/>\n<link rel=\"canonical\" href=\"https:\/\/shop.tablesoccer.org\/de\/produkt\/poignee-longue-baby-foot-bonzini-aluminium\/\" \/>\n<meta property=\"og:locale\" content=\"de_DE\" \/>\n<meta property=\"og:type\" content=\"article\" \/>\n<meta property=\"og:title\" content=\"Poign\u00e9e longue baby-foot Bonzini aluminium - ITSF Boutique officielle\" \/>\n<meta property=\"og:description\" content=\"Poign\u00e9e longue aluminium Bonzini : plus de poids pour ceux qui pr\u00e9f\u00e8rent les poign\u00e9es plus lourdes. Commandez-l\u00e0 sur l\u2019ITSF Store !\" \/>\n<meta property=\"og:url\" content=\"https:\/\/shop.tablesoccer.org\/de\/produkt\/poignee-longue-baby-foot-bonzini-aluminium\/\" \/>\n<meta property=\"og:site_name\" content=\"ITSF Boutique officielle\" \/>\n<meta property=\"article:modified_time\" content=\"2026-03-08T09:47:58+00:00\" \/>\n<meta property=\"og:image\" content=\"https:\/\/shop.tablesoccer.org\/wp-content\/uploads\/2023\/11\/poign_e_longue_aluminium_1.jpg\" \/>\n\t<meta property=\"og:image:width\" content=\"1600\" \/>\n\t<meta property=\"og:image:height\" content=\"1066\" \/>\n\t<meta property=\"og:image:type\" content=\"image\/jpeg\" \/>\n<meta name=\"twitter:card\" content=\"summary_large_image\" \/>\n<meta name=\"twitter:label1\" content=\"Gesch\u00e4tzte Lesezeit\" \/>\n\t<meta name=\"twitter:data1\" content=\"1\u00a0Minute\" \/>\n<script type=\"application\/ld+json\" class=\"yoast-schema-graph\">{\"@context\":\"https:\/\/schema.org\",\"@graph\":[{\"@type\":\"WebPage\",\"@id\":\"https:\/\/shop.tablesoccer.org\/produit\/poignee-longue-baby-foot-bonzini-aluminium\/\",\"url\":\"https:\/\/shop.tablesoccer.org\/produit\/poignee-longue-baby-foot-bonzini-aluminium\/\",\"name\":\"Poign\u00e9e longue baby-foot Bonzini aluminium - ITSF Boutique officielle\",\"isPartOf\":{\"@id\":\"https:\/\/shop.tablesoccer.org\/#website\"},\"primaryImageOfPage\":{\"@id\":\"https:\/\/shop.tablesoccer.org\/produit\/poignee-longue-baby-foot-bonzini-aluminium\/#primaryimage\"},\"image\":{\"@id\":\"https:\/\/shop.tablesoccer.org\/produit\/poignee-longue-baby-foot-bonzini-aluminium\/#primaryimage\"},\"thumbnailUrl\":\"https:\/\/shop.tablesoccer.org\/wp-content\/uploads\/2023\/11\/poign_e_longue_aluminium_1.jpg\",\"datePublished\":\"2023-11-14T15:39:01+00:00\",\"dateModified\":\"2026-03-08T09:47:58+00:00\",\"description\":\"Poign\u00e9e longue aluminium Bonzini : plus de poids pour ceux qui pr\u00e9f\u00e8rent les poign\u00e9es plus lourdes. Commandez-l\u00e0 sur l\u2019ITSF Store !\",\"breadcrumb\":{\"@id\":\"https:\/\/shop.tablesoccer.org\/produit\/poignee-longue-baby-foot-bonzini-aluminium\/#breadcrumb\"},\"inLanguage\":\"de\",\"potentialAction\":[{\"@type\":\"ReadAction\",\"target\":[\"https:\/\/shop.tablesoccer.org\/produit\/poignee-longue-baby-foot-bonzini-aluminium\/\"]}]},{\"@type\":\"ImageObject\",\"inLanguage\":\"de\",\"@id\":\"https:\/\/shop.tablesoccer.org\/produit\/poignee-longue-baby-foot-bonzini-aluminium\/#primaryimage\",\"url\":\"https:\/\/shop.tablesoccer.org\/wp-content\/uploads\/2023\/11\/poign_e_longue_aluminium_1.jpg\",\"contentUrl\":\"https:\/\/shop.tablesoccer.org\/wp-content\/uploads\/2023\/11\/poign_e_longue_aluminium_1.jpg\",\"width\":1600,\"height\":1066,\"caption\":\"Poign\u00e9e longue aluminium Bonzini ITSF baby-foot\"},{\"@type\":\"BreadcrumbList\",\"@id\":\"https:\/\/shop.tablesoccer.org\/produit\/poignee-longue-baby-foot-bonzini-aluminium\/#breadcrumb\",\"itemListElement\":[{\"@type\":\"ListItem\",\"position\":1,\"name\":\"Accueil\",\"item\":\"https:\/\/shop.tablesoccer.org\/\"},{\"@type\":\"ListItem\",\"position\":2,\"name\":\"Boutique\",\"item\":\"https:\/\/shop.tablesoccer.org\/accueil\/boutique\/\"},{\"@type\":\"ListItem\",\"position\":3,\"name\":\"Poign\u00e9e longue baby-foot Bonzini aluminium\"}]},{\"@type\":\"WebSite\",\"@id\":\"https:\/\/shop.tablesoccer.org\/#website\",\"url\":\"https:\/\/shop.tablesoccer.org\/\",\"name\":\"ITSF Boutique officielle\",\"description\":\"\",\"potentialAction\":[{\"@type\":\"SearchAction\",\"target\":{\"@type\":\"EntryPoint\",\"urlTemplate\":\"https:\/\/shop.tablesoccer.org\/?s={search_term_string}\"},\"query-input\":{\"@type\":\"PropertyValueSpecification\",\"valueRequired\":true,\"valueName\":\"search_term_string\"}}],\"inLanguage\":\"de\"}]}<\/script>\n<!-- \/ Yoast SEO plugin. -->","yoast_head_json":{"title":"Poign\u00e9e longue baby-foot Bonzini aluminium - ITSF Boutique officielle","description":"Poign\u00e9e longue aluminium Bonzini : plus de poids pour ceux qui pr\u00e9f\u00e8rent les poign\u00e9es plus lourdes. Commandez-l\u00e0 sur l\u2019ITSF Store !","robots":{"index":"index","follow":"follow","max-snippet":"max-snippet:-1","max-image-preview":"max-image-preview:large","max-video-preview":"max-video-preview:-1"},"canonical":"https:\/\/shop.tablesoccer.org\/de\/produkt\/poignee-longue-baby-foot-bonzini-aluminium\/","og_locale":"de_DE","og_type":"article","og_title":"Poign\u00e9e longue baby-foot Bonzini aluminium - ITSF Boutique officielle","og_description":"Poign\u00e9e longue aluminium Bonzini : plus de poids pour ceux qui pr\u00e9f\u00e8rent les poign\u00e9es plus lourdes. Commandez-l\u00e0 sur l\u2019ITSF Store !","og_url":"https:\/\/shop.tablesoccer.org\/de\/produkt\/poignee-longue-baby-foot-bonzini-aluminium\/","og_site_name":"ITSF Boutique officielle","article_modified_time":"2026-03-08T09:47:58+00:00","og_image":[{"width":1600,"height":1066,"url":"https:\/\/shop.tablesoccer.org\/wp-content\/uploads\/2023\/11\/poign_e_longue_aluminium_1.jpg","type":"image\/jpeg"}],"twitter_card":"summary_large_image","twitter_misc":{"Gesch\u00e4tzte Lesezeit":"1\u00a0Minute"},"schema":{"@context":"https:\/\/schema.org","@graph":[{"@type":"WebPage","@id":"https:\/\/shop.tablesoccer.org\/produit\/poignee-longue-baby-foot-bonzini-aluminium\/","url":"https:\/\/shop.tablesoccer.org\/produit\/poignee-longue-baby-foot-bonzini-aluminium\/","name":"Poign\u00e9e longue baby-foot Bonzini aluminium - ITSF Boutique officielle","isPartOf":{"@id":"https:\/\/shop.tablesoccer.org\/#website"},"primaryImageOfPage":{"@id":"https:\/\/shop.tablesoccer.org\/produit\/poignee-longue-baby-foot-bonzini-aluminium\/#primaryimage"},"image":{"@id":"https:\/\/shop.tablesoccer.org\/produit\/poignee-longue-baby-foot-bonzini-aluminium\/#primaryimage"},"thumbnailUrl":"https:\/\/shop.tablesoccer.org\/wp-content\/uploads\/2023\/11\/poign_e_longue_aluminium_1.jpg","datePublished":"2023-11-14T15:39:01+00:00","dateModified":"2026-03-08T09:47:58+00:00","description":"Poign\u00e9e longue aluminium Bonzini : plus de poids pour ceux qui pr\u00e9f\u00e8rent les poign\u00e9es plus lourdes. Commandez-l\u00e0 sur l\u2019ITSF Store !","breadcrumb":{"@id":"https:\/\/shop.tablesoccer.org\/produit\/poignee-longue-baby-foot-bonzini-aluminium\/#breadcrumb"},"inLanguage":"de","potentialAction":[{"@type":"ReadAction","target":["https:\/\/shop.tablesoccer.org\/produit\/poignee-longue-baby-foot-bonzini-aluminium\/"]}]},{"@type":"ImageObject","inLanguage":"de","@id":"https:\/\/shop.tablesoccer.org\/produit\/poignee-longue-baby-foot-bonzini-aluminium\/#primaryimage","url":"https:\/\/shop.tablesoccer.org\/wp-content\/uploads\/2023\/11\/poign_e_longue_aluminium_1.jpg","contentUrl":"https:\/\/shop.tablesoccer.org\/wp-content\/uploads\/2023\/11\/poign_e_longue_aluminium_1.jpg","width":1600,"height":1066,"caption":"Poign\u00e9e longue aluminium Bonzini ITSF baby-foot"},{"@type":"BreadcrumbList","@id":"https:\/\/shop.tablesoccer.org\/produit\/poignee-longue-baby-foot-bonzini-aluminium\/#breadcrumb","itemListElement":[{"@type":"ListItem","position":1,"name":"Accueil","item":"https:\/\/shop.tablesoccer.org\/"},{"@type":"ListItem","position":2,"name":"Boutique","item":"https:\/\/shop.tablesoccer.org\/accueil\/boutique\/"},{"@type":"ListItem","position":3,"name":"Poign\u00e9e longue baby-foot Bonzini aluminium"}]},{"@type":"WebSite","@id":"https:\/\/shop.tablesoccer.org\/#website","url":"https:\/\/shop.tablesoccer.org\/","name":"ITSF Boutique officielle","description":"","potentialAction":[{"@type":"SearchAction","target":{"@type":"EntryPoint","urlTemplate":"https:\/\/shop.tablesoccer.org\/?s={search_term_string}"},"query-input":{"@type":"PropertyValueSpecification","valueRequired":true,"valueName":"search_term_string"}}],"inLanguage":"de"}]}},"_links":{"self":[{"href":"https:\/\/shop.tablesoccer.org\/de\/wp-json\/wp\/v2\/product\/9580","targetHints":{"allow":["GET"]}}],"collection":[{"href":"https:\/\/shop.tablesoccer.org\/de\/wp-json\/wp\/v2\/product"}],"about":[{"href":"https:\/\/shop.tablesoccer.org\/de\/wp-json\/wp\/v2\/types\/product"}],"replies":[{"embeddable":true,"href":"https:\/\/shop.tablesoccer.org\/de\/wp-json\/wp\/v2\/comments?post=9580"}],"wp:featuredmedia":[{"embeddable":true,"href":"https:\/\/shop.tablesoccer.org\/de\/wp-json\/wp\/v2\/media\/9628"}],"wp:attachment":[{"href":"https:\/\/shop.tablesoccer.org\/de\/wp-json\/wp\/v2\/media?parent=9580"}],"wp:term":[{"taxonomy":"product_brand","embeddable":true,"href":"https:\/\/shop.tablesoccer.org\/de\/wp-json\/wp\/v2\/product_brand?post=9580"},{"taxonomy":"product_cat","embeddable":true,"href":"https:\/\/shop.tablesoccer.org\/de\/wp-json\/wp\/v2\/product_cat?post=9580"},{"taxonomy":"product_tag","embeddable":true,"href":"https:\/\/shop.tablesoccer.org\/de\/wp-json\/wp\/v2\/product_tag?post=9580"}],"curies":[{"name":"wp","href":"https:\/\/api.w.org\/{rel}","templated":true}]}}