{"id":9576,"date":"2023-11-14T16:38:33","date_gmt":"2023-11-14T15:38:33","guid":{"rendered":"https:\/\/shop.tablesoccer.org\/?post_type=product&#038;p=9576"},"modified":"2026-03-12T23:01:48","modified_gmt":"2026-03-12T22:01:48","slug":"poignee-baby-foot-longue-bonzini","status":"publish","type":"product","link":"https:\/\/shop.tablesoccer.org\/de\/produkt\/poignee-baby-foot-longue-bonzini\/","title":{"rendered":"Bonzini Tischfussballgriff lang"},"content":{"rendered":"<p><strong>Beschreibung:\u00a0<\/strong><\/p>\n<p>Der lange Tischfu\u00dfballgriff Bonzini ist der emblematische Griff von Tischfu\u00dfballen in Frankreich und vielen europ\u00e4ischen L\u00e4ndern. Gesch\u00e4tzt f\u00fcr seinen vollst\u00e4ndigen und nat\u00fcrlichen Griff, erm\u00f6glicht es der gesamten Hand, in direktem Kontakt mit dem Griff zu sein, was eine bessere Kontrolle und eine gro\u00dfe Bewegungsfreiheit bietet. Ideal f\u00fcr alle Arten von technischen Gesten, ist es der Referenzgriff f\u00fcr Spieler, die Komfort und Leistung suchen.<\/p>\n<p>&nbsp;<\/p>\n<p><strong>Eigenschaften:<\/strong><\/p>\n<p>- Material: Bakelit, stark und langlebig<br \/>\n- L\u00e4nge: 80 mm<br \/>\n\u2013 Durchmesser: 34 mm<br \/>\n- Gewicht: 73 g<br \/>\nPassend f\u00fcr Bonzini Babyfusstische, ITSF-zertifiziertes Produkt<\/p>\n<p>&nbsp;<\/p>\n<p><strong>Pflegetipp<\/strong><\/p>\n<p>Wischen Sie den Griff regelm\u00e4\u00dfig mit einem weichen, trockenen Tuch ab, um Schmutz und Schwei\u00df zu entfernen. Vermeiden Sie die Verwendung von Scheuermitteln oder L\u00f6sungsmitteln, die die Oberfl\u00e4che ver\u00e4ndern k\u00f6nnen. Achten Sie darauf, dass der Griff sauber und trocken bleibt.<\/p>\n<p>Ein komfortabler und strapazierf\u00e4higer Griff, der perfekt ist, um viele Gesten auszuf\u00fchren und Ihr volles Potenzial als Spieler zu entfalten.<\/p>\n<p>Finden Sie unsere gesamte Auswahl in der Kategorie:<a href=\"https:\/\/shop.tablesoccer.org\/de\/produkt-kategorie\/equipement\/poignee-baby-foot\/\"> Fussballgriffe\u00a0<\/a><\/p>","protected":false},"excerpt":{"rendered":"<p>Der lange Griff des Tischfu\u00dfballers bonzini wird in Frankreich und im Ausland am h\u00e4ufigsten verwendet. Seine l\u00e4ngliche Form erm\u00f6glicht eine vollst\u00e4ndige Handhabung, um alle Ihre Gesten zu realisieren und Ihr volles Potenzial auszudr\u00fccken.<\/p>","protected":false},"featured_media":9627,"comment_status":"open","ping_status":"closed","template":"","meta":[],"product_brand":[],"product_cat":[69,120],"product_tag":[],"class_list":{"0":"post-9576","1":"product","2":"type-product","3":"status-publish","4":"has-post-thumbnail","6":"product_cat-equipement","7":"product_cat-poignee-baby-foot","9":"first","10":"outofstock","11":"taxable","12":"shipping-taxable","13":"purchasable","14":"product-type-simple"},"yoast_head":"<!-- This site is optimized with the Yoast SEO plugin v26.5 - https:\/\/yoast.com\/wordpress\/plugins\/seo\/ -->\n<title>Poign\u00e9e baby-foot longue Bonzini - ITSF Boutique officielle<\/title>\n<meta name=\"description\" content=\"La poign\u00e9e longue de baby-foot bonzini est la plus utilis\u00e9e en France et \u00e0 l&#039;\u00e9tranger. Sa forme allong\u00e9e permet une prise en main compl\u00e8te.\" \/>\n<meta name=\"robots\" content=\"index, follow, max-snippet:-1, max-image-preview:large, max-video-preview:-1\" \/>\n<link rel=\"canonical\" href=\"https:\/\/shop.tablesoccer.org\/de\/produkt\/poignee-baby-foot-longue-bonzini\/\" \/>\n<meta property=\"og:locale\" content=\"de_DE\" \/>\n<meta property=\"og:type\" content=\"article\" \/>\n<meta property=\"og:title\" content=\"Poign\u00e9e baby-foot longue Bonzini - ITSF Boutique officielle\" \/>\n<meta property=\"og:description\" content=\"La poign\u00e9e longue de baby-foot bonzini est la plus utilis\u00e9e en France et \u00e0 l&#039;\u00e9tranger. Sa forme allong\u00e9e permet une prise en main compl\u00e8te.\" \/>\n<meta property=\"og:url\" content=\"https:\/\/shop.tablesoccer.org\/de\/produkt\/poignee-baby-foot-longue-bonzini\/\" \/>\n<meta property=\"og:site_name\" content=\"ITSF Boutique officielle\" \/>\n<meta property=\"article:modified_time\" content=\"2026-03-12T22:01:48+00:00\" \/>\n<meta property=\"og:image\" content=\"https:\/\/shop.tablesoccer.org\/wp-content\/uploads\/2023\/11\/poign_e_longue_1.jpg\" \/>\n\t<meta property=\"og:image:width\" content=\"1600\" \/>\n\t<meta property=\"og:image:height\" content=\"917\" \/>\n\t<meta property=\"og:image:type\" content=\"image\/jpeg\" \/>\n<meta name=\"twitter:card\" content=\"summary_large_image\" \/>\n<meta name=\"twitter:label1\" content=\"Gesch\u00e4tzte Lesezeit\" \/>\n\t<meta name=\"twitter:data1\" content=\"2\u00a0Minuten\" \/>\n<script type=\"application\/ld+json\" class=\"yoast-schema-graph\">{\"@context\":\"https:\/\/schema.org\",\"@graph\":[{\"@type\":\"WebPage\",\"@id\":\"https:\/\/shop.tablesoccer.org\/produit\/poignee-baby-foot-longue-bonzini\/\",\"url\":\"https:\/\/shop.tablesoccer.org\/produit\/poignee-baby-foot-longue-bonzini\/\",\"name\":\"Poign\u00e9e baby-foot longue Bonzini - ITSF Boutique officielle\",\"isPartOf\":{\"@id\":\"https:\/\/shop.tablesoccer.org\/#website\"},\"primaryImageOfPage\":{\"@id\":\"https:\/\/shop.tablesoccer.org\/produit\/poignee-baby-foot-longue-bonzini\/#primaryimage\"},\"image\":{\"@id\":\"https:\/\/shop.tablesoccer.org\/produit\/poignee-baby-foot-longue-bonzini\/#primaryimage\"},\"thumbnailUrl\":\"https:\/\/shop.tablesoccer.org\/wp-content\/uploads\/2023\/11\/poign_e_longue_1.jpg\",\"datePublished\":\"2023-11-14T15:38:33+00:00\",\"dateModified\":\"2026-03-12T22:01:48+00:00\",\"description\":\"La poign\u00e9e longue de baby-foot bonzini est la plus utilis\u00e9e en France et \u00e0 l'\u00e9tranger. Sa forme allong\u00e9e permet une prise en main compl\u00e8te.\",\"breadcrumb\":{\"@id\":\"https:\/\/shop.tablesoccer.org\/produit\/poignee-baby-foot-longue-bonzini\/#breadcrumb\"},\"inLanguage\":\"de\",\"potentialAction\":[{\"@type\":\"ReadAction\",\"target\":[\"https:\/\/shop.tablesoccer.org\/produit\/poignee-baby-foot-longue-bonzini\/\"]}]},{\"@type\":\"ImageObject\",\"inLanguage\":\"de\",\"@id\":\"https:\/\/shop.tablesoccer.org\/produit\/poignee-baby-foot-longue-bonzini\/#primaryimage\",\"url\":\"https:\/\/shop.tablesoccer.org\/wp-content\/uploads\/2023\/11\/poign_e_longue_1.jpg\",\"contentUrl\":\"https:\/\/shop.tablesoccer.org\/wp-content\/uploads\/2023\/11\/poign_e_longue_1.jpg\",\"width\":1600,\"height\":917,\"caption\":\"Poign\u00e9e longue Bonzini ITSF baby-foot\"},{\"@type\":\"BreadcrumbList\",\"@id\":\"https:\/\/shop.tablesoccer.org\/produit\/poignee-baby-foot-longue-bonzini\/#breadcrumb\",\"itemListElement\":[{\"@type\":\"ListItem\",\"position\":1,\"name\":\"Accueil\",\"item\":\"https:\/\/shop.tablesoccer.org\/\"},{\"@type\":\"ListItem\",\"position\":2,\"name\":\"Boutique\",\"item\":\"https:\/\/shop.tablesoccer.org\/accueil\/boutique\/\"},{\"@type\":\"ListItem\",\"position\":3,\"name\":\"Poign\u00e9e baby-foot longue Bonzini\"}]},{\"@type\":\"WebSite\",\"@id\":\"https:\/\/shop.tablesoccer.org\/#website\",\"url\":\"https:\/\/shop.tablesoccer.org\/\",\"name\":\"ITSF Boutique officielle\",\"description\":\"\",\"potentialAction\":[{\"@type\":\"SearchAction\",\"target\":{\"@type\":\"EntryPoint\",\"urlTemplate\":\"https:\/\/shop.tablesoccer.org\/?s={search_term_string}\"},\"query-input\":{\"@type\":\"PropertyValueSpecification\",\"valueRequired\":true,\"valueName\":\"search_term_string\"}}],\"inLanguage\":\"de\"}]}<\/script>\n<!-- \/ Yoast SEO plugin. -->","yoast_head_json":{"title":"Poign\u00e9e baby-foot longue Bonzini - ITSF Boutique officielle","description":"La poign\u00e9e longue de baby-foot bonzini est la plus utilis\u00e9e en France et \u00e0 l'\u00e9tranger. Sa forme allong\u00e9e permet une prise en main compl\u00e8te.","robots":{"index":"index","follow":"follow","max-snippet":"max-snippet:-1","max-image-preview":"max-image-preview:large","max-video-preview":"max-video-preview:-1"},"canonical":"https:\/\/shop.tablesoccer.org\/de\/produkt\/poignee-baby-foot-longue-bonzini\/","og_locale":"de_DE","og_type":"article","og_title":"Poign\u00e9e baby-foot longue Bonzini - ITSF Boutique officielle","og_description":"La poign\u00e9e longue de baby-foot bonzini est la plus utilis\u00e9e en France et \u00e0 l'\u00e9tranger. Sa forme allong\u00e9e permet une prise en main compl\u00e8te.","og_url":"https:\/\/shop.tablesoccer.org\/de\/produkt\/poignee-baby-foot-longue-bonzini\/","og_site_name":"ITSF Boutique officielle","article_modified_time":"2026-03-12T22:01:48+00:00","og_image":[{"width":1600,"height":917,"url":"https:\/\/shop.tablesoccer.org\/wp-content\/uploads\/2023\/11\/poign_e_longue_1.jpg","type":"image\/jpeg"}],"twitter_card":"summary_large_image","twitter_misc":{"Gesch\u00e4tzte Lesezeit":"2\u00a0Minuten"},"schema":{"@context":"https:\/\/schema.org","@graph":[{"@type":"WebPage","@id":"https:\/\/shop.tablesoccer.org\/produit\/poignee-baby-foot-longue-bonzini\/","url":"https:\/\/shop.tablesoccer.org\/produit\/poignee-baby-foot-longue-bonzini\/","name":"Poign\u00e9e baby-foot longue Bonzini - ITSF Boutique officielle","isPartOf":{"@id":"https:\/\/shop.tablesoccer.org\/#website"},"primaryImageOfPage":{"@id":"https:\/\/shop.tablesoccer.org\/produit\/poignee-baby-foot-longue-bonzini\/#primaryimage"},"image":{"@id":"https:\/\/shop.tablesoccer.org\/produit\/poignee-baby-foot-longue-bonzini\/#primaryimage"},"thumbnailUrl":"https:\/\/shop.tablesoccer.org\/wp-content\/uploads\/2023\/11\/poign_e_longue_1.jpg","datePublished":"2023-11-14T15:38:33+00:00","dateModified":"2026-03-12T22:01:48+00:00","description":"La poign\u00e9e longue de baby-foot bonzini est la plus utilis\u00e9e en France et \u00e0 l'\u00e9tranger. Sa forme allong\u00e9e permet une prise en main compl\u00e8te.","breadcrumb":{"@id":"https:\/\/shop.tablesoccer.org\/produit\/poignee-baby-foot-longue-bonzini\/#breadcrumb"},"inLanguage":"de","potentialAction":[{"@type":"ReadAction","target":["https:\/\/shop.tablesoccer.org\/produit\/poignee-baby-foot-longue-bonzini\/"]}]},{"@type":"ImageObject","inLanguage":"de","@id":"https:\/\/shop.tablesoccer.org\/produit\/poignee-baby-foot-longue-bonzini\/#primaryimage","url":"https:\/\/shop.tablesoccer.org\/wp-content\/uploads\/2023\/11\/poign_e_longue_1.jpg","contentUrl":"https:\/\/shop.tablesoccer.org\/wp-content\/uploads\/2023\/11\/poign_e_longue_1.jpg","width":1600,"height":917,"caption":"Poign\u00e9e longue Bonzini ITSF baby-foot"},{"@type":"BreadcrumbList","@id":"https:\/\/shop.tablesoccer.org\/produit\/poignee-baby-foot-longue-bonzini\/#breadcrumb","itemListElement":[{"@type":"ListItem","position":1,"name":"Accueil","item":"https:\/\/shop.tablesoccer.org\/"},{"@type":"ListItem","position":2,"name":"Boutique","item":"https:\/\/shop.tablesoccer.org\/accueil\/boutique\/"},{"@type":"ListItem","position":3,"name":"Poign\u00e9e baby-foot longue Bonzini"}]},{"@type":"WebSite","@id":"https:\/\/shop.tablesoccer.org\/#website","url":"https:\/\/shop.tablesoccer.org\/","name":"ITSF Boutique officielle","description":"","potentialAction":[{"@type":"SearchAction","target":{"@type":"EntryPoint","urlTemplate":"https:\/\/shop.tablesoccer.org\/?s={search_term_string}"},"query-input":{"@type":"PropertyValueSpecification","valueRequired":true,"valueName":"search_term_string"}}],"inLanguage":"de"}]}},"_links":{"self":[{"href":"https:\/\/shop.tablesoccer.org\/de\/wp-json\/wp\/v2\/product\/9576","targetHints":{"allow":["GET"]}}],"collection":[{"href":"https:\/\/shop.tablesoccer.org\/de\/wp-json\/wp\/v2\/product"}],"about":[{"href":"https:\/\/shop.tablesoccer.org\/de\/wp-json\/wp\/v2\/types\/product"}],"replies":[{"embeddable":true,"href":"https:\/\/shop.tablesoccer.org\/de\/wp-json\/wp\/v2\/comments?post=9576"}],"wp:featuredmedia":[{"embeddable":true,"href":"https:\/\/shop.tablesoccer.org\/de\/wp-json\/wp\/v2\/media\/9627"}],"wp:attachment":[{"href":"https:\/\/shop.tablesoccer.org\/de\/wp-json\/wp\/v2\/media?parent=9576"}],"wp:term":[{"taxonomy":"product_brand","embeddable":true,"href":"https:\/\/shop.tablesoccer.org\/de\/wp-json\/wp\/v2\/product_brand?post=9576"},{"taxonomy":"product_cat","embeddable":true,"href":"https:\/\/shop.tablesoccer.org\/de\/wp-json\/wp\/v2\/product_cat?post=9576"},{"taxonomy":"product_tag","embeddable":true,"href":"https:\/\/shop.tablesoccer.org\/de\/wp-json\/wp\/v2\/product_tag?post=9576"}],"curies":[{"name":"wp","href":"https:\/\/api.w.org\/{rel}","templated":true}]}}