{"id":9575,"date":"2023-11-14T16:38:30","date_gmt":"2023-11-14T15:38:30","guid":{"rendered":"https:\/\/shop.tablesoccer.org\/?post_type=product&#038;p=9575"},"modified":"2026-03-17T12:13:16","modified_gmt":"2026-03-17T11:13:16","slug":"poignee-baby-foot-usa-bonzini","status":"publish","type":"product","link":"https:\/\/shop.tablesoccer.org\/de\/produkt\/poignee-baby-foot-usa-bonzini\/","title":{"rendered":"Tischfussball-Griff USA Bonzini"},"content":{"rendered":"<p style=\"font-weight: 400;\"><strong>Beschreibung: <\/strong><\/p>\n<p style=\"font-weight: 400;\">Der USA Bonzini-Griff ist ein ergonomisches Ersatzzubeh\u00f6r f\u00fcr Bonzini-Babyf\u00fc\u00dfe. Es kombiniert ein originelles Design; vorne zylindrisch, hinten konisch, mit idealem Griffkomfort, inspiriert vom amerikanischen Spielstil. Es ist heute in Frankreich und Europa weit verbreitet und erm\u00f6glicht die vollst\u00e4ndige Ausf\u00fchrung aller Gesten, wie bei einem klassischen langen Griff.<\/p>\n<p>&nbsp;<\/p>\n<p style=\"font-weight: 400;\"><strong>Eigenschaften:<\/strong><\/p>\n<p style=\"font-weight: 400;\">- Material: Bakelit<\/p>\n<p style=\"font-weight: 400;\">- L\u00e4nge: 99 mm<\/p>\n<p style=\"font-weight: 400;\">\u2013 Durchmesser: 35 mm<\/p>\n<p style=\"font-weight: 400;\">- Gewicht: 90 g<\/p>\n<p>&nbsp;<\/p>\n<p style=\"font-weight: 400;\"><strong>Pflegetipp<\/strong><\/p>\n<p style=\"font-weight: 400;\">Reinigen Sie den Griff mit einem weichen, trockenen Tuch. Vermeiden Sie Scheuermittel, die das Bakelit zerkratzen k\u00f6nnten.<\/p>\n<p style=\"font-weight: 400;\">Dieser Griff ist ideal, um Ihren Tischfu\u00dfball Bonzini B90 Original oder ein anderes kompatibles Modell zu modernisieren oder anzupassen, w\u00e4hrend er gleichzeitig eine gro\u00dfe Wendigkeit und einen klassischen Stil bewahrt.<\/p>\n<p style=\"font-weight: 400;\">Finden Sie unsere gesamte Auswahl in der Kategorie: <a href=\"https:\/\/shop.tablesoccer.org\/de\/produkt-kategorie\/equipement\/poignee-baby-foot\/\">Kickergriffe<\/a><\/p>","protected":false},"excerpt":{"rendered":"<p>Dieser Griff wurde urspr\u00fcnglich f\u00fcr Amerikaner und ihren Spielstil konzipiert. Heute hat sich dieser Griff in Frankreich und Europa verbreitet. Er unterscheidet sich von dem langen Griff durch seine zylindrische Form im ersten Teil und konische Form im zweiten Teil. Diese Form ist nat\u00fcrlicher und erm\u00f6glicht die gleichen Bewegungen wie bei einem langen Griff.<\/p>","protected":false},"featured_media":9622,"comment_status":"open","ping_status":"closed","template":"","meta":[],"product_brand":[],"product_cat":[69,120],"product_tag":[],"class_list":{"0":"post-9575","1":"product","2":"type-product","3":"status-publish","4":"has-post-thumbnail","6":"product_cat-equipement","7":"product_cat-poignee-baby-foot","9":"first","10":"instock","11":"taxable","12":"shipping-taxable","13":"purchasable","14":"product-type-simple"},"yoast_head":"<!-- This site is optimized with the Yoast SEO plugin v26.5 - https:\/\/yoast.com\/wordpress\/plugins\/seo\/ -->\n<title>Poign\u00e9e baby-foot USA Bonzini - ITSF Boutique officielle<\/title>\n<meta name=\"description\" content=\"Poign\u00e9e USA Bonzini : de forme cylindrique puis conique, la poign\u00e9e USA Bonzini s\u2019inspire des poign\u00e9es am\u00e9ricaines. Commandez-l\u00e0 sur l\u2019ITSF Store !\" \/>\n<meta name=\"robots\" content=\"index, follow, max-snippet:-1, max-image-preview:large, max-video-preview:-1\" \/>\n<link rel=\"canonical\" href=\"https:\/\/shop.tablesoccer.org\/de\/produkt\/poignee-baby-foot-usa-bonzini\/\" \/>\n<meta property=\"og:locale\" content=\"de_DE\" \/>\n<meta property=\"og:type\" content=\"article\" \/>\n<meta property=\"og:title\" content=\"Poign\u00e9e baby-foot USA Bonzini - ITSF Boutique officielle\" \/>\n<meta property=\"og:description\" content=\"Poign\u00e9e USA Bonzini : de forme cylindrique puis conique, la poign\u00e9e USA Bonzini s\u2019inspire des poign\u00e9es am\u00e9ricaines. Commandez-l\u00e0 sur l\u2019ITSF Store !\" \/>\n<meta property=\"og:url\" content=\"https:\/\/shop.tablesoccer.org\/de\/produkt\/poignee-baby-foot-usa-bonzini\/\" \/>\n<meta property=\"og:site_name\" content=\"ITSF Boutique officielle\" \/>\n<meta property=\"article:modified_time\" content=\"2026-03-17T11:13:16+00:00\" \/>\n<meta property=\"og:image\" content=\"https:\/\/shop.tablesoccer.org\/wp-content\/uploads\/2023\/11\/poinn_e_usa.jpg\" \/>\n\t<meta property=\"og:image:width\" content=\"1599\" \/>\n\t<meta property=\"og:image:height\" content=\"1066\" \/>\n\t<meta property=\"og:image:type\" content=\"image\/jpeg\" \/>\n<meta name=\"twitter:card\" content=\"summary_large_image\" \/>\n<meta name=\"twitter:label1\" content=\"Gesch\u00e4tzte Lesezeit\" \/>\n\t<meta name=\"twitter:data1\" content=\"1\u00a0Minute\" \/>\n<script type=\"application\/ld+json\" class=\"yoast-schema-graph\">{\"@context\":\"https:\/\/schema.org\",\"@graph\":[{\"@type\":\"WebPage\",\"@id\":\"https:\/\/shop.tablesoccer.org\/produit\/poignee-baby-foot-usa-bonzini\/\",\"url\":\"https:\/\/shop.tablesoccer.org\/produit\/poignee-baby-foot-usa-bonzini\/\",\"name\":\"Poign\u00e9e baby-foot USA Bonzini - ITSF Boutique officielle\",\"isPartOf\":{\"@id\":\"https:\/\/shop.tablesoccer.org\/#website\"},\"primaryImageOfPage\":{\"@id\":\"https:\/\/shop.tablesoccer.org\/produit\/poignee-baby-foot-usa-bonzini\/#primaryimage\"},\"image\":{\"@id\":\"https:\/\/shop.tablesoccer.org\/produit\/poignee-baby-foot-usa-bonzini\/#primaryimage\"},\"thumbnailUrl\":\"https:\/\/shop.tablesoccer.org\/wp-content\/uploads\/2023\/11\/poinn_e_usa.jpg\",\"datePublished\":\"2023-11-14T15:38:30+00:00\",\"dateModified\":\"2026-03-17T11:13:16+00:00\",\"description\":\"Poign\u00e9e USA Bonzini : de forme cylindrique puis conique, la poign\u00e9e USA Bonzini s\u2019inspire des poign\u00e9es am\u00e9ricaines. Commandez-l\u00e0 sur l\u2019ITSF Store !\",\"breadcrumb\":{\"@id\":\"https:\/\/shop.tablesoccer.org\/produit\/poignee-baby-foot-usa-bonzini\/#breadcrumb\"},\"inLanguage\":\"de\",\"potentialAction\":[{\"@type\":\"ReadAction\",\"target\":[\"https:\/\/shop.tablesoccer.org\/produit\/poignee-baby-foot-usa-bonzini\/\"]}]},{\"@type\":\"ImageObject\",\"inLanguage\":\"de\",\"@id\":\"https:\/\/shop.tablesoccer.org\/produit\/poignee-baby-foot-usa-bonzini\/#primaryimage\",\"url\":\"https:\/\/shop.tablesoccer.org\/wp-content\/uploads\/2023\/11\/poinn_e_usa.jpg\",\"contentUrl\":\"https:\/\/shop.tablesoccer.org\/wp-content\/uploads\/2023\/11\/poinn_e_usa.jpg\",\"width\":1599,\"height\":1066,\"caption\":\"Poign\u00e9e USA Bonzini ITSF baby-foot\"},{\"@type\":\"BreadcrumbList\",\"@id\":\"https:\/\/shop.tablesoccer.org\/produit\/poignee-baby-foot-usa-bonzini\/#breadcrumb\",\"itemListElement\":[{\"@type\":\"ListItem\",\"position\":1,\"name\":\"Accueil\",\"item\":\"https:\/\/shop.tablesoccer.org\/\"},{\"@type\":\"ListItem\",\"position\":2,\"name\":\"Boutique\",\"item\":\"https:\/\/shop.tablesoccer.org\/accueil\/boutique\/\"},{\"@type\":\"ListItem\",\"position\":3,\"name\":\"Poign\u00e9e baby-foot USA Bonzini\"}]},{\"@type\":\"WebSite\",\"@id\":\"https:\/\/shop.tablesoccer.org\/#website\",\"url\":\"https:\/\/shop.tablesoccer.org\/\",\"name\":\"ITSF Boutique officielle\",\"description\":\"\",\"potentialAction\":[{\"@type\":\"SearchAction\",\"target\":{\"@type\":\"EntryPoint\",\"urlTemplate\":\"https:\/\/shop.tablesoccer.org\/?s={search_term_string}\"},\"query-input\":{\"@type\":\"PropertyValueSpecification\",\"valueRequired\":true,\"valueName\":\"search_term_string\"}}],\"inLanguage\":\"de\"}]}<\/script>\n<!-- \/ Yoast SEO plugin. -->","yoast_head_json":{"title":"Poign\u00e9e baby-foot USA Bonzini - ITSF Boutique officielle","description":"Poign\u00e9e USA Bonzini : de forme cylindrique puis conique, la poign\u00e9e USA Bonzini s\u2019inspire des poign\u00e9es am\u00e9ricaines. Commandez-l\u00e0 sur l\u2019ITSF Store !","robots":{"index":"index","follow":"follow","max-snippet":"max-snippet:-1","max-image-preview":"max-image-preview:large","max-video-preview":"max-video-preview:-1"},"canonical":"https:\/\/shop.tablesoccer.org\/de\/produkt\/poignee-baby-foot-usa-bonzini\/","og_locale":"de_DE","og_type":"article","og_title":"Poign\u00e9e baby-foot USA Bonzini - ITSF Boutique officielle","og_description":"Poign\u00e9e USA Bonzini : de forme cylindrique puis conique, la poign\u00e9e USA Bonzini s\u2019inspire des poign\u00e9es am\u00e9ricaines. Commandez-l\u00e0 sur l\u2019ITSF Store !","og_url":"https:\/\/shop.tablesoccer.org\/de\/produkt\/poignee-baby-foot-usa-bonzini\/","og_site_name":"ITSF Boutique officielle","article_modified_time":"2026-03-17T11:13:16+00:00","og_image":[{"width":1599,"height":1066,"url":"https:\/\/shop.tablesoccer.org\/wp-content\/uploads\/2023\/11\/poinn_e_usa.jpg","type":"image\/jpeg"}],"twitter_card":"summary_large_image","twitter_misc":{"Gesch\u00e4tzte Lesezeit":"1\u00a0Minute"},"schema":{"@context":"https:\/\/schema.org","@graph":[{"@type":"WebPage","@id":"https:\/\/shop.tablesoccer.org\/produit\/poignee-baby-foot-usa-bonzini\/","url":"https:\/\/shop.tablesoccer.org\/produit\/poignee-baby-foot-usa-bonzini\/","name":"Poign\u00e9e baby-foot USA Bonzini - ITSF Boutique officielle","isPartOf":{"@id":"https:\/\/shop.tablesoccer.org\/#website"},"primaryImageOfPage":{"@id":"https:\/\/shop.tablesoccer.org\/produit\/poignee-baby-foot-usa-bonzini\/#primaryimage"},"image":{"@id":"https:\/\/shop.tablesoccer.org\/produit\/poignee-baby-foot-usa-bonzini\/#primaryimage"},"thumbnailUrl":"https:\/\/shop.tablesoccer.org\/wp-content\/uploads\/2023\/11\/poinn_e_usa.jpg","datePublished":"2023-11-14T15:38:30+00:00","dateModified":"2026-03-17T11:13:16+00:00","description":"Poign\u00e9e USA Bonzini : de forme cylindrique puis conique, la poign\u00e9e USA Bonzini s\u2019inspire des poign\u00e9es am\u00e9ricaines. Commandez-l\u00e0 sur l\u2019ITSF Store !","breadcrumb":{"@id":"https:\/\/shop.tablesoccer.org\/produit\/poignee-baby-foot-usa-bonzini\/#breadcrumb"},"inLanguage":"de","potentialAction":[{"@type":"ReadAction","target":["https:\/\/shop.tablesoccer.org\/produit\/poignee-baby-foot-usa-bonzini\/"]}]},{"@type":"ImageObject","inLanguage":"de","@id":"https:\/\/shop.tablesoccer.org\/produit\/poignee-baby-foot-usa-bonzini\/#primaryimage","url":"https:\/\/shop.tablesoccer.org\/wp-content\/uploads\/2023\/11\/poinn_e_usa.jpg","contentUrl":"https:\/\/shop.tablesoccer.org\/wp-content\/uploads\/2023\/11\/poinn_e_usa.jpg","width":1599,"height":1066,"caption":"Poign\u00e9e USA Bonzini ITSF baby-foot"},{"@type":"BreadcrumbList","@id":"https:\/\/shop.tablesoccer.org\/produit\/poignee-baby-foot-usa-bonzini\/#breadcrumb","itemListElement":[{"@type":"ListItem","position":1,"name":"Accueil","item":"https:\/\/shop.tablesoccer.org\/"},{"@type":"ListItem","position":2,"name":"Boutique","item":"https:\/\/shop.tablesoccer.org\/accueil\/boutique\/"},{"@type":"ListItem","position":3,"name":"Poign\u00e9e baby-foot USA Bonzini"}]},{"@type":"WebSite","@id":"https:\/\/shop.tablesoccer.org\/#website","url":"https:\/\/shop.tablesoccer.org\/","name":"ITSF Boutique officielle","description":"","potentialAction":[{"@type":"SearchAction","target":{"@type":"EntryPoint","urlTemplate":"https:\/\/shop.tablesoccer.org\/?s={search_term_string}"},"query-input":{"@type":"PropertyValueSpecification","valueRequired":true,"valueName":"search_term_string"}}],"inLanguage":"de"}]}},"_links":{"self":[{"href":"https:\/\/shop.tablesoccer.org\/de\/wp-json\/wp\/v2\/product\/9575","targetHints":{"allow":["GET"]}}],"collection":[{"href":"https:\/\/shop.tablesoccer.org\/de\/wp-json\/wp\/v2\/product"}],"about":[{"href":"https:\/\/shop.tablesoccer.org\/de\/wp-json\/wp\/v2\/types\/product"}],"replies":[{"embeddable":true,"href":"https:\/\/shop.tablesoccer.org\/de\/wp-json\/wp\/v2\/comments?post=9575"}],"wp:featuredmedia":[{"embeddable":true,"href":"https:\/\/shop.tablesoccer.org\/de\/wp-json\/wp\/v2\/media\/9622"}],"wp:attachment":[{"href":"https:\/\/shop.tablesoccer.org\/de\/wp-json\/wp\/v2\/media?parent=9575"}],"wp:term":[{"taxonomy":"product_brand","embeddable":true,"href":"https:\/\/shop.tablesoccer.org\/de\/wp-json\/wp\/v2\/product_brand?post=9575"},{"taxonomy":"product_cat","embeddable":true,"href":"https:\/\/shop.tablesoccer.org\/de\/wp-json\/wp\/v2\/product_cat?post=9575"},{"taxonomy":"product_tag","embeddable":true,"href":"https:\/\/shop.tablesoccer.org\/de\/wp-json\/wp\/v2\/product_tag?post=9575"}],"curies":[{"name":"wp","href":"https:\/\/api.w.org\/{rel}","templated":true}]}}