{"id":9561,"date":"2023-11-14T16:36:59","date_gmt":"2023-11-14T15:36:59","guid":{"rendered":"https:\/\/shop.tablesoccer.org\/?post_type=product&#038;p=9561"},"modified":"2026-04-03T13:53:53","modified_gmt":"2026-04-03T11:53:53","slug":"doigtier-baby-foot-en-latex-granuleux","status":"publish","type":"product","link":"https:\/\/shop.tablesoccer.org\/de\/produkt\/doigtier-baby-foot-en-latex-granuleux\/","title":{"rendered":"K\u00f6rniger Latex-Fingerling f\u00fcr Tischfu\u00dfball"},"content":{"rendered":"<p style=\"font-weight: 400;\"><strong>Beschreibung:<\/strong><\/p>\n<p style=\"font-weight: 400;\">Der Fingertip l\u00e4sst sich leicht um den Griff des Tischfu\u00dfballers wickeln, um Stabilit\u00e4t und Grip zu bieten. Seine k\u00f6rnige Oberfl\u00e4che vermittelt ein echtes \"Greifgef\u00fchl\", was die Kontrolle verbessert, insbesondere bei schnellen Schl\u00e4gen oder pr\u00e4zisen Bewegungen.<\/p>\n<p>&nbsp;<\/p>\n<p style=\"font-weight: 400;\"><strong>Eigenschaften:<\/strong><\/p>\n<p style=\"font-weight: 400;\">- Material: latex<\/p>\n<p style=\"font-weight: 400;\">- Gewicht: 6 g<\/p>\n<p style=\"font-weight: 400;\">einzeln verkauft.<\/p>\n<p>&nbsp;<\/p>\n<p style=\"font-weight: 400;\"><strong>Pflegetipp<\/strong><\/p>\n<p style=\"font-weight: 400;\">Achten Sie darauf, dass der Griff vor dem Einbau sauber und trocken ist, um einen guten Halt zu gew\u00e4hrleisten. Bei Verschmutzung wischen Sie den Finger mit einem weichen Tuch ab und vermeiden Sie aggressive Produkte, die das Latex besch\u00e4digen k\u00f6nnten. Falls der Latex rutschig oder rissig wird, sollte er ausgetauscht werden, um eine optimale Haftung zu gew\u00e4hrleisten.<\/p>\n<p style=\"font-weight: 400;\">Ein diskretes, aber sehr n\u00fctzliches Accessoire. Dieser k\u00f6rnige Fingersatz hilft Ihnen, auch in intensiven Momenten die Kontrolle zu behalten.<\/p>\n<p style=\"font-weight: 400;\">Finden Sie unsere gesamte Auswahl in der Kategorie: <a href=\"https:\/\/shop.tablesoccer.org\/de\/produkt-kategorie\/equipement\/finger-grips-baby-foot\/\">Finger grips &amp; blocs grips.<\/a><\/p>","protected":false},"excerpt":{"rendered":"<p style=\"font-weight: 400;\">Der Fingerhut aus granuliertem Latex bietet einen verst\u00e4rkten Grip und begrenzt effektiv die Rutschen w\u00e4hrend Ihrer Tischfussballspiele. Fein und strukturiert, ist es f\u00fcr Spieler gedacht, die mehr Material auf ihrem Griff wollen.<\/p>\n<p style=\"font-weight: 400;\">","protected":false},"featured_media":13182,"comment_status":"open","ping_status":"closed","template":"","meta":[],"product_brand":[],"product_cat":[69,121],"product_tag":[],"class_list":{"0":"post-9561","1":"product","2":"type-product","3":"status-publish","4":"has-post-thumbnail","6":"product_cat-equipement","7":"product_cat-grips-et-blocs-grips-baby-foot","9":"first","10":"instock","11":"taxable","12":"shipping-taxable","13":"purchasable","14":"product-type-variable"},"yoast_head":"<!-- This site is optimized with the Yoast SEO plugin v26.5 - https:\/\/yoast.com\/wordpress\/plugins\/seo\/ -->\n<title>Doigtier baby-foot en latex granuleux - ITSF Boutique officielle<\/title>\n<meta name=\"description\" content=\"Doigtier en latex granuleux : s\u2019installe sur la poign\u00e9e de votre baby-foot et permet une meilleure accroche. Commandez-le sur l\u2019ITSF Store !\" \/>\n<meta name=\"robots\" content=\"index, follow, max-snippet:-1, max-image-preview:large, max-video-preview:-1\" \/>\n<link rel=\"canonical\" href=\"https:\/\/shop.tablesoccer.org\/de\/produkt\/doigtier-baby-foot-en-latex-granuleux\/\" \/>\n<meta property=\"og:locale\" content=\"de_DE\" \/>\n<meta property=\"og:type\" content=\"article\" \/>\n<meta property=\"og:title\" content=\"Doigtier baby-foot en latex granuleux - ITSF Boutique officielle\" \/>\n<meta property=\"og:description\" content=\"Doigtier en latex granuleux : s\u2019installe sur la poign\u00e9e de votre baby-foot et permet une meilleure accroche. Commandez-le sur l\u2019ITSF Store !\" \/>\n<meta property=\"og:url\" content=\"https:\/\/shop.tablesoccer.org\/de\/produkt\/doigtier-baby-foot-en-latex-granuleux\/\" \/>\n<meta property=\"og:site_name\" content=\"ITSF Boutique officielle\" \/>\n<meta property=\"article:modified_time\" content=\"2026-04-03T11:53:53+00:00\" \/>\n<meta property=\"og:image\" content=\"https:\/\/shop.tablesoccer.org\/wp-content\/uploads\/2023\/11\/Textured-Finger-Grips.png\" \/>\n\t<meta property=\"og:image:width\" content=\"1080\" \/>\n\t<meta property=\"og:image:height\" content=\"1080\" \/>\n\t<meta property=\"og:image:type\" content=\"image\/png\" \/>\n<meta name=\"twitter:card\" content=\"summary_large_image\" \/>\n<meta name=\"twitter:label1\" content=\"Gesch\u00e4tzte Lesezeit\" \/>\n\t<meta name=\"twitter:data1\" content=\"1\u00a0Minute\" \/>\n<script type=\"application\/ld+json\" class=\"yoast-schema-graph\">{\"@context\":\"https:\/\/schema.org\",\"@graph\":[{\"@type\":\"WebPage\",\"@id\":\"https:\/\/shop.tablesoccer.org\/produit\/doigtier-baby-foot-en-latex-granuleux\/\",\"url\":\"https:\/\/shop.tablesoccer.org\/produit\/doigtier-baby-foot-en-latex-granuleux\/\",\"name\":\"Doigtier baby-foot en latex granuleux - ITSF Boutique officielle\",\"isPartOf\":{\"@id\":\"https:\/\/shop.tablesoccer.org\/#website\"},\"primaryImageOfPage\":{\"@id\":\"https:\/\/shop.tablesoccer.org\/produit\/doigtier-baby-foot-en-latex-granuleux\/#primaryimage\"},\"image\":{\"@id\":\"https:\/\/shop.tablesoccer.org\/produit\/doigtier-baby-foot-en-latex-granuleux\/#primaryimage\"},\"thumbnailUrl\":\"https:\/\/shop.tablesoccer.org\/wp-content\/uploads\/2023\/11\/Textured-Finger-Grips.png\",\"datePublished\":\"2023-11-14T15:36:59+00:00\",\"dateModified\":\"2026-04-03T11:53:53+00:00\",\"description\":\"Doigtier en latex granuleux : s\u2019installe sur la poign\u00e9e de votre baby-foot et permet une meilleure accroche. Commandez-le sur l\u2019ITSF Store !\",\"breadcrumb\":{\"@id\":\"https:\/\/shop.tablesoccer.org\/produit\/doigtier-baby-foot-en-latex-granuleux\/#breadcrumb\"},\"inLanguage\":\"de\",\"potentialAction\":[{\"@type\":\"ReadAction\",\"target\":[\"https:\/\/shop.tablesoccer.org\/produit\/doigtier-baby-foot-en-latex-granuleux\/\"]}]},{\"@type\":\"ImageObject\",\"inLanguage\":\"de\",\"@id\":\"https:\/\/shop.tablesoccer.org\/produit\/doigtier-baby-foot-en-latex-granuleux\/#primaryimage\",\"url\":\"https:\/\/shop.tablesoccer.org\/wp-content\/uploads\/2023\/11\/Textured-Finger-Grips.png\",\"contentUrl\":\"https:\/\/shop.tablesoccer.org\/wp-content\/uploads\/2023\/11\/Textured-Finger-Grips.png\",\"width\":1080,\"height\":1080,\"caption\":\"Textured Finger Grips\"},{\"@type\":\"BreadcrumbList\",\"@id\":\"https:\/\/shop.tablesoccer.org\/produit\/doigtier-baby-foot-en-latex-granuleux\/#breadcrumb\",\"itemListElement\":[{\"@type\":\"ListItem\",\"position\":1,\"name\":\"Accueil\",\"item\":\"https:\/\/shop.tablesoccer.org\/\"},{\"@type\":\"ListItem\",\"position\":2,\"name\":\"Boutique\",\"item\":\"https:\/\/shop.tablesoccer.org\/accueil\/boutique\/\"},{\"@type\":\"ListItem\",\"position\":3,\"name\":\"Doigtier baby-foot en latex granuleux\"}]},{\"@type\":\"WebSite\",\"@id\":\"https:\/\/shop.tablesoccer.org\/#website\",\"url\":\"https:\/\/shop.tablesoccer.org\/\",\"name\":\"ITSF Boutique officielle\",\"description\":\"\",\"potentialAction\":[{\"@type\":\"SearchAction\",\"target\":{\"@type\":\"EntryPoint\",\"urlTemplate\":\"https:\/\/shop.tablesoccer.org\/?s={search_term_string}\"},\"query-input\":{\"@type\":\"PropertyValueSpecification\",\"valueRequired\":true,\"valueName\":\"search_term_string\"}}],\"inLanguage\":\"de\"}]}<\/script>\n<!-- \/ Yoast SEO plugin. -->","yoast_head_json":{"title":"Doigtier baby-foot en latex granuleux - ITSF Boutique officielle","description":"Doigtier en latex granuleux : s\u2019installe sur la poign\u00e9e de votre baby-foot et permet une meilleure accroche. Commandez-le sur l\u2019ITSF Store !","robots":{"index":"index","follow":"follow","max-snippet":"max-snippet:-1","max-image-preview":"max-image-preview:large","max-video-preview":"max-video-preview:-1"},"canonical":"https:\/\/shop.tablesoccer.org\/de\/produkt\/doigtier-baby-foot-en-latex-granuleux\/","og_locale":"de_DE","og_type":"article","og_title":"Doigtier baby-foot en latex granuleux - ITSF Boutique officielle","og_description":"Doigtier en latex granuleux : s\u2019installe sur la poign\u00e9e de votre baby-foot et permet une meilleure accroche. Commandez-le sur l\u2019ITSF Store !","og_url":"https:\/\/shop.tablesoccer.org\/de\/produkt\/doigtier-baby-foot-en-latex-granuleux\/","og_site_name":"ITSF Boutique officielle","article_modified_time":"2026-04-03T11:53:53+00:00","og_image":[{"width":1080,"height":1080,"url":"https:\/\/shop.tablesoccer.org\/wp-content\/uploads\/2023\/11\/Textured-Finger-Grips.png","type":"image\/png"}],"twitter_card":"summary_large_image","twitter_misc":{"Gesch\u00e4tzte Lesezeit":"1\u00a0Minute"},"schema":{"@context":"https:\/\/schema.org","@graph":[{"@type":"WebPage","@id":"https:\/\/shop.tablesoccer.org\/produit\/doigtier-baby-foot-en-latex-granuleux\/","url":"https:\/\/shop.tablesoccer.org\/produit\/doigtier-baby-foot-en-latex-granuleux\/","name":"Doigtier baby-foot en latex granuleux - ITSF Boutique officielle","isPartOf":{"@id":"https:\/\/shop.tablesoccer.org\/#website"},"primaryImageOfPage":{"@id":"https:\/\/shop.tablesoccer.org\/produit\/doigtier-baby-foot-en-latex-granuleux\/#primaryimage"},"image":{"@id":"https:\/\/shop.tablesoccer.org\/produit\/doigtier-baby-foot-en-latex-granuleux\/#primaryimage"},"thumbnailUrl":"https:\/\/shop.tablesoccer.org\/wp-content\/uploads\/2023\/11\/Textured-Finger-Grips.png","datePublished":"2023-11-14T15:36:59+00:00","dateModified":"2026-04-03T11:53:53+00:00","description":"Doigtier en latex granuleux : s\u2019installe sur la poign\u00e9e de votre baby-foot et permet une meilleure accroche. Commandez-le sur l\u2019ITSF Store !","breadcrumb":{"@id":"https:\/\/shop.tablesoccer.org\/produit\/doigtier-baby-foot-en-latex-granuleux\/#breadcrumb"},"inLanguage":"de","potentialAction":[{"@type":"ReadAction","target":["https:\/\/shop.tablesoccer.org\/produit\/doigtier-baby-foot-en-latex-granuleux\/"]}]},{"@type":"ImageObject","inLanguage":"de","@id":"https:\/\/shop.tablesoccer.org\/produit\/doigtier-baby-foot-en-latex-granuleux\/#primaryimage","url":"https:\/\/shop.tablesoccer.org\/wp-content\/uploads\/2023\/11\/Textured-Finger-Grips.png","contentUrl":"https:\/\/shop.tablesoccer.org\/wp-content\/uploads\/2023\/11\/Textured-Finger-Grips.png","width":1080,"height":1080,"caption":"Textured Finger Grips"},{"@type":"BreadcrumbList","@id":"https:\/\/shop.tablesoccer.org\/produit\/doigtier-baby-foot-en-latex-granuleux\/#breadcrumb","itemListElement":[{"@type":"ListItem","position":1,"name":"Accueil","item":"https:\/\/shop.tablesoccer.org\/"},{"@type":"ListItem","position":2,"name":"Boutique","item":"https:\/\/shop.tablesoccer.org\/accueil\/boutique\/"},{"@type":"ListItem","position":3,"name":"Doigtier baby-foot en latex granuleux"}]},{"@type":"WebSite","@id":"https:\/\/shop.tablesoccer.org\/#website","url":"https:\/\/shop.tablesoccer.org\/","name":"ITSF Boutique officielle","description":"","potentialAction":[{"@type":"SearchAction","target":{"@type":"EntryPoint","urlTemplate":"https:\/\/shop.tablesoccer.org\/?s={search_term_string}"},"query-input":{"@type":"PropertyValueSpecification","valueRequired":true,"valueName":"search_term_string"}}],"inLanguage":"de"}]}},"_links":{"self":[{"href":"https:\/\/shop.tablesoccer.org\/de\/wp-json\/wp\/v2\/product\/9561","targetHints":{"allow":["GET"]}}],"collection":[{"href":"https:\/\/shop.tablesoccer.org\/de\/wp-json\/wp\/v2\/product"}],"about":[{"href":"https:\/\/shop.tablesoccer.org\/de\/wp-json\/wp\/v2\/types\/product"}],"replies":[{"embeddable":true,"href":"https:\/\/shop.tablesoccer.org\/de\/wp-json\/wp\/v2\/comments?post=9561"}],"wp:featuredmedia":[{"embeddable":true,"href":"https:\/\/shop.tablesoccer.org\/de\/wp-json\/wp\/v2\/media\/13182"}],"wp:attachment":[{"href":"https:\/\/shop.tablesoccer.org\/de\/wp-json\/wp\/v2\/media?parent=9561"}],"wp:term":[{"taxonomy":"product_brand","embeddable":true,"href":"https:\/\/shop.tablesoccer.org\/de\/wp-json\/wp\/v2\/product_brand?post=9561"},{"taxonomy":"product_cat","embeddable":true,"href":"https:\/\/shop.tablesoccer.org\/de\/wp-json\/wp\/v2\/product_cat?post=9561"},{"taxonomy":"product_tag","embeddable":true,"href":"https:\/\/shop.tablesoccer.org\/de\/wp-json\/wp\/v2\/product_tag?post=9561"}],"curies":[{"name":"wp","href":"https:\/\/api.w.org\/{rel}","templated":true}]}}