{"id":9554,"date":"2023-11-14T16:36:21","date_gmt":"2023-11-14T15:36:21","guid":{"rendered":"https:\/\/shop.tablesoccer.org\/?post_type=product&#038;p=9554"},"modified":"2026-04-03T13:53:51","modified_gmt":"2026-04-03T11:53:51","slug":"doigtier-baby-foot-latex","status":"publish","type":"product","link":"https:\/\/shop.tablesoccer.org\/de\/produkt\/doigtier-baby-foot-latex\/","title":{"rendered":"Tischfu\u00dfball-Fingergrips"},"content":{"rendered":"<p style=\"font-weight: 400;\"><strong>Beschreibung: <\/strong><\/p>\n<p style=\"font-weight: 400;\">Der Latexfingereinsatz ist ein einfaches, aber effektives Zubeh\u00f6r f\u00fcr den Tischfu\u00dfball. Er verl\u00e4uft um den Griff des Spielers, um das Rutschen zu begrenzen und den Grip zu verbessern. Ideal f\u00fcr schnelle oder kompetitive Spiele, bietet es ein besseres Gef\u00fchl der Kontrolle bei jedem Schlag.<\/p>\n<p>&nbsp;<\/p>\n<p style=\"font-weight: 400;\"><strong>Eigenschaften:<\/strong><\/p>\n<p style=\"font-weight: 400;\">- Material: latex<\/p>\n<p style=\"font-weight: 400;\">- Verf\u00fcgbare Farben: Schwarz, Rot, Transparent<\/p>\n<p style=\"font-weight: 400;\">- Gewicht: 6 g<\/p>\n<p style=\"font-weight: 400;\">Einzeln verkauft, selbst am Griff zu installieren.<\/p>\n<p>&nbsp;<\/p>\n<p style=\"font-weight: 400;\"><strong>Pflegetipp<\/strong><\/p>\n<p style=\"font-weight: 400;\">Achten Sie darauf, dass der Griff vor dem Einbau sauber und trocken ist, um einen guten Halt zu gew\u00e4hrleisten. Bei Verschmutzung wischen Sie den Finger mit einem weichen Tuch ab und vermeiden Sie aggressive Produkte, die das Latex besch\u00e4digen k\u00f6nnten. Falls der Latex rutschig oder rissig wird, sollte er ausgetauscht werden, um eine optimale Haftung zu gew\u00e4hrleisten.<\/p>\n<p style=\"font-weight: 400;\">Ein diskretes, aber n\u00fctzliches Accessoire, um Ihren Grip an jedem Teil zu verbessern. Der Latex-Fingersatz erm\u00f6glicht es Ihnen, Ihre Rutschen zu begrenzen und Ihre Kontrolle \u00fcber den Griff zu optimieren.<\/p>\n<p style=\"font-weight: 400;\">Finden Sie unsere gesamte Auswahl in der Kategorie: <a href=\"https:\/\/shop.tablesoccer.org\/de\/produkt-kategorie\/equipement\/finger-grips-baby-foot\/\">Finger grips &amp; blocs grips.<\/a><\/p>","protected":false},"excerpt":{"rendered":"<p style=\"font-weight: 400;\">Der Latex-Fingertip verbessert die Griffigkeit am Tischfussballgriff, reduziert das Rutschen und bietet eine bessere Kontrolle bei jedem Schlag. Wird einzeln verkauft.<\/p>\n<p style=\"font-weight: 400;\">","protected":false},"featured_media":9609,"comment_status":"open","ping_status":"closed","template":"","meta":[],"product_brand":[],"product_cat":[69,121],"product_tag":[],"class_list":{"0":"post-9554","1":"product","2":"type-product","3":"status-publish","4":"has-post-thumbnail","6":"product_cat-equipement","7":"product_cat-grips-et-blocs-grips-baby-foot","9":"first","10":"instock","11":"taxable","12":"shipping-taxable","13":"purchasable","14":"product-type-variable"},"yoast_head":"<!-- This site is optimized with the Yoast SEO plugin v26.5 - https:\/\/yoast.com\/wordpress\/plugins\/seo\/ -->\n<title>Doigtier baby-foot en latex - ITSF Boutique officielle<\/title>\n<meta name=\"description\" content=\"Doigtier en latex : s\u2019installe sur la poign\u00e9e de votre baby-foot et permet une meilleure accroche. Commandez-le sur l\u2019ITSF Store !\" \/>\n<meta name=\"robots\" content=\"index, follow, max-snippet:-1, max-image-preview:large, max-video-preview:-1\" \/>\n<link rel=\"canonical\" href=\"https:\/\/shop.tablesoccer.org\/de\/produkt\/doigtier-baby-foot-latex\/\" \/>\n<meta property=\"og:locale\" content=\"de_DE\" \/>\n<meta property=\"og:type\" content=\"article\" \/>\n<meta property=\"og:title\" content=\"Doigtier baby-foot en latex - ITSF Boutique officielle\" \/>\n<meta property=\"og:description\" content=\"Doigtier en latex : s\u2019installe sur la poign\u00e9e de votre baby-foot et permet une meilleure accroche. Commandez-le sur l\u2019ITSF Store !\" \/>\n<meta property=\"og:url\" content=\"https:\/\/shop.tablesoccer.org\/de\/produkt\/doigtier-baby-foot-latex\/\" \/>\n<meta property=\"og:site_name\" content=\"ITSF Boutique officielle\" \/>\n<meta property=\"article:modified_time\" content=\"2026-04-03T11:53:51+00:00\" \/>\n<meta property=\"og:image\" content=\"https:\/\/shop.tablesoccer.org\/wp-content\/uploads\/2023\/11\/doigtiers_noir_rouge_transparent.jpg\" \/>\n\t<meta property=\"og:image:width\" content=\"1600\" \/>\n\t<meta property=\"og:image:height\" content=\"1864\" \/>\n\t<meta property=\"og:image:type\" content=\"image\/jpeg\" \/>\n<meta name=\"twitter:card\" content=\"summary_large_image\" \/>\n<meta name=\"twitter:label1\" content=\"Gesch\u00e4tzte Lesezeit\" \/>\n\t<meta name=\"twitter:data1\" content=\"2\u00a0Minuten\" \/>\n<script type=\"application\/ld+json\" class=\"yoast-schema-graph\">{\"@context\":\"https:\/\/schema.org\",\"@graph\":[{\"@type\":\"WebPage\",\"@id\":\"https:\/\/shop.tablesoccer.org\/produit\/doigtier-baby-foot-latex\/\",\"url\":\"https:\/\/shop.tablesoccer.org\/produit\/doigtier-baby-foot-latex\/\",\"name\":\"Doigtier baby-foot en latex - ITSF Boutique officielle\",\"isPartOf\":{\"@id\":\"https:\/\/shop.tablesoccer.org\/#website\"},\"primaryImageOfPage\":{\"@id\":\"https:\/\/shop.tablesoccer.org\/produit\/doigtier-baby-foot-latex\/#primaryimage\"},\"image\":{\"@id\":\"https:\/\/shop.tablesoccer.org\/produit\/doigtier-baby-foot-latex\/#primaryimage\"},\"thumbnailUrl\":\"https:\/\/shop.tablesoccer.org\/wp-content\/uploads\/2023\/11\/doigtiers_noir_rouge_transparent.jpg\",\"datePublished\":\"2023-11-14T15:36:21+00:00\",\"dateModified\":\"2026-04-03T11:53:51+00:00\",\"description\":\"Doigtier en latex : s\u2019installe sur la poign\u00e9e de votre baby-foot et permet une meilleure accroche. Commandez-le sur l\u2019ITSF Store !\",\"breadcrumb\":{\"@id\":\"https:\/\/shop.tablesoccer.org\/produit\/doigtier-baby-foot-latex\/#breadcrumb\"},\"inLanguage\":\"de\",\"potentialAction\":[{\"@type\":\"ReadAction\",\"target\":[\"https:\/\/shop.tablesoccer.org\/produit\/doigtier-baby-foot-latex\/\"]}]},{\"@type\":\"ImageObject\",\"inLanguage\":\"de\",\"@id\":\"https:\/\/shop.tablesoccer.org\/produit\/doigtier-baby-foot-latex\/#primaryimage\",\"url\":\"https:\/\/shop.tablesoccer.org\/wp-content\/uploads\/2023\/11\/doigtiers_noir_rouge_transparent.jpg\",\"contentUrl\":\"https:\/\/shop.tablesoccer.org\/wp-content\/uploads\/2023\/11\/doigtiers_noir_rouge_transparent.jpg\",\"width\":1600,\"height\":1864,\"caption\":\"Doigtier en latex ITSF baby-foot\"},{\"@type\":\"BreadcrumbList\",\"@id\":\"https:\/\/shop.tablesoccer.org\/produit\/doigtier-baby-foot-latex\/#breadcrumb\",\"itemListElement\":[{\"@type\":\"ListItem\",\"position\":1,\"name\":\"Accueil\",\"item\":\"https:\/\/shop.tablesoccer.org\/\"},{\"@type\":\"ListItem\",\"position\":2,\"name\":\"Boutique\",\"item\":\"https:\/\/shop.tablesoccer.org\/accueil\/boutique\/\"},{\"@type\":\"ListItem\",\"position\":3,\"name\":\"Doigtier baby-foot en latex\"}]},{\"@type\":\"WebSite\",\"@id\":\"https:\/\/shop.tablesoccer.org\/#website\",\"url\":\"https:\/\/shop.tablesoccer.org\/\",\"name\":\"ITSF Boutique officielle\",\"description\":\"\",\"potentialAction\":[{\"@type\":\"SearchAction\",\"target\":{\"@type\":\"EntryPoint\",\"urlTemplate\":\"https:\/\/shop.tablesoccer.org\/?s={search_term_string}\"},\"query-input\":{\"@type\":\"PropertyValueSpecification\",\"valueRequired\":true,\"valueName\":\"search_term_string\"}}],\"inLanguage\":\"de\"}]}<\/script>\n<!-- \/ Yoast SEO plugin. -->","yoast_head_json":{"title":"Doigtier baby-foot en latex - ITSF Boutique officielle","description":"Doigtier en latex : s\u2019installe sur la poign\u00e9e de votre baby-foot et permet une meilleure accroche. Commandez-le sur l\u2019ITSF Store !","robots":{"index":"index","follow":"follow","max-snippet":"max-snippet:-1","max-image-preview":"max-image-preview:large","max-video-preview":"max-video-preview:-1"},"canonical":"https:\/\/shop.tablesoccer.org\/de\/produkt\/doigtier-baby-foot-latex\/","og_locale":"de_DE","og_type":"article","og_title":"Doigtier baby-foot en latex - ITSF Boutique officielle","og_description":"Doigtier en latex : s\u2019installe sur la poign\u00e9e de votre baby-foot et permet une meilleure accroche. Commandez-le sur l\u2019ITSF Store !","og_url":"https:\/\/shop.tablesoccer.org\/de\/produkt\/doigtier-baby-foot-latex\/","og_site_name":"ITSF Boutique officielle","article_modified_time":"2026-04-03T11:53:51+00:00","og_image":[{"width":1600,"height":1864,"url":"https:\/\/shop.tablesoccer.org\/wp-content\/uploads\/2023\/11\/doigtiers_noir_rouge_transparent.jpg","type":"image\/jpeg"}],"twitter_card":"summary_large_image","twitter_misc":{"Gesch\u00e4tzte Lesezeit":"2\u00a0Minuten"},"schema":{"@context":"https:\/\/schema.org","@graph":[{"@type":"WebPage","@id":"https:\/\/shop.tablesoccer.org\/produit\/doigtier-baby-foot-latex\/","url":"https:\/\/shop.tablesoccer.org\/produit\/doigtier-baby-foot-latex\/","name":"Doigtier baby-foot en latex - ITSF Boutique officielle","isPartOf":{"@id":"https:\/\/shop.tablesoccer.org\/#website"},"primaryImageOfPage":{"@id":"https:\/\/shop.tablesoccer.org\/produit\/doigtier-baby-foot-latex\/#primaryimage"},"image":{"@id":"https:\/\/shop.tablesoccer.org\/produit\/doigtier-baby-foot-latex\/#primaryimage"},"thumbnailUrl":"https:\/\/shop.tablesoccer.org\/wp-content\/uploads\/2023\/11\/doigtiers_noir_rouge_transparent.jpg","datePublished":"2023-11-14T15:36:21+00:00","dateModified":"2026-04-03T11:53:51+00:00","description":"Doigtier en latex : s\u2019installe sur la poign\u00e9e de votre baby-foot et permet une meilleure accroche. Commandez-le sur l\u2019ITSF Store !","breadcrumb":{"@id":"https:\/\/shop.tablesoccer.org\/produit\/doigtier-baby-foot-latex\/#breadcrumb"},"inLanguage":"de","potentialAction":[{"@type":"ReadAction","target":["https:\/\/shop.tablesoccer.org\/produit\/doigtier-baby-foot-latex\/"]}]},{"@type":"ImageObject","inLanguage":"de","@id":"https:\/\/shop.tablesoccer.org\/produit\/doigtier-baby-foot-latex\/#primaryimage","url":"https:\/\/shop.tablesoccer.org\/wp-content\/uploads\/2023\/11\/doigtiers_noir_rouge_transparent.jpg","contentUrl":"https:\/\/shop.tablesoccer.org\/wp-content\/uploads\/2023\/11\/doigtiers_noir_rouge_transparent.jpg","width":1600,"height":1864,"caption":"Doigtier en latex ITSF baby-foot"},{"@type":"BreadcrumbList","@id":"https:\/\/shop.tablesoccer.org\/produit\/doigtier-baby-foot-latex\/#breadcrumb","itemListElement":[{"@type":"ListItem","position":1,"name":"Accueil","item":"https:\/\/shop.tablesoccer.org\/"},{"@type":"ListItem","position":2,"name":"Boutique","item":"https:\/\/shop.tablesoccer.org\/accueil\/boutique\/"},{"@type":"ListItem","position":3,"name":"Doigtier baby-foot en latex"}]},{"@type":"WebSite","@id":"https:\/\/shop.tablesoccer.org\/#website","url":"https:\/\/shop.tablesoccer.org\/","name":"ITSF Boutique officielle","description":"","potentialAction":[{"@type":"SearchAction","target":{"@type":"EntryPoint","urlTemplate":"https:\/\/shop.tablesoccer.org\/?s={search_term_string}"},"query-input":{"@type":"PropertyValueSpecification","valueRequired":true,"valueName":"search_term_string"}}],"inLanguage":"de"}]}},"_links":{"self":[{"href":"https:\/\/shop.tablesoccer.org\/de\/wp-json\/wp\/v2\/product\/9554","targetHints":{"allow":["GET"]}}],"collection":[{"href":"https:\/\/shop.tablesoccer.org\/de\/wp-json\/wp\/v2\/product"}],"about":[{"href":"https:\/\/shop.tablesoccer.org\/de\/wp-json\/wp\/v2\/types\/product"}],"replies":[{"embeddable":true,"href":"https:\/\/shop.tablesoccer.org\/de\/wp-json\/wp\/v2\/comments?post=9554"}],"wp:featuredmedia":[{"embeddable":true,"href":"https:\/\/shop.tablesoccer.org\/de\/wp-json\/wp\/v2\/media\/9609"}],"wp:attachment":[{"href":"https:\/\/shop.tablesoccer.org\/de\/wp-json\/wp\/v2\/media?parent=9554"}],"wp:term":[{"taxonomy":"product_brand","embeddable":true,"href":"https:\/\/shop.tablesoccer.org\/de\/wp-json\/wp\/v2\/product_brand?post=9554"},{"taxonomy":"product_cat","embeddable":true,"href":"https:\/\/shop.tablesoccer.org\/de\/wp-json\/wp\/v2\/product_cat?post=9554"},{"taxonomy":"product_tag","embeddable":true,"href":"https:\/\/shop.tablesoccer.org\/de\/wp-json\/wp\/v2\/product_tag?post=9554"}],"curies":[{"name":"wp","href":"https:\/\/api.w.org\/{rel}","templated":true}]}}