{"id":9528,"date":"2023-11-14T16:33:17","date_gmt":"2023-11-14T15:33:17","guid":{"rendered":"https:\/\/shop.tablesoccer.org\/?post_type=product&#038;p=9528"},"modified":"2026-04-03T13:53:45","modified_gmt":"2026-04-03T11:53:45","slug":"balle-baby-foot-bonzini-itsf-b","status":"publish","type":"product","link":"https:\/\/shop.tablesoccer.org\/de\/produkt\/balle-baby-foot-bonzini-itsf-b\/","title":{"rendered":"Bonzini Tischfussball ITSF-B"},"content":{"rendered":"<p style=\"font-weight: 400;\"><strong>Beschreibung:<\/strong><\/p>\n<p style=\"font-weight: 400;\">Der Bonzini ITSF-B Tischfu\u00dfballball wurde speziell entwickelt, um ein pr\u00e4zises und konstantes Spielgef\u00fchl auf den Bonzini Tischen zu bieten. Er wird bei offiziellen Turnieren verwendet und \u00fcberzeugt durch seine Regelm\u00e4\u00dfigkeit, au\u00dfergew\u00f6hnliche Kontrolle und hervorragenden Grip. Perfekt f\u00fcr Spieler, die auf der Suche nach Leistung und Zuverl\u00e4ssigkeit sind.<\/p>\n<p style=\"font-weight: 400;\"><strong>Eigenschaften:<\/strong><\/p>\n<p style=\"font-weight: 400;\">- Material: Spezieller Kunststoff mit ausgewogenem Griff<\/p>\n<p style=\"font-weight: 400;\">\u2013 Farbe : gelb<\/p>\n<p style=\"font-weight: 400;\">\u2013 Gewicht: 18 g<\/p>\n<p style=\"font-weight: 400;\">\u2013 Durchmesser: 35 mm<\/p>\n<p style=\"font-weight: 400;\">ITSF zertifiziertes Produkt<\/p>\n<p style=\"font-weight: 400;\"><strong>Pflegehinweise<\/strong><\/p>\n<p style=\"font-weight: 400;\">Um die Qualit\u00e4t und Leistung Ihres Ballens zu erhalten, reinigen Sie ihn regelm\u00e4\u00dfig mit einem weichen, trockenen Tuch. Vermeiden Sie die Verwendung von abrasiven Produkten oder L\u00f6sungsmitteln, die seine Oberfl\u00e4che besch\u00e4digen k\u00f6nnten. Bewahren Sie das Ger\u00e4t an einem trockenen Ort auf, der vor Feuchtigkeit und starker Hitze gesch\u00fctzt ist.<\/p>\n<p style=\"font-weight: 400;\">Der Ball Bonzini ITSF-B ist sowohl f\u00fcr offizielle Wettk\u00e4mpfe als auch f\u00fcr intensive Trainingseinheiten unverzichtbar und erm\u00f6glicht es Ihnen, dieselben Spielempfindungen wie bei professionellen Turnieren zu genie\u00dfen.<\/p>\n<p style=\"font-weight: 400;\">Finden Sie unsere gesamte Auswahl in der Kategorie: <a href=\"https:\/\/shop.tablesoccer.org\/de\/produkt-kategorie\/equipement\/balles-baby-foot\/\">B\u00e4lle f\u00fcr Tischfu\u00dfball<\/a><\/p>","protected":false},"excerpt":{"rendered":"<p>Der Tischfu\u00dfballball Bonzini ITSF-B wurde f\u00fcr den Wettkampf entwickelt und von der International Federation (ITSF) zugelassen. Bekannt f\u00fcr seine Pr\u00e4zision und einzigartige Ber\u00fchrung, ist es die offizielle Referenz auf Baby-F\u00fc\u00dfe Bonzini.<\/p>\n<p><strong data-start=\"57\" data-end=\"158\">GROSSMENGENANGEBOT:<\/strong><\/p>\n<p>Ab<strong data-start=\"57\" data-end=\"158\"> 10 B\u00e4llen <\/strong>sinkt der St\u00fcckpreis auf <strong>3,25 \u20ac.\u00a0<\/strong><\/p>\n<p>Ab<strong data-start=\"57\" data-end=\"158\"> 50 balles <\/strong>sinkt der St\u00fcckpreis auf <strong>3,00 \u20ac.\u00a0<\/strong><\/p>","protected":false},"featured_media":9525,"comment_status":"open","ping_status":"closed","template":"","meta":[],"product_brand":[],"product_cat":[119,69],"product_tag":[],"class_list":{"0":"post-9528","1":"product","2":"type-product","3":"status-publish","4":"has-post-thumbnail","6":"product_cat-balles-baby-foot","7":"product_cat-equipement","9":"first","10":"instock","11":"taxable","12":"shipping-taxable","13":"purchasable","14":"product-type-simple"},"yoast_head":"<!-- This site is optimized with the Yoast SEO plugin v26.5 - https:\/\/yoast.com\/wordpress\/plugins\/seo\/ -->\n<title>Balle baby-foot bonzini ITSF-B - ITSF Boutique officielle<\/title>\n<meta name=\"description\" content=\"Balle Bonzini ITSF-B : la balle homologu\u00e9 ITSF pour le jeu comp\u00e9titif sur les tables de baby-foot Bonzini. Retrouvez-la sur l\u2019ITSF Store !\" \/>\n<meta name=\"robots\" content=\"index, follow, max-snippet:-1, max-image-preview:large, max-video-preview:-1\" \/>\n<link rel=\"canonical\" href=\"https:\/\/shop.tablesoccer.org\/de\/produkt\/balle-baby-foot-bonzini-itsf-b\/\" \/>\n<meta property=\"og:locale\" content=\"de_DE\" \/>\n<meta property=\"og:type\" content=\"article\" \/>\n<meta property=\"og:title\" content=\"Balle baby-foot bonzini ITSF-B - ITSF Boutique officielle\" \/>\n<meta property=\"og:description\" content=\"Balle Bonzini ITSF-B : la balle homologu\u00e9 ITSF pour le jeu comp\u00e9titif sur les tables de baby-foot Bonzini. Retrouvez-la sur l\u2019ITSF Store !\" \/>\n<meta property=\"og:url\" content=\"https:\/\/shop.tablesoccer.org\/de\/produkt\/balle-baby-foot-bonzini-itsf-b\/\" \/>\n<meta property=\"og:site_name\" content=\"ITSF Boutique officielle\" \/>\n<meta property=\"article:modified_time\" content=\"2026-04-03T11:53:45+00:00\" \/>\n<meta property=\"og:image\" content=\"https:\/\/shop.tablesoccer.org\/wp-content\/uploads\/2023\/11\/boule_bonzini.jpg\" \/>\n\t<meta property=\"og:image:width\" content=\"1600\" \/>\n\t<meta property=\"og:image:height\" content=\"1448\" \/>\n\t<meta property=\"og:image:type\" content=\"image\/jpeg\" \/>\n<meta name=\"twitter:card\" content=\"summary_large_image\" \/>\n<meta name=\"twitter:label1\" content=\"Gesch\u00e4tzte Lesezeit\" \/>\n\t<meta name=\"twitter:data1\" content=\"2\u00a0Minuten\" \/>\n<script type=\"application\/ld+json\" class=\"yoast-schema-graph\">{\"@context\":\"https:\/\/schema.org\",\"@graph\":[{\"@type\":\"WebPage\",\"@id\":\"https:\/\/shop.tablesoccer.org\/produit\/balle-baby-foot-bonzini-itsf-b\/\",\"url\":\"https:\/\/shop.tablesoccer.org\/produit\/balle-baby-foot-bonzini-itsf-b\/\",\"name\":\"Balle baby-foot bonzini ITSF-B - ITSF Boutique officielle\",\"isPartOf\":{\"@id\":\"https:\/\/shop.tablesoccer.org\/#website\"},\"primaryImageOfPage\":{\"@id\":\"https:\/\/shop.tablesoccer.org\/produit\/balle-baby-foot-bonzini-itsf-b\/#primaryimage\"},\"image\":{\"@id\":\"https:\/\/shop.tablesoccer.org\/produit\/balle-baby-foot-bonzini-itsf-b\/#primaryimage\"},\"thumbnailUrl\":\"https:\/\/shop.tablesoccer.org\/wp-content\/uploads\/2023\/11\/boule_bonzini.jpg\",\"datePublished\":\"2023-11-14T15:33:17+00:00\",\"dateModified\":\"2026-04-03T11:53:45+00:00\",\"description\":\"Balle Bonzini ITSF-B : la balle homologu\u00e9 ITSF pour le jeu comp\u00e9titif sur les tables de baby-foot Bonzini. Retrouvez-la sur l\u2019ITSF Store !\",\"breadcrumb\":{\"@id\":\"https:\/\/shop.tablesoccer.org\/produit\/balle-baby-foot-bonzini-itsf-b\/#breadcrumb\"},\"inLanguage\":\"de\",\"potentialAction\":[{\"@type\":\"ReadAction\",\"target\":[\"https:\/\/shop.tablesoccer.org\/produit\/balle-baby-foot-bonzini-itsf-b\/\"]}]},{\"@type\":\"ImageObject\",\"inLanguage\":\"de\",\"@id\":\"https:\/\/shop.tablesoccer.org\/produit\/balle-baby-foot-bonzini-itsf-b\/#primaryimage\",\"url\":\"https:\/\/shop.tablesoccer.org\/wp-content\/uploads\/2023\/11\/boule_bonzini.jpg\",\"contentUrl\":\"https:\/\/shop.tablesoccer.org\/wp-content\/uploads\/2023\/11\/boule_bonzini.jpg\",\"width\":1600,\"height\":1448,\"caption\":\"Balle baby-foot Bonzini ITSF\"},{\"@type\":\"BreadcrumbList\",\"@id\":\"https:\/\/shop.tablesoccer.org\/produit\/balle-baby-foot-bonzini-itsf-b\/#breadcrumb\",\"itemListElement\":[{\"@type\":\"ListItem\",\"position\":1,\"name\":\"Accueil\",\"item\":\"https:\/\/shop.tablesoccer.org\/\"},{\"@type\":\"ListItem\",\"position\":2,\"name\":\"Boutique\",\"item\":\"https:\/\/shop.tablesoccer.org\/accueil\/boutique\/\"},{\"@type\":\"ListItem\",\"position\":3,\"name\":\"Balle baby-foot bonzini ITSF-B\"}]},{\"@type\":\"WebSite\",\"@id\":\"https:\/\/shop.tablesoccer.org\/#website\",\"url\":\"https:\/\/shop.tablesoccer.org\/\",\"name\":\"ITSF Boutique officielle\",\"description\":\"\",\"potentialAction\":[{\"@type\":\"SearchAction\",\"target\":{\"@type\":\"EntryPoint\",\"urlTemplate\":\"https:\/\/shop.tablesoccer.org\/?s={search_term_string}\"},\"query-input\":{\"@type\":\"PropertyValueSpecification\",\"valueRequired\":true,\"valueName\":\"search_term_string\"}}],\"inLanguage\":\"de\"}]}<\/script>\n<!-- \/ Yoast SEO plugin. -->","yoast_head_json":{"title":"Balle baby-foot bonzini ITSF-B - ITSF Boutique officielle","description":"Balle Bonzini ITSF-B : la balle homologu\u00e9 ITSF pour le jeu comp\u00e9titif sur les tables de baby-foot Bonzini. Retrouvez-la sur l\u2019ITSF Store !","robots":{"index":"index","follow":"follow","max-snippet":"max-snippet:-1","max-image-preview":"max-image-preview:large","max-video-preview":"max-video-preview:-1"},"canonical":"https:\/\/shop.tablesoccer.org\/de\/produkt\/balle-baby-foot-bonzini-itsf-b\/","og_locale":"de_DE","og_type":"article","og_title":"Balle baby-foot bonzini ITSF-B - ITSF Boutique officielle","og_description":"Balle Bonzini ITSF-B : la balle homologu\u00e9 ITSF pour le jeu comp\u00e9titif sur les tables de baby-foot Bonzini. Retrouvez-la sur l\u2019ITSF Store !","og_url":"https:\/\/shop.tablesoccer.org\/de\/produkt\/balle-baby-foot-bonzini-itsf-b\/","og_site_name":"ITSF Boutique officielle","article_modified_time":"2026-04-03T11:53:45+00:00","og_image":[{"width":1600,"height":1448,"url":"https:\/\/shop.tablesoccer.org\/wp-content\/uploads\/2023\/11\/boule_bonzini.jpg","type":"image\/jpeg"}],"twitter_card":"summary_large_image","twitter_misc":{"Gesch\u00e4tzte Lesezeit":"2\u00a0Minuten"},"schema":{"@context":"https:\/\/schema.org","@graph":[{"@type":"WebPage","@id":"https:\/\/shop.tablesoccer.org\/produit\/balle-baby-foot-bonzini-itsf-b\/","url":"https:\/\/shop.tablesoccer.org\/produit\/balle-baby-foot-bonzini-itsf-b\/","name":"Balle baby-foot bonzini ITSF-B - ITSF Boutique officielle","isPartOf":{"@id":"https:\/\/shop.tablesoccer.org\/#website"},"primaryImageOfPage":{"@id":"https:\/\/shop.tablesoccer.org\/produit\/balle-baby-foot-bonzini-itsf-b\/#primaryimage"},"image":{"@id":"https:\/\/shop.tablesoccer.org\/produit\/balle-baby-foot-bonzini-itsf-b\/#primaryimage"},"thumbnailUrl":"https:\/\/shop.tablesoccer.org\/wp-content\/uploads\/2023\/11\/boule_bonzini.jpg","datePublished":"2023-11-14T15:33:17+00:00","dateModified":"2026-04-03T11:53:45+00:00","description":"Balle Bonzini ITSF-B : la balle homologu\u00e9 ITSF pour le jeu comp\u00e9titif sur les tables de baby-foot Bonzini. Retrouvez-la sur l\u2019ITSF Store !","breadcrumb":{"@id":"https:\/\/shop.tablesoccer.org\/produit\/balle-baby-foot-bonzini-itsf-b\/#breadcrumb"},"inLanguage":"de","potentialAction":[{"@type":"ReadAction","target":["https:\/\/shop.tablesoccer.org\/produit\/balle-baby-foot-bonzini-itsf-b\/"]}]},{"@type":"ImageObject","inLanguage":"de","@id":"https:\/\/shop.tablesoccer.org\/produit\/balle-baby-foot-bonzini-itsf-b\/#primaryimage","url":"https:\/\/shop.tablesoccer.org\/wp-content\/uploads\/2023\/11\/boule_bonzini.jpg","contentUrl":"https:\/\/shop.tablesoccer.org\/wp-content\/uploads\/2023\/11\/boule_bonzini.jpg","width":1600,"height":1448,"caption":"Balle baby-foot Bonzini ITSF"},{"@type":"BreadcrumbList","@id":"https:\/\/shop.tablesoccer.org\/produit\/balle-baby-foot-bonzini-itsf-b\/#breadcrumb","itemListElement":[{"@type":"ListItem","position":1,"name":"Accueil","item":"https:\/\/shop.tablesoccer.org\/"},{"@type":"ListItem","position":2,"name":"Boutique","item":"https:\/\/shop.tablesoccer.org\/accueil\/boutique\/"},{"@type":"ListItem","position":3,"name":"Balle baby-foot bonzini ITSF-B"}]},{"@type":"WebSite","@id":"https:\/\/shop.tablesoccer.org\/#website","url":"https:\/\/shop.tablesoccer.org\/","name":"ITSF Boutique officielle","description":"","potentialAction":[{"@type":"SearchAction","target":{"@type":"EntryPoint","urlTemplate":"https:\/\/shop.tablesoccer.org\/?s={search_term_string}"},"query-input":{"@type":"PropertyValueSpecification","valueRequired":true,"valueName":"search_term_string"}}],"inLanguage":"de"}]}},"_links":{"self":[{"href":"https:\/\/shop.tablesoccer.org\/de\/wp-json\/wp\/v2\/product\/9528","targetHints":{"allow":["GET"]}}],"collection":[{"href":"https:\/\/shop.tablesoccer.org\/de\/wp-json\/wp\/v2\/product"}],"about":[{"href":"https:\/\/shop.tablesoccer.org\/de\/wp-json\/wp\/v2\/types\/product"}],"replies":[{"embeddable":true,"href":"https:\/\/shop.tablesoccer.org\/de\/wp-json\/wp\/v2\/comments?post=9528"}],"wp:featuredmedia":[{"embeddable":true,"href":"https:\/\/shop.tablesoccer.org\/de\/wp-json\/wp\/v2\/media\/9525"}],"wp:attachment":[{"href":"https:\/\/shop.tablesoccer.org\/de\/wp-json\/wp\/v2\/media?parent=9528"}],"wp:term":[{"taxonomy":"product_brand","embeddable":true,"href":"https:\/\/shop.tablesoccer.org\/de\/wp-json\/wp\/v2\/product_brand?post=9528"},{"taxonomy":"product_cat","embeddable":true,"href":"https:\/\/shop.tablesoccer.org\/de\/wp-json\/wp\/v2\/product_cat?post=9528"},{"taxonomy":"product_tag","embeddable":true,"href":"https:\/\/shop.tablesoccer.org\/de\/wp-json\/wp\/v2\/product_tag?post=9528"}],"curies":[{"name":"wp","href":"https:\/\/api.w.org\/{rel}","templated":true}]}}