{"id":9516,"date":"2023-11-14T16:27:04","date_gmt":"2023-11-14T15:27:04","guid":{"rendered":"https:\/\/shop.tablesoccer.org\/?post_type=product&#038;p=9516"},"modified":"2026-04-03T12:52:28","modified_gmt":"2026-04-03T10:52:28","slug":"grips-baby-foot-itsf","status":"publish","type":"product","link":"https:\/\/shop.tablesoccer.org\/de\/produkt\/grips-baby-foot-itsf\/","title":{"rendered":"Tischfu\u00dfball-Fingergrips"},"content":{"rendered":"<p data-start=\"57\" data-end=\"160\"><strong data-start=\"57\" data-end=\"158\">GROSSMENGENANGEBOT:<\/strong> \u00e0 partir de<strong data-start=\"57\" data-end=\"158\"> 50 grips <\/strong>sinkt der St\u00fcckpreis auf\u00a0<strong data-start=\"57\" data-end=\"158\">2 \u20ac.<\/strong><\/p>\n<p>&nbsp;<\/p>\n<p style=\"font-weight: 400;\"><strong>Beschreibung:<\/strong><\/p>\n<p style=\"font-weight: 400;\">Die \"Grips\" ITSF-B\u00e4nder sind leichte und widerstandsf\u00e4hige B\u00e4nder, die entwickelt wurden, um den Halt der Tischfussballgriffe zu verbessern. Durch die Anwendung auf Ihre Bars erh\u00f6hen Sie den Komfort, reduzieren das Rutschen und gewinnen an Kontrolle, ob in der Freizeit oder im Wettbewerb.<\/p>\n<p>&nbsp;<\/p>\n<p style=\"font-weight: 400;\"><strong>Eigenschaften:<\/strong><\/p>\n<p style=\"font-weight: 400;\">- Gr\u00f6\u00dfe: 2,5 cm x 110 cm<\/p>\n<p style=\"font-weight: 400;\">\u2013 St\u00e4rke 0,75mm<\/p>\n<p style=\"font-weight: 400;\">- Verf\u00fcgbare Farben: blau, blau violett, dunkelgr\u00fcn, himbeere, gelb, hellgr\u00fcn, neongr\u00fcn, schwarz, orange, rosa, t\u00fcrkis<\/p>\n<p style=\"font-weight: 400;\">Vorgeschnittenes Ende zur einfachen Verlegung, doppelseitiges Klebeband (1,4 cm) an einem Ende f\u00fcr eine dauerhafte Befestigung.<\/p>\n<p style=\"font-weight: 400;\">Gepr\u00e4gtes ITSF-Logo + kleines schwarzes Verschlussband mit Pflegehinweis-Logo<\/p>\n<p>&nbsp;<\/p>\n<p style=\"font-weight: 400;\"><strong>Pflegetipp<\/strong><\/p>\n<p style=\"font-weight: 400;\">Vergewissern Sie sich vor dem Aufsetzen des Griffs, dass der Griff sauber und trocken ist. Bei Abnutzung oder Verschmutzungen mit einem weichen Tuch ohne aggressive Produkte reinigen. Achten Sie regelm\u00e4\u00dfig darauf, dass sich der Grip nicht abl\u00f6st und tauschen Sie ihn bei Bedarf aus, um einen guten Halt zu erhalten.<\/p>\n<p style=\"font-weight: 400;\">Sie k\u00f6nnen auch unsere<a href=\"https:\/\/shop.tablesoccer.org\/de\/produkt\/anneau-bloque-grip-itsf\/\"> Tischfu\u00dfball-Grip-Blockring<\/a> zur Befestigung des Griffes am Fussballgriff<\/p>\n<p>&nbsp;<\/p>\n<p style=\"font-weight: 400;\">Eine einfache und effektive L\u00f6sung, um Ihren Stangen mehr Halt zu verleihen!<\/p>\n<p style=\"font-weight: 400;\">Finden Sie unsere gesamte Auswahl in der Kategorie: <a href=\"https:\/\/shop.tablesoccer.org\/en\/product-category\/equipement\/grips-et-blocs-grips-baby-foot\/\">foosball grips &amp; grip blocks<\/a><\/p>","protected":false},"excerpt":{"rendered":"<p style=\"font-weight: 400;\">Die ITSF-Griffe verbessern den Grip und die Kontrolle an den Tischfussballgriffen. Sie sind leicht zu verlegen, strapazierf\u00e4hig und erh\u00f6hen den Spielkomfort. Sie k\u00f6nnen ihre Installation mit den Blockringen f\u00fcr optimalen Halt vervollst\u00e4ndigen.<\/p>\n<p data-start=\"57\" data-end=\"160\"><strong data-start=\"57\" data-end=\"158\">GROSSMENGENANGEBOT:<\/strong> \u00e0 partir de<strong data-start=\"57\" data-end=\"158\"> 50 grips <\/strong>sinkt der St\u00fcckpreis auf\u00a0<strong data-start=\"57\" data-end=\"158\">2 \u20ac.<\/strong><\/p>\n<p>&nbsp;<\/p>\n<p style=\"font-weight: 400;\">","protected":false},"featured_media":9568,"comment_status":"open","ping_status":"closed","template":"","meta":[],"product_brand":[],"product_cat":[69,121],"product_tag":[],"class_list":{"0":"post-9516","1":"product","2":"type-product","3":"status-publish","4":"has-post-thumbnail","6":"product_cat-equipement","7":"product_cat-grips-et-blocs-grips-baby-foot","9":"first","10":"instock","11":"taxable","12":"shipping-taxable","13":"purchasable","14":"product-type-variable"},"yoast_head":"<!-- This site is optimized with the Yoast SEO plugin v26.5 - https:\/\/yoast.com\/wordpress\/plugins\/seo\/ -->\n<title>Grips baby-foot - ITSF Boutique officielle<\/title>\n<meta name=\"description\" content=\"Grips ITSF : adapt\u00e9s \u00e0 toutes les poign\u00e9es, ils vous permettront de jouer de fa\u00e7on professionnelle au baby-foot. Commandez-les sur l\u2019ITSF Store !\" \/>\n<meta name=\"robots\" content=\"index, follow, max-snippet:-1, max-image-preview:large, max-video-preview:-1\" \/>\n<link rel=\"canonical\" href=\"https:\/\/shop.tablesoccer.org\/de\/produkt\/grips-baby-foot-itsf\/\" \/>\n<meta property=\"og:locale\" content=\"de_DE\" \/>\n<meta property=\"og:type\" content=\"article\" \/>\n<meta property=\"og:title\" content=\"Grips baby-foot - ITSF Boutique officielle\" \/>\n<meta property=\"og:description\" content=\"Grips ITSF : adapt\u00e9s \u00e0 toutes les poign\u00e9es, ils vous permettront de jouer de fa\u00e7on professionnelle au baby-foot. Commandez-les sur l\u2019ITSF Store !\" \/>\n<meta property=\"og:url\" content=\"https:\/\/shop.tablesoccer.org\/de\/produkt\/grips-baby-foot-itsf\/\" \/>\n<meta property=\"og:site_name\" content=\"ITSF Boutique officielle\" \/>\n<meta property=\"article:modified_time\" content=\"2026-04-03T10:52:28+00:00\" \/>\n<meta property=\"og:image\" content=\"https:\/\/shop.tablesoccer.org\/wp-content\/uploads\/2023\/11\/1_2_2.jpg\" \/>\n\t<meta property=\"og:image:width\" content=\"1600\" \/>\n\t<meta property=\"og:image:height\" content=\"1200\" \/>\n\t<meta property=\"og:image:type\" content=\"image\/jpeg\" \/>\n<meta name=\"twitter:card\" content=\"summary_large_image\" \/>\n<meta name=\"twitter:label1\" content=\"Gesch\u00e4tzte Lesezeit\" \/>\n\t<meta name=\"twitter:data1\" content=\"2\u00a0Minuten\" \/>\n<script type=\"application\/ld+json\" class=\"yoast-schema-graph\">{\"@context\":\"https:\/\/schema.org\",\"@graph\":[{\"@type\":\"WebPage\",\"@id\":\"https:\/\/shop.tablesoccer.org\/produit\/grips-baby-foot-itsf\/\",\"url\":\"https:\/\/shop.tablesoccer.org\/produit\/grips-baby-foot-itsf\/\",\"name\":\"Grips baby-foot - ITSF Boutique officielle\",\"isPartOf\":{\"@id\":\"https:\/\/shop.tablesoccer.org\/#website\"},\"primaryImageOfPage\":{\"@id\":\"https:\/\/shop.tablesoccer.org\/produit\/grips-baby-foot-itsf\/#primaryimage\"},\"image\":{\"@id\":\"https:\/\/shop.tablesoccer.org\/produit\/grips-baby-foot-itsf\/#primaryimage\"},\"thumbnailUrl\":\"https:\/\/shop.tablesoccer.org\/wp-content\/uploads\/2023\/11\/1_2_2.jpg\",\"datePublished\":\"2023-11-14T15:27:04+00:00\",\"dateModified\":\"2026-04-03T10:52:28+00:00\",\"description\":\"Grips ITSF : adapt\u00e9s \u00e0 toutes les poign\u00e9es, ils vous permettront de jouer de fa\u00e7on professionnelle au baby-foot. Commandez-les sur l\u2019ITSF Store !\",\"breadcrumb\":{\"@id\":\"https:\/\/shop.tablesoccer.org\/produit\/grips-baby-foot-itsf\/#breadcrumb\"},\"inLanguage\":\"de\",\"potentialAction\":[{\"@type\":\"ReadAction\",\"target\":[\"https:\/\/shop.tablesoccer.org\/produit\/grips-baby-foot-itsf\/\"]}]},{\"@type\":\"ImageObject\",\"inLanguage\":\"de\",\"@id\":\"https:\/\/shop.tablesoccer.org\/produit\/grips-baby-foot-itsf\/#primaryimage\",\"url\":\"https:\/\/shop.tablesoccer.org\/wp-content\/uploads\/2023\/11\/1_2_2.jpg\",\"contentUrl\":\"https:\/\/shop.tablesoccer.org\/wp-content\/uploads\/2023\/11\/1_2_2.jpg\",\"width\":1600,\"height\":1200,\"caption\":\"Grips\/Wraps ITSF, baby-foot\"},{\"@type\":\"BreadcrumbList\",\"@id\":\"https:\/\/shop.tablesoccer.org\/produit\/grips-baby-foot-itsf\/#breadcrumb\",\"itemListElement\":[{\"@type\":\"ListItem\",\"position\":1,\"name\":\"Accueil\",\"item\":\"https:\/\/shop.tablesoccer.org\/\"},{\"@type\":\"ListItem\",\"position\":2,\"name\":\"Boutique\",\"item\":\"https:\/\/shop.tablesoccer.org\/accueil\/boutique\/\"},{\"@type\":\"ListItem\",\"position\":3,\"name\":\"Grips baby-foot\"}]},{\"@type\":\"WebSite\",\"@id\":\"https:\/\/shop.tablesoccer.org\/#website\",\"url\":\"https:\/\/shop.tablesoccer.org\/\",\"name\":\"ITSF Boutique officielle\",\"description\":\"\",\"potentialAction\":[{\"@type\":\"SearchAction\",\"target\":{\"@type\":\"EntryPoint\",\"urlTemplate\":\"https:\/\/shop.tablesoccer.org\/?s={search_term_string}\"},\"query-input\":{\"@type\":\"PropertyValueSpecification\",\"valueRequired\":true,\"valueName\":\"search_term_string\"}}],\"inLanguage\":\"de\"}]}<\/script>\n<!-- \/ Yoast SEO plugin. -->","yoast_head_json":{"title":"Grips baby-foot - ITSF Boutique officielle","description":"Grips ITSF : adapt\u00e9s \u00e0 toutes les poign\u00e9es, ils vous permettront de jouer de fa\u00e7on professionnelle au baby-foot. Commandez-les sur l\u2019ITSF Store !","robots":{"index":"index","follow":"follow","max-snippet":"max-snippet:-1","max-image-preview":"max-image-preview:large","max-video-preview":"max-video-preview:-1"},"canonical":"https:\/\/shop.tablesoccer.org\/de\/produkt\/grips-baby-foot-itsf\/","og_locale":"de_DE","og_type":"article","og_title":"Grips baby-foot - ITSF Boutique officielle","og_description":"Grips ITSF : adapt\u00e9s \u00e0 toutes les poign\u00e9es, ils vous permettront de jouer de fa\u00e7on professionnelle au baby-foot. Commandez-les sur l\u2019ITSF Store !","og_url":"https:\/\/shop.tablesoccer.org\/de\/produkt\/grips-baby-foot-itsf\/","og_site_name":"ITSF Boutique officielle","article_modified_time":"2026-04-03T10:52:28+00:00","og_image":[{"width":1600,"height":1200,"url":"https:\/\/shop.tablesoccer.org\/wp-content\/uploads\/2023\/11\/1_2_2.jpg","type":"image\/jpeg"}],"twitter_card":"summary_large_image","twitter_misc":{"Gesch\u00e4tzte Lesezeit":"2\u00a0Minuten"},"schema":{"@context":"https:\/\/schema.org","@graph":[{"@type":"WebPage","@id":"https:\/\/shop.tablesoccer.org\/produit\/grips-baby-foot-itsf\/","url":"https:\/\/shop.tablesoccer.org\/produit\/grips-baby-foot-itsf\/","name":"Grips baby-foot - ITSF Boutique officielle","isPartOf":{"@id":"https:\/\/shop.tablesoccer.org\/#website"},"primaryImageOfPage":{"@id":"https:\/\/shop.tablesoccer.org\/produit\/grips-baby-foot-itsf\/#primaryimage"},"image":{"@id":"https:\/\/shop.tablesoccer.org\/produit\/grips-baby-foot-itsf\/#primaryimage"},"thumbnailUrl":"https:\/\/shop.tablesoccer.org\/wp-content\/uploads\/2023\/11\/1_2_2.jpg","datePublished":"2023-11-14T15:27:04+00:00","dateModified":"2026-04-03T10:52:28+00:00","description":"Grips ITSF : adapt\u00e9s \u00e0 toutes les poign\u00e9es, ils vous permettront de jouer de fa\u00e7on professionnelle au baby-foot. Commandez-les sur l\u2019ITSF Store !","breadcrumb":{"@id":"https:\/\/shop.tablesoccer.org\/produit\/grips-baby-foot-itsf\/#breadcrumb"},"inLanguage":"de","potentialAction":[{"@type":"ReadAction","target":["https:\/\/shop.tablesoccer.org\/produit\/grips-baby-foot-itsf\/"]}]},{"@type":"ImageObject","inLanguage":"de","@id":"https:\/\/shop.tablesoccer.org\/produit\/grips-baby-foot-itsf\/#primaryimage","url":"https:\/\/shop.tablesoccer.org\/wp-content\/uploads\/2023\/11\/1_2_2.jpg","contentUrl":"https:\/\/shop.tablesoccer.org\/wp-content\/uploads\/2023\/11\/1_2_2.jpg","width":1600,"height":1200,"caption":"Grips\/Wraps ITSF, baby-foot"},{"@type":"BreadcrumbList","@id":"https:\/\/shop.tablesoccer.org\/produit\/grips-baby-foot-itsf\/#breadcrumb","itemListElement":[{"@type":"ListItem","position":1,"name":"Accueil","item":"https:\/\/shop.tablesoccer.org\/"},{"@type":"ListItem","position":2,"name":"Boutique","item":"https:\/\/shop.tablesoccer.org\/accueil\/boutique\/"},{"@type":"ListItem","position":3,"name":"Grips baby-foot"}]},{"@type":"WebSite","@id":"https:\/\/shop.tablesoccer.org\/#website","url":"https:\/\/shop.tablesoccer.org\/","name":"ITSF Boutique officielle","description":"","potentialAction":[{"@type":"SearchAction","target":{"@type":"EntryPoint","urlTemplate":"https:\/\/shop.tablesoccer.org\/?s={search_term_string}"},"query-input":{"@type":"PropertyValueSpecification","valueRequired":true,"valueName":"search_term_string"}}],"inLanguage":"de"}]}},"_links":{"self":[{"href":"https:\/\/shop.tablesoccer.org\/de\/wp-json\/wp\/v2\/product\/9516","targetHints":{"allow":["GET"]}}],"collection":[{"href":"https:\/\/shop.tablesoccer.org\/de\/wp-json\/wp\/v2\/product"}],"about":[{"href":"https:\/\/shop.tablesoccer.org\/de\/wp-json\/wp\/v2\/types\/product"}],"replies":[{"embeddable":true,"href":"https:\/\/shop.tablesoccer.org\/de\/wp-json\/wp\/v2\/comments?post=9516"}],"wp:featuredmedia":[{"embeddable":true,"href":"https:\/\/shop.tablesoccer.org\/de\/wp-json\/wp\/v2\/media\/9568"}],"wp:attachment":[{"href":"https:\/\/shop.tablesoccer.org\/de\/wp-json\/wp\/v2\/media?parent=9516"}],"wp:term":[{"taxonomy":"product_brand","embeddable":true,"href":"https:\/\/shop.tablesoccer.org\/de\/wp-json\/wp\/v2\/product_brand?post=9516"},{"taxonomy":"product_cat","embeddable":true,"href":"https:\/\/shop.tablesoccer.org\/de\/wp-json\/wp\/v2\/product_cat?post=9516"},{"taxonomy":"product_tag","embeddable":true,"href":"https:\/\/shop.tablesoccer.org\/de\/wp-json\/wp\/v2\/product_tag?post=9516"}],"curies":[{"name":"wp","href":"https:\/\/api.w.org\/{rel}","templated":true}]}}