{"id":9515,"date":"2023-11-14T16:27:01","date_gmt":"2023-11-14T15:27:01","guid":{"rendered":"https:\/\/shop.tablesoccer.org\/?post_type=product&#038;p=9515"},"modified":"2026-03-08T17:24:47","modified_gmt":"2026-03-08T16:24:47","slug":"balle-baby-foot-rollerball-roberto-sport","status":"publish","type":"product","link":"https:\/\/shop.tablesoccer.org\/de\/produkt\/balle-baby-foot-rollerball-roberto-sport\/","title":{"rendered":"Tischfussball \" Rollerball \" Roberto Sport"},"content":{"rendered":"<p style=\"font-weight: 400;\"><strong>Beschreibung:<\/strong><\/p>\n<p style=\"font-weight: 400;\">Dieser Roberto Sport Ball wurde speziell f\u00fcr den Rollerball-Spielmodus entwickelt und bietet einzigartige Empfindungen, die sich stark vom traditionellen Spiel unterscheiden. Seine Leichtigkeit und seine glatte Oberfl\u00e4che erm\u00f6glichen eine hohe Geschwindigkeit und mehr freie Bewegungen auf dem Feld. Es ist vom ITSF zertifiziert und wird f\u00fcr offizielle Rollerball-Wettbewerbe verwendet und bietet einen schnellen und spektakul\u00e4ren Spielstil, der von Spielern gesch\u00e4tzt wird, die eine andere Erfahrung suchen.<\/p>\n<p>&nbsp;<\/p>\n<p style=\"font-weight: 400;\"><strong>Eigenschaften:<\/strong><\/p>\n<p style=\"font-weight: 400;\">- Farbe: gelb<\/p>\n<p style=\"font-weight: 400;\">\u2013 Gewicht: 20 g<\/p>\n<p style=\"font-weight: 400;\">\u2013 Durchmesser: 34 mm<\/p>\n<p style=\"font-weight: 400;\">ITSF-zertifiziertes Produkt<\/p>\n<p>&nbsp;<\/p>\n<p style=\"font-weight: 400;\"><strong>Pflegehinweise<\/strong><\/p>\n<p style=\"font-weight: 400;\">Reinigen Sie den Ball mit einem weichen, trockenen Tuch, um die Oberfl\u00e4che glatt zu halten. Vermeiden Sie Scheuermittel oder L\u00f6sungsmittel. An einem temperierten, trockenen Ort aufbewahren.<\/p>\n<p style=\"font-weight: 400;\">Der leichte, schnelle und pr\u00e4zise  \"Rollerball \" von Roberto Sport ist ideal zum Entdecken oder Perfektionieren des Spiels im Rollerball-Modus auf einem Roberto Sport Tischfu\u00dfball.<\/p>\n<p style=\"font-weight: 400;\">Finden Sie unsere gesamte Auswahl in der Kategorie: <a href=\"https:\/\/shop.tablesoccer.org\/de\/produkt-kategorie\/equipement\/balles-baby-foot\/\">B\u00e4lle f\u00fcr Tischfu\u00dfball<\/a><\/p>\n<p style=\"font-weight: 400;\">","protected":false},"excerpt":{"rendered":"<p>Der \"Rollerball\" von Roberto Sport ist vom ITSF f\u00fcr die Praxis des Rollerballs zertifiziert. Leicht und flie\u00dfend, erm\u00f6glicht es einen anderen Spielstil, freier und dynamischer.<\/p>","protected":false},"featured_media":9567,"comment_status":"open","ping_status":"closed","template":"","meta":[],"product_brand":[],"product_cat":[119,69],"product_tag":[],"class_list":{"0":"post-9515","1":"product","2":"type-product","3":"status-publish","4":"has-post-thumbnail","6":"product_cat-balles-baby-foot","7":"product_cat-equipement","9":"first","10":"instock","11":"taxable","12":"shipping-taxable","13":"purchasable","14":"product-type-simple"},"yoast_head":"<!-- This site is optimized with the Yoast SEO plugin v26.5 - https:\/\/yoast.com\/wordpress\/plugins\/seo\/ -->\n<title>Balle baby-foot &quot;rollerball&quot; Roberto Sport - ITSF Boutique officielle<\/title>\n<meta name=\"description\" content=\"Balle Rollerball Roberto Sport : Con\u00e7ue pour le rollerball, une autre fa\u00e7on de jouer au baby-foot. Commandez-la sur l\u2019ITSF Store !\" \/>\n<meta name=\"robots\" content=\"index, follow, max-snippet:-1, max-image-preview:large, max-video-preview:-1\" \/>\n<link rel=\"canonical\" href=\"https:\/\/shop.tablesoccer.org\/de\/produkt\/balle-baby-foot-rollerball-roberto-sport\/\" \/>\n<meta property=\"og:locale\" content=\"de_DE\" \/>\n<meta property=\"og:type\" content=\"article\" \/>\n<meta property=\"og:title\" content=\"Balle baby-foot &quot;rollerball&quot; Roberto Sport - ITSF Boutique officielle\" \/>\n<meta property=\"og:description\" content=\"Balle Rollerball Roberto Sport : Con\u00e7ue pour le rollerball, une autre fa\u00e7on de jouer au baby-foot. Commandez-la sur l\u2019ITSF Store !\" \/>\n<meta property=\"og:url\" content=\"https:\/\/shop.tablesoccer.org\/de\/produkt\/balle-baby-foot-rollerball-roberto-sport\/\" \/>\n<meta property=\"og:site_name\" content=\"ITSF Boutique officielle\" \/>\n<meta property=\"article:modified_time\" content=\"2026-03-08T16:24:47+00:00\" \/>\n<meta property=\"og:image\" content=\"https:\/\/shop.tablesoccer.org\/wp-content\/uploads\/2023\/11\/itsf-rollerball.jpg\" \/>\n\t<meta property=\"og:image:width\" content=\"1600\" \/>\n\t<meta property=\"og:image:height\" content=\"1896\" \/>\n\t<meta property=\"og:image:type\" content=\"image\/jpeg\" \/>\n<meta name=\"twitter:card\" content=\"summary_large_image\" \/>\n<meta name=\"twitter:label1\" content=\"Gesch\u00e4tzte Lesezeit\" \/>\n\t<meta name=\"twitter:data1\" content=\"1\u00a0Minute\" \/>\n<script type=\"application\/ld+json\" class=\"yoast-schema-graph\">{\"@context\":\"https:\/\/schema.org\",\"@graph\":[{\"@type\":\"WebPage\",\"@id\":\"https:\/\/shop.tablesoccer.org\/produit\/balle-baby-foot-rollerball-roberto-sport\/\",\"url\":\"https:\/\/shop.tablesoccer.org\/produit\/balle-baby-foot-rollerball-roberto-sport\/\",\"name\":\"Balle baby-foot \\\"rollerball\\\" Roberto Sport - ITSF Boutique officielle\",\"isPartOf\":{\"@id\":\"https:\/\/shop.tablesoccer.org\/#website\"},\"primaryImageOfPage\":{\"@id\":\"https:\/\/shop.tablesoccer.org\/produit\/balle-baby-foot-rollerball-roberto-sport\/#primaryimage\"},\"image\":{\"@id\":\"https:\/\/shop.tablesoccer.org\/produit\/balle-baby-foot-rollerball-roberto-sport\/#primaryimage\"},\"thumbnailUrl\":\"https:\/\/shop.tablesoccer.org\/wp-content\/uploads\/2023\/11\/itsf-rollerball.jpg\",\"datePublished\":\"2023-11-14T15:27:01+00:00\",\"dateModified\":\"2026-03-08T16:24:47+00:00\",\"description\":\"Balle Rollerball Roberto Sport : Con\u00e7ue pour le rollerball, une autre fa\u00e7on de jouer au baby-foot. Commandez-la sur l\u2019ITSF Store !\",\"breadcrumb\":{\"@id\":\"https:\/\/shop.tablesoccer.org\/produit\/balle-baby-foot-rollerball-roberto-sport\/#breadcrumb\"},\"inLanguage\":\"de\",\"potentialAction\":[{\"@type\":\"ReadAction\",\"target\":[\"https:\/\/shop.tablesoccer.org\/produit\/balle-baby-foot-rollerball-roberto-sport\/\"]}]},{\"@type\":\"ImageObject\",\"inLanguage\":\"de\",\"@id\":\"https:\/\/shop.tablesoccer.org\/produit\/balle-baby-foot-rollerball-roberto-sport\/#primaryimage\",\"url\":\"https:\/\/shop.tablesoccer.org\/wp-content\/uploads\/2023\/11\/itsf-rollerball.jpg\",\"contentUrl\":\"https:\/\/shop.tablesoccer.org\/wp-content\/uploads\/2023\/11\/itsf-rollerball.jpg\",\"width\":1600,\"height\":1896,\"caption\":\"Balle Baby-foot Rollerball ITSF Roberto Sport\"},{\"@type\":\"BreadcrumbList\",\"@id\":\"https:\/\/shop.tablesoccer.org\/produit\/balle-baby-foot-rollerball-roberto-sport\/#breadcrumb\",\"itemListElement\":[{\"@type\":\"ListItem\",\"position\":1,\"name\":\"Accueil\",\"item\":\"https:\/\/shop.tablesoccer.org\/\"},{\"@type\":\"ListItem\",\"position\":2,\"name\":\"Boutique\",\"item\":\"https:\/\/shop.tablesoccer.org\/accueil\/boutique\/\"},{\"@type\":\"ListItem\",\"position\":3,\"name\":\"Balle baby-foot \u00ab\u00a0rollerball\u00a0\u00bb Roberto Sport\"}]},{\"@type\":\"WebSite\",\"@id\":\"https:\/\/shop.tablesoccer.org\/#website\",\"url\":\"https:\/\/shop.tablesoccer.org\/\",\"name\":\"ITSF Boutique officielle\",\"description\":\"\",\"potentialAction\":[{\"@type\":\"SearchAction\",\"target\":{\"@type\":\"EntryPoint\",\"urlTemplate\":\"https:\/\/shop.tablesoccer.org\/?s={search_term_string}\"},\"query-input\":{\"@type\":\"PropertyValueSpecification\",\"valueRequired\":true,\"valueName\":\"search_term_string\"}}],\"inLanguage\":\"de\"}]}<\/script>\n<!-- \/ Yoast SEO plugin. -->","yoast_head_json":{"title":"Balle baby-foot \"rollerball\" Roberto Sport - ITSF Boutique officielle","description":"Balle Rollerball Roberto Sport : Con\u00e7ue pour le rollerball, une autre fa\u00e7on de jouer au baby-foot. Commandez-la sur l\u2019ITSF Store !","robots":{"index":"index","follow":"follow","max-snippet":"max-snippet:-1","max-image-preview":"max-image-preview:large","max-video-preview":"max-video-preview:-1"},"canonical":"https:\/\/shop.tablesoccer.org\/de\/produkt\/balle-baby-foot-rollerball-roberto-sport\/","og_locale":"de_DE","og_type":"article","og_title":"Balle baby-foot \"rollerball\" Roberto Sport - ITSF Boutique officielle","og_description":"Balle Rollerball Roberto Sport : Con\u00e7ue pour le rollerball, une autre fa\u00e7on de jouer au baby-foot. Commandez-la sur l\u2019ITSF Store !","og_url":"https:\/\/shop.tablesoccer.org\/de\/produkt\/balle-baby-foot-rollerball-roberto-sport\/","og_site_name":"ITSF Boutique officielle","article_modified_time":"2026-03-08T16:24:47+00:00","og_image":[{"width":1600,"height":1896,"url":"https:\/\/shop.tablesoccer.org\/wp-content\/uploads\/2023\/11\/itsf-rollerball.jpg","type":"image\/jpeg"}],"twitter_card":"summary_large_image","twitter_misc":{"Gesch\u00e4tzte Lesezeit":"1\u00a0Minute"},"schema":{"@context":"https:\/\/schema.org","@graph":[{"@type":"WebPage","@id":"https:\/\/shop.tablesoccer.org\/produit\/balle-baby-foot-rollerball-roberto-sport\/","url":"https:\/\/shop.tablesoccer.org\/produit\/balle-baby-foot-rollerball-roberto-sport\/","name":"Balle baby-foot \"rollerball\" Roberto Sport - ITSF Boutique officielle","isPartOf":{"@id":"https:\/\/shop.tablesoccer.org\/#website"},"primaryImageOfPage":{"@id":"https:\/\/shop.tablesoccer.org\/produit\/balle-baby-foot-rollerball-roberto-sport\/#primaryimage"},"image":{"@id":"https:\/\/shop.tablesoccer.org\/produit\/balle-baby-foot-rollerball-roberto-sport\/#primaryimage"},"thumbnailUrl":"https:\/\/shop.tablesoccer.org\/wp-content\/uploads\/2023\/11\/itsf-rollerball.jpg","datePublished":"2023-11-14T15:27:01+00:00","dateModified":"2026-03-08T16:24:47+00:00","description":"Balle Rollerball Roberto Sport : Con\u00e7ue pour le rollerball, une autre fa\u00e7on de jouer au baby-foot. Commandez-la sur l\u2019ITSF Store !","breadcrumb":{"@id":"https:\/\/shop.tablesoccer.org\/produit\/balle-baby-foot-rollerball-roberto-sport\/#breadcrumb"},"inLanguage":"de","potentialAction":[{"@type":"ReadAction","target":["https:\/\/shop.tablesoccer.org\/produit\/balle-baby-foot-rollerball-roberto-sport\/"]}]},{"@type":"ImageObject","inLanguage":"de","@id":"https:\/\/shop.tablesoccer.org\/produit\/balle-baby-foot-rollerball-roberto-sport\/#primaryimage","url":"https:\/\/shop.tablesoccer.org\/wp-content\/uploads\/2023\/11\/itsf-rollerball.jpg","contentUrl":"https:\/\/shop.tablesoccer.org\/wp-content\/uploads\/2023\/11\/itsf-rollerball.jpg","width":1600,"height":1896,"caption":"Balle Baby-foot Rollerball ITSF Roberto Sport"},{"@type":"BreadcrumbList","@id":"https:\/\/shop.tablesoccer.org\/produit\/balle-baby-foot-rollerball-roberto-sport\/#breadcrumb","itemListElement":[{"@type":"ListItem","position":1,"name":"Accueil","item":"https:\/\/shop.tablesoccer.org\/"},{"@type":"ListItem","position":2,"name":"Boutique","item":"https:\/\/shop.tablesoccer.org\/accueil\/boutique\/"},{"@type":"ListItem","position":3,"name":"Balle baby-foot \u00ab\u00a0rollerball\u00a0\u00bb Roberto Sport"}]},{"@type":"WebSite","@id":"https:\/\/shop.tablesoccer.org\/#website","url":"https:\/\/shop.tablesoccer.org\/","name":"ITSF Boutique officielle","description":"","potentialAction":[{"@type":"SearchAction","target":{"@type":"EntryPoint","urlTemplate":"https:\/\/shop.tablesoccer.org\/?s={search_term_string}"},"query-input":{"@type":"PropertyValueSpecification","valueRequired":true,"valueName":"search_term_string"}}],"inLanguage":"de"}]}},"_links":{"self":[{"href":"https:\/\/shop.tablesoccer.org\/de\/wp-json\/wp\/v2\/product\/9515","targetHints":{"allow":["GET"]}}],"collection":[{"href":"https:\/\/shop.tablesoccer.org\/de\/wp-json\/wp\/v2\/product"}],"about":[{"href":"https:\/\/shop.tablesoccer.org\/de\/wp-json\/wp\/v2\/types\/product"}],"replies":[{"embeddable":true,"href":"https:\/\/shop.tablesoccer.org\/de\/wp-json\/wp\/v2\/comments?post=9515"}],"wp:featuredmedia":[{"embeddable":true,"href":"https:\/\/shop.tablesoccer.org\/de\/wp-json\/wp\/v2\/media\/9567"}],"wp:attachment":[{"href":"https:\/\/shop.tablesoccer.org\/de\/wp-json\/wp\/v2\/media?parent=9515"}],"wp:term":[{"taxonomy":"product_brand","embeddable":true,"href":"https:\/\/shop.tablesoccer.org\/de\/wp-json\/wp\/v2\/product_brand?post=9515"},{"taxonomy":"product_cat","embeddable":true,"href":"https:\/\/shop.tablesoccer.org\/de\/wp-json\/wp\/v2\/product_cat?post=9515"},{"taxonomy":"product_tag","embeddable":true,"href":"https:\/\/shop.tablesoccer.org\/de\/wp-json\/wp\/v2\/product_tag?post=9515"}],"curies":[{"name":"wp","href":"https:\/\/api.w.org\/{rel}","templated":true}]}}