{"id":9511,"date":"2023-11-14T16:26:50","date_gmt":"2023-11-14T15:26:50","guid":{"rendered":"https:\/\/shop.tablesoccer.org\/?post_type=product&#038;p=9511"},"modified":"2026-04-02T20:55:41","modified_gmt":"2026-04-02T18:55:41","slug":"balle-baby-foot-leonhart-itsf","status":"publish","type":"product","link":"https:\/\/shop.tablesoccer.org\/de\/produkt\/balle-baby-foot-leonhart-itsf\/","title":{"rendered":"Tischfussball leonhart ITSF"},"content":{"rendered":"<p style=\"font-weight: 400;\"><strong>Beschreibung:<\/strong><\/p>\n<p style=\"font-weight: 400;\">Der Leonhart ITSF Tischfu\u00dfballball ist die neue Generation von Wettkampfb\u00e4llen. Entwickelt f\u00fcr die Baby-Foots von Leonhart zeichnet sie sich durch Pr\u00e4zision, Widerstandsf\u00e4higkeit und Spielkomfort aus. Seine weiche Ber\u00fchrung und sein leises Verhalten erm\u00f6glichen eine perfekte Kontrolle des Balles, wodurch der Austausch fl\u00fcssiger und die Techniken pr\u00e4ziser werden.<\/p>\n<p style=\"font-weight: 400;\">Dieser Ball wird bei den offiziellen DTFB- und ITSF-Turnieren verwendet und ist zu einem unverzichtbaren Standard f\u00fcr professionelle Spieler und Enthusiasten geworden.<\/p>\n<p>&nbsp;<\/p>\n<p style=\"font-weight: 400;\"><strong>Eigenschaften:<\/strong><\/p>\n<p style=\"font-weight: 400;\">- Farbe: Wei\u00df<\/p>\n<p style=\"font-weight: 400;\">\u2028\u2013 Gewicht: 27 g<\/p>\n<p style=\"font-weight: 400;\">\u2028\u2013 Durchmesser: 34,6 mm<\/p>\n<p style=\"font-weight: 400;\">ITSF zertifiziertes Produkt<\/p>\n<p>&nbsp;<\/p>\n<p style=\"font-weight: 400;\"><strong>Pflegehinweise<\/strong><\/p>\n<p style=\"font-weight: 400;\">Um die Spieleigenschaften zu erhalten, reinigen Sie den Ball nach jedem Gebrauch mit einem weichen, trockenen Tuch. Vermeiden Sie Scheuermittel oder L\u00f6sungsmittel, die die Oberfl\u00e4che besch\u00e4digen k\u00f6nnten. Lagern Sie diese vor Feuchtigkeit und extremen Temperaturen.<\/p>\n<p style=\"font-weight: 400;\">Leise, pr\u00e4zise und langlebig ist der Leonhart ITSF-Ball ideal, um die authentischen Empfindungen des Wettkampfspiels auf dem Leonhart Tischfu\u00dfball wiederzufinden.<\/p>\n<p style=\"font-weight: 400;\">Finden Sie unsere gesamte Auswahl in der Kategorie: <a href=\"https:\/\/shop.tablesoccer.org\/de\/produkt-kategorie\/equipement\/balles-baby-foot\/\">B\u00e4lle f\u00fcr Tischfu\u00dfball<\/a><\/p>","protected":false},"excerpt":{"rendered":"<p>Der Leonhart ITSF Tischfu\u00dfballball ist f\u00fcr den Wettkampf konzipiert und von der International Federation (ITSF) zertifiziert. Offizielle Referenz auf Leonhart Baby-F\u00fc\u00dfe, bietet es au\u00dfergew\u00f6hnliche Kontrolle und un\u00fcbertroffenes Spielgef\u00fchl.<\/p>\n<div class=\"woocommerce-product-details__short-description\">\n<p><strong data-start=\"57\" data-end=\"158\">GROSSMENGENANGEBOT:<\/strong><\/p>\n<p>Ab<strong data-start=\"57\" data-end=\"158\"> 10 B\u00e4llen <\/strong>sinkt der St\u00fcckpreis auf <strong>3,25 \u20ac.\u00a0<\/strong><\/p>\n<p>Ab<strong data-start=\"57\" data-end=\"158\"> 50 balles <\/strong>sinkt der St\u00fcckpreis auf <strong>3,00 \u20ac.\u00a0<\/strong><\/p>\n<\/div>","protected":false},"featured_media":9558,"comment_status":"open","ping_status":"closed","template":"","meta":[],"product_brand":[],"product_cat":[119,69],"product_tag":[],"class_list":{"0":"post-9511","1":"product","2":"type-product","3":"status-publish","4":"has-post-thumbnail","6":"product_cat-balles-baby-foot","7":"product_cat-equipement","9":"first","10":"instock","11":"taxable","12":"shipping-taxable","13":"purchasable","14":"product-type-simple"},"yoast_head":"<!-- This site is optimized with the Yoast SEO plugin v26.5 - https:\/\/yoast.com\/wordpress\/plugins\/seo\/ -->\n<title>Balle baby-foot leonhart ITSF - ITSF Boutique officielle<\/title>\n<meta name=\"description\" content=\"Balle Leonhart ITSF : la balle homologu\u00e9 ITSF pour le jeu comp\u00e9titif sur les tables de baby-foot Leonhart. Retrouvez-la sur l\u2019ITSF Store !\" \/>\n<meta name=\"robots\" content=\"index, follow, max-snippet:-1, max-image-preview:large, max-video-preview:-1\" \/>\n<link rel=\"canonical\" href=\"https:\/\/shop.tablesoccer.org\/de\/produkt\/balle-baby-foot-leonhart-itsf\/\" \/>\n<meta property=\"og:locale\" content=\"de_DE\" \/>\n<meta property=\"og:type\" content=\"article\" \/>\n<meta property=\"og:title\" content=\"Balle baby-foot leonhart ITSF - ITSF Boutique officielle\" \/>\n<meta property=\"og:description\" content=\"Balle Leonhart ITSF : la balle homologu\u00e9 ITSF pour le jeu comp\u00e9titif sur les tables de baby-foot Leonhart. Retrouvez-la sur l\u2019ITSF Store !\" \/>\n<meta property=\"og:url\" content=\"https:\/\/shop.tablesoccer.org\/de\/produkt\/balle-baby-foot-leonhart-itsf\/\" \/>\n<meta property=\"og:site_name\" content=\"ITSF Boutique officielle\" \/>\n<meta property=\"article:modified_time\" content=\"2026-04-02T18:55:41+00:00\" \/>\n<meta property=\"og:image\" content=\"https:\/\/shop.tablesoccer.org\/wp-content\/uploads\/2023\/11\/ball2018-logoleonhart_2.jpg\" \/>\n\t<meta property=\"og:image:width\" content=\"1600\" \/>\n\t<meta property=\"og:image:height\" content=\"1656\" \/>\n\t<meta property=\"og:image:type\" content=\"image\/jpeg\" \/>\n<meta name=\"twitter:card\" content=\"summary_large_image\" \/>\n<meta name=\"twitter:label1\" content=\"Gesch\u00e4tzte Lesezeit\" \/>\n\t<meta name=\"twitter:data1\" content=\"2\u00a0Minuten\" \/>\n<script type=\"application\/ld+json\" class=\"yoast-schema-graph\">{\"@context\":\"https:\/\/schema.org\",\"@graph\":[{\"@type\":\"WebPage\",\"@id\":\"https:\/\/shop.tablesoccer.org\/produit\/balle-baby-foot-leonhart-itsf\/\",\"url\":\"https:\/\/shop.tablesoccer.org\/produit\/balle-baby-foot-leonhart-itsf\/\",\"name\":\"Balle baby-foot leonhart ITSF - ITSF Boutique officielle\",\"isPartOf\":{\"@id\":\"https:\/\/shop.tablesoccer.org\/#website\"},\"primaryImageOfPage\":{\"@id\":\"https:\/\/shop.tablesoccer.org\/produit\/balle-baby-foot-leonhart-itsf\/#primaryimage\"},\"image\":{\"@id\":\"https:\/\/shop.tablesoccer.org\/produit\/balle-baby-foot-leonhart-itsf\/#primaryimage\"},\"thumbnailUrl\":\"https:\/\/shop.tablesoccer.org\/wp-content\/uploads\/2023\/11\/ball2018-logoleonhart_2.jpg\",\"datePublished\":\"2023-11-14T15:26:50+00:00\",\"dateModified\":\"2026-04-02T18:55:41+00:00\",\"description\":\"Balle Leonhart ITSF : la balle homologu\u00e9 ITSF pour le jeu comp\u00e9titif sur les tables de baby-foot Leonhart. Retrouvez-la sur l\u2019ITSF Store !\",\"breadcrumb\":{\"@id\":\"https:\/\/shop.tablesoccer.org\/produit\/balle-baby-foot-leonhart-itsf\/#breadcrumb\"},\"inLanguage\":\"de\",\"potentialAction\":[{\"@type\":\"ReadAction\",\"target\":[\"https:\/\/shop.tablesoccer.org\/produit\/balle-baby-foot-leonhart-itsf\/\"]}]},{\"@type\":\"ImageObject\",\"inLanguage\":\"de\",\"@id\":\"https:\/\/shop.tablesoccer.org\/produit\/balle-baby-foot-leonhart-itsf\/#primaryimage\",\"url\":\"https:\/\/shop.tablesoccer.org\/wp-content\/uploads\/2023\/11\/ball2018-logoleonhart_2.jpg\",\"contentUrl\":\"https:\/\/shop.tablesoccer.org\/wp-content\/uploads\/2023\/11\/ball2018-logoleonhart_2.jpg\",\"width\":1600,\"height\":1656},{\"@type\":\"BreadcrumbList\",\"@id\":\"https:\/\/shop.tablesoccer.org\/produit\/balle-baby-foot-leonhart-itsf\/#breadcrumb\",\"itemListElement\":[{\"@type\":\"ListItem\",\"position\":1,\"name\":\"Accueil\",\"item\":\"https:\/\/shop.tablesoccer.org\/\"},{\"@type\":\"ListItem\",\"position\":2,\"name\":\"Boutique\",\"item\":\"https:\/\/shop.tablesoccer.org\/accueil\/boutique\/\"},{\"@type\":\"ListItem\",\"position\":3,\"name\":\"Balle baby-foot leonhart ITSF\"}]},{\"@type\":\"WebSite\",\"@id\":\"https:\/\/shop.tablesoccer.org\/#website\",\"url\":\"https:\/\/shop.tablesoccer.org\/\",\"name\":\"ITSF Boutique officielle\",\"description\":\"\",\"potentialAction\":[{\"@type\":\"SearchAction\",\"target\":{\"@type\":\"EntryPoint\",\"urlTemplate\":\"https:\/\/shop.tablesoccer.org\/?s={search_term_string}\"},\"query-input\":{\"@type\":\"PropertyValueSpecification\",\"valueRequired\":true,\"valueName\":\"search_term_string\"}}],\"inLanguage\":\"de\"}]}<\/script>\n<!-- \/ Yoast SEO plugin. -->","yoast_head_json":{"title":"Balle baby-foot leonhart ITSF - ITSF Boutique officielle","description":"Balle Leonhart ITSF : la balle homologu\u00e9 ITSF pour le jeu comp\u00e9titif sur les tables de baby-foot Leonhart. Retrouvez-la sur l\u2019ITSF Store !","robots":{"index":"index","follow":"follow","max-snippet":"max-snippet:-1","max-image-preview":"max-image-preview:large","max-video-preview":"max-video-preview:-1"},"canonical":"https:\/\/shop.tablesoccer.org\/de\/produkt\/balle-baby-foot-leonhart-itsf\/","og_locale":"de_DE","og_type":"article","og_title":"Balle baby-foot leonhart ITSF - ITSF Boutique officielle","og_description":"Balle Leonhart ITSF : la balle homologu\u00e9 ITSF pour le jeu comp\u00e9titif sur les tables de baby-foot Leonhart. Retrouvez-la sur l\u2019ITSF Store !","og_url":"https:\/\/shop.tablesoccer.org\/de\/produkt\/balle-baby-foot-leonhart-itsf\/","og_site_name":"ITSF Boutique officielle","article_modified_time":"2026-04-02T18:55:41+00:00","og_image":[{"width":1600,"height":1656,"url":"https:\/\/shop.tablesoccer.org\/wp-content\/uploads\/2023\/11\/ball2018-logoleonhart_2.jpg","type":"image\/jpeg"}],"twitter_card":"summary_large_image","twitter_misc":{"Gesch\u00e4tzte Lesezeit":"2\u00a0Minuten"},"schema":{"@context":"https:\/\/schema.org","@graph":[{"@type":"WebPage","@id":"https:\/\/shop.tablesoccer.org\/produit\/balle-baby-foot-leonhart-itsf\/","url":"https:\/\/shop.tablesoccer.org\/produit\/balle-baby-foot-leonhart-itsf\/","name":"Balle baby-foot leonhart ITSF - ITSF Boutique officielle","isPartOf":{"@id":"https:\/\/shop.tablesoccer.org\/#website"},"primaryImageOfPage":{"@id":"https:\/\/shop.tablesoccer.org\/produit\/balle-baby-foot-leonhart-itsf\/#primaryimage"},"image":{"@id":"https:\/\/shop.tablesoccer.org\/produit\/balle-baby-foot-leonhart-itsf\/#primaryimage"},"thumbnailUrl":"https:\/\/shop.tablesoccer.org\/wp-content\/uploads\/2023\/11\/ball2018-logoleonhart_2.jpg","datePublished":"2023-11-14T15:26:50+00:00","dateModified":"2026-04-02T18:55:41+00:00","description":"Balle Leonhart ITSF : la balle homologu\u00e9 ITSF pour le jeu comp\u00e9titif sur les tables de baby-foot Leonhart. Retrouvez-la sur l\u2019ITSF Store !","breadcrumb":{"@id":"https:\/\/shop.tablesoccer.org\/produit\/balle-baby-foot-leonhart-itsf\/#breadcrumb"},"inLanguage":"de","potentialAction":[{"@type":"ReadAction","target":["https:\/\/shop.tablesoccer.org\/produit\/balle-baby-foot-leonhart-itsf\/"]}]},{"@type":"ImageObject","inLanguage":"de","@id":"https:\/\/shop.tablesoccer.org\/produit\/balle-baby-foot-leonhart-itsf\/#primaryimage","url":"https:\/\/shop.tablesoccer.org\/wp-content\/uploads\/2023\/11\/ball2018-logoleonhart_2.jpg","contentUrl":"https:\/\/shop.tablesoccer.org\/wp-content\/uploads\/2023\/11\/ball2018-logoleonhart_2.jpg","width":1600,"height":1656},{"@type":"BreadcrumbList","@id":"https:\/\/shop.tablesoccer.org\/produit\/balle-baby-foot-leonhart-itsf\/#breadcrumb","itemListElement":[{"@type":"ListItem","position":1,"name":"Accueil","item":"https:\/\/shop.tablesoccer.org\/"},{"@type":"ListItem","position":2,"name":"Boutique","item":"https:\/\/shop.tablesoccer.org\/accueil\/boutique\/"},{"@type":"ListItem","position":3,"name":"Balle baby-foot leonhart ITSF"}]},{"@type":"WebSite","@id":"https:\/\/shop.tablesoccer.org\/#website","url":"https:\/\/shop.tablesoccer.org\/","name":"ITSF Boutique officielle","description":"","potentialAction":[{"@type":"SearchAction","target":{"@type":"EntryPoint","urlTemplate":"https:\/\/shop.tablesoccer.org\/?s={search_term_string}"},"query-input":{"@type":"PropertyValueSpecification","valueRequired":true,"valueName":"search_term_string"}}],"inLanguage":"de"}]}},"_links":{"self":[{"href":"https:\/\/shop.tablesoccer.org\/de\/wp-json\/wp\/v2\/product\/9511","targetHints":{"allow":["GET"]}}],"collection":[{"href":"https:\/\/shop.tablesoccer.org\/de\/wp-json\/wp\/v2\/product"}],"about":[{"href":"https:\/\/shop.tablesoccer.org\/de\/wp-json\/wp\/v2\/types\/product"}],"replies":[{"embeddable":true,"href":"https:\/\/shop.tablesoccer.org\/de\/wp-json\/wp\/v2\/comments?post=9511"}],"wp:featuredmedia":[{"embeddable":true,"href":"https:\/\/shop.tablesoccer.org\/de\/wp-json\/wp\/v2\/media\/9558"}],"wp:attachment":[{"href":"https:\/\/shop.tablesoccer.org\/de\/wp-json\/wp\/v2\/media?parent=9511"}],"wp:term":[{"taxonomy":"product_brand","embeddable":true,"href":"https:\/\/shop.tablesoccer.org\/de\/wp-json\/wp\/v2\/product_brand?post=9511"},{"taxonomy":"product_cat","embeddable":true,"href":"https:\/\/shop.tablesoccer.org\/de\/wp-json\/wp\/v2\/product_cat?post=9511"},{"taxonomy":"product_tag","embeddable":true,"href":"https:\/\/shop.tablesoccer.org\/de\/wp-json\/wp\/v2\/product_tag?post=9511"}],"curies":[{"name":"wp","href":"https:\/\/api.w.org\/{rel}","templated":true}]}}